{"id":1430866,"date":"2026-01-05T21:13:37","date_gmt":"2026-01-05T18:13:37","guid":{"rendered":"https:\/\/kruze.ee\/product\/renew-aware-rpet-kosmeetikakott\/"},"modified":"2026-03-17T00:48:26","modified_gmt":"2026-03-16T21:48:26","slug":"renew-aware-rpet-kosmeetikakott","status":"publish","type":"product","link":"https:\/\/kruze.ee\/et\/toode\/renew-aware-rpet-kosmeetikakott\/","title":{"rendered":"Renew AWARE\u2122 rPET tualetitarvete kott"},"content":{"rendered":"<p>Moodne ja j\u00e4tkusuutlik uuendus sinu igap\u00e4evasele tualetitarvete kotile, valmistatud taaskasutatud kangast ja plastpudelitest tehtud rihmadest. Eesmine lukuga tasku sobib reisitarvikute hoidmiseks. Suur lukuga p\u00f5hisahtel koos sisetaskutega aitab tualetitarbed korrastatult hoida. Peal mugav kandesang. Kaasas AWARE\u2122 Virtual ID ja tootepass, mis pakub usaldusv\u00e4\u00e4rset viisi tekstiili koostise ja keskkonnam\u00f5ju j\u00e4lgimiseks alates p\u00e4ritolust kuni tarbijani. Ligip\u00e4\u00e4suks skanni toote sees olevat QR-koodi v\u00f5i k\u00fclasta wearaware.co. Saadaval m\u00f5lemal pool Atlandi ookeani. Sama toodet pakub USA ja Kanada klientidele ka Gemline.<\/p>\n","protected":false},"excerpt":{"rendered":"<p>Moodne ja j\u00e4tkusuutlik uuendus sinu igap\u00e4evasele tualetitarvete kotile, valmistatud taaskasutatud kangast ja plastpudelitest tehtud rihmadest. Eesmine lukuga&#8230;<\/p>\n","protected":false},"featured_media":0,"template":"","meta":[],"product_brand":[],"product_cat":[5395],"product_tag":[],"class_list":{"0":"post-1430866","1":"product","2":"type-product","3":"status-publish","5":"product_cat-tualett-tarvete-kotid","6":"pa_brand-xd-collection","7":"pa_color-black-2","8":"pa_color-blue-2","9":"pa_gender-uniseks","10":"pa_gender-unisex","13":"pa_material-rpetrpet","15":"first","16":"instock","17":"taxable","18":"shipping-taxable","19":"purchasable","20":"product-type-variable"},"acf":[],"yoast_head":"<!-- This site is optimized with the Yoast SEO plugin v26.0 - https:\/\/yoast.com\/wordpress\/plugins\/seo\/ -->\n<title>Renew AWARE\u2122 rPET tualetitarvete kott - Kruze.ee<\/title>\n<meta name=\"robots\" content=\"index, follow, max-snippet:-1, max-image-preview:large, max-video-preview:-1\" \/>\n<link rel=\"canonical\" href=\"https:\/\/kruze.ee\/et\/toode\/renew-aware-rpet-kosmeetikakott\/\" \/>\n<meta property=\"og:locale\" content=\"et_EE\" \/>\n<meta property=\"og:type\" content=\"article\" \/>\n<meta property=\"og:title\" content=\"Renew AWARE\u2122 rPET tualetitarvete kott - Kruze.ee\" \/>\n<meta property=\"og:description\" content=\"Moodne ja j\u00e4tkusuutlik uuendus sinu igap\u00e4evasele tualetitarvete kotile, valmistatud taaskasutatud kangast ja plastpudelitest tehtud rihmadest. Eesmine lukuga...\" \/>\n<meta property=\"og:url\" content=\"https:\/\/kruze.ee\/et\/toode\/renew-aware-rpet-kosmeetikakott\/\" \/>\n<meta property=\"og:site_name\" content=\"Kruze.ee\" \/>\n<meta property=\"article:modified_time\" content=\"2026-03-16T21:48:26+00:00\" \/>\n<meta name=\"twitter:card\" content=\"summary_large_image\" \/>\n<script type=\"application\/ld+json\" class=\"yoast-schema-graph\">{\"@context\":\"https:\/\/schema.org\",\"@graph\":[{\"@type\":\"WebPage\",\"@id\":\"https:\/\/kruze.ee\/et\/toode\/renew-aware-rpet-kosmeetikakott\/\",\"url\":\"https:\/\/kruze.ee\/et\/toode\/renew-aware-rpet-kosmeetikakott\/\",\"name\":\"Renew AWARE\u2122 rPET tualetitarvete kott - Kruze.ee\",\"isPartOf\":{\"@id\":\"https:\/\/kruze.ee\/et\/#website\"},\"datePublished\":\"2026-01-05T18:13:37+00:00\",\"dateModified\":\"2026-03-16T21:48:26+00:00\",\"breadcrumb\":{\"@id\":\"https:\/\/kruze.ee\/et\/toode\/renew-aware-rpet-kosmeetikakott\/#breadcrumb\"},\"inLanguage\":\"et\",\"potentialAction\":[{\"@type\":\"ReadAction\",\"target\":[\"https:\/\/kruze.ee\/et\/toode\/renew-aware-rpet-kosmeetikakott\/\"]}]},{\"@type\":\"BreadcrumbList\",\"@id\":\"https:\/\/kruze.ee\/et\/toode\/renew-aware-rpet-kosmeetikakott\/#breadcrumb\",\"itemListElement\":[{\"@type\":\"ListItem\",\"position\":1,\"name\":\"Home\",\"item\":\"https:\/\/kruze.ee\/et\/\"},{\"@type\":\"ListItem\",\"position\":2,\"name\":\"Tooted\",\"item\":\"https:\/\/kruze.ee\/et\/tooted\/\"},{\"@type\":\"ListItem\",\"position\":3,\"name\":\"Renew AWARE\u2122 rPET tualetitarvete kott\"}]},{\"@type\":\"WebSite\",\"@id\":\"https:\/\/kruze.ee\/et\/#website\",\"url\":\"https:\/\/kruze.ee\/et\/\",\"name\":\"Kruze.ee\",\"description\":\"Reklaamkingitused, tr&uuml;kiga T-s&auml;rgid, fliisid, dressipluused, tekstiil, joped ja paljud teised logoga meened, &Auml;rikingitused sinu partnerile! Telli juba t&auml;na.\",\"potentialAction\":[{\"@type\":\"SearchAction\",\"target\":{\"@type\":\"EntryPoint\",\"urlTemplate\":\"https:\/\/kruze.ee\/et\/?s={search_term_string}\"},\"query-input\":{\"@type\":\"PropertyValueSpecification\",\"valueRequired\":true,\"valueName\":\"search_term_string\"}}],\"inLanguage\":\"et\"}]}<\/script>\n<!-- \/ Yoast SEO plugin. -->","yoast_head_json":{"title":"Renew AWARE\u2122 rPET tualetitarvete kott - Kruze.ee","robots":{"index":"index","follow":"follow","max-snippet":"max-snippet:-1","max-image-preview":"max-image-preview:large","max-video-preview":"max-video-preview:-1"},"canonical":"https:\/\/kruze.ee\/et\/toode\/renew-aware-rpet-kosmeetikakott\/","og_locale":"et_EE","og_type":"article","og_title":"Renew AWARE\u2122 rPET tualetitarvete kott - Kruze.ee","og_description":"Moodne ja j\u00e4tkusuutlik uuendus sinu igap\u00e4evasele tualetitarvete kotile, valmistatud taaskasutatud kangast ja plastpudelitest tehtud rihmadest. Eesmine lukuga...","og_url":"https:\/\/kruze.ee\/et\/toode\/renew-aware-rpet-kosmeetikakott\/","og_site_name":"Kruze.ee","article_modified_time":"2026-03-16T21:48:26+00:00","twitter_card":"summary_large_image","schema":{"@context":"https:\/\/schema.org","@graph":[{"@type":"WebPage","@id":"https:\/\/kruze.ee\/et\/toode\/renew-aware-rpet-kosmeetikakott\/","url":"https:\/\/kruze.ee\/et\/toode\/renew-aware-rpet-kosmeetikakott\/","name":"Renew AWARE\u2122 rPET tualetitarvete kott - Kruze.ee","isPartOf":{"@id":"https:\/\/kruze.ee\/et\/#website"},"datePublished":"2026-01-05T18:13:37+00:00","dateModified":"2026-03-16T21:48:26+00:00","breadcrumb":{"@id":"https:\/\/kruze.ee\/et\/toode\/renew-aware-rpet-kosmeetikakott\/#breadcrumb"},"inLanguage":"et","potentialAction":[{"@type":"ReadAction","target":["https:\/\/kruze.ee\/et\/toode\/renew-aware-rpet-kosmeetikakott\/"]}]},{"@type":"BreadcrumbList","@id":"https:\/\/kruze.ee\/et\/toode\/renew-aware-rpet-kosmeetikakott\/#breadcrumb","itemListElement":[{"@type":"ListItem","position":1,"name":"Home","item":"https:\/\/kruze.ee\/et\/"},{"@type":"ListItem","position":2,"name":"Tooted","item":"https:\/\/kruze.ee\/et\/tooted\/"},{"@type":"ListItem","position":3,"name":"Renew AWARE\u2122 rPET tualetitarvete kott"}]},{"@type":"WebSite","@id":"https:\/\/kruze.ee\/et\/#website","url":"https:\/\/kruze.ee\/et\/","name":"Kruze.ee","description":"Reklaamkingitused, tr&uuml;kiga T-s&auml;rgid, fliisid, dressipluused, tekstiil, joped ja paljud teised logoga meened, &Auml;rikingitused sinu partnerile! Telli juba t&auml;na.","potentialAction":[{"@type":"SearchAction","target":{"@type":"EntryPoint","urlTemplate":"https:\/\/kruze.ee\/et\/?s={search_term_string}"},"query-input":{"@type":"PropertyValueSpecification","valueRequired":true,"valueName":"search_term_string"}}],"inLanguage":"et"}]}},"_links":{"self":[{"href":"https:\/\/kruze.ee\/et\/wp-json\/wp\/v2\/product\/1430866","targetHints":{"allow":["GET"]}}],"collection":[{"href":"https:\/\/kruze.ee\/et\/wp-json\/wp\/v2\/product"}],"about":[{"href":"https:\/\/kruze.ee\/et\/wp-json\/wp\/v2\/types\/product"}],"wp:attachment":[{"href":"https:\/\/kruze.ee\/et\/wp-json\/wp\/v2\/media?parent=1430866"}],"wp:term":[{"taxonomy":"product_brand","embeddable":true,"href":"https:\/\/kruze.ee\/et\/wp-json\/wp\/v2\/product_brand?post=1430866"},{"taxonomy":"product_cat","embeddable":true,"href":"https:\/\/kruze.ee\/et\/wp-json\/wp\/v2\/product_cat?post=1430866"},{"taxonomy":"product_tag","embeddable":true,"href":"https:\/\/kruze.ee\/et\/wp-json\/wp\/v2\/product_tag?post=1430866"}],"curies":[{"name":"wp","href":"https:\/\/api.w.org\/{rel}","templated":true}]}}