{"id":1430754,"date":"2026-01-05T21:12:29","date_gmt":"2026-01-05T18:12:29","guid":{"rendered":"https:\/\/kruze.ee\/product\/clique-basic-active-polosark\/"},"modified":"2026-03-17T00:48:19","modified_gmt":"2026-03-16T21:48:19","slug":"clique-basic-active-polosark","status":"publish","type":"product","link":"https:\/\/kruze.ee\/et\/toode\/clique-basic-active-polosark\/","title":{"rendered":"Clique Basic Active Polos\u00e4rk"},"content":{"rendered":"<p>Unisex-l\u00f5ikega igap\u00e4evane baaspolo, millel on suurep\u00e4rane istuvus. Valmistatud spun dyed pik\u00e9-struktuuriga kangast. Polol on kolm toon-toonis n\u00f6\u00f6pi, k\u00fclgedel l\u00f5hikud ning tugevdatud kaelapael. Kergesti eemaldatav silt v\u00f5imaldab lihtsat \u00fcmberbr\u00e4ndimist.<\/p>\n","protected":false},"excerpt":{"rendered":"<p>Unisex-l\u00f5ikega igap\u00e4evane baaspolo, millel on suurep\u00e4rane istuvus. Valmistatud spun dyed pik\u00e9-struktuuriga kangast. Polol on kolm toon-toonis n\u00f6\u00f6pi, k\u00fclgedel&#8230;<\/p>\n","protected":false},"featured_media":0,"template":"","meta":[],"product_brand":[],"product_cat":[5375],"product_tag":[],"class_list":{"0":"post-1430754","1":"product","2":"type-product","3":"status-publish","5":"product_cat-polosargid-trukiga","6":"pa_brand-clique","7":"pa_color-black-2","8":"pa_color-pistol","9":"pa_color-punane","10":"pa_color-blue-2","11":"pa_color-valge","12":"pa_gender-uniseks","13":"pa_gender-unisex","16":"pa_material-100-polyester","17":"pa_size-xs","18":"pa_size-s","19":"pa_size-m","20":"pa_size-l","21":"pa_size-xl","22":"pa_size-2xl","23":"pa_size-3xl","24":"pa_size-4xl","26":"first","27":"instock","28":"taxable","29":"shipping-taxable","30":"purchasable","31":"product-type-variable"},"acf":[],"yoast_head":"<!-- This site is optimized with the Yoast SEO plugin v26.0 - https:\/\/yoast.com\/wordpress\/plugins\/seo\/ -->\n<title>Clique Basic Active Polos\u00e4rk - Kruze.ee<\/title>\n<meta name=\"robots\" content=\"index, follow, max-snippet:-1, max-image-preview:large, max-video-preview:-1\" \/>\n<link rel=\"canonical\" href=\"https:\/\/kruze.ee\/et\/toode\/clique-basic-active-polosark\/\" \/>\n<meta property=\"og:locale\" content=\"et_EE\" \/>\n<meta property=\"og:type\" content=\"article\" \/>\n<meta property=\"og:title\" content=\"Clique Basic Active Polos\u00e4rk - Kruze.ee\" \/>\n<meta property=\"og:description\" content=\"Unisex-l\u00f5ikega igap\u00e4evane baaspolo, millel on suurep\u00e4rane istuvus. Valmistatud spun dyed pik\u00e9-struktuuriga kangast. Polol on kolm toon-toonis n\u00f6\u00f6pi, k\u00fclgedel...\" \/>\n<meta property=\"og:url\" content=\"https:\/\/kruze.ee\/et\/toode\/clique-basic-active-polosark\/\" \/>\n<meta property=\"og:site_name\" content=\"Kruze.ee\" \/>\n<meta property=\"article:modified_time\" content=\"2026-03-16T21:48:19+00:00\" \/>\n<meta name=\"twitter:card\" content=\"summary_large_image\" \/>\n<script type=\"application\/ld+json\" class=\"yoast-schema-graph\">{\"@context\":\"https:\/\/schema.org\",\"@graph\":[{\"@type\":\"WebPage\",\"@id\":\"https:\/\/kruze.ee\/et\/toode\/clique-basic-active-polosark\/\",\"url\":\"https:\/\/kruze.ee\/et\/toode\/clique-basic-active-polosark\/\",\"name\":\"Clique Basic Active Polos\u00e4rk - Kruze.ee\",\"isPartOf\":{\"@id\":\"https:\/\/kruze.ee\/et\/#website\"},\"datePublished\":\"2026-01-05T18:12:29+00:00\",\"dateModified\":\"2026-03-16T21:48:19+00:00\",\"breadcrumb\":{\"@id\":\"https:\/\/kruze.ee\/et\/toode\/clique-basic-active-polosark\/#breadcrumb\"},\"inLanguage\":\"et\",\"potentialAction\":[{\"@type\":\"ReadAction\",\"target\":[\"https:\/\/kruze.ee\/et\/toode\/clique-basic-active-polosark\/\"]}]},{\"@type\":\"BreadcrumbList\",\"@id\":\"https:\/\/kruze.ee\/et\/toode\/clique-basic-active-polosark\/#breadcrumb\",\"itemListElement\":[{\"@type\":\"ListItem\",\"position\":1,\"name\":\"Home\",\"item\":\"https:\/\/kruze.ee\/et\/\"},{\"@type\":\"ListItem\",\"position\":2,\"name\":\"Tooted\",\"item\":\"https:\/\/kruze.ee\/et\/tooted\/\"},{\"@type\":\"ListItem\",\"position\":3,\"name\":\"Clique Basic Active Polos\u00e4rk\"}]},{\"@type\":\"WebSite\",\"@id\":\"https:\/\/kruze.ee\/et\/#website\",\"url\":\"https:\/\/kruze.ee\/et\/\",\"name\":\"Kruze.ee\",\"description\":\"Reklaamkingitused, tr&uuml;kiga T-s&auml;rgid, fliisid, dressipluused, tekstiil, joped ja paljud teised logoga meened, &Auml;rikingitused sinu partnerile! Telli juba t&auml;na.\",\"potentialAction\":[{\"@type\":\"SearchAction\",\"target\":{\"@type\":\"EntryPoint\",\"urlTemplate\":\"https:\/\/kruze.ee\/et\/?s={search_term_string}\"},\"query-input\":{\"@type\":\"PropertyValueSpecification\",\"valueRequired\":true,\"valueName\":\"search_term_string\"}}],\"inLanguage\":\"et\"}]}<\/script>\n<!-- \/ Yoast SEO plugin. -->","yoast_head_json":{"title":"Clique Basic Active Polos\u00e4rk - Kruze.ee","robots":{"index":"index","follow":"follow","max-snippet":"max-snippet:-1","max-image-preview":"max-image-preview:large","max-video-preview":"max-video-preview:-1"},"canonical":"https:\/\/kruze.ee\/et\/toode\/clique-basic-active-polosark\/","og_locale":"et_EE","og_type":"article","og_title":"Clique Basic Active Polos\u00e4rk - Kruze.ee","og_description":"Unisex-l\u00f5ikega igap\u00e4evane baaspolo, millel on suurep\u00e4rane istuvus. Valmistatud spun dyed pik\u00e9-struktuuriga kangast. Polol on kolm toon-toonis n\u00f6\u00f6pi, k\u00fclgedel...","og_url":"https:\/\/kruze.ee\/et\/toode\/clique-basic-active-polosark\/","og_site_name":"Kruze.ee","article_modified_time":"2026-03-16T21:48:19+00:00","twitter_card":"summary_large_image","schema":{"@context":"https:\/\/schema.org","@graph":[{"@type":"WebPage","@id":"https:\/\/kruze.ee\/et\/toode\/clique-basic-active-polosark\/","url":"https:\/\/kruze.ee\/et\/toode\/clique-basic-active-polosark\/","name":"Clique Basic Active Polos\u00e4rk - Kruze.ee","isPartOf":{"@id":"https:\/\/kruze.ee\/et\/#website"},"datePublished":"2026-01-05T18:12:29+00:00","dateModified":"2026-03-16T21:48:19+00:00","breadcrumb":{"@id":"https:\/\/kruze.ee\/et\/toode\/clique-basic-active-polosark\/#breadcrumb"},"inLanguage":"et","potentialAction":[{"@type":"ReadAction","target":["https:\/\/kruze.ee\/et\/toode\/clique-basic-active-polosark\/"]}]},{"@type":"BreadcrumbList","@id":"https:\/\/kruze.ee\/et\/toode\/clique-basic-active-polosark\/#breadcrumb","itemListElement":[{"@type":"ListItem","position":1,"name":"Home","item":"https:\/\/kruze.ee\/et\/"},{"@type":"ListItem","position":2,"name":"Tooted","item":"https:\/\/kruze.ee\/et\/tooted\/"},{"@type":"ListItem","position":3,"name":"Clique Basic Active Polos\u00e4rk"}]},{"@type":"WebSite","@id":"https:\/\/kruze.ee\/et\/#website","url":"https:\/\/kruze.ee\/et\/","name":"Kruze.ee","description":"Reklaamkingitused, tr&uuml;kiga T-s&auml;rgid, fliisid, dressipluused, tekstiil, joped ja paljud teised logoga meened, &Auml;rikingitused sinu partnerile! Telli juba t&auml;na.","potentialAction":[{"@type":"SearchAction","target":{"@type":"EntryPoint","urlTemplate":"https:\/\/kruze.ee\/et\/?s={search_term_string}"},"query-input":{"@type":"PropertyValueSpecification","valueRequired":true,"valueName":"search_term_string"}}],"inLanguage":"et"}]}},"_links":{"self":[{"href":"https:\/\/kruze.ee\/et\/wp-json\/wp\/v2\/product\/1430754","targetHints":{"allow":["GET"]}}],"collection":[{"href":"https:\/\/kruze.ee\/et\/wp-json\/wp\/v2\/product"}],"about":[{"href":"https:\/\/kruze.ee\/et\/wp-json\/wp\/v2\/types\/product"}],"wp:attachment":[{"href":"https:\/\/kruze.ee\/et\/wp-json\/wp\/v2\/media?parent=1430754"}],"wp:term":[{"taxonomy":"product_brand","embeddable":true,"href":"https:\/\/kruze.ee\/et\/wp-json\/wp\/v2\/product_brand?post=1430754"},{"taxonomy":"product_cat","embeddable":true,"href":"https:\/\/kruze.ee\/et\/wp-json\/wp\/v2\/product_cat?post=1430754"},{"taxonomy":"product_tag","embeddable":true,"href":"https:\/\/kruze.ee\/et\/wp-json\/wp\/v2\/product_tag?post=1430754"}],"curies":[{"name":"wp","href":"https:\/\/api.w.org\/{rel}","templated":true}]}}