{"id":1430746,"date":"2026-01-05T21:12:07","date_gmt":"2026-01-05T18:12:07","guid":{"rendered":"https:\/\/kruze.ee\/product\/waterman-hemispherepastapliiatsf\/"},"modified":"2026-03-17T00:48:01","modified_gmt":"2026-03-16T21:48:01","slug":"waterman-hemispherepastapliiatsf","status":"publish","type":"product","link":"https:\/\/kruze.ee\/et\/toode\/waterman-hemispherepastapliiatsf\/","title":{"rendered":"Waterman HemispherepastapliiatsF"},"content":{"rendered":"<p>Moemaailma liikumisest vaikse luksuse suunas inspireerituna pakub Waterman H\u00e9misph\u00e8re tindipliiats ajatut ja neutraalset disaini, mis t\u00e4iendab klassikalisi r\u00f5ivaesemeid hooaeg hooaja j\u00e4rel. Elegantse ja saleda siluetiga pliiats on valmistatud k\u00f5rgeima kvaliteediga materjalidest. Korpus ja kork on viimistletud luksusliku metallik-lakiga ning t\u00e4iendatud heledate kuldsete detailidega. Stiilse terviku l\u00f5petab peenelt valmistatud Watermani signatuuriga kahekordse haruga, heleda kullatooniga kaetud klamber.<\/p>\n","protected":false},"excerpt":{"rendered":"<p>Moemaailma liikumisest vaikse luksuse suunas inspireerituna pakub Waterman H\u00e9misph\u00e8re tindipliiats ajatut ja neutraalset disaini, mis t\u00e4iendab klassikalisi&#8230;<\/p>\n","protected":false},"featured_media":0,"template":"","meta":[],"product_brand":[],"product_cat":[5470],"product_tag":[],"class_list":{"0":"post-1430746","1":"product","2":"type-product","3":"status-publish","5":"product_cat-tindipliiatsid","7":"first","8":"instock","9":"purchasable","10":"product-type-simple"},"acf":[],"yoast_head":"<!-- This site is optimized with the Yoast SEO plugin v26.0 - https:\/\/yoast.com\/wordpress\/plugins\/seo\/ -->\n<title>Waterman HemispherepastapliiatsF - Kruze.ee<\/title>\n<meta name=\"robots\" content=\"index, follow, max-snippet:-1, max-image-preview:large, max-video-preview:-1\" \/>\n<link rel=\"canonical\" href=\"https:\/\/kruze.ee\/et\/toode\/waterman-hemispherepastapliiatsf\/\" \/>\n<meta property=\"og:locale\" content=\"et_EE\" \/>\n<meta property=\"og:type\" content=\"article\" \/>\n<meta property=\"og:title\" content=\"Waterman HemispherepastapliiatsF - Kruze.ee\" \/>\n<meta property=\"og:description\" content=\"Moemaailma liikumisest vaikse luksuse suunas inspireerituna pakub Waterman H\u00e9misph\u00e8re tindipliiats ajatut ja neutraalset disaini, mis t\u00e4iendab klassikalisi...\" \/>\n<meta property=\"og:url\" content=\"https:\/\/kruze.ee\/et\/toode\/waterman-hemispherepastapliiatsf\/\" \/>\n<meta property=\"og:site_name\" content=\"Kruze.ee\" \/>\n<meta property=\"article:modified_time\" content=\"2026-03-16T21:48:01+00:00\" \/>\n<meta name=\"twitter:card\" content=\"summary_large_image\" \/>\n<script type=\"application\/ld+json\" class=\"yoast-schema-graph\">{\"@context\":\"https:\/\/schema.org\",\"@graph\":[{\"@type\":\"WebPage\",\"@id\":\"https:\/\/kruze.ee\/et\/toode\/waterman-hemispherepastapliiatsf\/\",\"url\":\"https:\/\/kruze.ee\/et\/toode\/waterman-hemispherepastapliiatsf\/\",\"name\":\"Waterman HemispherepastapliiatsF - Kruze.ee\",\"isPartOf\":{\"@id\":\"https:\/\/kruze.ee\/et\/#website\"},\"datePublished\":\"2026-01-05T18:12:07+00:00\",\"dateModified\":\"2026-03-16T21:48:01+00:00\",\"breadcrumb\":{\"@id\":\"https:\/\/kruze.ee\/et\/toode\/waterman-hemispherepastapliiatsf\/#breadcrumb\"},\"inLanguage\":\"et\",\"potentialAction\":[{\"@type\":\"ReadAction\",\"target\":[\"https:\/\/kruze.ee\/et\/toode\/waterman-hemispherepastapliiatsf\/\"]}]},{\"@type\":\"BreadcrumbList\",\"@id\":\"https:\/\/kruze.ee\/et\/toode\/waterman-hemispherepastapliiatsf\/#breadcrumb\",\"itemListElement\":[{\"@type\":\"ListItem\",\"position\":1,\"name\":\"Home\",\"item\":\"https:\/\/kruze.ee\/et\/\"},{\"@type\":\"ListItem\",\"position\":2,\"name\":\"Tooted\",\"item\":\"https:\/\/kruze.ee\/et\/tooted\/\"},{\"@type\":\"ListItem\",\"position\":3,\"name\":\"Waterman HemispherepastapliiatsF\"}]},{\"@type\":\"WebSite\",\"@id\":\"https:\/\/kruze.ee\/et\/#website\",\"url\":\"https:\/\/kruze.ee\/et\/\",\"name\":\"Kruze.ee\",\"description\":\"Reklaamkingitused, tr&uuml;kiga T-s&auml;rgid, fliisid, dressipluused, tekstiil, joped ja paljud teised logoga meened, &Auml;rikingitused sinu partnerile! Telli juba t&auml;na.\",\"potentialAction\":[{\"@type\":\"SearchAction\",\"target\":{\"@type\":\"EntryPoint\",\"urlTemplate\":\"https:\/\/kruze.ee\/et\/?s={search_term_string}\"},\"query-input\":{\"@type\":\"PropertyValueSpecification\",\"valueRequired\":true,\"valueName\":\"search_term_string\"}}],\"inLanguage\":\"et\"}]}<\/script>\n<!-- \/ Yoast SEO plugin. -->","yoast_head_json":{"title":"Waterman HemispherepastapliiatsF - Kruze.ee","robots":{"index":"index","follow":"follow","max-snippet":"max-snippet:-1","max-image-preview":"max-image-preview:large","max-video-preview":"max-video-preview:-1"},"canonical":"https:\/\/kruze.ee\/et\/toode\/waterman-hemispherepastapliiatsf\/","og_locale":"et_EE","og_type":"article","og_title":"Waterman HemispherepastapliiatsF - Kruze.ee","og_description":"Moemaailma liikumisest vaikse luksuse suunas inspireerituna pakub Waterman H\u00e9misph\u00e8re tindipliiats ajatut ja neutraalset disaini, mis t\u00e4iendab klassikalisi...","og_url":"https:\/\/kruze.ee\/et\/toode\/waterman-hemispherepastapliiatsf\/","og_site_name":"Kruze.ee","article_modified_time":"2026-03-16T21:48:01+00:00","twitter_card":"summary_large_image","schema":{"@context":"https:\/\/schema.org","@graph":[{"@type":"WebPage","@id":"https:\/\/kruze.ee\/et\/toode\/waterman-hemispherepastapliiatsf\/","url":"https:\/\/kruze.ee\/et\/toode\/waterman-hemispherepastapliiatsf\/","name":"Waterman HemispherepastapliiatsF - Kruze.ee","isPartOf":{"@id":"https:\/\/kruze.ee\/et\/#website"},"datePublished":"2026-01-05T18:12:07+00:00","dateModified":"2026-03-16T21:48:01+00:00","breadcrumb":{"@id":"https:\/\/kruze.ee\/et\/toode\/waterman-hemispherepastapliiatsf\/#breadcrumb"},"inLanguage":"et","potentialAction":[{"@type":"ReadAction","target":["https:\/\/kruze.ee\/et\/toode\/waterman-hemispherepastapliiatsf\/"]}]},{"@type":"BreadcrumbList","@id":"https:\/\/kruze.ee\/et\/toode\/waterman-hemispherepastapliiatsf\/#breadcrumb","itemListElement":[{"@type":"ListItem","position":1,"name":"Home","item":"https:\/\/kruze.ee\/et\/"},{"@type":"ListItem","position":2,"name":"Tooted","item":"https:\/\/kruze.ee\/et\/tooted\/"},{"@type":"ListItem","position":3,"name":"Waterman HemispherepastapliiatsF"}]},{"@type":"WebSite","@id":"https:\/\/kruze.ee\/et\/#website","url":"https:\/\/kruze.ee\/et\/","name":"Kruze.ee","description":"Reklaamkingitused, tr&uuml;kiga T-s&auml;rgid, fliisid, dressipluused, tekstiil, joped ja paljud teised logoga meened, &Auml;rikingitused sinu partnerile! Telli juba t&auml;na.","potentialAction":[{"@type":"SearchAction","target":{"@type":"EntryPoint","urlTemplate":"https:\/\/kruze.ee\/et\/?s={search_term_string}"},"query-input":{"@type":"PropertyValueSpecification","valueRequired":true,"valueName":"search_term_string"}}],"inLanguage":"et"}]}},"_links":{"self":[{"href":"https:\/\/kruze.ee\/et\/wp-json\/wp\/v2\/product\/1430746","targetHints":{"allow":["GET"]}}],"collection":[{"href":"https:\/\/kruze.ee\/et\/wp-json\/wp\/v2\/product"}],"about":[{"href":"https:\/\/kruze.ee\/et\/wp-json\/wp\/v2\/types\/product"}],"wp:attachment":[{"href":"https:\/\/kruze.ee\/et\/wp-json\/wp\/v2\/media?parent=1430746"}],"wp:term":[{"taxonomy":"product_brand","embeddable":true,"href":"https:\/\/kruze.ee\/et\/wp-json\/wp\/v2\/product_brand?post=1430746"},{"taxonomy":"product_cat","embeddable":true,"href":"https:\/\/kruze.ee\/et\/wp-json\/wp\/v2\/product_cat?post=1430746"},{"taxonomy":"product_tag","embeddable":true,"href":"https:\/\/kruze.ee\/et\/wp-json\/wp\/v2\/product_tag?post=1430746"}],"curies":[{"name":"wp","href":"https:\/\/api.w.org\/{rel}","templated":true}]}}