{"id":1430728,"date":"2026-01-05T21:11:46","date_gmt":"2026-01-05T18:11:46","guid":{"rendered":"https:\/\/kruze.ee\/product\/vinga-vinga-baltimore-aware-rpet-23-vihmavari\/"},"modified":"2026-03-17T00:47:58","modified_gmt":"2026-03-16T21:47:58","slug":"vinga-vinga-baltimore-aware-rpet-23-vihmavari","status":"publish","type":"product","link":"https:\/\/kruze.ee\/et\/toode\/vinga-vinga-baltimore-aware-rpet-23-vihmavari\/","title":{"rendered":"Vinga VINGA Baltimore AWARE\u2122 RPET 23&#8243; vihmavari"},"content":{"rendered":"<p>See stiilne ja modernne 23-tolline vihmavari hoiab sind kuivana ja mugavalt kaitstuna ka k\u00f5ige vihmasematel p\u00e4evadel. Vihmavari on valmistatud kvaliteetsest 190T pongee RPET-kangast, mis tagab suurep\u00e4rase vihmakaitse ning elegantse v\u00e4limuse. Metallvarre ja t\u00e4ielikult klaaskiust raamiga konstruktsioon tagab tugevuse ja vastupidavuse ka keerulistes ilmastikuoludes. Sirge ja minimalistlik ABS-plastikust k\u00e4epide koos mugava kummist viimistlusega lisab kaasaegset stiili ning kindla haarde. Vihmavari on k\u00e4sitsi avatav ja suletav.<\/p>\n","protected":false},"excerpt":{"rendered":"<p>See stiilne ja modernne 23-tolline vihmavari hoiab sind kuivana ja mugavalt kaitstuna ka k\u00f5ige vihmasematel p\u00e4evadel. Vihmavari on valmistatud kvaliteetsest&#8230;<\/p>\n","protected":false},"featured_media":0,"template":"","meta":[],"product_brand":[],"product_cat":[5364],"product_tag":[],"class_list":{"0":"post-1430728","1":"product","2":"type-product","3":"status-publish","5":"product_cat-vihmavarjud","6":"pa_brand-vinga-2","7":"pa_color-hallikasbeez","8":"pa_color-black-2","9":"pa_color-roheline","10":"pa_color-tumesinine","11":"pa_gender-uniseks","12":"pa_gender-unisex","15":"pa_material-rpetfibreglass","17":"first","18":"instock","19":"taxable","20":"shipping-taxable","21":"purchasable","22":"product-type-variable"},"acf":[],"yoast_head":"<!-- This site is optimized with the Yoast SEO plugin v26.0 - https:\/\/yoast.com\/wordpress\/plugins\/seo\/ -->\n<title>Vinga VINGA Baltimore AWARE\u2122 RPET 23&quot; vihmavari - Kruze.ee<\/title>\n<meta name=\"robots\" content=\"index, follow, max-snippet:-1, max-image-preview:large, max-video-preview:-1\" \/>\n<link rel=\"canonical\" href=\"https:\/\/kruze.ee\/et\/toode\/vinga-vinga-baltimore-aware-rpet-23-vihmavari\/\" \/>\n<meta property=\"og:locale\" content=\"et_EE\" \/>\n<meta property=\"og:type\" content=\"article\" \/>\n<meta property=\"og:title\" content=\"Vinga VINGA Baltimore AWARE\u2122 RPET 23&quot; vihmavari - Kruze.ee\" \/>\n<meta property=\"og:description\" content=\"See stiilne ja modernne 23-tolline vihmavari hoiab sind kuivana ja mugavalt kaitstuna ka k\u00f5ige vihmasematel p\u00e4evadel. Vihmavari on valmistatud kvaliteetsest...\" \/>\n<meta property=\"og:url\" content=\"https:\/\/kruze.ee\/et\/toode\/vinga-vinga-baltimore-aware-rpet-23-vihmavari\/\" \/>\n<meta property=\"og:site_name\" content=\"Kruze.ee\" \/>\n<meta property=\"article:modified_time\" content=\"2026-03-16T21:47:58+00:00\" \/>\n<meta name=\"twitter:card\" content=\"summary_large_image\" \/>\n<script type=\"application\/ld+json\" class=\"yoast-schema-graph\">{\"@context\":\"https:\/\/schema.org\",\"@graph\":[{\"@type\":\"WebPage\",\"@id\":\"https:\/\/kruze.ee\/et\/toode\/vinga-vinga-baltimore-aware-rpet-23-vihmavari\/\",\"url\":\"https:\/\/kruze.ee\/et\/toode\/vinga-vinga-baltimore-aware-rpet-23-vihmavari\/\",\"name\":\"Vinga VINGA Baltimore AWARE\u2122 RPET 23\\\" vihmavari - Kruze.ee\",\"isPartOf\":{\"@id\":\"https:\/\/kruze.ee\/et\/#website\"},\"datePublished\":\"2026-01-05T18:11:46+00:00\",\"dateModified\":\"2026-03-16T21:47:58+00:00\",\"breadcrumb\":{\"@id\":\"https:\/\/kruze.ee\/et\/toode\/vinga-vinga-baltimore-aware-rpet-23-vihmavari\/#breadcrumb\"},\"inLanguage\":\"et\",\"potentialAction\":[{\"@type\":\"ReadAction\",\"target\":[\"https:\/\/kruze.ee\/et\/toode\/vinga-vinga-baltimore-aware-rpet-23-vihmavari\/\"]}]},{\"@type\":\"BreadcrumbList\",\"@id\":\"https:\/\/kruze.ee\/et\/toode\/vinga-vinga-baltimore-aware-rpet-23-vihmavari\/#breadcrumb\",\"itemListElement\":[{\"@type\":\"ListItem\",\"position\":1,\"name\":\"Home\",\"item\":\"https:\/\/kruze.ee\/et\/\"},{\"@type\":\"ListItem\",\"position\":2,\"name\":\"Tooted\",\"item\":\"https:\/\/kruze.ee\/et\/tooted\/\"},{\"@type\":\"ListItem\",\"position\":3,\"name\":\"Vinga VINGA Baltimore AWARE\u2122 RPET 23&#8243; vihmavari\"}]},{\"@type\":\"WebSite\",\"@id\":\"https:\/\/kruze.ee\/et\/#website\",\"url\":\"https:\/\/kruze.ee\/et\/\",\"name\":\"Kruze.ee\",\"description\":\"Reklaamkingitused, tr&uuml;kiga T-s&auml;rgid, fliisid, dressipluused, tekstiil, joped ja paljud teised logoga meened, &Auml;rikingitused sinu partnerile! Telli juba t&auml;na.\",\"potentialAction\":[{\"@type\":\"SearchAction\",\"target\":{\"@type\":\"EntryPoint\",\"urlTemplate\":\"https:\/\/kruze.ee\/et\/?s={search_term_string}\"},\"query-input\":{\"@type\":\"PropertyValueSpecification\",\"valueRequired\":true,\"valueName\":\"search_term_string\"}}],\"inLanguage\":\"et\"}]}<\/script>\n<!-- \/ Yoast SEO plugin. -->","yoast_head_json":{"title":"Vinga VINGA Baltimore AWARE\u2122 RPET 23\" vihmavari - Kruze.ee","robots":{"index":"index","follow":"follow","max-snippet":"max-snippet:-1","max-image-preview":"max-image-preview:large","max-video-preview":"max-video-preview:-1"},"canonical":"https:\/\/kruze.ee\/et\/toode\/vinga-vinga-baltimore-aware-rpet-23-vihmavari\/","og_locale":"et_EE","og_type":"article","og_title":"Vinga VINGA Baltimore AWARE\u2122 RPET 23\" vihmavari - Kruze.ee","og_description":"See stiilne ja modernne 23-tolline vihmavari hoiab sind kuivana ja mugavalt kaitstuna ka k\u00f5ige vihmasematel p\u00e4evadel. Vihmavari on valmistatud kvaliteetsest...","og_url":"https:\/\/kruze.ee\/et\/toode\/vinga-vinga-baltimore-aware-rpet-23-vihmavari\/","og_site_name":"Kruze.ee","article_modified_time":"2026-03-16T21:47:58+00:00","twitter_card":"summary_large_image","schema":{"@context":"https:\/\/schema.org","@graph":[{"@type":"WebPage","@id":"https:\/\/kruze.ee\/et\/toode\/vinga-vinga-baltimore-aware-rpet-23-vihmavari\/","url":"https:\/\/kruze.ee\/et\/toode\/vinga-vinga-baltimore-aware-rpet-23-vihmavari\/","name":"Vinga VINGA Baltimore AWARE\u2122 RPET 23\" vihmavari - Kruze.ee","isPartOf":{"@id":"https:\/\/kruze.ee\/et\/#website"},"datePublished":"2026-01-05T18:11:46+00:00","dateModified":"2026-03-16T21:47:58+00:00","breadcrumb":{"@id":"https:\/\/kruze.ee\/et\/toode\/vinga-vinga-baltimore-aware-rpet-23-vihmavari\/#breadcrumb"},"inLanguage":"et","potentialAction":[{"@type":"ReadAction","target":["https:\/\/kruze.ee\/et\/toode\/vinga-vinga-baltimore-aware-rpet-23-vihmavari\/"]}]},{"@type":"BreadcrumbList","@id":"https:\/\/kruze.ee\/et\/toode\/vinga-vinga-baltimore-aware-rpet-23-vihmavari\/#breadcrumb","itemListElement":[{"@type":"ListItem","position":1,"name":"Home","item":"https:\/\/kruze.ee\/et\/"},{"@type":"ListItem","position":2,"name":"Tooted","item":"https:\/\/kruze.ee\/et\/tooted\/"},{"@type":"ListItem","position":3,"name":"Vinga VINGA Baltimore AWARE\u2122 RPET 23&#8243; vihmavari"}]},{"@type":"WebSite","@id":"https:\/\/kruze.ee\/et\/#website","url":"https:\/\/kruze.ee\/et\/","name":"Kruze.ee","description":"Reklaamkingitused, tr&uuml;kiga T-s&auml;rgid, fliisid, dressipluused, tekstiil, joped ja paljud teised logoga meened, &Auml;rikingitused sinu partnerile! Telli juba t&auml;na.","potentialAction":[{"@type":"SearchAction","target":{"@type":"EntryPoint","urlTemplate":"https:\/\/kruze.ee\/et\/?s={search_term_string}"},"query-input":{"@type":"PropertyValueSpecification","valueRequired":true,"valueName":"search_term_string"}}],"inLanguage":"et"}]}},"_links":{"self":[{"href":"https:\/\/kruze.ee\/et\/wp-json\/wp\/v2\/product\/1430728","targetHints":{"allow":["GET"]}}],"collection":[{"href":"https:\/\/kruze.ee\/et\/wp-json\/wp\/v2\/product"}],"about":[{"href":"https:\/\/kruze.ee\/et\/wp-json\/wp\/v2\/types\/product"}],"wp:attachment":[{"href":"https:\/\/kruze.ee\/et\/wp-json\/wp\/v2\/media?parent=1430728"}],"wp:term":[{"taxonomy":"product_brand","embeddable":true,"href":"https:\/\/kruze.ee\/et\/wp-json\/wp\/v2\/product_brand?post=1430728"},{"taxonomy":"product_cat","embeddable":true,"href":"https:\/\/kruze.ee\/et\/wp-json\/wp\/v2\/product_cat?post=1430728"},{"taxonomy":"product_tag","embeddable":true,"href":"https:\/\/kruze.ee\/et\/wp-json\/wp\/v2\/product_tag?post=1430728"}],"curies":[{"name":"wp","href":"https:\/\/api.w.org\/{rel}","templated":true}]}}