{"id":1430726,"date":"2026-01-05T20:50:11","date_gmt":"2026-01-05T17:50:11","guid":{"rendered":"https:\/\/kruze.ee\/product\/vinga-bosler-rcs-pagasilipik\/"},"modified":"2026-03-17T01:00:45","modified_gmt":"2026-03-16T22:00:45","slug":"vinga-bosler-rcs-pagasilipik","status":"publish","type":"product","link":"https:\/\/kruze.ee\/et\/toode\/vinga-bosler-rcs-pagasilipik\/","title":{"rendered":"VINGA Bosler RCS pagasilipik"},"content":{"rendered":"<p>Pagasim\u00e4rk oma asjade m\u00e4rgistamiseks, mis sobib ideaalselt \u00e4ri- ja puhkusereiside jaoks. T\u00e4nu oma elegantsele disainile ja mugavale aasale kinnitub see h\u00f5lpsasti igat t\u00fc\u00fcpi pagasi k\u00fclge. Sildil on diskreetne aadressi silt, kuhu saate sisestada oma nime ja kontaktandmed, mis teeb oma pagasi identifitseerimise nii stiilseks kui ka turvaliseks. RCS (Recycled Claim Standard) sertifikaat tagab, et kogu ringlussev\u00f5etud materjalide tarneahel on sertifitseeritud. Ringlussev\u00f5etud materjali kogusisaldus p\u00f5hineb toote kogumassil. See toode sisaldab 30% RCS-sertifikaadiga ringlussev\u00f5etud pol\u00fcestrit ja 13% RCS-sertifikaadiga ringlussev\u00f5etud PU-d.<\/p>\n","protected":false},"excerpt":{"rendered":"<p>Pagasim\u00e4rk oma asjade m\u00e4rgistamiseks, mis sobib ideaalselt \u00e4ri- ja puhkusereiside jaoks. T\u00e4nu oma elegantsele disainile ja mugavale aasale kinnitub see&#8230;<\/p>\n","protected":false},"featured_media":0,"template":"","meta":[],"product_brand":[],"product_cat":[5403],"product_tag":[],"class_list":{"0":"post-1430726","1":"product","2":"type-product","3":"status-publish","5":"product_cat-muud-reisitarbed-kotid","6":"pa_gender-uniseks","7":"pa_gender-unisex","11":"first","12":"instock","13":"purchasable","14":"product-type-simple"},"acf":[],"yoast_head":"<!-- This site is optimized with the Yoast SEO plugin v26.0 - https:\/\/yoast.com\/wordpress\/plugins\/seo\/ -->\n<title>VINGA Bosler RCS pagasilipik - Kruze.ee<\/title>\n<meta name=\"robots\" content=\"index, follow, max-snippet:-1, max-image-preview:large, max-video-preview:-1\" \/>\n<link rel=\"canonical\" href=\"https:\/\/kruze.ee\/et\/toode\/vinga-bosler-rcs-pagasilipik\/\" \/>\n<meta property=\"og:locale\" content=\"et_EE\" \/>\n<meta property=\"og:type\" content=\"article\" \/>\n<meta property=\"og:title\" content=\"VINGA Bosler RCS pagasilipik - Kruze.ee\" \/>\n<meta property=\"og:description\" content=\"Pagasim\u00e4rk oma asjade m\u00e4rgistamiseks, mis sobib ideaalselt \u00e4ri- ja puhkusereiside jaoks. T\u00e4nu oma elegantsele disainile ja mugavale aasale kinnitub see...\" \/>\n<meta property=\"og:url\" content=\"https:\/\/kruze.ee\/et\/toode\/vinga-bosler-rcs-pagasilipik\/\" \/>\n<meta property=\"og:site_name\" content=\"Kruze.ee\" \/>\n<meta property=\"article:modified_time\" content=\"2026-03-16T22:00:45+00:00\" \/>\n<meta name=\"twitter:card\" content=\"summary_large_image\" \/>\n<script type=\"application\/ld+json\" class=\"yoast-schema-graph\">{\"@context\":\"https:\/\/schema.org\",\"@graph\":[{\"@type\":\"WebPage\",\"@id\":\"https:\/\/kruze.ee\/et\/toode\/vinga-bosler-rcs-pagasilipik\/\",\"url\":\"https:\/\/kruze.ee\/et\/toode\/vinga-bosler-rcs-pagasilipik\/\",\"name\":\"VINGA Bosler RCS pagasilipik - Kruze.ee\",\"isPartOf\":{\"@id\":\"https:\/\/kruze.ee\/et\/#website\"},\"datePublished\":\"2026-01-05T17:50:11+00:00\",\"dateModified\":\"2026-03-16T22:00:45+00:00\",\"breadcrumb\":{\"@id\":\"https:\/\/kruze.ee\/et\/toode\/vinga-bosler-rcs-pagasilipik\/#breadcrumb\"},\"inLanguage\":\"et\",\"potentialAction\":[{\"@type\":\"ReadAction\",\"target\":[\"https:\/\/kruze.ee\/et\/toode\/vinga-bosler-rcs-pagasilipik\/\"]}]},{\"@type\":\"BreadcrumbList\",\"@id\":\"https:\/\/kruze.ee\/et\/toode\/vinga-bosler-rcs-pagasilipik\/#breadcrumb\",\"itemListElement\":[{\"@type\":\"ListItem\",\"position\":1,\"name\":\"Home\",\"item\":\"https:\/\/kruze.ee\/et\/\"},{\"@type\":\"ListItem\",\"position\":2,\"name\":\"Tooted\",\"item\":\"https:\/\/kruze.ee\/et\/tooted\/\"},{\"@type\":\"ListItem\",\"position\":3,\"name\":\"VINGA Bosler RCS pagasilipik\"}]},{\"@type\":\"WebSite\",\"@id\":\"https:\/\/kruze.ee\/et\/#website\",\"url\":\"https:\/\/kruze.ee\/et\/\",\"name\":\"Kruze.ee\",\"description\":\"Reklaamkingitused, tr&uuml;kiga T-s&auml;rgid, fliisid, dressipluused, tekstiil, joped ja paljud teised logoga meened, &Auml;rikingitused sinu partnerile! Telli juba t&auml;na.\",\"potentialAction\":[{\"@type\":\"SearchAction\",\"target\":{\"@type\":\"EntryPoint\",\"urlTemplate\":\"https:\/\/kruze.ee\/et\/?s={search_term_string}\"},\"query-input\":{\"@type\":\"PropertyValueSpecification\",\"valueRequired\":true,\"valueName\":\"search_term_string\"}}],\"inLanguage\":\"et\"}]}<\/script>\n<!-- \/ Yoast SEO plugin. -->","yoast_head_json":{"title":"VINGA Bosler RCS pagasilipik - Kruze.ee","robots":{"index":"index","follow":"follow","max-snippet":"max-snippet:-1","max-image-preview":"max-image-preview:large","max-video-preview":"max-video-preview:-1"},"canonical":"https:\/\/kruze.ee\/et\/toode\/vinga-bosler-rcs-pagasilipik\/","og_locale":"et_EE","og_type":"article","og_title":"VINGA Bosler RCS pagasilipik - Kruze.ee","og_description":"Pagasim\u00e4rk oma asjade m\u00e4rgistamiseks, mis sobib ideaalselt \u00e4ri- ja puhkusereiside jaoks. T\u00e4nu oma elegantsele disainile ja mugavale aasale kinnitub see...","og_url":"https:\/\/kruze.ee\/et\/toode\/vinga-bosler-rcs-pagasilipik\/","og_site_name":"Kruze.ee","article_modified_time":"2026-03-16T22:00:45+00:00","twitter_card":"summary_large_image","schema":{"@context":"https:\/\/schema.org","@graph":[{"@type":"WebPage","@id":"https:\/\/kruze.ee\/et\/toode\/vinga-bosler-rcs-pagasilipik\/","url":"https:\/\/kruze.ee\/et\/toode\/vinga-bosler-rcs-pagasilipik\/","name":"VINGA Bosler RCS pagasilipik - Kruze.ee","isPartOf":{"@id":"https:\/\/kruze.ee\/et\/#website"},"datePublished":"2026-01-05T17:50:11+00:00","dateModified":"2026-03-16T22:00:45+00:00","breadcrumb":{"@id":"https:\/\/kruze.ee\/et\/toode\/vinga-bosler-rcs-pagasilipik\/#breadcrumb"},"inLanguage":"et","potentialAction":[{"@type":"ReadAction","target":["https:\/\/kruze.ee\/et\/toode\/vinga-bosler-rcs-pagasilipik\/"]}]},{"@type":"BreadcrumbList","@id":"https:\/\/kruze.ee\/et\/toode\/vinga-bosler-rcs-pagasilipik\/#breadcrumb","itemListElement":[{"@type":"ListItem","position":1,"name":"Home","item":"https:\/\/kruze.ee\/et\/"},{"@type":"ListItem","position":2,"name":"Tooted","item":"https:\/\/kruze.ee\/et\/tooted\/"},{"@type":"ListItem","position":3,"name":"VINGA Bosler RCS pagasilipik"}]},{"@type":"WebSite","@id":"https:\/\/kruze.ee\/et\/#website","url":"https:\/\/kruze.ee\/et\/","name":"Kruze.ee","description":"Reklaamkingitused, tr&uuml;kiga T-s&auml;rgid, fliisid, dressipluused, tekstiil, joped ja paljud teised logoga meened, &Auml;rikingitused sinu partnerile! Telli juba t&auml;na.","potentialAction":[{"@type":"SearchAction","target":{"@type":"EntryPoint","urlTemplate":"https:\/\/kruze.ee\/et\/?s={search_term_string}"},"query-input":{"@type":"PropertyValueSpecification","valueRequired":true,"valueName":"search_term_string"}}],"inLanguage":"et"}]}},"_links":{"self":[{"href":"https:\/\/kruze.ee\/et\/wp-json\/wp\/v2\/product\/1430726","targetHints":{"allow":["GET"]}}],"collection":[{"href":"https:\/\/kruze.ee\/et\/wp-json\/wp\/v2\/product"}],"about":[{"href":"https:\/\/kruze.ee\/et\/wp-json\/wp\/v2\/types\/product"}],"wp:attachment":[{"href":"https:\/\/kruze.ee\/et\/wp-json\/wp\/v2\/media?parent=1430726"}],"wp:term":[{"taxonomy":"product_brand","embeddable":true,"href":"https:\/\/kruze.ee\/et\/wp-json\/wp\/v2\/product_brand?post=1430726"},{"taxonomy":"product_cat","embeddable":true,"href":"https:\/\/kruze.ee\/et\/wp-json\/wp\/v2\/product_cat?post=1430726"},{"taxonomy":"product_tag","embeddable":true,"href":"https:\/\/kruze.ee\/et\/wp-json\/wp\/v2\/product_tag?post=1430726"}],"curies":[{"name":"wp","href":"https:\/\/api.w.org\/{rel}","templated":true}]}}