{"id":1430718,"date":"2026-01-05T20:50:04","date_gmt":"2026-01-05T17:50:04","guid":{"rendered":"https:\/\/kruze.ee\/product\/vinga-baltimore-rcs-umbertoodeldud-poluestrist-kohvrisilt\/"},"modified":"2026-03-17T01:00:45","modified_gmt":"2026-03-16T22:00:45","slug":"vinga-baltimore-rcs-umbertoodeldud-poluestrist-kohvrisilt","status":"publish","type":"product","link":"https:\/\/kruze.ee\/et\/toode\/vinga-baltimore-rcs-umbertoodeldud-poluestrist-kohvrisilt\/","title":{"rendered":"VINGA Baltimore RCS \u00fcmbert\u00f6\u00f6deldud pol\u00fcestrist kohvrisilt"},"content":{"rendered":"<p>Puhas ja minimalistliku disainiga pagasisilt, mis sobib ideaalselt nii \u00e4rireisideks kui ka puhkuseks. Pagasisilt kinnitub mugavalt k\u00f5ikidele kottidele t\u00e4nu praktilisele aasa kinnitusele. Sildil on aadressikaart nime ja kontaktandmete m\u00e4rkimiseks, mis teeb pagasi tuvastamise lihtsaks ja turvaliseks. Toode on RCS-sertifikaadiga (Recycled Claim Standard), mis kinnitab, et kogu taaskasutatud materjalide tarneahel on sertifitseeritud ja j\u00e4lgitav.<\/p>\n","protected":false},"excerpt":{"rendered":"<p>Puhas ja minimalistliku disainiga pagasisilt, mis sobib ideaalselt nii \u00e4rireisideks kui ka puhkuseks. Pagasisilt kinnitub mugavalt k\u00f5ikidele kottidele t\u00e4nu&#8230;<\/p>\n","protected":false},"featured_media":0,"template":"","meta":[],"product_brand":[],"product_cat":[5403],"product_tag":[],"class_list":{"0":"post-1430718","1":"product","2":"type-product","3":"status-publish","5":"product_cat-muud-reisitarbed-kotid","6":"pa_brand-vinga-2","7":"pa_color-beez","8":"pa_color-black-2","9":"pa_color-roheline","10":"pa_color-blue-2","11":"pa_gender-uniseks","12":"pa_gender-unisex","15":"pa_material-recycled-polyurethane","17":"first","18":"instock","19":"taxable","20":"shipping-taxable","21":"purchasable","22":"product-type-variable"},"acf":[],"yoast_head":"<!-- This site is optimized with the Yoast SEO plugin v26.0 - https:\/\/yoast.com\/wordpress\/plugins\/seo\/ -->\n<title>VINGA Baltimore RCS \u00fcmbert\u00f6\u00f6deldud pol\u00fcestrist kohvrisilt - Kruze.ee<\/title>\n<meta name=\"robots\" content=\"index, follow, max-snippet:-1, max-image-preview:large, max-video-preview:-1\" \/>\n<link rel=\"canonical\" href=\"https:\/\/kruze.ee\/et\/toode\/vinga-baltimore-rcs-umbertoodeldud-poluestrist-kohvrisilt\/\" \/>\n<meta property=\"og:locale\" content=\"et_EE\" \/>\n<meta property=\"og:type\" content=\"article\" \/>\n<meta property=\"og:title\" content=\"VINGA Baltimore RCS \u00fcmbert\u00f6\u00f6deldud pol\u00fcestrist kohvrisilt - Kruze.ee\" \/>\n<meta property=\"og:description\" content=\"Puhas ja minimalistliku disainiga pagasisilt, mis sobib ideaalselt nii \u00e4rireisideks kui ka puhkuseks. Pagasisilt kinnitub mugavalt k\u00f5ikidele kottidele t\u00e4nu...\" \/>\n<meta property=\"og:url\" content=\"https:\/\/kruze.ee\/et\/toode\/vinga-baltimore-rcs-umbertoodeldud-poluestrist-kohvrisilt\/\" \/>\n<meta property=\"og:site_name\" content=\"Kruze.ee\" \/>\n<meta property=\"article:modified_time\" content=\"2026-03-16T22:00:45+00:00\" \/>\n<meta name=\"twitter:card\" content=\"summary_large_image\" \/>\n<script type=\"application\/ld+json\" class=\"yoast-schema-graph\">{\"@context\":\"https:\/\/schema.org\",\"@graph\":[{\"@type\":\"WebPage\",\"@id\":\"https:\/\/kruze.ee\/et\/toode\/vinga-baltimore-rcs-umbertoodeldud-poluestrist-kohvrisilt\/\",\"url\":\"https:\/\/kruze.ee\/et\/toode\/vinga-baltimore-rcs-umbertoodeldud-poluestrist-kohvrisilt\/\",\"name\":\"VINGA Baltimore RCS \u00fcmbert\u00f6\u00f6deldud pol\u00fcestrist kohvrisilt - Kruze.ee\",\"isPartOf\":{\"@id\":\"https:\/\/kruze.ee\/et\/#website\"},\"datePublished\":\"2026-01-05T17:50:04+00:00\",\"dateModified\":\"2026-03-16T22:00:45+00:00\",\"breadcrumb\":{\"@id\":\"https:\/\/kruze.ee\/et\/toode\/vinga-baltimore-rcs-umbertoodeldud-poluestrist-kohvrisilt\/#breadcrumb\"},\"inLanguage\":\"et\",\"potentialAction\":[{\"@type\":\"ReadAction\",\"target\":[\"https:\/\/kruze.ee\/et\/toode\/vinga-baltimore-rcs-umbertoodeldud-poluestrist-kohvrisilt\/\"]}]},{\"@type\":\"BreadcrumbList\",\"@id\":\"https:\/\/kruze.ee\/et\/toode\/vinga-baltimore-rcs-umbertoodeldud-poluestrist-kohvrisilt\/#breadcrumb\",\"itemListElement\":[{\"@type\":\"ListItem\",\"position\":1,\"name\":\"Home\",\"item\":\"https:\/\/kruze.ee\/et\/\"},{\"@type\":\"ListItem\",\"position\":2,\"name\":\"Tooted\",\"item\":\"https:\/\/kruze.ee\/et\/tooted\/\"},{\"@type\":\"ListItem\",\"position\":3,\"name\":\"VINGA Baltimore RCS \u00fcmbert\u00f6\u00f6deldud pol\u00fcestrist kohvrisilt\"}]},{\"@type\":\"WebSite\",\"@id\":\"https:\/\/kruze.ee\/et\/#website\",\"url\":\"https:\/\/kruze.ee\/et\/\",\"name\":\"Kruze.ee\",\"description\":\"Reklaamkingitused, tr&uuml;kiga T-s&auml;rgid, fliisid, dressipluused, tekstiil, joped ja paljud teised logoga meened, &Auml;rikingitused sinu partnerile! Telli juba t&auml;na.\",\"potentialAction\":[{\"@type\":\"SearchAction\",\"target\":{\"@type\":\"EntryPoint\",\"urlTemplate\":\"https:\/\/kruze.ee\/et\/?s={search_term_string}\"},\"query-input\":{\"@type\":\"PropertyValueSpecification\",\"valueRequired\":true,\"valueName\":\"search_term_string\"}}],\"inLanguage\":\"et\"}]}<\/script>\n<!-- \/ Yoast SEO plugin. -->","yoast_head_json":{"title":"VINGA Baltimore RCS \u00fcmbert\u00f6\u00f6deldud pol\u00fcestrist kohvrisilt - Kruze.ee","robots":{"index":"index","follow":"follow","max-snippet":"max-snippet:-1","max-image-preview":"max-image-preview:large","max-video-preview":"max-video-preview:-1"},"canonical":"https:\/\/kruze.ee\/et\/toode\/vinga-baltimore-rcs-umbertoodeldud-poluestrist-kohvrisilt\/","og_locale":"et_EE","og_type":"article","og_title":"VINGA Baltimore RCS \u00fcmbert\u00f6\u00f6deldud pol\u00fcestrist kohvrisilt - Kruze.ee","og_description":"Puhas ja minimalistliku disainiga pagasisilt, mis sobib ideaalselt nii \u00e4rireisideks kui ka puhkuseks. Pagasisilt kinnitub mugavalt k\u00f5ikidele kottidele t\u00e4nu...","og_url":"https:\/\/kruze.ee\/et\/toode\/vinga-baltimore-rcs-umbertoodeldud-poluestrist-kohvrisilt\/","og_site_name":"Kruze.ee","article_modified_time":"2026-03-16T22:00:45+00:00","twitter_card":"summary_large_image","schema":{"@context":"https:\/\/schema.org","@graph":[{"@type":"WebPage","@id":"https:\/\/kruze.ee\/et\/toode\/vinga-baltimore-rcs-umbertoodeldud-poluestrist-kohvrisilt\/","url":"https:\/\/kruze.ee\/et\/toode\/vinga-baltimore-rcs-umbertoodeldud-poluestrist-kohvrisilt\/","name":"VINGA Baltimore RCS \u00fcmbert\u00f6\u00f6deldud pol\u00fcestrist kohvrisilt - Kruze.ee","isPartOf":{"@id":"https:\/\/kruze.ee\/et\/#website"},"datePublished":"2026-01-05T17:50:04+00:00","dateModified":"2026-03-16T22:00:45+00:00","breadcrumb":{"@id":"https:\/\/kruze.ee\/et\/toode\/vinga-baltimore-rcs-umbertoodeldud-poluestrist-kohvrisilt\/#breadcrumb"},"inLanguage":"et","potentialAction":[{"@type":"ReadAction","target":["https:\/\/kruze.ee\/et\/toode\/vinga-baltimore-rcs-umbertoodeldud-poluestrist-kohvrisilt\/"]}]},{"@type":"BreadcrumbList","@id":"https:\/\/kruze.ee\/et\/toode\/vinga-baltimore-rcs-umbertoodeldud-poluestrist-kohvrisilt\/#breadcrumb","itemListElement":[{"@type":"ListItem","position":1,"name":"Home","item":"https:\/\/kruze.ee\/et\/"},{"@type":"ListItem","position":2,"name":"Tooted","item":"https:\/\/kruze.ee\/et\/tooted\/"},{"@type":"ListItem","position":3,"name":"VINGA Baltimore RCS \u00fcmbert\u00f6\u00f6deldud pol\u00fcestrist kohvrisilt"}]},{"@type":"WebSite","@id":"https:\/\/kruze.ee\/et\/#website","url":"https:\/\/kruze.ee\/et\/","name":"Kruze.ee","description":"Reklaamkingitused, tr&uuml;kiga T-s&auml;rgid, fliisid, dressipluused, tekstiil, joped ja paljud teised logoga meened, &Auml;rikingitused sinu partnerile! Telli juba t&auml;na.","potentialAction":[{"@type":"SearchAction","target":{"@type":"EntryPoint","urlTemplate":"https:\/\/kruze.ee\/et\/?s={search_term_string}"},"query-input":{"@type":"PropertyValueSpecification","valueRequired":true,"valueName":"search_term_string"}}],"inLanguage":"et"}]}},"_links":{"self":[{"href":"https:\/\/kruze.ee\/et\/wp-json\/wp\/v2\/product\/1430718","targetHints":{"allow":["GET"]}}],"collection":[{"href":"https:\/\/kruze.ee\/et\/wp-json\/wp\/v2\/product"}],"about":[{"href":"https:\/\/kruze.ee\/et\/wp-json\/wp\/v2\/types\/product"}],"wp:attachment":[{"href":"https:\/\/kruze.ee\/et\/wp-json\/wp\/v2\/media?parent=1430718"}],"wp:term":[{"taxonomy":"product_brand","embeddable":true,"href":"https:\/\/kruze.ee\/et\/wp-json\/wp\/v2\/product_brand?post=1430718"},{"taxonomy":"product_cat","embeddable":true,"href":"https:\/\/kruze.ee\/et\/wp-json\/wp\/v2\/product_cat?post=1430718"},{"taxonomy":"product_tag","embeddable":true,"href":"https:\/\/kruze.ee\/et\/wp-json\/wp\/v2\/product_tag?post=1430718"}],"curies":[{"name":"wp","href":"https:\/\/api.w.org\/{rel}","templated":true}]}}