{"id":1430710,"date":"2026-01-05T20:45:45","date_gmt":"2026-01-05T17:45:45","guid":{"rendered":"https:\/\/kruze.ee\/product\/vinga-baltimore-rcs-umbertoodeldud-poluestrist-rfid-passikaaned\/"},"modified":"2026-03-17T01:00:43","modified_gmt":"2026-03-16T22:00:43","slug":"vinga-baltimore-rcs-umbertoodeldud-poluestrist-rfid-passikaaned","status":"publish","type":"product","link":"https:\/\/kruze.ee\/et\/toode\/vinga-baltimore-rcs-umbertoodeldud-poluestrist-rfid-passikaaned\/","title":{"rendered":"VINGA Baltimore RCS \u00fcmbert\u00f6\u00f6deldud pol\u00fcestrist RFID passikaaned"},"content":{"rendered":"<p>Reisi stiilselt ja turvaliselt meie praktilise passitaskuga, mis on varustatud RFID-kaitsega, et hoida \u00e4ra andmete loata skaneerimine. Sobib ideaalselt nii \u00e4rireisideks kui ka puhkuseks. Passitaskul on eraldi taskud passile, pardakaardile ja muudele olulistele kaartidele. Kompaktne suurus v\u00f5imaldab seda mugavalt kanda nii kotis kui ka taskus. Toode on RCS-sertifikaadiga (Recycled Claim Standard), mis kinnitab taaskasutatud materjalide kasutamist.<\/p>\n","protected":false},"excerpt":{"rendered":"<p>Reisi stiilselt ja turvaliselt meie praktilise passitaskuga, mis on varustatud RFID-kaitsega, et hoida \u00e4ra andmete loata skaneerimine. Sobib ideaalselt nii&#8230;<\/p>\n","protected":false},"featured_media":0,"template":"","meta":[],"product_brand":[],"product_cat":[5402,5403],"product_tag":[],"class_list":{"0":"post-1430710","1":"product","2":"type-product","3":"status-publish","5":"product_cat-rahakotid","6":"product_cat-muud-reisitarbed-kotid","7":"pa_brand-vinga-2","8":"pa_color-beez","9":"pa_color-black-2","10":"pa_color-roheline","11":"pa_color-blue-2","12":"pa_gender-uniseks","13":"pa_gender-unisex","16":"pa_material-recycled-polyurethane","18":"first","19":"instock","20":"taxable","21":"shipping-taxable","22":"purchasable","23":"product-type-variable"},"acf":[],"yoast_head":"<!-- This site is optimized with the Yoast SEO plugin v26.0 - https:\/\/yoast.com\/wordpress\/plugins\/seo\/ -->\n<title>VINGA Baltimore RCS \u00fcmbert\u00f6\u00f6deldud pol\u00fcestrist RFID passikaaned - Kruze.ee<\/title>\n<meta name=\"robots\" content=\"index, follow, max-snippet:-1, max-image-preview:large, max-video-preview:-1\" \/>\n<link rel=\"canonical\" href=\"https:\/\/kruze.ee\/et\/toode\/vinga-baltimore-rcs-umbertoodeldud-poluestrist-rfid-passikaaned\/\" \/>\n<meta property=\"og:locale\" content=\"et_EE\" \/>\n<meta property=\"og:type\" content=\"article\" \/>\n<meta property=\"og:title\" content=\"VINGA Baltimore RCS \u00fcmbert\u00f6\u00f6deldud pol\u00fcestrist RFID passikaaned - Kruze.ee\" \/>\n<meta property=\"og:description\" content=\"Reisi stiilselt ja turvaliselt meie praktilise passitaskuga, mis on varustatud RFID-kaitsega, et hoida \u00e4ra andmete loata skaneerimine. Sobib ideaalselt nii...\" \/>\n<meta property=\"og:url\" content=\"https:\/\/kruze.ee\/et\/toode\/vinga-baltimore-rcs-umbertoodeldud-poluestrist-rfid-passikaaned\/\" \/>\n<meta property=\"og:site_name\" content=\"Kruze.ee\" \/>\n<meta property=\"article:modified_time\" content=\"2026-03-16T22:00:43+00:00\" \/>\n<meta name=\"twitter:card\" content=\"summary_large_image\" \/>\n<meta name=\"twitter:label1\" content=\"Est. reading time\" \/>\n\t<meta name=\"twitter:data1\" content=\"1 minut\" \/>\n<script type=\"application\/ld+json\" class=\"yoast-schema-graph\">{\"@context\":\"https:\/\/schema.org\",\"@graph\":[{\"@type\":\"WebPage\",\"@id\":\"https:\/\/kruze.ee\/et\/toode\/vinga-baltimore-rcs-umbertoodeldud-poluestrist-rfid-passikaaned\/\",\"url\":\"https:\/\/kruze.ee\/et\/toode\/vinga-baltimore-rcs-umbertoodeldud-poluestrist-rfid-passikaaned\/\",\"name\":\"VINGA Baltimore RCS \u00fcmbert\u00f6\u00f6deldud pol\u00fcestrist RFID passikaaned - Kruze.ee\",\"isPartOf\":{\"@id\":\"https:\/\/kruze.ee\/et\/#website\"},\"datePublished\":\"2026-01-05T17:45:45+00:00\",\"dateModified\":\"2026-03-16T22:00:43+00:00\",\"breadcrumb\":{\"@id\":\"https:\/\/kruze.ee\/et\/toode\/vinga-baltimore-rcs-umbertoodeldud-poluestrist-rfid-passikaaned\/#breadcrumb\"},\"inLanguage\":\"et\",\"potentialAction\":[{\"@type\":\"ReadAction\",\"target\":[\"https:\/\/kruze.ee\/et\/toode\/vinga-baltimore-rcs-umbertoodeldud-poluestrist-rfid-passikaaned\/\"]}]},{\"@type\":\"BreadcrumbList\",\"@id\":\"https:\/\/kruze.ee\/et\/toode\/vinga-baltimore-rcs-umbertoodeldud-poluestrist-rfid-passikaaned\/#breadcrumb\",\"itemListElement\":[{\"@type\":\"ListItem\",\"position\":1,\"name\":\"Home\",\"item\":\"https:\/\/kruze.ee\/et\/\"},{\"@type\":\"ListItem\",\"position\":2,\"name\":\"Tooted\",\"item\":\"https:\/\/kruze.ee\/et\/tooted\/\"},{\"@type\":\"ListItem\",\"position\":3,\"name\":\"VINGA Baltimore RCS \u00fcmbert\u00f6\u00f6deldud pol\u00fcestrist RFID passikaaned\"}]},{\"@type\":\"WebSite\",\"@id\":\"https:\/\/kruze.ee\/et\/#website\",\"url\":\"https:\/\/kruze.ee\/et\/\",\"name\":\"Kruze.ee\",\"description\":\"Reklaamkingitused, tr&uuml;kiga T-s&auml;rgid, fliisid, dressipluused, tekstiil, joped ja paljud teised logoga meened, &Auml;rikingitused sinu partnerile! Telli juba t&auml;na.\",\"potentialAction\":[{\"@type\":\"SearchAction\",\"target\":{\"@type\":\"EntryPoint\",\"urlTemplate\":\"https:\/\/kruze.ee\/et\/?s={search_term_string}\"},\"query-input\":{\"@type\":\"PropertyValueSpecification\",\"valueRequired\":true,\"valueName\":\"search_term_string\"}}],\"inLanguage\":\"et\"}]}<\/script>\n<!-- \/ Yoast SEO plugin. -->","yoast_head_json":{"title":"VINGA Baltimore RCS \u00fcmbert\u00f6\u00f6deldud pol\u00fcestrist RFID passikaaned - Kruze.ee","robots":{"index":"index","follow":"follow","max-snippet":"max-snippet:-1","max-image-preview":"max-image-preview:large","max-video-preview":"max-video-preview:-1"},"canonical":"https:\/\/kruze.ee\/et\/toode\/vinga-baltimore-rcs-umbertoodeldud-poluestrist-rfid-passikaaned\/","og_locale":"et_EE","og_type":"article","og_title":"VINGA Baltimore RCS \u00fcmbert\u00f6\u00f6deldud pol\u00fcestrist RFID passikaaned - Kruze.ee","og_description":"Reisi stiilselt ja turvaliselt meie praktilise passitaskuga, mis on varustatud RFID-kaitsega, et hoida \u00e4ra andmete loata skaneerimine. Sobib ideaalselt nii...","og_url":"https:\/\/kruze.ee\/et\/toode\/vinga-baltimore-rcs-umbertoodeldud-poluestrist-rfid-passikaaned\/","og_site_name":"Kruze.ee","article_modified_time":"2026-03-16T22:00:43+00:00","twitter_card":"summary_large_image","twitter_misc":{"Est. reading time":"1 minut"},"schema":{"@context":"https:\/\/schema.org","@graph":[{"@type":"WebPage","@id":"https:\/\/kruze.ee\/et\/toode\/vinga-baltimore-rcs-umbertoodeldud-poluestrist-rfid-passikaaned\/","url":"https:\/\/kruze.ee\/et\/toode\/vinga-baltimore-rcs-umbertoodeldud-poluestrist-rfid-passikaaned\/","name":"VINGA Baltimore RCS \u00fcmbert\u00f6\u00f6deldud pol\u00fcestrist RFID passikaaned - Kruze.ee","isPartOf":{"@id":"https:\/\/kruze.ee\/et\/#website"},"datePublished":"2026-01-05T17:45:45+00:00","dateModified":"2026-03-16T22:00:43+00:00","breadcrumb":{"@id":"https:\/\/kruze.ee\/et\/toode\/vinga-baltimore-rcs-umbertoodeldud-poluestrist-rfid-passikaaned\/#breadcrumb"},"inLanguage":"et","potentialAction":[{"@type":"ReadAction","target":["https:\/\/kruze.ee\/et\/toode\/vinga-baltimore-rcs-umbertoodeldud-poluestrist-rfid-passikaaned\/"]}]},{"@type":"BreadcrumbList","@id":"https:\/\/kruze.ee\/et\/toode\/vinga-baltimore-rcs-umbertoodeldud-poluestrist-rfid-passikaaned\/#breadcrumb","itemListElement":[{"@type":"ListItem","position":1,"name":"Home","item":"https:\/\/kruze.ee\/et\/"},{"@type":"ListItem","position":2,"name":"Tooted","item":"https:\/\/kruze.ee\/et\/tooted\/"},{"@type":"ListItem","position":3,"name":"VINGA Baltimore RCS \u00fcmbert\u00f6\u00f6deldud pol\u00fcestrist RFID passikaaned"}]},{"@type":"WebSite","@id":"https:\/\/kruze.ee\/et\/#website","url":"https:\/\/kruze.ee\/et\/","name":"Kruze.ee","description":"Reklaamkingitused, tr&uuml;kiga T-s&auml;rgid, fliisid, dressipluused, tekstiil, joped ja paljud teised logoga meened, &Auml;rikingitused sinu partnerile! Telli juba t&auml;na.","potentialAction":[{"@type":"SearchAction","target":{"@type":"EntryPoint","urlTemplate":"https:\/\/kruze.ee\/et\/?s={search_term_string}"},"query-input":{"@type":"PropertyValueSpecification","valueRequired":true,"valueName":"search_term_string"}}],"inLanguage":"et"}]}},"_links":{"self":[{"href":"https:\/\/kruze.ee\/et\/wp-json\/wp\/v2\/product\/1430710","targetHints":{"allow":["GET"]}}],"collection":[{"href":"https:\/\/kruze.ee\/et\/wp-json\/wp\/v2\/product"}],"about":[{"href":"https:\/\/kruze.ee\/et\/wp-json\/wp\/v2\/types\/product"}],"wp:attachment":[{"href":"https:\/\/kruze.ee\/et\/wp-json\/wp\/v2\/media?parent=1430710"}],"wp:term":[{"taxonomy":"product_brand","embeddable":true,"href":"https:\/\/kruze.ee\/et\/wp-json\/wp\/v2\/product_brand?post=1430710"},{"taxonomy":"product_cat","embeddable":true,"href":"https:\/\/kruze.ee\/et\/wp-json\/wp\/v2\/product_cat?post=1430710"},{"taxonomy":"product_tag","embeddable":true,"href":"https:\/\/kruze.ee\/et\/wp-json\/wp\/v2\/product_tag?post=1430710"}],"curies":[{"name":"wp","href":"https:\/\/api.w.org\/{rel}","templated":true}]}}