{"id":1430704,"date":"2026-01-05T20:45:32","date_gmt":"2026-01-05T17:45:32","guid":{"rendered":"https:\/\/kruze.ee\/product\/vinga-bermond-rcs-16-sulearvuti-kott\/"},"modified":"2026-03-17T01:00:40","modified_gmt":"2026-03-16T22:00:40","slug":"vinga-bermond-rcs-16-sulearvuti-kott","status":"publish","type":"product","link":"https:\/\/kruze.ee\/et\/toode\/vinga-bermond-rcs-16-sulearvuti-kott\/","title":{"rendered":"VINGA Bermond RCS 16&#8243; s\u00fclearvuti kott"},"content":{"rendered":"<p>Kaitse oma s\u00fclearvutit stiilselt ja nutikalt. See \u00fcmbris \u00fchendab elegantse v\u00e4limuse l\u00e4bim\u00f5eldud funktsionaalsusega. Kahelt k\u00fcljelt avatav t\u00f5mblukk v\u00f5imaldab mugavat ligip\u00e4\u00e4su erinevatest suundadest, muutes s\u00fclearvuti kiire hoiustamise ja v\u00e4ljav\u00f5tmise lihtsaks. V\u00e4lisk\u00fcljel asub praktiline tasku lisatarvikute jaoks, et vajalik oleks alati k\u00e4ep\u00e4rast. Sobib enamikele kuni 16-tollistele s\u00fclearvutitele.<\/p>\n","protected":false},"excerpt":{"rendered":"<p>Kaitse oma s\u00fclearvutit stiilselt ja nutikalt. See \u00fcmbris \u00fchendab elegantse v\u00e4limuse l\u00e4bim\u00f5eldud funktsionaalsusega. Kahelt k\u00fcljelt avatav t\u00f5mblukk v\u00f5imaldab&#8230;<\/p>\n","protected":false},"featured_media":0,"template":"","meta":[],"product_brand":[],"product_cat":[5398],"product_tag":[],"class_list":{"0":"post-1430704","1":"product","2":"type-product","3":"status-publish","5":"product_cat-sulearvutikotid-kotid","6":"pa_gender-uniseks","7":"pa_gender-unisex","11":"first","12":"instock","13":"purchasable","14":"product-type-simple"},"acf":[],"yoast_head":"<!-- This site is optimized with the Yoast SEO plugin v26.0 - https:\/\/yoast.com\/wordpress\/plugins\/seo\/ -->\n<title>VINGA Bermond RCS 16&quot; s\u00fclearvuti kott - Kruze.ee<\/title>\n<meta name=\"robots\" content=\"index, follow, max-snippet:-1, max-image-preview:large, max-video-preview:-1\" \/>\n<link rel=\"canonical\" href=\"https:\/\/kruze.ee\/et\/toode\/vinga-bermond-rcs-16-sulearvuti-kott\/\" \/>\n<meta property=\"og:locale\" content=\"et_EE\" \/>\n<meta property=\"og:type\" content=\"article\" \/>\n<meta property=\"og:title\" content=\"VINGA Bermond RCS 16&quot; s\u00fclearvuti kott - Kruze.ee\" \/>\n<meta property=\"og:description\" content=\"Kaitse oma s\u00fclearvutit stiilselt ja nutikalt. See \u00fcmbris \u00fchendab elegantse v\u00e4limuse l\u00e4bim\u00f5eldud funktsionaalsusega. Kahelt k\u00fcljelt avatav t\u00f5mblukk v\u00f5imaldab...\" \/>\n<meta property=\"og:url\" content=\"https:\/\/kruze.ee\/et\/toode\/vinga-bermond-rcs-16-sulearvuti-kott\/\" \/>\n<meta property=\"og:site_name\" content=\"Kruze.ee\" \/>\n<meta property=\"article:modified_time\" content=\"2026-03-16T22:00:40+00:00\" \/>\n<meta name=\"twitter:card\" content=\"summary_large_image\" \/>\n<script type=\"application\/ld+json\" class=\"yoast-schema-graph\">{\"@context\":\"https:\/\/schema.org\",\"@graph\":[{\"@type\":\"WebPage\",\"@id\":\"https:\/\/kruze.ee\/et\/toode\/vinga-bermond-rcs-16-sulearvuti-kott\/\",\"url\":\"https:\/\/kruze.ee\/et\/toode\/vinga-bermond-rcs-16-sulearvuti-kott\/\",\"name\":\"VINGA Bermond RCS 16\\\" s\u00fclearvuti kott - Kruze.ee\",\"isPartOf\":{\"@id\":\"https:\/\/kruze.ee\/et\/#website\"},\"datePublished\":\"2026-01-05T17:45:32+00:00\",\"dateModified\":\"2026-03-16T22:00:40+00:00\",\"breadcrumb\":{\"@id\":\"https:\/\/kruze.ee\/et\/toode\/vinga-bermond-rcs-16-sulearvuti-kott\/#breadcrumb\"},\"inLanguage\":\"et\",\"potentialAction\":[{\"@type\":\"ReadAction\",\"target\":[\"https:\/\/kruze.ee\/et\/toode\/vinga-bermond-rcs-16-sulearvuti-kott\/\"]}]},{\"@type\":\"BreadcrumbList\",\"@id\":\"https:\/\/kruze.ee\/et\/toode\/vinga-bermond-rcs-16-sulearvuti-kott\/#breadcrumb\",\"itemListElement\":[{\"@type\":\"ListItem\",\"position\":1,\"name\":\"Home\",\"item\":\"https:\/\/kruze.ee\/et\/\"},{\"@type\":\"ListItem\",\"position\":2,\"name\":\"Tooted\",\"item\":\"https:\/\/kruze.ee\/et\/tooted\/\"},{\"@type\":\"ListItem\",\"position\":3,\"name\":\"VINGA Bermond RCS 16&#8243; s\u00fclearvuti kott\"}]},{\"@type\":\"WebSite\",\"@id\":\"https:\/\/kruze.ee\/et\/#website\",\"url\":\"https:\/\/kruze.ee\/et\/\",\"name\":\"Kruze.ee\",\"description\":\"Reklaamkingitused, tr&uuml;kiga T-s&auml;rgid, fliisid, dressipluused, tekstiil, joped ja paljud teised logoga meened, &Auml;rikingitused sinu partnerile! Telli juba t&auml;na.\",\"potentialAction\":[{\"@type\":\"SearchAction\",\"target\":{\"@type\":\"EntryPoint\",\"urlTemplate\":\"https:\/\/kruze.ee\/et\/?s={search_term_string}\"},\"query-input\":{\"@type\":\"PropertyValueSpecification\",\"valueRequired\":true,\"valueName\":\"search_term_string\"}}],\"inLanguage\":\"et\"}]}<\/script>\n<!-- \/ Yoast SEO plugin. -->","yoast_head_json":{"title":"VINGA Bermond RCS 16\" s\u00fclearvuti kott - Kruze.ee","robots":{"index":"index","follow":"follow","max-snippet":"max-snippet:-1","max-image-preview":"max-image-preview:large","max-video-preview":"max-video-preview:-1"},"canonical":"https:\/\/kruze.ee\/et\/toode\/vinga-bermond-rcs-16-sulearvuti-kott\/","og_locale":"et_EE","og_type":"article","og_title":"VINGA Bermond RCS 16\" s\u00fclearvuti kott - Kruze.ee","og_description":"Kaitse oma s\u00fclearvutit stiilselt ja nutikalt. See \u00fcmbris \u00fchendab elegantse v\u00e4limuse l\u00e4bim\u00f5eldud funktsionaalsusega. Kahelt k\u00fcljelt avatav t\u00f5mblukk v\u00f5imaldab...","og_url":"https:\/\/kruze.ee\/et\/toode\/vinga-bermond-rcs-16-sulearvuti-kott\/","og_site_name":"Kruze.ee","article_modified_time":"2026-03-16T22:00:40+00:00","twitter_card":"summary_large_image","schema":{"@context":"https:\/\/schema.org","@graph":[{"@type":"WebPage","@id":"https:\/\/kruze.ee\/et\/toode\/vinga-bermond-rcs-16-sulearvuti-kott\/","url":"https:\/\/kruze.ee\/et\/toode\/vinga-bermond-rcs-16-sulearvuti-kott\/","name":"VINGA Bermond RCS 16\" s\u00fclearvuti kott - Kruze.ee","isPartOf":{"@id":"https:\/\/kruze.ee\/et\/#website"},"datePublished":"2026-01-05T17:45:32+00:00","dateModified":"2026-03-16T22:00:40+00:00","breadcrumb":{"@id":"https:\/\/kruze.ee\/et\/toode\/vinga-bermond-rcs-16-sulearvuti-kott\/#breadcrumb"},"inLanguage":"et","potentialAction":[{"@type":"ReadAction","target":["https:\/\/kruze.ee\/et\/toode\/vinga-bermond-rcs-16-sulearvuti-kott\/"]}]},{"@type":"BreadcrumbList","@id":"https:\/\/kruze.ee\/et\/toode\/vinga-bermond-rcs-16-sulearvuti-kott\/#breadcrumb","itemListElement":[{"@type":"ListItem","position":1,"name":"Home","item":"https:\/\/kruze.ee\/et\/"},{"@type":"ListItem","position":2,"name":"Tooted","item":"https:\/\/kruze.ee\/et\/tooted\/"},{"@type":"ListItem","position":3,"name":"VINGA Bermond RCS 16&#8243; s\u00fclearvuti kott"}]},{"@type":"WebSite","@id":"https:\/\/kruze.ee\/et\/#website","url":"https:\/\/kruze.ee\/et\/","name":"Kruze.ee","description":"Reklaamkingitused, tr&uuml;kiga T-s&auml;rgid, fliisid, dressipluused, tekstiil, joped ja paljud teised logoga meened, &Auml;rikingitused sinu partnerile! Telli juba t&auml;na.","potentialAction":[{"@type":"SearchAction","target":{"@type":"EntryPoint","urlTemplate":"https:\/\/kruze.ee\/et\/?s={search_term_string}"},"query-input":{"@type":"PropertyValueSpecification","valueRequired":true,"valueName":"search_term_string"}}],"inLanguage":"et"}]}},"_links":{"self":[{"href":"https:\/\/kruze.ee\/et\/wp-json\/wp\/v2\/product\/1430704","targetHints":{"allow":["GET"]}}],"collection":[{"href":"https:\/\/kruze.ee\/et\/wp-json\/wp\/v2\/product"}],"about":[{"href":"https:\/\/kruze.ee\/et\/wp-json\/wp\/v2\/types\/product"}],"wp:attachment":[{"href":"https:\/\/kruze.ee\/et\/wp-json\/wp\/v2\/media?parent=1430704"}],"wp:term":[{"taxonomy":"product_brand","embeddable":true,"href":"https:\/\/kruze.ee\/et\/wp-json\/wp\/v2\/product_brand?post=1430704"},{"taxonomy":"product_cat","embeddable":true,"href":"https:\/\/kruze.ee\/et\/wp-json\/wp\/v2\/product_cat?post=1430704"},{"taxonomy":"product_tag","embeddable":true,"href":"https:\/\/kruze.ee\/et\/wp-json\/wp\/v2\/product_tag?post=1430704"}],"curies":[{"name":"wp","href":"https:\/\/api.w.org\/{rel}","templated":true}]}}