{"id":1430674,"date":"2026-01-05T20:44:44","date_gmt":"2026-01-05T17:44:44","guid":{"rendered":"https:\/\/kruze.ee\/product\/vinga-bosler-grs-umbertoodeldud-kangast-16-sulearvuti-kott\/"},"modified":"2026-03-17T01:00:33","modified_gmt":"2026-03-16T22:00:33","slug":"vinga-bosler-grs-umbertoodeldud-kangast-16-sulearvuti-kott","status":"publish","type":"product","link":"https:\/\/kruze.ee\/et\/toode\/vinga-bosler-grs-umbertoodeldud-kangast-16-sulearvuti-kott\/","title":{"rendered":"VINGA Bosler GRS \u00fcmbert\u00f6\u00f6deldud kangast 16&#8243; s\u00fclearvuti kott"},"content":{"rendered":"<p>Hoia oma s\u00fclearvuti turvaliselt klassikalise ja stiilse Bosler seeria \u00fcmbrisega. \u00dcmbris on suletav trukkn\u00f6\u00f6biga ning polsterdatud, et tagada kindel kaitse hoiustamisel ja transportimisel. Valmistatud taaskasutatud l\u00f5uendkangast, millele lisavad vastupidavust ja elegantsi PU-detailid. M\u00e4rkus: ekraani m\u00f5\u00f5dud v\u00f5ivad erineda s\u00fclearvuti kogum\u00f5\u00f5tudest. Toode on GRS-sertifikaadiga (Global Recycled Standard), mis kinnitab, et kogu taaskasutatud materjalide tarneahel on sertifitseeritud. Taaskasutatud materjali osakaal on arvestatud toote kogukaalu p\u00f5hjal ning toode sisaldab 38% GRS-sertifikaadiga taaskasutatud puuvilla.<\/p>\n","protected":false},"excerpt":{"rendered":"<p>Hoia oma s\u00fclearvuti turvaliselt klassikalise ja stiilse Bosler seeria \u00fcmbrisega. \u00dcmbris on suletav trukkn\u00f6\u00f6biga ning polsterdatud, et tagada kindel kaitse&#8230;<\/p>\n","protected":false},"featured_media":0,"template":"","meta":[],"product_brand":[],"product_cat":[5398],"product_tag":[],"class_list":{"0":"post-1430674","1":"product","2":"type-product","3":"status-publish","5":"product_cat-sulearvutikotid-kotid","6":"pa_brand-vinga-2","7":"pa_color-beez","8":"pa_color-black-2","9":"pa_color-roheline","10":"pa_color-blue-2","11":"pa_gender-uniseks","12":"pa_gender-unisex","15":"pa_material-recycled-canvaspolyester","17":"first","18":"instock","19":"taxable","20":"shipping-taxable","21":"purchasable","22":"product-type-variable"},"acf":[],"yoast_head":"<!-- This site is optimized with the Yoast SEO plugin v26.0 - https:\/\/yoast.com\/wordpress\/plugins\/seo\/ -->\n<title>VINGA Bosler GRS \u00fcmbert\u00f6\u00f6deldud kangast 16&quot; s\u00fclearvuti kott - Kruze.ee<\/title>\n<meta name=\"robots\" content=\"index, follow, max-snippet:-1, max-image-preview:large, max-video-preview:-1\" \/>\n<link rel=\"canonical\" href=\"https:\/\/kruze.ee\/et\/toode\/vinga-bosler-grs-umbertoodeldud-kangast-16-sulearvuti-kott\/\" \/>\n<meta property=\"og:locale\" content=\"et_EE\" \/>\n<meta property=\"og:type\" content=\"article\" \/>\n<meta property=\"og:title\" content=\"VINGA Bosler GRS \u00fcmbert\u00f6\u00f6deldud kangast 16&quot; s\u00fclearvuti kott - Kruze.ee\" \/>\n<meta property=\"og:description\" content=\"Hoia oma s\u00fclearvuti turvaliselt klassikalise ja stiilse Bosler seeria \u00fcmbrisega. \u00dcmbris on suletav trukkn\u00f6\u00f6biga ning polsterdatud, et tagada kindel kaitse...\" \/>\n<meta property=\"og:url\" content=\"https:\/\/kruze.ee\/et\/toode\/vinga-bosler-grs-umbertoodeldud-kangast-16-sulearvuti-kott\/\" \/>\n<meta property=\"og:site_name\" content=\"Kruze.ee\" \/>\n<meta property=\"article:modified_time\" content=\"2026-03-16T22:00:33+00:00\" \/>\n<meta name=\"twitter:card\" content=\"summary_large_image\" \/>\n<script type=\"application\/ld+json\" class=\"yoast-schema-graph\">{\"@context\":\"https:\/\/schema.org\",\"@graph\":[{\"@type\":\"WebPage\",\"@id\":\"https:\/\/kruze.ee\/et\/toode\/vinga-bosler-grs-umbertoodeldud-kangast-16-sulearvuti-kott\/\",\"url\":\"https:\/\/kruze.ee\/et\/toode\/vinga-bosler-grs-umbertoodeldud-kangast-16-sulearvuti-kott\/\",\"name\":\"VINGA Bosler GRS \u00fcmbert\u00f6\u00f6deldud kangast 16\\\" s\u00fclearvuti kott - Kruze.ee\",\"isPartOf\":{\"@id\":\"https:\/\/kruze.ee\/et\/#website\"},\"datePublished\":\"2026-01-05T17:44:44+00:00\",\"dateModified\":\"2026-03-16T22:00:33+00:00\",\"breadcrumb\":{\"@id\":\"https:\/\/kruze.ee\/et\/toode\/vinga-bosler-grs-umbertoodeldud-kangast-16-sulearvuti-kott\/#breadcrumb\"},\"inLanguage\":\"et\",\"potentialAction\":[{\"@type\":\"ReadAction\",\"target\":[\"https:\/\/kruze.ee\/et\/toode\/vinga-bosler-grs-umbertoodeldud-kangast-16-sulearvuti-kott\/\"]}]},{\"@type\":\"BreadcrumbList\",\"@id\":\"https:\/\/kruze.ee\/et\/toode\/vinga-bosler-grs-umbertoodeldud-kangast-16-sulearvuti-kott\/#breadcrumb\",\"itemListElement\":[{\"@type\":\"ListItem\",\"position\":1,\"name\":\"Home\",\"item\":\"https:\/\/kruze.ee\/et\/\"},{\"@type\":\"ListItem\",\"position\":2,\"name\":\"Tooted\",\"item\":\"https:\/\/kruze.ee\/et\/tooted\/\"},{\"@type\":\"ListItem\",\"position\":3,\"name\":\"VINGA Bosler GRS \u00fcmbert\u00f6\u00f6deldud kangast 16&#8243; s\u00fclearvuti kott\"}]},{\"@type\":\"WebSite\",\"@id\":\"https:\/\/kruze.ee\/et\/#website\",\"url\":\"https:\/\/kruze.ee\/et\/\",\"name\":\"Kruze.ee\",\"description\":\"Reklaamkingitused, tr&uuml;kiga T-s&auml;rgid, fliisid, dressipluused, tekstiil, joped ja paljud teised logoga meened, &Auml;rikingitused sinu partnerile! Telli juba t&auml;na.\",\"potentialAction\":[{\"@type\":\"SearchAction\",\"target\":{\"@type\":\"EntryPoint\",\"urlTemplate\":\"https:\/\/kruze.ee\/et\/?s={search_term_string}\"},\"query-input\":{\"@type\":\"PropertyValueSpecification\",\"valueRequired\":true,\"valueName\":\"search_term_string\"}}],\"inLanguage\":\"et\"}]}<\/script>\n<!-- \/ Yoast SEO plugin. -->","yoast_head_json":{"title":"VINGA Bosler GRS \u00fcmbert\u00f6\u00f6deldud kangast 16\" s\u00fclearvuti kott - Kruze.ee","robots":{"index":"index","follow":"follow","max-snippet":"max-snippet:-1","max-image-preview":"max-image-preview:large","max-video-preview":"max-video-preview:-1"},"canonical":"https:\/\/kruze.ee\/et\/toode\/vinga-bosler-grs-umbertoodeldud-kangast-16-sulearvuti-kott\/","og_locale":"et_EE","og_type":"article","og_title":"VINGA Bosler GRS \u00fcmbert\u00f6\u00f6deldud kangast 16\" s\u00fclearvuti kott - Kruze.ee","og_description":"Hoia oma s\u00fclearvuti turvaliselt klassikalise ja stiilse Bosler seeria \u00fcmbrisega. \u00dcmbris on suletav trukkn\u00f6\u00f6biga ning polsterdatud, et tagada kindel kaitse...","og_url":"https:\/\/kruze.ee\/et\/toode\/vinga-bosler-grs-umbertoodeldud-kangast-16-sulearvuti-kott\/","og_site_name":"Kruze.ee","article_modified_time":"2026-03-16T22:00:33+00:00","twitter_card":"summary_large_image","schema":{"@context":"https:\/\/schema.org","@graph":[{"@type":"WebPage","@id":"https:\/\/kruze.ee\/et\/toode\/vinga-bosler-grs-umbertoodeldud-kangast-16-sulearvuti-kott\/","url":"https:\/\/kruze.ee\/et\/toode\/vinga-bosler-grs-umbertoodeldud-kangast-16-sulearvuti-kott\/","name":"VINGA Bosler GRS \u00fcmbert\u00f6\u00f6deldud kangast 16\" s\u00fclearvuti kott - Kruze.ee","isPartOf":{"@id":"https:\/\/kruze.ee\/et\/#website"},"datePublished":"2026-01-05T17:44:44+00:00","dateModified":"2026-03-16T22:00:33+00:00","breadcrumb":{"@id":"https:\/\/kruze.ee\/et\/toode\/vinga-bosler-grs-umbertoodeldud-kangast-16-sulearvuti-kott\/#breadcrumb"},"inLanguage":"et","potentialAction":[{"@type":"ReadAction","target":["https:\/\/kruze.ee\/et\/toode\/vinga-bosler-grs-umbertoodeldud-kangast-16-sulearvuti-kott\/"]}]},{"@type":"BreadcrumbList","@id":"https:\/\/kruze.ee\/et\/toode\/vinga-bosler-grs-umbertoodeldud-kangast-16-sulearvuti-kott\/#breadcrumb","itemListElement":[{"@type":"ListItem","position":1,"name":"Home","item":"https:\/\/kruze.ee\/et\/"},{"@type":"ListItem","position":2,"name":"Tooted","item":"https:\/\/kruze.ee\/et\/tooted\/"},{"@type":"ListItem","position":3,"name":"VINGA Bosler GRS \u00fcmbert\u00f6\u00f6deldud kangast 16&#8243; s\u00fclearvuti kott"}]},{"@type":"WebSite","@id":"https:\/\/kruze.ee\/et\/#website","url":"https:\/\/kruze.ee\/et\/","name":"Kruze.ee","description":"Reklaamkingitused, tr&uuml;kiga T-s&auml;rgid, fliisid, dressipluused, tekstiil, joped ja paljud teised logoga meened, &Auml;rikingitused sinu partnerile! Telli juba t&auml;na.","potentialAction":[{"@type":"SearchAction","target":{"@type":"EntryPoint","urlTemplate":"https:\/\/kruze.ee\/et\/?s={search_term_string}"},"query-input":{"@type":"PropertyValueSpecification","valueRequired":true,"valueName":"search_term_string"}}],"inLanguage":"et"}]}},"_links":{"self":[{"href":"https:\/\/kruze.ee\/et\/wp-json\/wp\/v2\/product\/1430674","targetHints":{"allow":["GET"]}}],"collection":[{"href":"https:\/\/kruze.ee\/et\/wp-json\/wp\/v2\/product"}],"about":[{"href":"https:\/\/kruze.ee\/et\/wp-json\/wp\/v2\/types\/product"}],"wp:attachment":[{"href":"https:\/\/kruze.ee\/et\/wp-json\/wp\/v2\/media?parent=1430674"}],"wp:term":[{"taxonomy":"product_brand","embeddable":true,"href":"https:\/\/kruze.ee\/et\/wp-json\/wp\/v2\/product_brand?post=1430674"},{"taxonomy":"product_cat","embeddable":true,"href":"https:\/\/kruze.ee\/et\/wp-json\/wp\/v2\/product_cat?post=1430674"},{"taxonomy":"product_tag","embeddable":true,"href":"https:\/\/kruze.ee\/et\/wp-json\/wp\/v2\/product_tag?post=1430674"}],"curies":[{"name":"wp","href":"https:\/\/api.w.org\/{rel}","templated":true}]}}