{"id":1430211,"date":"2026-01-04T21:21:15","date_gmt":"2026-01-04T18:21:15","guid":{"rendered":"https:\/\/kruze.ee\/product\/vinga-ornos-grs-hammam-hommikumantel-l-xl\/"},"modified":"2026-03-17T01:00:08","modified_gmt":"2026-03-16T22:00:08","slug":"vinga-ornos-grs-hammam-hommikumantel-l-xl","status":"publish","type":"product","link":"https:\/\/kruze.ee\/et\/toode\/vinga-ornos-grs-hammam-hommikumantel-l-xl\/","title":{"rendered":"VINGA Ornos GRS hammam hommikumantel  L\/XL"},"content":{"rendered":"<p>Pehme ja mugav hammam-stiilis hommikumantel randa v\u00f5i naudi seda lihtsalt kodus. Kerge ja \u00f5huline 200 g\/m\u00b2 segukangas \u00fchendab puuvilla mugavuse ja pol\u00fcestri kiirelt kuivavad omadused. Klassikalise l\u00f5ike ja kahetoonilise disainiga hommikumantel on stiilne, praktiline ja sobib ideaalselt nii l\u00f5\u00f5gastumiseks kui ka p\u00e4rast ujumist kandmiseks.<\/p>\n","protected":false},"excerpt":{"rendered":"<p>Pehme ja mugav hammam-stiilis hommikumantel randa v\u00f5i naudi seda lihtsalt kodus. Kerge ja \u00f5huline 200 g\/m\u00b2 segukangas \u00fchendab puuvilla mugavuse ja pol\u00fcestri&#8230;<\/p>\n","protected":false},"featured_media":0,"template":"","meta":[],"product_brand":[],"product_cat":[5435],"product_tag":[],"class_list":{"0":"post-1430211","1":"product","2":"type-product","3":"status-publish","5":"product_cat-ratikud-ja-hommikumantlid","6":"pa_brand-vinga-2","7":"pa_color-beez","8":"pa_color-blue-2","9":"pa_gender-uniseks","10":"pa_gender-unisex","13":"pa_material-recycled-cottonpolyester","15":"first","16":"instock","17":"taxable","18":"shipping-taxable","19":"purchasable","20":"product-type-variable"},"acf":[],"yoast_head":"<!-- This site is optimized with the Yoast SEO plugin v26.0 - https:\/\/yoast.com\/wordpress\/plugins\/seo\/ -->\n<title>VINGA Ornos GRS hammam hommikumantel L\/XL - Kruze.ee<\/title>\n<meta name=\"robots\" content=\"index, follow, max-snippet:-1, max-image-preview:large, max-video-preview:-1\" \/>\n<link rel=\"canonical\" href=\"https:\/\/kruze.ee\/et\/toode\/vinga-ornos-grs-hammam-hommikumantel-l-xl\/\" \/>\n<meta property=\"og:locale\" content=\"et_EE\" \/>\n<meta property=\"og:type\" content=\"article\" \/>\n<meta property=\"og:title\" content=\"VINGA Ornos GRS hammam hommikumantel L\/XL - Kruze.ee\" \/>\n<meta property=\"og:description\" content=\"Pehme ja mugav hammam-stiilis hommikumantel randa v\u00f5i naudi seda lihtsalt kodus. Kerge ja \u00f5huline 200 g\/m\u00b2 segukangas \u00fchendab puuvilla mugavuse ja pol\u00fcestri...\" \/>\n<meta property=\"og:url\" content=\"https:\/\/kruze.ee\/et\/toode\/vinga-ornos-grs-hammam-hommikumantel-l-xl\/\" \/>\n<meta property=\"og:site_name\" content=\"Kruze.ee\" \/>\n<meta property=\"article:modified_time\" content=\"2026-03-16T22:00:08+00:00\" \/>\n<meta name=\"twitter:card\" content=\"summary_large_image\" \/>\n<meta name=\"twitter:label1\" content=\"Est. reading time\" \/>\n\t<meta name=\"twitter:data1\" content=\"1 minut\" \/>\n<script type=\"application\/ld+json\" class=\"yoast-schema-graph\">{\"@context\":\"https:\/\/schema.org\",\"@graph\":[{\"@type\":\"WebPage\",\"@id\":\"https:\/\/kruze.ee\/et\/toode\/vinga-ornos-grs-hammam-hommikumantel-l-xl\/\",\"url\":\"https:\/\/kruze.ee\/et\/toode\/vinga-ornos-grs-hammam-hommikumantel-l-xl\/\",\"name\":\"VINGA Ornos GRS hammam hommikumantel L\/XL - Kruze.ee\",\"isPartOf\":{\"@id\":\"https:\/\/kruze.ee\/et\/#website\"},\"datePublished\":\"2026-01-04T18:21:15+00:00\",\"dateModified\":\"2026-03-16T22:00:08+00:00\",\"breadcrumb\":{\"@id\":\"https:\/\/kruze.ee\/et\/toode\/vinga-ornos-grs-hammam-hommikumantel-l-xl\/#breadcrumb\"},\"inLanguage\":\"et\",\"potentialAction\":[{\"@type\":\"ReadAction\",\"target\":[\"https:\/\/kruze.ee\/et\/toode\/vinga-ornos-grs-hammam-hommikumantel-l-xl\/\"]}]},{\"@type\":\"BreadcrumbList\",\"@id\":\"https:\/\/kruze.ee\/et\/toode\/vinga-ornos-grs-hammam-hommikumantel-l-xl\/#breadcrumb\",\"itemListElement\":[{\"@type\":\"ListItem\",\"position\":1,\"name\":\"Home\",\"item\":\"https:\/\/kruze.ee\/et\/\"},{\"@type\":\"ListItem\",\"position\":2,\"name\":\"Tooted\",\"item\":\"https:\/\/kruze.ee\/et\/tooted\/\"},{\"@type\":\"ListItem\",\"position\":3,\"name\":\"VINGA Ornos GRS hammam hommikumantel L\/XL\"}]},{\"@type\":\"WebSite\",\"@id\":\"https:\/\/kruze.ee\/et\/#website\",\"url\":\"https:\/\/kruze.ee\/et\/\",\"name\":\"Kruze.ee\",\"description\":\"Reklaamkingitused, tr&uuml;kiga T-s&auml;rgid, fliisid, dressipluused, tekstiil, joped ja paljud teised logoga meened, &Auml;rikingitused sinu partnerile! Telli juba t&auml;na.\",\"potentialAction\":[{\"@type\":\"SearchAction\",\"target\":{\"@type\":\"EntryPoint\",\"urlTemplate\":\"https:\/\/kruze.ee\/et\/?s={search_term_string}\"},\"query-input\":{\"@type\":\"PropertyValueSpecification\",\"valueRequired\":true,\"valueName\":\"search_term_string\"}}],\"inLanguage\":\"et\"}]}<\/script>\n<!-- \/ Yoast SEO plugin. -->","yoast_head_json":{"title":"VINGA Ornos GRS hammam hommikumantel L\/XL - Kruze.ee","robots":{"index":"index","follow":"follow","max-snippet":"max-snippet:-1","max-image-preview":"max-image-preview:large","max-video-preview":"max-video-preview:-1"},"canonical":"https:\/\/kruze.ee\/et\/toode\/vinga-ornos-grs-hammam-hommikumantel-l-xl\/","og_locale":"et_EE","og_type":"article","og_title":"VINGA Ornos GRS hammam hommikumantel L\/XL - Kruze.ee","og_description":"Pehme ja mugav hammam-stiilis hommikumantel randa v\u00f5i naudi seda lihtsalt kodus. Kerge ja \u00f5huline 200 g\/m\u00b2 segukangas \u00fchendab puuvilla mugavuse ja pol\u00fcestri...","og_url":"https:\/\/kruze.ee\/et\/toode\/vinga-ornos-grs-hammam-hommikumantel-l-xl\/","og_site_name":"Kruze.ee","article_modified_time":"2026-03-16T22:00:08+00:00","twitter_card":"summary_large_image","twitter_misc":{"Est. reading time":"1 minut"},"schema":{"@context":"https:\/\/schema.org","@graph":[{"@type":"WebPage","@id":"https:\/\/kruze.ee\/et\/toode\/vinga-ornos-grs-hammam-hommikumantel-l-xl\/","url":"https:\/\/kruze.ee\/et\/toode\/vinga-ornos-grs-hammam-hommikumantel-l-xl\/","name":"VINGA Ornos GRS hammam hommikumantel L\/XL - Kruze.ee","isPartOf":{"@id":"https:\/\/kruze.ee\/et\/#website"},"datePublished":"2026-01-04T18:21:15+00:00","dateModified":"2026-03-16T22:00:08+00:00","breadcrumb":{"@id":"https:\/\/kruze.ee\/et\/toode\/vinga-ornos-grs-hammam-hommikumantel-l-xl\/#breadcrumb"},"inLanguage":"et","potentialAction":[{"@type":"ReadAction","target":["https:\/\/kruze.ee\/et\/toode\/vinga-ornos-grs-hammam-hommikumantel-l-xl\/"]}]},{"@type":"BreadcrumbList","@id":"https:\/\/kruze.ee\/et\/toode\/vinga-ornos-grs-hammam-hommikumantel-l-xl\/#breadcrumb","itemListElement":[{"@type":"ListItem","position":1,"name":"Home","item":"https:\/\/kruze.ee\/et\/"},{"@type":"ListItem","position":2,"name":"Tooted","item":"https:\/\/kruze.ee\/et\/tooted\/"},{"@type":"ListItem","position":3,"name":"VINGA Ornos GRS hammam hommikumantel L\/XL"}]},{"@type":"WebSite","@id":"https:\/\/kruze.ee\/et\/#website","url":"https:\/\/kruze.ee\/et\/","name":"Kruze.ee","description":"Reklaamkingitused, tr&uuml;kiga T-s&auml;rgid, fliisid, dressipluused, tekstiil, joped ja paljud teised logoga meened, &Auml;rikingitused sinu partnerile! Telli juba t&auml;na.","potentialAction":[{"@type":"SearchAction","target":{"@type":"EntryPoint","urlTemplate":"https:\/\/kruze.ee\/et\/?s={search_term_string}"},"query-input":{"@type":"PropertyValueSpecification","valueRequired":true,"valueName":"search_term_string"}}],"inLanguage":"et"}]}},"_links":{"self":[{"href":"https:\/\/kruze.ee\/et\/wp-json\/wp\/v2\/product\/1430211","targetHints":{"allow":["GET"]}}],"collection":[{"href":"https:\/\/kruze.ee\/et\/wp-json\/wp\/v2\/product"}],"about":[{"href":"https:\/\/kruze.ee\/et\/wp-json\/wp\/v2\/types\/product"}],"wp:attachment":[{"href":"https:\/\/kruze.ee\/et\/wp-json\/wp\/v2\/media?parent=1430211"}],"wp:term":[{"taxonomy":"product_brand","embeddable":true,"href":"https:\/\/kruze.ee\/et\/wp-json\/wp\/v2\/product_brand?post=1430211"},{"taxonomy":"product_cat","embeddable":true,"href":"https:\/\/kruze.ee\/et\/wp-json\/wp\/v2\/product_cat?post=1430211"},{"taxonomy":"product_tag","embeddable":true,"href":"https:\/\/kruze.ee\/et\/wp-json\/wp\/v2\/product_tag?post=1430211"}],"curies":[{"name":"wp","href":"https:\/\/api.w.org\/{rel}","templated":true}]}}