{"id":1430201,"date":"2026-01-04T21:20:54","date_gmt":"2026-01-04T18:20:54","guid":{"rendered":"https:\/\/kruze.ee\/product\/vinga-tolo-hammam-terry-rannapontso\/"},"modified":"2026-03-17T01:00:05","modified_gmt":"2026-03-16T22:00:05","slug":"vinga-tolo-hammam-terry-rannapontso","status":"publish","type":"product","link":"https:\/\/kruze.ee\/et\/toode\/vinga-tolo-hammam-terry-rannapontso\/","title":{"rendered":"VINGA Tolo hammam terry rannapont\u0161o"},"content":{"rendered":"<p>Hammam-stiilis pont\u0161o, mis on disainitud kahe erineva tekstuuriga: \u00fcks pool froteest ja teine silekoes. Pont\u0161o on praktiline ja mitmek\u00fclgne r\u00f5ivaese, mis sobib ideaalselt randa v\u00f5i basseini \u00e4\u00e4rde. Sellel on v\u00e4ga hea imavus ning see kuivab kiiresti. Pont\u0161o on valmistatud 75% puuvillast ja 25% pol\u00fcestrist, kanga tihedus on 360 g\/m\u00b2. M\u00f5\u00f5dud: 100 \u00d7 95 cm. OEKO-TEX\u00ae STANDARD 100 sertifikaadiga (09.HIN.68091, Hohenstein HTTI).<\/p>\n","protected":false},"excerpt":{"rendered":"<p>Hammam-stiilis pont\u0161o, mis on disainitud kahe erineva tekstuuriga: \u00fcks pool froteest ja teine silekoes. Pont\u0161o on praktiline ja mitmek\u00fclgne r\u00f5ivaese, mis sobib&#8230;<\/p>\n","protected":false},"featured_media":0,"template":"","meta":[],"product_brand":[],"product_cat":[5435],"product_tag":[],"class_list":{"0":"post-1430201","1":"product","2":"type-product","3":"status-publish","5":"product_cat-ratikud-ja-hommikumantlid","6":"pa_brand-vinga-2","7":"pa_color-hall","8":"pa_color-kollane","9":"pa_color-blue-2","10":"pa_gender-uniseks","11":"pa_gender-unisex","14":"pa_material-cottonpolyester","16":"first","17":"instock","18":"taxable","19":"shipping-taxable","20":"purchasable","21":"product-type-variable"},"acf":[],"yoast_head":"<!-- This site is optimized with the Yoast SEO plugin v26.0 - https:\/\/yoast.com\/wordpress\/plugins\/seo\/ -->\n<title>VINGA Tolo hammam terry rannapont\u0161o - Kruze.ee<\/title>\n<meta name=\"robots\" content=\"index, follow, max-snippet:-1, max-image-preview:large, max-video-preview:-1\" \/>\n<link rel=\"canonical\" href=\"https:\/\/kruze.ee\/et\/toode\/vinga-tolo-hammam-terry-rannapontso\/\" \/>\n<meta property=\"og:locale\" content=\"et_EE\" \/>\n<meta property=\"og:type\" content=\"article\" \/>\n<meta property=\"og:title\" content=\"VINGA Tolo hammam terry rannapont\u0161o - Kruze.ee\" \/>\n<meta property=\"og:description\" content=\"Hammam-stiilis pont\u0161o, mis on disainitud kahe erineva tekstuuriga: \u00fcks pool froteest ja teine silekoes. Pont\u0161o on praktiline ja mitmek\u00fclgne r\u00f5ivaese, mis sobib...\" \/>\n<meta property=\"og:url\" content=\"https:\/\/kruze.ee\/et\/toode\/vinga-tolo-hammam-terry-rannapontso\/\" \/>\n<meta property=\"og:site_name\" content=\"Kruze.ee\" \/>\n<meta property=\"article:modified_time\" content=\"2026-03-16T22:00:05+00:00\" \/>\n<meta name=\"twitter:card\" content=\"summary_large_image\" \/>\n<meta name=\"twitter:label1\" content=\"Est. reading time\" \/>\n\t<meta name=\"twitter:data1\" content=\"1 minut\" \/>\n<script type=\"application\/ld+json\" class=\"yoast-schema-graph\">{\"@context\":\"https:\/\/schema.org\",\"@graph\":[{\"@type\":\"WebPage\",\"@id\":\"https:\/\/kruze.ee\/et\/toode\/vinga-tolo-hammam-terry-rannapontso\/\",\"url\":\"https:\/\/kruze.ee\/et\/toode\/vinga-tolo-hammam-terry-rannapontso\/\",\"name\":\"VINGA Tolo hammam terry rannapont\u0161o - Kruze.ee\",\"isPartOf\":{\"@id\":\"https:\/\/kruze.ee\/et\/#website\"},\"datePublished\":\"2026-01-04T18:20:54+00:00\",\"dateModified\":\"2026-03-16T22:00:05+00:00\",\"breadcrumb\":{\"@id\":\"https:\/\/kruze.ee\/et\/toode\/vinga-tolo-hammam-terry-rannapontso\/#breadcrumb\"},\"inLanguage\":\"et\",\"potentialAction\":[{\"@type\":\"ReadAction\",\"target\":[\"https:\/\/kruze.ee\/et\/toode\/vinga-tolo-hammam-terry-rannapontso\/\"]}]},{\"@type\":\"BreadcrumbList\",\"@id\":\"https:\/\/kruze.ee\/et\/toode\/vinga-tolo-hammam-terry-rannapontso\/#breadcrumb\",\"itemListElement\":[{\"@type\":\"ListItem\",\"position\":1,\"name\":\"Home\",\"item\":\"https:\/\/kruze.ee\/et\/\"},{\"@type\":\"ListItem\",\"position\":2,\"name\":\"Tooted\",\"item\":\"https:\/\/kruze.ee\/et\/tooted\/\"},{\"@type\":\"ListItem\",\"position\":3,\"name\":\"VINGA Tolo hammam terry rannapont\u0161o\"}]},{\"@type\":\"WebSite\",\"@id\":\"https:\/\/kruze.ee\/et\/#website\",\"url\":\"https:\/\/kruze.ee\/et\/\",\"name\":\"Kruze.ee\",\"description\":\"Reklaamkingitused, tr&uuml;kiga T-s&auml;rgid, fliisid, dressipluused, tekstiil, joped ja paljud teised logoga meened, &Auml;rikingitused sinu partnerile! Telli juba t&auml;na.\",\"potentialAction\":[{\"@type\":\"SearchAction\",\"target\":{\"@type\":\"EntryPoint\",\"urlTemplate\":\"https:\/\/kruze.ee\/et\/?s={search_term_string}\"},\"query-input\":{\"@type\":\"PropertyValueSpecification\",\"valueRequired\":true,\"valueName\":\"search_term_string\"}}],\"inLanguage\":\"et\"}]}<\/script>\n<!-- \/ Yoast SEO plugin. -->","yoast_head_json":{"title":"VINGA Tolo hammam terry rannapont\u0161o - Kruze.ee","robots":{"index":"index","follow":"follow","max-snippet":"max-snippet:-1","max-image-preview":"max-image-preview:large","max-video-preview":"max-video-preview:-1"},"canonical":"https:\/\/kruze.ee\/et\/toode\/vinga-tolo-hammam-terry-rannapontso\/","og_locale":"et_EE","og_type":"article","og_title":"VINGA Tolo hammam terry rannapont\u0161o - Kruze.ee","og_description":"Hammam-stiilis pont\u0161o, mis on disainitud kahe erineva tekstuuriga: \u00fcks pool froteest ja teine silekoes. Pont\u0161o on praktiline ja mitmek\u00fclgne r\u00f5ivaese, mis sobib...","og_url":"https:\/\/kruze.ee\/et\/toode\/vinga-tolo-hammam-terry-rannapontso\/","og_site_name":"Kruze.ee","article_modified_time":"2026-03-16T22:00:05+00:00","twitter_card":"summary_large_image","twitter_misc":{"Est. reading time":"1 minut"},"schema":{"@context":"https:\/\/schema.org","@graph":[{"@type":"WebPage","@id":"https:\/\/kruze.ee\/et\/toode\/vinga-tolo-hammam-terry-rannapontso\/","url":"https:\/\/kruze.ee\/et\/toode\/vinga-tolo-hammam-terry-rannapontso\/","name":"VINGA Tolo hammam terry rannapont\u0161o - Kruze.ee","isPartOf":{"@id":"https:\/\/kruze.ee\/et\/#website"},"datePublished":"2026-01-04T18:20:54+00:00","dateModified":"2026-03-16T22:00:05+00:00","breadcrumb":{"@id":"https:\/\/kruze.ee\/et\/toode\/vinga-tolo-hammam-terry-rannapontso\/#breadcrumb"},"inLanguage":"et","potentialAction":[{"@type":"ReadAction","target":["https:\/\/kruze.ee\/et\/toode\/vinga-tolo-hammam-terry-rannapontso\/"]}]},{"@type":"BreadcrumbList","@id":"https:\/\/kruze.ee\/et\/toode\/vinga-tolo-hammam-terry-rannapontso\/#breadcrumb","itemListElement":[{"@type":"ListItem","position":1,"name":"Home","item":"https:\/\/kruze.ee\/et\/"},{"@type":"ListItem","position":2,"name":"Tooted","item":"https:\/\/kruze.ee\/et\/tooted\/"},{"@type":"ListItem","position":3,"name":"VINGA Tolo hammam terry rannapont\u0161o"}]},{"@type":"WebSite","@id":"https:\/\/kruze.ee\/et\/#website","url":"https:\/\/kruze.ee\/et\/","name":"Kruze.ee","description":"Reklaamkingitused, tr&uuml;kiga T-s&auml;rgid, fliisid, dressipluused, tekstiil, joped ja paljud teised logoga meened, &Auml;rikingitused sinu partnerile! Telli juba t&auml;na.","potentialAction":[{"@type":"SearchAction","target":{"@type":"EntryPoint","urlTemplate":"https:\/\/kruze.ee\/et\/?s={search_term_string}"},"query-input":{"@type":"PropertyValueSpecification","valueRequired":true,"valueName":"search_term_string"}}],"inLanguage":"et"}]}},"_links":{"self":[{"href":"https:\/\/kruze.ee\/et\/wp-json\/wp\/v2\/product\/1430201","targetHints":{"allow":["GET"]}}],"collection":[{"href":"https:\/\/kruze.ee\/et\/wp-json\/wp\/v2\/product"}],"about":[{"href":"https:\/\/kruze.ee\/et\/wp-json\/wp\/v2\/types\/product"}],"wp:attachment":[{"href":"https:\/\/kruze.ee\/et\/wp-json\/wp\/v2\/media?parent=1430201"}],"wp:term":[{"taxonomy":"product_brand","embeddable":true,"href":"https:\/\/kruze.ee\/et\/wp-json\/wp\/v2\/product_brand?post=1430201"},{"taxonomy":"product_cat","embeddable":true,"href":"https:\/\/kruze.ee\/et\/wp-json\/wp\/v2\/product_cat?post=1430201"},{"taxonomy":"product_tag","embeddable":true,"href":"https:\/\/kruze.ee\/et\/wp-json\/wp\/v2\/product_tag?post=1430201"}],"curies":[{"name":"wp","href":"https:\/\/api.w.org\/{rel}","templated":true}]}}