{"id":1430041,"date":"2026-01-03T15:45:16","date_gmt":"2026-01-03T12:45:16","guid":{"rendered":"https:\/\/kruze.ee\/product\/loopamp-rcs-rpet-reguleeritav-160-cm-telefonipael-60w-kaabliga\/"},"modified":"2026-03-17T00:50:24","modified_gmt":"2026-03-16T21:50:24","slug":"loopamp-rcs-rpet-reguleeritav-160-cm-telefonipael-60w-kaabliga","status":"publish","type":"product","link":"https:\/\/kruze.ee\/et\/toode\/loopamp-rcs-rpet-reguleeritav-160-cm-telefonipael-60w-kaabliga\/","title":{"rendered":"LoopAmp RCS RPET reguleeritav 160 cm telefonipael 60W kaabliga"},"content":{"rendered":"<p>Tutvustame LoopAmpi \u2013 160 cm pikkust telefonipaela, mis on valmistatud RCS-sertifikaadiga RPET-ist, taaskasutatud alumiiniumist, vasest ja tinast. RCS (Recycled Claim Standard) on standard, mis kinnitab toote taaskasutatud materjalide sisalduse kogu tarneahela ulatuses. Taaskasutatud materjali osakaal kokku: 84% kogu toote kaalust. LoopAmp on loodud premium-kvaliteediga kaelapaelaks \u2013 vastupidav ja suure t\u00f5mbetugevusega pael ning t\u00e4pselt valmistatud kinnitusr\u00f5ngas ja konks aitavad v\u00e4ltida telefoni juhuslikku mahakukkumist.<\/p>\n","protected":false},"excerpt":{"rendered":"<p>Tutvustame LoopAmpi \u2013 160 cm pikkust telefonipaela, mis on valmistatud RCS-sertifikaadiga RPET-ist, taaskasutatud alumiiniumist, vasest ja tinast. RCS&#8230;<\/p>\n","protected":false},"featured_media":0,"template":"","meta":[],"product_brand":[],"product_cat":[5418],"product_tag":[],"class_list":{"0":"post-1430041","1":"product","2":"type-product","3":"status-publish","5":"product_cat-nutiseadmete-lisatarvikud","6":"pa_gender-uniseks","9":"first","10":"instock","11":"purchasable","12":"product-type-simple"},"acf":[],"yoast_head":"<!-- This site is optimized with the Yoast SEO plugin v26.0 - https:\/\/yoast.com\/wordpress\/plugins\/seo\/ -->\n<title>LoopAmp RCS RPET reguleeritav 160 cm telefonipael 60W kaabliga - Kruze.ee<\/title>\n<meta name=\"robots\" content=\"index, follow, max-snippet:-1, max-image-preview:large, max-video-preview:-1\" \/>\n<link rel=\"canonical\" href=\"https:\/\/kruze.ee\/et\/toode\/loopamp-rcs-rpet-reguleeritav-160-cm-telefonipael-60w-kaabliga\/\" \/>\n<meta property=\"og:locale\" content=\"et_EE\" \/>\n<meta property=\"og:type\" content=\"article\" \/>\n<meta property=\"og:title\" content=\"LoopAmp RCS RPET reguleeritav 160 cm telefonipael 60W kaabliga - Kruze.ee\" \/>\n<meta property=\"og:description\" content=\"Tutvustame LoopAmpi \u2013 160 cm pikkust telefonipaela, mis on valmistatud RCS-sertifikaadiga RPET-ist, taaskasutatud alumiiniumist, vasest ja tinast. RCS...\" \/>\n<meta property=\"og:url\" content=\"https:\/\/kruze.ee\/et\/toode\/loopamp-rcs-rpet-reguleeritav-160-cm-telefonipael-60w-kaabliga\/\" \/>\n<meta property=\"og:site_name\" content=\"Kruze.ee\" \/>\n<meta property=\"article:modified_time\" content=\"2026-03-16T21:50:24+00:00\" \/>\n<meta name=\"twitter:card\" content=\"summary_large_image\" \/>\n<meta name=\"twitter:label1\" content=\"Est. reading time\" \/>\n\t<meta name=\"twitter:data1\" content=\"1 minut\" \/>\n<script type=\"application\/ld+json\" class=\"yoast-schema-graph\">{\"@context\":\"https:\/\/schema.org\",\"@graph\":[{\"@type\":\"WebPage\",\"@id\":\"https:\/\/kruze.ee\/et\/toode\/loopamp-rcs-rpet-reguleeritav-160-cm-telefonipael-60w-kaabliga\/\",\"url\":\"https:\/\/kruze.ee\/et\/toode\/loopamp-rcs-rpet-reguleeritav-160-cm-telefonipael-60w-kaabliga\/\",\"name\":\"LoopAmp RCS RPET reguleeritav 160 cm telefonipael 60W kaabliga - Kruze.ee\",\"isPartOf\":{\"@id\":\"https:\/\/kruze.ee\/et\/#website\"},\"datePublished\":\"2026-01-03T12:45:16+00:00\",\"dateModified\":\"2026-03-16T21:50:24+00:00\",\"breadcrumb\":{\"@id\":\"https:\/\/kruze.ee\/et\/toode\/loopamp-rcs-rpet-reguleeritav-160-cm-telefonipael-60w-kaabliga\/#breadcrumb\"},\"inLanguage\":\"et\",\"potentialAction\":[{\"@type\":\"ReadAction\",\"target\":[\"https:\/\/kruze.ee\/et\/toode\/loopamp-rcs-rpet-reguleeritav-160-cm-telefonipael-60w-kaabliga\/\"]}]},{\"@type\":\"BreadcrumbList\",\"@id\":\"https:\/\/kruze.ee\/et\/toode\/loopamp-rcs-rpet-reguleeritav-160-cm-telefonipael-60w-kaabliga\/#breadcrumb\",\"itemListElement\":[{\"@type\":\"ListItem\",\"position\":1,\"name\":\"Home\",\"item\":\"https:\/\/kruze.ee\/et\/\"},{\"@type\":\"ListItem\",\"position\":2,\"name\":\"Tooted\",\"item\":\"https:\/\/kruze.ee\/et\/tooted\/\"},{\"@type\":\"ListItem\",\"position\":3,\"name\":\"LoopAmp RCS RPET reguleeritav 160 cm telefonipael 60W kaabliga\"}]},{\"@type\":\"WebSite\",\"@id\":\"https:\/\/kruze.ee\/et\/#website\",\"url\":\"https:\/\/kruze.ee\/et\/\",\"name\":\"Kruze.ee\",\"description\":\"Reklaamkingitused, tr&uuml;kiga T-s&auml;rgid, fliisid, dressipluused, tekstiil, joped ja paljud teised logoga meened, &Auml;rikingitused sinu partnerile! Telli juba t&auml;na.\",\"potentialAction\":[{\"@type\":\"SearchAction\",\"target\":{\"@type\":\"EntryPoint\",\"urlTemplate\":\"https:\/\/kruze.ee\/et\/?s={search_term_string}\"},\"query-input\":{\"@type\":\"PropertyValueSpecification\",\"valueRequired\":true,\"valueName\":\"search_term_string\"}}],\"inLanguage\":\"et\"}]}<\/script>\n<!-- \/ Yoast SEO plugin. -->","yoast_head_json":{"title":"LoopAmp RCS RPET reguleeritav 160 cm telefonipael 60W kaabliga - Kruze.ee","robots":{"index":"index","follow":"follow","max-snippet":"max-snippet:-1","max-image-preview":"max-image-preview:large","max-video-preview":"max-video-preview:-1"},"canonical":"https:\/\/kruze.ee\/et\/toode\/loopamp-rcs-rpet-reguleeritav-160-cm-telefonipael-60w-kaabliga\/","og_locale":"et_EE","og_type":"article","og_title":"LoopAmp RCS RPET reguleeritav 160 cm telefonipael 60W kaabliga - Kruze.ee","og_description":"Tutvustame LoopAmpi \u2013 160 cm pikkust telefonipaela, mis on valmistatud RCS-sertifikaadiga RPET-ist, taaskasutatud alumiiniumist, vasest ja tinast. RCS...","og_url":"https:\/\/kruze.ee\/et\/toode\/loopamp-rcs-rpet-reguleeritav-160-cm-telefonipael-60w-kaabliga\/","og_site_name":"Kruze.ee","article_modified_time":"2026-03-16T21:50:24+00:00","twitter_card":"summary_large_image","twitter_misc":{"Est. reading time":"1 minut"},"schema":{"@context":"https:\/\/schema.org","@graph":[{"@type":"WebPage","@id":"https:\/\/kruze.ee\/et\/toode\/loopamp-rcs-rpet-reguleeritav-160-cm-telefonipael-60w-kaabliga\/","url":"https:\/\/kruze.ee\/et\/toode\/loopamp-rcs-rpet-reguleeritav-160-cm-telefonipael-60w-kaabliga\/","name":"LoopAmp RCS RPET reguleeritav 160 cm telefonipael 60W kaabliga - Kruze.ee","isPartOf":{"@id":"https:\/\/kruze.ee\/et\/#website"},"datePublished":"2026-01-03T12:45:16+00:00","dateModified":"2026-03-16T21:50:24+00:00","breadcrumb":{"@id":"https:\/\/kruze.ee\/et\/toode\/loopamp-rcs-rpet-reguleeritav-160-cm-telefonipael-60w-kaabliga\/#breadcrumb"},"inLanguage":"et","potentialAction":[{"@type":"ReadAction","target":["https:\/\/kruze.ee\/et\/toode\/loopamp-rcs-rpet-reguleeritav-160-cm-telefonipael-60w-kaabliga\/"]}]},{"@type":"BreadcrumbList","@id":"https:\/\/kruze.ee\/et\/toode\/loopamp-rcs-rpet-reguleeritav-160-cm-telefonipael-60w-kaabliga\/#breadcrumb","itemListElement":[{"@type":"ListItem","position":1,"name":"Home","item":"https:\/\/kruze.ee\/et\/"},{"@type":"ListItem","position":2,"name":"Tooted","item":"https:\/\/kruze.ee\/et\/tooted\/"},{"@type":"ListItem","position":3,"name":"LoopAmp RCS RPET reguleeritav 160 cm telefonipael 60W kaabliga"}]},{"@type":"WebSite","@id":"https:\/\/kruze.ee\/et\/#website","url":"https:\/\/kruze.ee\/et\/","name":"Kruze.ee","description":"Reklaamkingitused, tr&uuml;kiga T-s&auml;rgid, fliisid, dressipluused, tekstiil, joped ja paljud teised logoga meened, &Auml;rikingitused sinu partnerile! Telli juba t&auml;na.","potentialAction":[{"@type":"SearchAction","target":{"@type":"EntryPoint","urlTemplate":"https:\/\/kruze.ee\/et\/?s={search_term_string}"},"query-input":{"@type":"PropertyValueSpecification","valueRequired":true,"valueName":"search_term_string"}}],"inLanguage":"et"}]}},"_links":{"self":[{"href":"https:\/\/kruze.ee\/et\/wp-json\/wp\/v2\/product\/1430041","targetHints":{"allow":["GET"]}}],"collection":[{"href":"https:\/\/kruze.ee\/et\/wp-json\/wp\/v2\/product"}],"about":[{"href":"https:\/\/kruze.ee\/et\/wp-json\/wp\/v2\/types\/product"}],"wp:attachment":[{"href":"https:\/\/kruze.ee\/et\/wp-json\/wp\/v2\/media?parent=1430041"}],"wp:term":[{"taxonomy":"product_brand","embeddable":true,"href":"https:\/\/kruze.ee\/et\/wp-json\/wp\/v2\/product_brand?post=1430041"},{"taxonomy":"product_cat","embeddable":true,"href":"https:\/\/kruze.ee\/et\/wp-json\/wp\/v2\/product_cat?post=1430041"},{"taxonomy":"product_tag","embeddable":true,"href":"https:\/\/kruze.ee\/et\/wp-json\/wp\/v2\/product_tag?post=1430041"}],"curies":[{"name":"wp","href":"https:\/\/api.w.org\/{rel}","templated":true}]}}