{"id":1430039,"date":"2026-01-03T15:45:12","date_gmt":"2026-01-03T12:45:12","guid":{"rendered":"https:\/\/kruze.ee\/product\/datalock-rcs-taaskasutatud-60w-hakkimiskaitsega-laadimiskaabel\/"},"modified":"2026-03-17T00:50:23","modified_gmt":"2026-03-16T21:50:23","slug":"datalock-rcs-taaskasutatud-60w-hakkimiskaitsega-laadimiskaabel","status":"publish","type":"product","link":"https:\/\/kruze.ee\/et\/toode\/datalock-rcs-taaskasutatud-60w-hakkimiskaitsega-laadimiskaabel\/","title":{"rendered":"Datalock RCS taaskasutatud 60W h\u00e4kkimiskaitsega laadimiskaabel"},"content":{"rendered":"<p>60W laadimis- ja andmekaabel, mis v\u00f5imaldab laadida k\u00f5iki sinu mobiilseadmeid maksimaalsel kiirusel ning toetab ka s\u00fclearvuti laadimist. Kaablil on unikaalne integreeritud nupp, millega saab avalikes kohtades andmeedastuse v\u00e4lja l\u00fclitada, et v\u00e4ltida andmevargust v\u00f5i h\u00e4kkerite ligip\u00e4\u00e4su telefonile. Kaitsere\u017eiimi aktiveerimiseks piisab nupu vajutamisest. Kaabel on valmistatud taaskasutatud TPE-st, PET-ist, ABS-plastist ja taaskasutatud alumiiniumist. Pikkus 120 cm ning toetab Apple CarPlay funktsioon<\/p>\n","protected":false},"excerpt":{"rendered":"<p>60W laadimis- ja andmekaabel, mis v\u00f5imaldab laadida k\u00f5iki sinu mobiilseadmeid maksimaalsel kiirusel ning toetab ka s\u00fclearvuti laadimist. Kaablil on unikaalne&#8230;<\/p>\n","protected":false},"featured_media":0,"template":"","meta":[],"product_brand":[],"product_cat":[5418],"product_tag":[],"class_list":{"0":"post-1430039","1":"product","2":"type-product","3":"status-publish","5":"product_cat-nutiseadmete-lisatarvikud","6":"pa_gender-uniseks","9":"first","10":"instock","11":"purchasable","12":"product-type-simple"},"acf":[],"yoast_head":"<!-- This site is optimized with the Yoast SEO plugin v26.0 - https:\/\/yoast.com\/wordpress\/plugins\/seo\/ -->\n<title>Datalock RCS taaskasutatud 60W h\u00e4kkimiskaitsega laadimiskaabel - Kruze.ee<\/title>\n<meta name=\"robots\" content=\"index, follow, max-snippet:-1, max-image-preview:large, max-video-preview:-1\" \/>\n<link rel=\"canonical\" href=\"https:\/\/kruze.ee\/et\/toode\/datalock-rcs-taaskasutatud-60w-hakkimiskaitsega-laadimiskaabel\/\" \/>\n<meta property=\"og:locale\" content=\"et_EE\" \/>\n<meta property=\"og:type\" content=\"article\" \/>\n<meta property=\"og:title\" content=\"Datalock RCS taaskasutatud 60W h\u00e4kkimiskaitsega laadimiskaabel - Kruze.ee\" \/>\n<meta property=\"og:description\" content=\"60W laadimis- ja andmekaabel, mis v\u00f5imaldab laadida k\u00f5iki sinu mobiilseadmeid maksimaalsel kiirusel ning toetab ka s\u00fclearvuti laadimist. Kaablil on unikaalne...\" \/>\n<meta property=\"og:url\" content=\"https:\/\/kruze.ee\/et\/toode\/datalock-rcs-taaskasutatud-60w-hakkimiskaitsega-laadimiskaabel\/\" \/>\n<meta property=\"og:site_name\" content=\"Kruze.ee\" \/>\n<meta property=\"article:modified_time\" content=\"2026-03-16T21:50:23+00:00\" \/>\n<meta name=\"twitter:card\" content=\"summary_large_image\" \/>\n<meta name=\"twitter:label1\" content=\"Est. reading time\" \/>\n\t<meta name=\"twitter:data1\" content=\"1 minut\" \/>\n<script type=\"application\/ld+json\" class=\"yoast-schema-graph\">{\"@context\":\"https:\/\/schema.org\",\"@graph\":[{\"@type\":\"WebPage\",\"@id\":\"https:\/\/kruze.ee\/et\/toode\/datalock-rcs-taaskasutatud-60w-hakkimiskaitsega-laadimiskaabel\/\",\"url\":\"https:\/\/kruze.ee\/et\/toode\/datalock-rcs-taaskasutatud-60w-hakkimiskaitsega-laadimiskaabel\/\",\"name\":\"Datalock RCS taaskasutatud 60W h\u00e4kkimiskaitsega laadimiskaabel - Kruze.ee\",\"isPartOf\":{\"@id\":\"https:\/\/kruze.ee\/et\/#website\"},\"datePublished\":\"2026-01-03T12:45:12+00:00\",\"dateModified\":\"2026-03-16T21:50:23+00:00\",\"breadcrumb\":{\"@id\":\"https:\/\/kruze.ee\/et\/toode\/datalock-rcs-taaskasutatud-60w-hakkimiskaitsega-laadimiskaabel\/#breadcrumb\"},\"inLanguage\":\"et\",\"potentialAction\":[{\"@type\":\"ReadAction\",\"target\":[\"https:\/\/kruze.ee\/et\/toode\/datalock-rcs-taaskasutatud-60w-hakkimiskaitsega-laadimiskaabel\/\"]}]},{\"@type\":\"BreadcrumbList\",\"@id\":\"https:\/\/kruze.ee\/et\/toode\/datalock-rcs-taaskasutatud-60w-hakkimiskaitsega-laadimiskaabel\/#breadcrumb\",\"itemListElement\":[{\"@type\":\"ListItem\",\"position\":1,\"name\":\"Home\",\"item\":\"https:\/\/kruze.ee\/et\/\"},{\"@type\":\"ListItem\",\"position\":2,\"name\":\"Tooted\",\"item\":\"https:\/\/kruze.ee\/et\/tooted\/\"},{\"@type\":\"ListItem\",\"position\":3,\"name\":\"Datalock RCS taaskasutatud 60W h\u00e4kkimiskaitsega laadimiskaabel\"}]},{\"@type\":\"WebSite\",\"@id\":\"https:\/\/kruze.ee\/et\/#website\",\"url\":\"https:\/\/kruze.ee\/et\/\",\"name\":\"Kruze.ee\",\"description\":\"Reklaamkingitused, tr&uuml;kiga T-s&auml;rgid, fliisid, dressipluused, tekstiil, joped ja paljud teised logoga meened, &Auml;rikingitused sinu partnerile! Telli juba t&auml;na.\",\"potentialAction\":[{\"@type\":\"SearchAction\",\"target\":{\"@type\":\"EntryPoint\",\"urlTemplate\":\"https:\/\/kruze.ee\/et\/?s={search_term_string}\"},\"query-input\":{\"@type\":\"PropertyValueSpecification\",\"valueRequired\":true,\"valueName\":\"search_term_string\"}}],\"inLanguage\":\"et\"}]}<\/script>\n<!-- \/ Yoast SEO plugin. -->","yoast_head_json":{"title":"Datalock RCS taaskasutatud 60W h\u00e4kkimiskaitsega laadimiskaabel - Kruze.ee","robots":{"index":"index","follow":"follow","max-snippet":"max-snippet:-1","max-image-preview":"max-image-preview:large","max-video-preview":"max-video-preview:-1"},"canonical":"https:\/\/kruze.ee\/et\/toode\/datalock-rcs-taaskasutatud-60w-hakkimiskaitsega-laadimiskaabel\/","og_locale":"et_EE","og_type":"article","og_title":"Datalock RCS taaskasutatud 60W h\u00e4kkimiskaitsega laadimiskaabel - Kruze.ee","og_description":"60W laadimis- ja andmekaabel, mis v\u00f5imaldab laadida k\u00f5iki sinu mobiilseadmeid maksimaalsel kiirusel ning toetab ka s\u00fclearvuti laadimist. Kaablil on unikaalne...","og_url":"https:\/\/kruze.ee\/et\/toode\/datalock-rcs-taaskasutatud-60w-hakkimiskaitsega-laadimiskaabel\/","og_site_name":"Kruze.ee","article_modified_time":"2026-03-16T21:50:23+00:00","twitter_card":"summary_large_image","twitter_misc":{"Est. reading time":"1 minut"},"schema":{"@context":"https:\/\/schema.org","@graph":[{"@type":"WebPage","@id":"https:\/\/kruze.ee\/et\/toode\/datalock-rcs-taaskasutatud-60w-hakkimiskaitsega-laadimiskaabel\/","url":"https:\/\/kruze.ee\/et\/toode\/datalock-rcs-taaskasutatud-60w-hakkimiskaitsega-laadimiskaabel\/","name":"Datalock RCS taaskasutatud 60W h\u00e4kkimiskaitsega laadimiskaabel - Kruze.ee","isPartOf":{"@id":"https:\/\/kruze.ee\/et\/#website"},"datePublished":"2026-01-03T12:45:12+00:00","dateModified":"2026-03-16T21:50:23+00:00","breadcrumb":{"@id":"https:\/\/kruze.ee\/et\/toode\/datalock-rcs-taaskasutatud-60w-hakkimiskaitsega-laadimiskaabel\/#breadcrumb"},"inLanguage":"et","potentialAction":[{"@type":"ReadAction","target":["https:\/\/kruze.ee\/et\/toode\/datalock-rcs-taaskasutatud-60w-hakkimiskaitsega-laadimiskaabel\/"]}]},{"@type":"BreadcrumbList","@id":"https:\/\/kruze.ee\/et\/toode\/datalock-rcs-taaskasutatud-60w-hakkimiskaitsega-laadimiskaabel\/#breadcrumb","itemListElement":[{"@type":"ListItem","position":1,"name":"Home","item":"https:\/\/kruze.ee\/et\/"},{"@type":"ListItem","position":2,"name":"Tooted","item":"https:\/\/kruze.ee\/et\/tooted\/"},{"@type":"ListItem","position":3,"name":"Datalock RCS taaskasutatud 60W h\u00e4kkimiskaitsega laadimiskaabel"}]},{"@type":"WebSite","@id":"https:\/\/kruze.ee\/et\/#website","url":"https:\/\/kruze.ee\/et\/","name":"Kruze.ee","description":"Reklaamkingitused, tr&uuml;kiga T-s&auml;rgid, fliisid, dressipluused, tekstiil, joped ja paljud teised logoga meened, &Auml;rikingitused sinu partnerile! Telli juba t&auml;na.","potentialAction":[{"@type":"SearchAction","target":{"@type":"EntryPoint","urlTemplate":"https:\/\/kruze.ee\/et\/?s={search_term_string}"},"query-input":{"@type":"PropertyValueSpecification","valueRequired":true,"valueName":"search_term_string"}}],"inLanguage":"et"}]}},"_links":{"self":[{"href":"https:\/\/kruze.ee\/et\/wp-json\/wp\/v2\/product\/1430039","targetHints":{"allow":["GET"]}}],"collection":[{"href":"https:\/\/kruze.ee\/et\/wp-json\/wp\/v2\/product"}],"about":[{"href":"https:\/\/kruze.ee\/et\/wp-json\/wp\/v2\/types\/product"}],"wp:attachment":[{"href":"https:\/\/kruze.ee\/et\/wp-json\/wp\/v2\/media?parent=1430039"}],"wp:term":[{"taxonomy":"product_brand","embeddable":true,"href":"https:\/\/kruze.ee\/et\/wp-json\/wp\/v2\/product_brand?post=1430039"},{"taxonomy":"product_cat","embeddable":true,"href":"https:\/\/kruze.ee\/et\/wp-json\/wp\/v2\/product_cat?post=1430039"},{"taxonomy":"product_tag","embeddable":true,"href":"https:\/\/kruze.ee\/et\/wp-json\/wp\/v2\/product_tag?post=1430039"}],"curies":[{"name":"wp","href":"https:\/\/api.w.org\/{rel}","templated":true}]}}