{"id":1430033,"date":"2026-01-03T15:27:13","date_gmt":"2026-01-03T12:27:13","guid":{"rendered":"https:\/\/kruze.ee\/product\/vinga-sloane-rpet-termolott\/"},"modified":"2026-03-17T00:49:00","modified_gmt":"2026-03-16T21:49:00","slug":"vinga-sloane-rpet-termolott","status":"publish","type":"product","link":"https:\/\/kruze.ee\/et\/toode\/vinga-sloane-rpet-termolott\/","title":{"rendered":"VINGA Sloane RPET termokott"},"content":{"rendered":"<p>Elegantne jahutuskott, valmistatud taaskasutatud pol\u00fcestrist, mis on kootud vastupidavat kanvaastwill-kangast imiteerima. V\u00e4liskangas on 100% taaskasutatud pol\u00fcester PET-pudelitest. Eksklusiivsed PU-detailid on valmistatud nn veep\u00f5hisest PU-st (waterborne PU), mille tootmisel kasutatakse peamiselt vett tugevate lahustite asemel.<\/p>\n","protected":false},"excerpt":{"rendered":"<p>Elegantne jahutuskott, valmistatud taaskasutatud pol\u00fcestrist, mis on kootud vastupidavat kanvaastwill-kangast imiteerima. V\u00e4liskangas on 100% taaskasutatud&#8230;<\/p>\n","protected":false},"featured_media":0,"template":"","meta":[],"product_brand":[],"product_cat":[5401],"product_tag":[],"class_list":{"0":"post-1430033","1":"product","2":"type-product","3":"status-publish","5":"product_cat-termoskotid-kotid","6":"pa_gender-uniseks","7":"pa_gender-unisex","11":"first","12":"instock","13":"purchasable","14":"product-type-simple"},"acf":[],"yoast_head":"<!-- This site is optimized with the Yoast SEO plugin v26.0 - https:\/\/yoast.com\/wordpress\/plugins\/seo\/ -->\n<title>VINGA Sloane RPET termokott - Kruze.ee<\/title>\n<meta name=\"robots\" content=\"index, follow, max-snippet:-1, max-image-preview:large, max-video-preview:-1\" \/>\n<link rel=\"canonical\" href=\"https:\/\/kruze.ee\/et\/toode\/vinga-sloane-rpet-termolott\/\" \/>\n<meta property=\"og:locale\" content=\"et_EE\" \/>\n<meta property=\"og:type\" content=\"article\" \/>\n<meta property=\"og:title\" content=\"VINGA Sloane RPET termokott - Kruze.ee\" \/>\n<meta property=\"og:description\" content=\"Elegantne jahutuskott, valmistatud taaskasutatud pol\u00fcestrist, mis on kootud vastupidavat kanvaastwill-kangast imiteerima. V\u00e4liskangas on 100% taaskasutatud...\" \/>\n<meta property=\"og:url\" content=\"https:\/\/kruze.ee\/et\/toode\/vinga-sloane-rpet-termolott\/\" \/>\n<meta property=\"og:site_name\" content=\"Kruze.ee\" \/>\n<meta property=\"article:modified_time\" content=\"2026-03-16T21:49:00+00:00\" \/>\n<meta name=\"twitter:card\" content=\"summary_large_image\" \/>\n<script type=\"application\/ld+json\" class=\"yoast-schema-graph\">{\"@context\":\"https:\/\/schema.org\",\"@graph\":[{\"@type\":\"WebPage\",\"@id\":\"https:\/\/kruze.ee\/et\/toode\/vinga-sloane-rpet-termolott\/\",\"url\":\"https:\/\/kruze.ee\/et\/toode\/vinga-sloane-rpet-termolott\/\",\"name\":\"VINGA Sloane RPET termokott - Kruze.ee\",\"isPartOf\":{\"@id\":\"https:\/\/kruze.ee\/et\/#website\"},\"datePublished\":\"2026-01-03T12:27:13+00:00\",\"dateModified\":\"2026-03-16T21:49:00+00:00\",\"breadcrumb\":{\"@id\":\"https:\/\/kruze.ee\/et\/toode\/vinga-sloane-rpet-termolott\/#breadcrumb\"},\"inLanguage\":\"et\",\"potentialAction\":[{\"@type\":\"ReadAction\",\"target\":[\"https:\/\/kruze.ee\/et\/toode\/vinga-sloane-rpet-termolott\/\"]}]},{\"@type\":\"BreadcrumbList\",\"@id\":\"https:\/\/kruze.ee\/et\/toode\/vinga-sloane-rpet-termolott\/#breadcrumb\",\"itemListElement\":[{\"@type\":\"ListItem\",\"position\":1,\"name\":\"Home\",\"item\":\"https:\/\/kruze.ee\/et\/\"},{\"@type\":\"ListItem\",\"position\":2,\"name\":\"Tooted\",\"item\":\"https:\/\/kruze.ee\/et\/tooted\/\"},{\"@type\":\"ListItem\",\"position\":3,\"name\":\"VINGA Sloane RPET termokott\"}]},{\"@type\":\"WebSite\",\"@id\":\"https:\/\/kruze.ee\/et\/#website\",\"url\":\"https:\/\/kruze.ee\/et\/\",\"name\":\"Kruze.ee\",\"description\":\"Reklaamkingitused, tr&uuml;kiga T-s&auml;rgid, fliisid, dressipluused, tekstiil, joped ja paljud teised logoga meened, &Auml;rikingitused sinu partnerile! Telli juba t&auml;na.\",\"potentialAction\":[{\"@type\":\"SearchAction\",\"target\":{\"@type\":\"EntryPoint\",\"urlTemplate\":\"https:\/\/kruze.ee\/et\/?s={search_term_string}\"},\"query-input\":{\"@type\":\"PropertyValueSpecification\",\"valueRequired\":true,\"valueName\":\"search_term_string\"}}],\"inLanguage\":\"et\"}]}<\/script>\n<!-- \/ Yoast SEO plugin. -->","yoast_head_json":{"title":"VINGA Sloane RPET termokott - Kruze.ee","robots":{"index":"index","follow":"follow","max-snippet":"max-snippet:-1","max-image-preview":"max-image-preview:large","max-video-preview":"max-video-preview:-1"},"canonical":"https:\/\/kruze.ee\/et\/toode\/vinga-sloane-rpet-termolott\/","og_locale":"et_EE","og_type":"article","og_title":"VINGA Sloane RPET termokott - Kruze.ee","og_description":"Elegantne jahutuskott, valmistatud taaskasutatud pol\u00fcestrist, mis on kootud vastupidavat kanvaastwill-kangast imiteerima. V\u00e4liskangas on 100% taaskasutatud...","og_url":"https:\/\/kruze.ee\/et\/toode\/vinga-sloane-rpet-termolott\/","og_site_name":"Kruze.ee","article_modified_time":"2026-03-16T21:49:00+00:00","twitter_card":"summary_large_image","schema":{"@context":"https:\/\/schema.org","@graph":[{"@type":"WebPage","@id":"https:\/\/kruze.ee\/et\/toode\/vinga-sloane-rpet-termolott\/","url":"https:\/\/kruze.ee\/et\/toode\/vinga-sloane-rpet-termolott\/","name":"VINGA Sloane RPET termokott - Kruze.ee","isPartOf":{"@id":"https:\/\/kruze.ee\/et\/#website"},"datePublished":"2026-01-03T12:27:13+00:00","dateModified":"2026-03-16T21:49:00+00:00","breadcrumb":{"@id":"https:\/\/kruze.ee\/et\/toode\/vinga-sloane-rpet-termolott\/#breadcrumb"},"inLanguage":"et","potentialAction":[{"@type":"ReadAction","target":["https:\/\/kruze.ee\/et\/toode\/vinga-sloane-rpet-termolott\/"]}]},{"@type":"BreadcrumbList","@id":"https:\/\/kruze.ee\/et\/toode\/vinga-sloane-rpet-termolott\/#breadcrumb","itemListElement":[{"@type":"ListItem","position":1,"name":"Home","item":"https:\/\/kruze.ee\/et\/"},{"@type":"ListItem","position":2,"name":"Tooted","item":"https:\/\/kruze.ee\/et\/tooted\/"},{"@type":"ListItem","position":3,"name":"VINGA Sloane RPET termokott"}]},{"@type":"WebSite","@id":"https:\/\/kruze.ee\/et\/#website","url":"https:\/\/kruze.ee\/et\/","name":"Kruze.ee","description":"Reklaamkingitused, tr&uuml;kiga T-s&auml;rgid, fliisid, dressipluused, tekstiil, joped ja paljud teised logoga meened, &Auml;rikingitused sinu partnerile! Telli juba t&auml;na.","potentialAction":[{"@type":"SearchAction","target":{"@type":"EntryPoint","urlTemplate":"https:\/\/kruze.ee\/et\/?s={search_term_string}"},"query-input":{"@type":"PropertyValueSpecification","valueRequired":true,"valueName":"search_term_string"}}],"inLanguage":"et"}]}},"_links":{"self":[{"href":"https:\/\/kruze.ee\/et\/wp-json\/wp\/v2\/product\/1430033","targetHints":{"allow":["GET"]}}],"collection":[{"href":"https:\/\/kruze.ee\/et\/wp-json\/wp\/v2\/product"}],"about":[{"href":"https:\/\/kruze.ee\/et\/wp-json\/wp\/v2\/types\/product"}],"wp:attachment":[{"href":"https:\/\/kruze.ee\/et\/wp-json\/wp\/v2\/media?parent=1430033"}],"wp:term":[{"taxonomy":"product_brand","embeddable":true,"href":"https:\/\/kruze.ee\/et\/wp-json\/wp\/v2\/product_brand?post=1430033"},{"taxonomy":"product_cat","embeddable":true,"href":"https:\/\/kruze.ee\/et\/wp-json\/wp\/v2\/product_cat?post=1430033"},{"taxonomy":"product_tag","embeddable":true,"href":"https:\/\/kruze.ee\/et\/wp-json\/wp\/v2\/product_tag?post=1430033"}],"curies":[{"name":"wp","href":"https:\/\/api.w.org\/{rel}","templated":true}]}}