{"id":1430022,"date":"2026-01-02T22:32:31","date_gmt":"2026-01-02T19:32:31","guid":{"rendered":"https:\/\/kruze.ee\/product\/vinga-puua-mind-kinni-kui-suudad-mangu\/"},"modified":"2026-03-17T01:00:13","modified_gmt":"2026-03-16T22:00:13","slug":"vinga-puua-mind-kinni-kui-suudad-mangu","status":"publish","type":"product","link":"https:\/\/kruze.ee\/et\/toode\/vinga-puua-mind-kinni-kui-suudad-mangu\/","title":{"rendered":"VINGA p\u00fc\u00fca mind kinni, kui suudad m\u00e4ngu"},"content":{"rendered":"<p>See on ideaalne \u00f5uem\u00e4ng, mida kaasa v\u00f5tta randa v\u00f5i parki. Komplekt sisaldab \u00fchte palli ja kahte takjakinnitusega p\u00fc\u00fcdjat, mis on valmistatud FSC\u00ae sertifitseeritud vineerist. M\u00e4ngu disain on sportlik, kuid samas elegantne \u2013 p\u00fc\u00fcdjatel on kahev\u00e4rviline triibuline muster ning komplekti t\u00e4iendab sobiv pruun pall. M\u00e4ng on pakitud mugavasse l\u00f5uendist kotti v\u00f5rkseljaosaga, mis teeb selle h\u00f5lpsasti kaasaskantavaks. Komplektis on kaasas ka juhend.<\/p>\n","protected":false},"excerpt":{"rendered":"<p>See on ideaalne \u00f5uem\u00e4ng, mida kaasa v\u00f5tta randa v\u00f5i parki. Komplekt sisaldab \u00fchte palli ja kahte takjakinnitusega p\u00fc\u00fcdjat, mis on valmistatud FSC\u00ae&#8230;<\/p>\n","protected":false},"featured_media":0,"template":"","meta":[],"product_brand":[],"product_cat":[5371],"product_tag":[],"class_list":{"0":"post-1430022","1":"product","2":"type-product","3":"status-publish","5":"product_cat-mangud-ja-manguasjad","6":"pa_gender-uniseks","7":"pa_gender-unisex","11":"first","12":"instock","13":"purchasable","14":"product-type-simple"},"acf":[],"yoast_head":"<!-- This site is optimized with the Yoast SEO plugin v26.0 - https:\/\/yoast.com\/wordpress\/plugins\/seo\/ -->\n<title>VINGA p\u00fc\u00fca mind kinni, kui suudad m\u00e4ngu - Kruze.ee<\/title>\n<meta name=\"robots\" content=\"index, follow, max-snippet:-1, max-image-preview:large, max-video-preview:-1\" \/>\n<link rel=\"canonical\" href=\"https:\/\/kruze.ee\/et\/toode\/vinga-puua-mind-kinni-kui-suudad-mangu\/\" \/>\n<meta property=\"og:locale\" content=\"et_EE\" \/>\n<meta property=\"og:type\" content=\"article\" \/>\n<meta property=\"og:title\" content=\"VINGA p\u00fc\u00fca mind kinni, kui suudad m\u00e4ngu - Kruze.ee\" \/>\n<meta property=\"og:description\" content=\"See on ideaalne \u00f5uem\u00e4ng, mida kaasa v\u00f5tta randa v\u00f5i parki. Komplekt sisaldab \u00fchte palli ja kahte takjakinnitusega p\u00fc\u00fcdjat, mis on valmistatud FSC\u00ae...\" \/>\n<meta property=\"og:url\" content=\"https:\/\/kruze.ee\/et\/toode\/vinga-puua-mind-kinni-kui-suudad-mangu\/\" \/>\n<meta property=\"og:site_name\" content=\"Kruze.ee\" \/>\n<meta property=\"article:modified_time\" content=\"2026-03-16T22:00:13+00:00\" \/>\n<meta name=\"twitter:card\" content=\"summary_large_image\" \/>\n<meta name=\"twitter:label1\" content=\"Est. reading time\" \/>\n\t<meta name=\"twitter:data1\" content=\"1 minut\" \/>\n<script type=\"application\/ld+json\" class=\"yoast-schema-graph\">{\"@context\":\"https:\/\/schema.org\",\"@graph\":[{\"@type\":\"WebPage\",\"@id\":\"https:\/\/kruze.ee\/et\/toode\/vinga-puua-mind-kinni-kui-suudad-mangu\/\",\"url\":\"https:\/\/kruze.ee\/et\/toode\/vinga-puua-mind-kinni-kui-suudad-mangu\/\",\"name\":\"VINGA p\u00fc\u00fca mind kinni, kui suudad m\u00e4ngu - Kruze.ee\",\"isPartOf\":{\"@id\":\"https:\/\/kruze.ee\/et\/#website\"},\"datePublished\":\"2026-01-02T19:32:31+00:00\",\"dateModified\":\"2026-03-16T22:00:13+00:00\",\"breadcrumb\":{\"@id\":\"https:\/\/kruze.ee\/et\/toode\/vinga-puua-mind-kinni-kui-suudad-mangu\/#breadcrumb\"},\"inLanguage\":\"et\",\"potentialAction\":[{\"@type\":\"ReadAction\",\"target\":[\"https:\/\/kruze.ee\/et\/toode\/vinga-puua-mind-kinni-kui-suudad-mangu\/\"]}]},{\"@type\":\"BreadcrumbList\",\"@id\":\"https:\/\/kruze.ee\/et\/toode\/vinga-puua-mind-kinni-kui-suudad-mangu\/#breadcrumb\",\"itemListElement\":[{\"@type\":\"ListItem\",\"position\":1,\"name\":\"Home\",\"item\":\"https:\/\/kruze.ee\/et\/\"},{\"@type\":\"ListItem\",\"position\":2,\"name\":\"Tooted\",\"item\":\"https:\/\/kruze.ee\/et\/tooted\/\"},{\"@type\":\"ListItem\",\"position\":3,\"name\":\"VINGA p\u00fc\u00fca mind kinni, kui suudad m\u00e4ngu\"}]},{\"@type\":\"WebSite\",\"@id\":\"https:\/\/kruze.ee\/et\/#website\",\"url\":\"https:\/\/kruze.ee\/et\/\",\"name\":\"Kruze.ee\",\"description\":\"Reklaamkingitused, tr&uuml;kiga T-s&auml;rgid, fliisid, dressipluused, tekstiil, joped ja paljud teised logoga meened, &Auml;rikingitused sinu partnerile! Telli juba t&auml;na.\",\"potentialAction\":[{\"@type\":\"SearchAction\",\"target\":{\"@type\":\"EntryPoint\",\"urlTemplate\":\"https:\/\/kruze.ee\/et\/?s={search_term_string}\"},\"query-input\":{\"@type\":\"PropertyValueSpecification\",\"valueRequired\":true,\"valueName\":\"search_term_string\"}}],\"inLanguage\":\"et\"}]}<\/script>\n<!-- \/ Yoast SEO plugin. -->","yoast_head_json":{"title":"VINGA p\u00fc\u00fca mind kinni, kui suudad m\u00e4ngu - Kruze.ee","robots":{"index":"index","follow":"follow","max-snippet":"max-snippet:-1","max-image-preview":"max-image-preview:large","max-video-preview":"max-video-preview:-1"},"canonical":"https:\/\/kruze.ee\/et\/toode\/vinga-puua-mind-kinni-kui-suudad-mangu\/","og_locale":"et_EE","og_type":"article","og_title":"VINGA p\u00fc\u00fca mind kinni, kui suudad m\u00e4ngu - Kruze.ee","og_description":"See on ideaalne \u00f5uem\u00e4ng, mida kaasa v\u00f5tta randa v\u00f5i parki. Komplekt sisaldab \u00fchte palli ja kahte takjakinnitusega p\u00fc\u00fcdjat, mis on valmistatud FSC\u00ae...","og_url":"https:\/\/kruze.ee\/et\/toode\/vinga-puua-mind-kinni-kui-suudad-mangu\/","og_site_name":"Kruze.ee","article_modified_time":"2026-03-16T22:00:13+00:00","twitter_card":"summary_large_image","twitter_misc":{"Est. reading time":"1 minut"},"schema":{"@context":"https:\/\/schema.org","@graph":[{"@type":"WebPage","@id":"https:\/\/kruze.ee\/et\/toode\/vinga-puua-mind-kinni-kui-suudad-mangu\/","url":"https:\/\/kruze.ee\/et\/toode\/vinga-puua-mind-kinni-kui-suudad-mangu\/","name":"VINGA p\u00fc\u00fca mind kinni, kui suudad m\u00e4ngu - Kruze.ee","isPartOf":{"@id":"https:\/\/kruze.ee\/et\/#website"},"datePublished":"2026-01-02T19:32:31+00:00","dateModified":"2026-03-16T22:00:13+00:00","breadcrumb":{"@id":"https:\/\/kruze.ee\/et\/toode\/vinga-puua-mind-kinni-kui-suudad-mangu\/#breadcrumb"},"inLanguage":"et","potentialAction":[{"@type":"ReadAction","target":["https:\/\/kruze.ee\/et\/toode\/vinga-puua-mind-kinni-kui-suudad-mangu\/"]}]},{"@type":"BreadcrumbList","@id":"https:\/\/kruze.ee\/et\/toode\/vinga-puua-mind-kinni-kui-suudad-mangu\/#breadcrumb","itemListElement":[{"@type":"ListItem","position":1,"name":"Home","item":"https:\/\/kruze.ee\/et\/"},{"@type":"ListItem","position":2,"name":"Tooted","item":"https:\/\/kruze.ee\/et\/tooted\/"},{"@type":"ListItem","position":3,"name":"VINGA p\u00fc\u00fca mind kinni, kui suudad m\u00e4ngu"}]},{"@type":"WebSite","@id":"https:\/\/kruze.ee\/et\/#website","url":"https:\/\/kruze.ee\/et\/","name":"Kruze.ee","description":"Reklaamkingitused, tr&uuml;kiga T-s&auml;rgid, fliisid, dressipluused, tekstiil, joped ja paljud teised logoga meened, &Auml;rikingitused sinu partnerile! Telli juba t&auml;na.","potentialAction":[{"@type":"SearchAction","target":{"@type":"EntryPoint","urlTemplate":"https:\/\/kruze.ee\/et\/?s={search_term_string}"},"query-input":{"@type":"PropertyValueSpecification","valueRequired":true,"valueName":"search_term_string"}}],"inLanguage":"et"}]}},"_links":{"self":[{"href":"https:\/\/kruze.ee\/et\/wp-json\/wp\/v2\/product\/1430022","targetHints":{"allow":["GET"]}}],"collection":[{"href":"https:\/\/kruze.ee\/et\/wp-json\/wp\/v2\/product"}],"about":[{"href":"https:\/\/kruze.ee\/et\/wp-json\/wp\/v2\/types\/product"}],"wp:attachment":[{"href":"https:\/\/kruze.ee\/et\/wp-json\/wp\/v2\/media?parent=1430022"}],"wp:term":[{"taxonomy":"product_brand","embeddable":true,"href":"https:\/\/kruze.ee\/et\/wp-json\/wp\/v2\/product_brand?post=1430022"},{"taxonomy":"product_cat","embeddable":true,"href":"https:\/\/kruze.ee\/et\/wp-json\/wp\/v2\/product_cat?post=1430022"},{"taxonomy":"product_tag","embeddable":true,"href":"https:\/\/kruze.ee\/et\/wp-json\/wp\/v2\/product_tag?post=1430022"}],"curies":[{"name":"wp","href":"https:\/\/api.w.org\/{rel}","templated":true}]}}