{"id":1430020,"date":"2026-01-02T22:32:28","date_gmt":"2026-01-02T19:32:28","guid":{"rendered":"https:\/\/kruze.ee\/product\/vinga-cornholei-mang\/"},"modified":"2026-03-17T01:00:12","modified_gmt":"2026-03-16T22:00:12","slug":"vinga-cornholei-mang","status":"publish","type":"product","link":"https:\/\/kruze.ee\/et\/toode\/vinga-cornholei-mang\/","title":{"rendered":"VINGA Cornhole&#8217;i \u200b\u200bm\u00e4ng"},"content":{"rendered":"<p>Naudi seda l\u00f5busat ja lihtsat m\u00e4ngu nii \u00f5ues kui ka siseruumides. Ajatu disain ja loodusl\u00e4hedased toonid muudavad selle m\u00e4ngu sobivaks igas vanuses m\u00e4ngijatele. M\u00e4ngi s\u00f5prade, perega v\u00f5i kasv\u00f5i \u00fcksi. Komplekt sisaldab FSC\u00ae sertifitseeritud MDF-ist valmistatud m\u00e4ngulauda ning kuut l\u00f5uendist viskekotti. M\u00e4ng on pakitud mugavasse l\u00f5uendist kotti v\u00f5rkseljaosaga, mis teeb selle h\u00f5lpsasti kaasaskantavaks. Komplektis on kaasas ka juhend.<\/p>\n","protected":false},"excerpt":{"rendered":"<p>Naudi seda l\u00f5busat ja lihtsat m\u00e4ngu nii \u00f5ues kui ka siseruumides. Ajatu disain ja loodusl\u00e4hedased toonid muudavad selle m\u00e4ngu sobivaks igas vanuses&#8230;<\/p>\n","protected":false},"featured_media":0,"template":"","meta":[],"product_brand":[],"product_cat":[5371],"product_tag":[],"class_list":{"0":"post-1430020","1":"product","2":"type-product","3":"status-publish","5":"product_cat-mangud-ja-manguasjad","6":"pa_gender-uniseks","7":"pa_gender-unisex","11":"first","12":"instock","13":"purchasable","14":"product-type-simple"},"acf":[],"yoast_head":"<!-- This site is optimized with the Yoast SEO plugin v26.0 - https:\/\/yoast.com\/wordpress\/plugins\/seo\/ -->\n<title>VINGA Cornhole&#039;i \u200b\u200bm\u00e4ng - Kruze.ee<\/title>\n<meta name=\"robots\" content=\"index, follow, max-snippet:-1, max-image-preview:large, max-video-preview:-1\" \/>\n<link rel=\"canonical\" href=\"https:\/\/kruze.ee\/et\/toode\/vinga-cornholei-mang\/\" \/>\n<meta property=\"og:locale\" content=\"et_EE\" \/>\n<meta property=\"og:type\" content=\"article\" \/>\n<meta property=\"og:title\" content=\"VINGA Cornhole&#039;i \u200b\u200bm\u00e4ng - Kruze.ee\" \/>\n<meta property=\"og:description\" content=\"Naudi seda l\u00f5busat ja lihtsat m\u00e4ngu nii \u00f5ues kui ka siseruumides. Ajatu disain ja loodusl\u00e4hedased toonid muudavad selle m\u00e4ngu sobivaks igas vanuses...\" \/>\n<meta property=\"og:url\" content=\"https:\/\/kruze.ee\/et\/toode\/vinga-cornholei-mang\/\" \/>\n<meta property=\"og:site_name\" content=\"Kruze.ee\" \/>\n<meta property=\"article:modified_time\" content=\"2026-03-16T22:00:12+00:00\" \/>\n<meta name=\"twitter:card\" content=\"summary_large_image\" \/>\n<meta name=\"twitter:label1\" content=\"Est. reading time\" \/>\n\t<meta name=\"twitter:data1\" content=\"1 minut\" \/>\n<script type=\"application\/ld+json\" class=\"yoast-schema-graph\">{\"@context\":\"https:\/\/schema.org\",\"@graph\":[{\"@type\":\"WebPage\",\"@id\":\"https:\/\/kruze.ee\/et\/toode\/vinga-cornholei-mang\/\",\"url\":\"https:\/\/kruze.ee\/et\/toode\/vinga-cornholei-mang\/\",\"name\":\"VINGA Cornhole'i \u200b\u200bm\u00e4ng - Kruze.ee\",\"isPartOf\":{\"@id\":\"https:\/\/kruze.ee\/et\/#website\"},\"datePublished\":\"2026-01-02T19:32:28+00:00\",\"dateModified\":\"2026-03-16T22:00:12+00:00\",\"breadcrumb\":{\"@id\":\"https:\/\/kruze.ee\/et\/toode\/vinga-cornholei-mang\/#breadcrumb\"},\"inLanguage\":\"et\",\"potentialAction\":[{\"@type\":\"ReadAction\",\"target\":[\"https:\/\/kruze.ee\/et\/toode\/vinga-cornholei-mang\/\"]}]},{\"@type\":\"BreadcrumbList\",\"@id\":\"https:\/\/kruze.ee\/et\/toode\/vinga-cornholei-mang\/#breadcrumb\",\"itemListElement\":[{\"@type\":\"ListItem\",\"position\":1,\"name\":\"Home\",\"item\":\"https:\/\/kruze.ee\/et\/\"},{\"@type\":\"ListItem\",\"position\":2,\"name\":\"Tooted\",\"item\":\"https:\/\/kruze.ee\/et\/tooted\/\"},{\"@type\":\"ListItem\",\"position\":3,\"name\":\"VINGA Cornhole&#8217;i \u200b\u200bm\u00e4ng\"}]},{\"@type\":\"WebSite\",\"@id\":\"https:\/\/kruze.ee\/et\/#website\",\"url\":\"https:\/\/kruze.ee\/et\/\",\"name\":\"Kruze.ee\",\"description\":\"Reklaamkingitused, tr&uuml;kiga T-s&auml;rgid, fliisid, dressipluused, tekstiil, joped ja paljud teised logoga meened, &Auml;rikingitused sinu partnerile! Telli juba t&auml;na.\",\"potentialAction\":[{\"@type\":\"SearchAction\",\"target\":{\"@type\":\"EntryPoint\",\"urlTemplate\":\"https:\/\/kruze.ee\/et\/?s={search_term_string}\"},\"query-input\":{\"@type\":\"PropertyValueSpecification\",\"valueRequired\":true,\"valueName\":\"search_term_string\"}}],\"inLanguage\":\"et\"}]}<\/script>\n<!-- \/ Yoast SEO plugin. -->","yoast_head_json":{"title":"VINGA Cornhole'i \u200b\u200bm\u00e4ng - Kruze.ee","robots":{"index":"index","follow":"follow","max-snippet":"max-snippet:-1","max-image-preview":"max-image-preview:large","max-video-preview":"max-video-preview:-1"},"canonical":"https:\/\/kruze.ee\/et\/toode\/vinga-cornholei-mang\/","og_locale":"et_EE","og_type":"article","og_title":"VINGA Cornhole'i \u200b\u200bm\u00e4ng - Kruze.ee","og_description":"Naudi seda l\u00f5busat ja lihtsat m\u00e4ngu nii \u00f5ues kui ka siseruumides. Ajatu disain ja loodusl\u00e4hedased toonid muudavad selle m\u00e4ngu sobivaks igas vanuses...","og_url":"https:\/\/kruze.ee\/et\/toode\/vinga-cornholei-mang\/","og_site_name":"Kruze.ee","article_modified_time":"2026-03-16T22:00:12+00:00","twitter_card":"summary_large_image","twitter_misc":{"Est. reading time":"1 minut"},"schema":{"@context":"https:\/\/schema.org","@graph":[{"@type":"WebPage","@id":"https:\/\/kruze.ee\/et\/toode\/vinga-cornholei-mang\/","url":"https:\/\/kruze.ee\/et\/toode\/vinga-cornholei-mang\/","name":"VINGA Cornhole'i \u200b\u200bm\u00e4ng - Kruze.ee","isPartOf":{"@id":"https:\/\/kruze.ee\/et\/#website"},"datePublished":"2026-01-02T19:32:28+00:00","dateModified":"2026-03-16T22:00:12+00:00","breadcrumb":{"@id":"https:\/\/kruze.ee\/et\/toode\/vinga-cornholei-mang\/#breadcrumb"},"inLanguage":"et","potentialAction":[{"@type":"ReadAction","target":["https:\/\/kruze.ee\/et\/toode\/vinga-cornholei-mang\/"]}]},{"@type":"BreadcrumbList","@id":"https:\/\/kruze.ee\/et\/toode\/vinga-cornholei-mang\/#breadcrumb","itemListElement":[{"@type":"ListItem","position":1,"name":"Home","item":"https:\/\/kruze.ee\/et\/"},{"@type":"ListItem","position":2,"name":"Tooted","item":"https:\/\/kruze.ee\/et\/tooted\/"},{"@type":"ListItem","position":3,"name":"VINGA Cornhole&#8217;i \u200b\u200bm\u00e4ng"}]},{"@type":"WebSite","@id":"https:\/\/kruze.ee\/et\/#website","url":"https:\/\/kruze.ee\/et\/","name":"Kruze.ee","description":"Reklaamkingitused, tr&uuml;kiga T-s&auml;rgid, fliisid, dressipluused, tekstiil, joped ja paljud teised logoga meened, &Auml;rikingitused sinu partnerile! Telli juba t&auml;na.","potentialAction":[{"@type":"SearchAction","target":{"@type":"EntryPoint","urlTemplate":"https:\/\/kruze.ee\/et\/?s={search_term_string}"},"query-input":{"@type":"PropertyValueSpecification","valueRequired":true,"valueName":"search_term_string"}}],"inLanguage":"et"}]}},"_links":{"self":[{"href":"https:\/\/kruze.ee\/et\/wp-json\/wp\/v2\/product\/1430020","targetHints":{"allow":["GET"]}}],"collection":[{"href":"https:\/\/kruze.ee\/et\/wp-json\/wp\/v2\/product"}],"about":[{"href":"https:\/\/kruze.ee\/et\/wp-json\/wp\/v2\/types\/product"}],"wp:attachment":[{"href":"https:\/\/kruze.ee\/et\/wp-json\/wp\/v2\/media?parent=1430020"}],"wp:term":[{"taxonomy":"product_brand","embeddable":true,"href":"https:\/\/kruze.ee\/et\/wp-json\/wp\/v2\/product_brand?post=1430020"},{"taxonomy":"product_cat","embeddable":true,"href":"https:\/\/kruze.ee\/et\/wp-json\/wp\/v2\/product_cat?post=1430020"},{"taxonomy":"product_tag","embeddable":true,"href":"https:\/\/kruze.ee\/et\/wp-json\/wp\/v2\/product_tag?post=1430020"}],"curies":[{"name":"wp","href":"https:\/\/api.w.org\/{rel}","templated":true}]}}