{"id":1430012,"date":"2026-01-02T22:21:26","date_gmt":"2026-01-02T19:21:26","guid":{"rendered":"https:\/\/kruze.ee\/product\/vinga-bosler-aware-nokamuts\/"},"modified":"2026-03-17T01:00:10","modified_gmt":"2026-03-16T22:00:10","slug":"vinga-bosler-aware-nokamuts","status":"publish","type":"product","link":"https:\/\/kruze.ee\/et\/toode\/vinga-bosler-aware-nokamuts\/","title":{"rendered":"VINGA Bosler AWARE\u2122 nokam\u00fcts"},"content":{"rendered":"<p>6-paneeliline m\u00fcts on kumerdatud nokaga ning mugava PU-kattega takjakinnitusega tagaosas, mis v\u00f5imaldab lihtsat reguleerimist. M\u00fcts on valmistatud taaskasutatud materjalidest AWARE\u2122 tehnoloogia abil \u2013 kasutusel on ehtsad taaskasutatud kangad, mille p\u00e4ritolu on tagatud AWARE\u2019i f\u00fc\u00fcsilise j\u00e4lgimiss\u00fcsteemi ja plokiahela tehnoloogia kaudu.<\/p>\n","protected":false},"excerpt":{"rendered":"<p>6-paneeliline m\u00fcts on kumerdatud nokaga ning mugava PU-kattega takjakinnitusega tagaosas, mis v\u00f5imaldab lihtsat reguleerimist. M\u00fcts on valmistatud&#8230;<\/p>\n","protected":false},"featured_media":0,"template":"","meta":[],"product_brand":[],"product_cat":[5471],"product_tag":[],"class_list":{"0":"post-1430012","1":"product","2":"type-product","3":"status-publish","5":"product_cat-nokamytsid-logoga-ettevotetele","6":"pa_brand-vinga-2","7":"pa_color-beez","8":"pa_color-black-2","9":"pa_color-roheline","10":"pa_color-blue-2","11":"pa_gender-uniseks","12":"pa_gender-unisex","15":"pa_material-recycled-cottonpolyester","17":"first","18":"instock","19":"taxable","20":"shipping-taxable","21":"purchasable","22":"product-type-variable"},"acf":[],"yoast_head":"<!-- This site is optimized with the Yoast SEO plugin v26.0 - https:\/\/yoast.com\/wordpress\/plugins\/seo\/ -->\n<title>VINGA Bosler AWARE\u2122 nokam\u00fcts - Kruze.ee<\/title>\n<meta name=\"robots\" content=\"index, follow, max-snippet:-1, max-image-preview:large, max-video-preview:-1\" \/>\n<link rel=\"canonical\" href=\"https:\/\/kruze.ee\/et\/toode\/vinga-bosler-aware-nokamuts\/\" \/>\n<meta property=\"og:locale\" content=\"et_EE\" \/>\n<meta property=\"og:type\" content=\"article\" \/>\n<meta property=\"og:title\" content=\"VINGA Bosler AWARE\u2122 nokam\u00fcts - Kruze.ee\" \/>\n<meta property=\"og:description\" content=\"6-paneeliline m\u00fcts on kumerdatud nokaga ning mugava PU-kattega takjakinnitusega tagaosas, mis v\u00f5imaldab lihtsat reguleerimist. M\u00fcts on valmistatud...\" \/>\n<meta property=\"og:url\" content=\"https:\/\/kruze.ee\/et\/toode\/vinga-bosler-aware-nokamuts\/\" \/>\n<meta property=\"og:site_name\" content=\"Kruze.ee\" \/>\n<meta property=\"article:modified_time\" content=\"2026-03-16T22:00:10+00:00\" \/>\n<meta name=\"twitter:card\" content=\"summary_large_image\" \/>\n<meta name=\"twitter:label1\" content=\"Est. reading time\" \/>\n\t<meta name=\"twitter:data1\" content=\"1 minut\" \/>\n<script type=\"application\/ld+json\" class=\"yoast-schema-graph\">{\"@context\":\"https:\/\/schema.org\",\"@graph\":[{\"@type\":\"WebPage\",\"@id\":\"https:\/\/kruze.ee\/et\/toode\/vinga-bosler-aware-nokamuts\/\",\"url\":\"https:\/\/kruze.ee\/et\/toode\/vinga-bosler-aware-nokamuts\/\",\"name\":\"VINGA Bosler AWARE\u2122 nokam\u00fcts - Kruze.ee\",\"isPartOf\":{\"@id\":\"https:\/\/kruze.ee\/et\/#website\"},\"datePublished\":\"2026-01-02T19:21:26+00:00\",\"dateModified\":\"2026-03-16T22:00:10+00:00\",\"breadcrumb\":{\"@id\":\"https:\/\/kruze.ee\/et\/toode\/vinga-bosler-aware-nokamuts\/#breadcrumb\"},\"inLanguage\":\"et\",\"potentialAction\":[{\"@type\":\"ReadAction\",\"target\":[\"https:\/\/kruze.ee\/et\/toode\/vinga-bosler-aware-nokamuts\/\"]}]},{\"@type\":\"BreadcrumbList\",\"@id\":\"https:\/\/kruze.ee\/et\/toode\/vinga-bosler-aware-nokamuts\/#breadcrumb\",\"itemListElement\":[{\"@type\":\"ListItem\",\"position\":1,\"name\":\"Home\",\"item\":\"https:\/\/kruze.ee\/et\/\"},{\"@type\":\"ListItem\",\"position\":2,\"name\":\"Tooted\",\"item\":\"https:\/\/kruze.ee\/et\/tooted\/\"},{\"@type\":\"ListItem\",\"position\":3,\"name\":\"VINGA Bosler AWARE\u2122 nokam\u00fcts\"}]},{\"@type\":\"WebSite\",\"@id\":\"https:\/\/kruze.ee\/et\/#website\",\"url\":\"https:\/\/kruze.ee\/et\/\",\"name\":\"Kruze.ee\",\"description\":\"Reklaamkingitused, tr&uuml;kiga T-s&auml;rgid, fliisid, dressipluused, tekstiil, joped ja paljud teised logoga meened, &Auml;rikingitused sinu partnerile! Telli juba t&auml;na.\",\"potentialAction\":[{\"@type\":\"SearchAction\",\"target\":{\"@type\":\"EntryPoint\",\"urlTemplate\":\"https:\/\/kruze.ee\/et\/?s={search_term_string}\"},\"query-input\":{\"@type\":\"PropertyValueSpecification\",\"valueRequired\":true,\"valueName\":\"search_term_string\"}}],\"inLanguage\":\"et\"}]}<\/script>\n<!-- \/ Yoast SEO plugin. -->","yoast_head_json":{"title":"VINGA Bosler AWARE\u2122 nokam\u00fcts - Kruze.ee","robots":{"index":"index","follow":"follow","max-snippet":"max-snippet:-1","max-image-preview":"max-image-preview:large","max-video-preview":"max-video-preview:-1"},"canonical":"https:\/\/kruze.ee\/et\/toode\/vinga-bosler-aware-nokamuts\/","og_locale":"et_EE","og_type":"article","og_title":"VINGA Bosler AWARE\u2122 nokam\u00fcts - Kruze.ee","og_description":"6-paneeliline m\u00fcts on kumerdatud nokaga ning mugava PU-kattega takjakinnitusega tagaosas, mis v\u00f5imaldab lihtsat reguleerimist. M\u00fcts on valmistatud...","og_url":"https:\/\/kruze.ee\/et\/toode\/vinga-bosler-aware-nokamuts\/","og_site_name":"Kruze.ee","article_modified_time":"2026-03-16T22:00:10+00:00","twitter_card":"summary_large_image","twitter_misc":{"Est. reading time":"1 minut"},"schema":{"@context":"https:\/\/schema.org","@graph":[{"@type":"WebPage","@id":"https:\/\/kruze.ee\/et\/toode\/vinga-bosler-aware-nokamuts\/","url":"https:\/\/kruze.ee\/et\/toode\/vinga-bosler-aware-nokamuts\/","name":"VINGA Bosler AWARE\u2122 nokam\u00fcts - Kruze.ee","isPartOf":{"@id":"https:\/\/kruze.ee\/et\/#website"},"datePublished":"2026-01-02T19:21:26+00:00","dateModified":"2026-03-16T22:00:10+00:00","breadcrumb":{"@id":"https:\/\/kruze.ee\/et\/toode\/vinga-bosler-aware-nokamuts\/#breadcrumb"},"inLanguage":"et","potentialAction":[{"@type":"ReadAction","target":["https:\/\/kruze.ee\/et\/toode\/vinga-bosler-aware-nokamuts\/"]}]},{"@type":"BreadcrumbList","@id":"https:\/\/kruze.ee\/et\/toode\/vinga-bosler-aware-nokamuts\/#breadcrumb","itemListElement":[{"@type":"ListItem","position":1,"name":"Home","item":"https:\/\/kruze.ee\/et\/"},{"@type":"ListItem","position":2,"name":"Tooted","item":"https:\/\/kruze.ee\/et\/tooted\/"},{"@type":"ListItem","position":3,"name":"VINGA Bosler AWARE\u2122 nokam\u00fcts"}]},{"@type":"WebSite","@id":"https:\/\/kruze.ee\/et\/#website","url":"https:\/\/kruze.ee\/et\/","name":"Kruze.ee","description":"Reklaamkingitused, tr&uuml;kiga T-s&auml;rgid, fliisid, dressipluused, tekstiil, joped ja paljud teised logoga meened, &Auml;rikingitused sinu partnerile! Telli juba t&auml;na.","potentialAction":[{"@type":"SearchAction","target":{"@type":"EntryPoint","urlTemplate":"https:\/\/kruze.ee\/et\/?s={search_term_string}"},"query-input":{"@type":"PropertyValueSpecification","valueRequired":true,"valueName":"search_term_string"}}],"inLanguage":"et"}]}},"_links":{"self":[{"href":"https:\/\/kruze.ee\/et\/wp-json\/wp\/v2\/product\/1430012","targetHints":{"allow":["GET"]}}],"collection":[{"href":"https:\/\/kruze.ee\/et\/wp-json\/wp\/v2\/product"}],"about":[{"href":"https:\/\/kruze.ee\/et\/wp-json\/wp\/v2\/types\/product"}],"wp:attachment":[{"href":"https:\/\/kruze.ee\/et\/wp-json\/wp\/v2\/media?parent=1430012"}],"wp:term":[{"taxonomy":"product_brand","embeddable":true,"href":"https:\/\/kruze.ee\/et\/wp-json\/wp\/v2\/product_brand?post=1430012"},{"taxonomy":"product_cat","embeddable":true,"href":"https:\/\/kruze.ee\/et\/wp-json\/wp\/v2\/product_cat?post=1430012"},{"taxonomy":"product_tag","embeddable":true,"href":"https:\/\/kruze.ee\/et\/wp-json\/wp\/v2\/product_tag?post=1430012"}],"curies":[{"name":"wp","href":"https:\/\/api.w.org\/{rel}","templated":true}]}}