{"id":1429517,"date":"2026-01-01T16:31:18","date_gmt":"2026-01-01T13:31:18","guid":{"rendered":"https:\/\/kruze.ee\/product\/clique-basic-polosark\/"},"modified":"2026-03-17T01:10:23","modified_gmt":"2026-03-16T22:10:23","slug":"clique-basic-polosark","status":"publish","type":"product","link":"https:\/\/kruze.ee\/et\/toode\/clique-basic-polosark\/","title":{"rendered":"Clique Basic polos\u00e4rk"},"content":{"rendered":"<p>P\u00f5hiline polos\u00e4rk igap\u00e4evaseks kandmiseks, hea istuvuse ja klassikalise l\u00f5ikega. K\u00fcljel\u00f5hikud tagavad mugavuse ning s\u00e4rgil on 3 toon-toonis n\u00f6\u00f6pi. Naiste mudelil on 4 toon-toonis n\u00f6\u00f6pi.<\/p>\n","protected":false},"excerpt":{"rendered":"<p>P\u00f5hiline polos\u00e4rk igap\u00e4evaseks kandmiseks, hea istuvuse ja klassikalise l\u00f5ikega. K\u00fcljel\u00f5hikud tagavad mugavuse ning s\u00e4rgil on 3 toon-toonis n\u00f6\u00f6pi. Naiste&#8230;<\/p>\n","protected":false},"featured_media":0,"template":"","meta":[],"product_brand":[],"product_cat":[5375],"product_tag":[],"class_list":{"0":"post-1429517","1":"product","2":"type-product","3":"status-publish","5":"product_cat-polosargid-trukiga","6":"pa_brand-clique","7":"pa_color-armeeroheline","8":"pa_color-off-white-2","9":"pa_color-meleeritud-antratsiit","10":"pa_color-meleeritud-hall","11":"pa_color-metallihall","12":"pa_color-black-2","13":"pa_color-neoonroheline","14":"pa_color-oranz","15":"pa_color-ounaroheline","16":"pa_color-pudeliroheline","17":"pa_color-punane","18":"pa_color-roosa","19":"pa_color-royalsinine","20":"pa_color-salveiroheline","21":"pa_color-sidrunikollane","22":"pa_color-soft-blue","23":"pa_color-stone","24":"pa_color-terasesinine","25":"pa_color-tumeroosa","26":"pa_color-tumesinine","27":"pa_color-turkiis","28":"pa_color-valge","29":"pa_color-veinipunane","30":"pa_gender-uniseks","31":"pa_gender-unisex","34":"pa_material-100-cotton-grey-melange-95-85-cotton-15-viscose-anthracite-melange-955-60-cotton-40-polyester","35":"pa_size-xs","36":"pa_size-s","37":"pa_size-m","38":"pa_size-l","39":"pa_size-xl","40":"pa_size-2xl","41":"pa_size-3xl","42":"pa_size-4xl","44":"first","45":"instock","46":"taxable","47":"shipping-taxable","48":"purchasable","49":"product-type-variable"},"acf":[],"yoast_head":"<!-- This site is optimized with the Yoast SEO plugin v26.0 - https:\/\/yoast.com\/wordpress\/plugins\/seo\/ -->\n<title>Clique Basic polos\u00e4rk - Kruze.ee<\/title>\n<meta name=\"robots\" content=\"index, follow, max-snippet:-1, max-image-preview:large, max-video-preview:-1\" \/>\n<link rel=\"canonical\" href=\"https:\/\/kruze.ee\/et\/toode\/clique-basic-polosark\/\" \/>\n<meta property=\"og:locale\" content=\"et_EE\" \/>\n<meta property=\"og:type\" content=\"article\" \/>\n<meta property=\"og:title\" content=\"Clique Basic polos\u00e4rk - Kruze.ee\" \/>\n<meta property=\"og:description\" content=\"P\u00f5hiline polos\u00e4rk igap\u00e4evaseks kandmiseks, hea istuvuse ja klassikalise l\u00f5ikega. K\u00fcljel\u00f5hikud tagavad mugavuse ning s\u00e4rgil on 3 toon-toonis n\u00f6\u00f6pi. Naiste...\" \/>\n<meta property=\"og:url\" content=\"https:\/\/kruze.ee\/et\/toode\/clique-basic-polosark\/\" \/>\n<meta property=\"og:site_name\" content=\"Kruze.ee\" \/>\n<meta property=\"article:modified_time\" content=\"2026-03-16T22:10:23+00:00\" \/>\n<meta name=\"twitter:card\" content=\"summary_large_image\" \/>\n<meta name=\"twitter:label1\" content=\"Est. reading time\" \/>\n\t<meta name=\"twitter:data1\" content=\"1 minut\" \/>\n<script type=\"application\/ld+json\" class=\"yoast-schema-graph\">{\"@context\":\"https:\/\/schema.org\",\"@graph\":[{\"@type\":\"WebPage\",\"@id\":\"https:\/\/kruze.ee\/et\/toode\/clique-basic-polosark\/\",\"url\":\"https:\/\/kruze.ee\/et\/toode\/clique-basic-polosark\/\",\"name\":\"Clique Basic polos\u00e4rk - Kruze.ee\",\"isPartOf\":{\"@id\":\"https:\/\/kruze.ee\/et\/#website\"},\"datePublished\":\"2026-01-01T13:31:18+00:00\",\"dateModified\":\"2026-03-16T22:10:23+00:00\",\"breadcrumb\":{\"@id\":\"https:\/\/kruze.ee\/et\/toode\/clique-basic-polosark\/#breadcrumb\"},\"inLanguage\":\"et\",\"potentialAction\":[{\"@type\":\"ReadAction\",\"target\":[\"https:\/\/kruze.ee\/et\/toode\/clique-basic-polosark\/\"]}]},{\"@type\":\"BreadcrumbList\",\"@id\":\"https:\/\/kruze.ee\/et\/toode\/clique-basic-polosark\/#breadcrumb\",\"itemListElement\":[{\"@type\":\"ListItem\",\"position\":1,\"name\":\"Home\",\"item\":\"https:\/\/kruze.ee\/et\/\"},{\"@type\":\"ListItem\",\"position\":2,\"name\":\"Tooted\",\"item\":\"https:\/\/kruze.ee\/et\/tooted\/\"},{\"@type\":\"ListItem\",\"position\":3,\"name\":\"Clique Basic polos\u00e4rk\"}]},{\"@type\":\"WebSite\",\"@id\":\"https:\/\/kruze.ee\/et\/#website\",\"url\":\"https:\/\/kruze.ee\/et\/\",\"name\":\"Kruze.ee\",\"description\":\"Reklaamkingitused, tr&uuml;kiga T-s&auml;rgid, fliisid, dressipluused, tekstiil, joped ja paljud teised logoga meened, &Auml;rikingitused sinu partnerile! Telli juba t&auml;na.\",\"potentialAction\":[{\"@type\":\"SearchAction\",\"target\":{\"@type\":\"EntryPoint\",\"urlTemplate\":\"https:\/\/kruze.ee\/et\/?s={search_term_string}\"},\"query-input\":{\"@type\":\"PropertyValueSpecification\",\"valueRequired\":true,\"valueName\":\"search_term_string\"}}],\"inLanguage\":\"et\"}]}<\/script>\n<!-- \/ Yoast SEO plugin. -->","yoast_head_json":{"title":"Clique Basic polos\u00e4rk - Kruze.ee","robots":{"index":"index","follow":"follow","max-snippet":"max-snippet:-1","max-image-preview":"max-image-preview:large","max-video-preview":"max-video-preview:-1"},"canonical":"https:\/\/kruze.ee\/et\/toode\/clique-basic-polosark\/","og_locale":"et_EE","og_type":"article","og_title":"Clique Basic polos\u00e4rk - Kruze.ee","og_description":"P\u00f5hiline polos\u00e4rk igap\u00e4evaseks kandmiseks, hea istuvuse ja klassikalise l\u00f5ikega. K\u00fcljel\u00f5hikud tagavad mugavuse ning s\u00e4rgil on 3 toon-toonis n\u00f6\u00f6pi. Naiste...","og_url":"https:\/\/kruze.ee\/et\/toode\/clique-basic-polosark\/","og_site_name":"Kruze.ee","article_modified_time":"2026-03-16T22:10:23+00:00","twitter_card":"summary_large_image","twitter_misc":{"Est. reading time":"1 minut"},"schema":{"@context":"https:\/\/schema.org","@graph":[{"@type":"WebPage","@id":"https:\/\/kruze.ee\/et\/toode\/clique-basic-polosark\/","url":"https:\/\/kruze.ee\/et\/toode\/clique-basic-polosark\/","name":"Clique Basic polos\u00e4rk - Kruze.ee","isPartOf":{"@id":"https:\/\/kruze.ee\/et\/#website"},"datePublished":"2026-01-01T13:31:18+00:00","dateModified":"2026-03-16T22:10:23+00:00","breadcrumb":{"@id":"https:\/\/kruze.ee\/et\/toode\/clique-basic-polosark\/#breadcrumb"},"inLanguage":"et","potentialAction":[{"@type":"ReadAction","target":["https:\/\/kruze.ee\/et\/toode\/clique-basic-polosark\/"]}]},{"@type":"BreadcrumbList","@id":"https:\/\/kruze.ee\/et\/toode\/clique-basic-polosark\/#breadcrumb","itemListElement":[{"@type":"ListItem","position":1,"name":"Home","item":"https:\/\/kruze.ee\/et\/"},{"@type":"ListItem","position":2,"name":"Tooted","item":"https:\/\/kruze.ee\/et\/tooted\/"},{"@type":"ListItem","position":3,"name":"Clique Basic polos\u00e4rk"}]},{"@type":"WebSite","@id":"https:\/\/kruze.ee\/et\/#website","url":"https:\/\/kruze.ee\/et\/","name":"Kruze.ee","description":"Reklaamkingitused, tr&uuml;kiga T-s&auml;rgid, fliisid, dressipluused, tekstiil, joped ja paljud teised logoga meened, &Auml;rikingitused sinu partnerile! Telli juba t&auml;na.","potentialAction":[{"@type":"SearchAction","target":{"@type":"EntryPoint","urlTemplate":"https:\/\/kruze.ee\/et\/?s={search_term_string}"},"query-input":{"@type":"PropertyValueSpecification","valueRequired":true,"valueName":"search_term_string"}}],"inLanguage":"et"}]}},"_links":{"self":[{"href":"https:\/\/kruze.ee\/et\/wp-json\/wp\/v2\/product\/1429517","targetHints":{"allow":["GET"]}}],"collection":[{"href":"https:\/\/kruze.ee\/et\/wp-json\/wp\/v2\/product"}],"about":[{"href":"https:\/\/kruze.ee\/et\/wp-json\/wp\/v2\/types\/product"}],"wp:attachment":[{"href":"https:\/\/kruze.ee\/et\/wp-json\/wp\/v2\/media?parent=1429517"}],"wp:term":[{"taxonomy":"product_brand","embeddable":true,"href":"https:\/\/kruze.ee\/et\/wp-json\/wp\/v2\/product_brand?post=1429517"},{"taxonomy":"product_cat","embeddable":true,"href":"https:\/\/kruze.ee\/et\/wp-json\/wp\/v2\/product_cat?post=1429517"},{"taxonomy":"product_tag","embeddable":true,"href":"https:\/\/kruze.ee\/et\/wp-json\/wp\/v2\/product_tag?post=1429517"}],"curies":[{"name":"wp","href":"https:\/\/api.w.org\/{rel}","templated":true}]}}