{"id":1429507,"date":"2026-01-01T16:23:02","date_gmt":"2026-01-01T13:23:02","guid":{"rendered":"https:\/\/kruze.ee\/product\/vinga-vinga-cott-rcs-rpet-veepudel\/"},"modified":"2026-03-17T01:21:22","modified_gmt":"2026-03-16T22:21:22","slug":"vinga-vinga-cott-rcs-rpet-veepudel","status":"publish","type":"product","link":"https:\/\/kruze.ee\/et\/toode\/vinga-vinga-cott-rcs-rpet-veepudel\/","title":{"rendered":"Vinga VINGA Cott RCS RPET veepudel"},"content":{"rendered":"<p>Stiilne ja minimalistlik veepudel, valmistatud 100% RCS-sertifikaadiga RPET-materjalist. Praktiline pudel aitab sul hoida vedelikutasakaalu nii t\u00f6\u00f6l, trennis kui ka liikvel olles. Suur avaus teeb puhastamise lihtsaks. Ainult k\u00e4sipesu. Toode on m\u00f5eldud k\u00fclmade jookide jaoks. Taaskasutatud materjali osakaal: 98% toote kogukaalust.\u00a0BPA-vaba<\/p>\n","protected":false},"excerpt":{"rendered":"<p>Stiilne ja minimalistlik veepudel, valmistatud 100% RCS-sertifikaadiga RPET-materjalist. Praktiline pudel aitab sul hoida vedelikutasakaalu nii t\u00f6\u00f6l, trennis&#8230;<\/p>\n","protected":false},"featured_media":0,"template":"","meta":[],"product_brand":[],"product_cat":[5419],"product_tag":[],"class_list":{"0":"post-1429507","1":"product","2":"type-product","3":"status-publish","5":"product_cat-joogipudelid","6":"pa_brand-vinga-2","7":"pa_color-hall","8":"pa_color-labipaistev","9":"pa_color-oranz","10":"pa_color-roheline","11":"pa_color-blue-2","12":"pa_gender-uniseks","13":"pa_gender-unisex","16":"pa_material-rpet","18":"first","19":"instock","20":"taxable","21":"shipping-taxable","22":"purchasable","23":"product-type-variable"},"acf":[],"yoast_head":"<!-- This site is optimized with the Yoast SEO plugin v26.0 - https:\/\/yoast.com\/wordpress\/plugins\/seo\/ -->\n<title>Vinga VINGA Cott RCS RPET veepudel - Kruze.ee<\/title>\n<meta name=\"robots\" content=\"index, follow, max-snippet:-1, max-image-preview:large, max-video-preview:-1\" \/>\n<link rel=\"canonical\" href=\"https:\/\/kruze.ee\/et\/toode\/vinga-vinga-cott-rcs-rpet-veepudel\/\" \/>\n<meta property=\"og:locale\" content=\"et_EE\" \/>\n<meta property=\"og:type\" content=\"article\" \/>\n<meta property=\"og:title\" content=\"Vinga VINGA Cott RCS RPET veepudel - Kruze.ee\" \/>\n<meta property=\"og:description\" content=\"Stiilne ja minimalistlik veepudel, valmistatud 100% RCS-sertifikaadiga RPET-materjalist. Praktiline pudel aitab sul hoida vedelikutasakaalu nii t\u00f6\u00f6l, trennis...\" \/>\n<meta property=\"og:url\" content=\"https:\/\/kruze.ee\/et\/toode\/vinga-vinga-cott-rcs-rpet-veepudel\/\" \/>\n<meta property=\"og:site_name\" content=\"Kruze.ee\" \/>\n<meta property=\"article:modified_time\" content=\"2026-03-16T22:21:22+00:00\" \/>\n<meta name=\"twitter:card\" content=\"summary_large_image\" \/>\n<meta name=\"twitter:label1\" content=\"Est. reading time\" \/>\n\t<meta name=\"twitter:data1\" content=\"1 minut\" \/>\n<script type=\"application\/ld+json\" class=\"yoast-schema-graph\">{\"@context\":\"https:\/\/schema.org\",\"@graph\":[{\"@type\":\"WebPage\",\"@id\":\"https:\/\/kruze.ee\/et\/toode\/vinga-vinga-cott-rcs-rpet-veepudel\/\",\"url\":\"https:\/\/kruze.ee\/et\/toode\/vinga-vinga-cott-rcs-rpet-veepudel\/\",\"name\":\"Vinga VINGA Cott RCS RPET veepudel - Kruze.ee\",\"isPartOf\":{\"@id\":\"https:\/\/kruze.ee\/et\/#website\"},\"datePublished\":\"2026-01-01T13:23:02+00:00\",\"dateModified\":\"2026-03-16T22:21:22+00:00\",\"breadcrumb\":{\"@id\":\"https:\/\/kruze.ee\/et\/toode\/vinga-vinga-cott-rcs-rpet-veepudel\/#breadcrumb\"},\"inLanguage\":\"et\",\"potentialAction\":[{\"@type\":\"ReadAction\",\"target\":[\"https:\/\/kruze.ee\/et\/toode\/vinga-vinga-cott-rcs-rpet-veepudel\/\"]}]},{\"@type\":\"BreadcrumbList\",\"@id\":\"https:\/\/kruze.ee\/et\/toode\/vinga-vinga-cott-rcs-rpet-veepudel\/#breadcrumb\",\"itemListElement\":[{\"@type\":\"ListItem\",\"position\":1,\"name\":\"Home\",\"item\":\"https:\/\/kruze.ee\/et\/\"},{\"@type\":\"ListItem\",\"position\":2,\"name\":\"Tooted\",\"item\":\"https:\/\/kruze.ee\/et\/tooted\/\"},{\"@type\":\"ListItem\",\"position\":3,\"name\":\"Vinga VINGA Cott RCS RPET veepudel\"}]},{\"@type\":\"WebSite\",\"@id\":\"https:\/\/kruze.ee\/et\/#website\",\"url\":\"https:\/\/kruze.ee\/et\/\",\"name\":\"Kruze.ee\",\"description\":\"Reklaamkingitused, tr&uuml;kiga T-s&auml;rgid, fliisid, dressipluused, tekstiil, joped ja paljud teised logoga meened, &Auml;rikingitused sinu partnerile! Telli juba t&auml;na.\",\"potentialAction\":[{\"@type\":\"SearchAction\",\"target\":{\"@type\":\"EntryPoint\",\"urlTemplate\":\"https:\/\/kruze.ee\/et\/?s={search_term_string}\"},\"query-input\":{\"@type\":\"PropertyValueSpecification\",\"valueRequired\":true,\"valueName\":\"search_term_string\"}}],\"inLanguage\":\"et\"}]}<\/script>\n<!-- \/ Yoast SEO plugin. -->","yoast_head_json":{"title":"Vinga VINGA Cott RCS RPET veepudel - Kruze.ee","robots":{"index":"index","follow":"follow","max-snippet":"max-snippet:-1","max-image-preview":"max-image-preview:large","max-video-preview":"max-video-preview:-1"},"canonical":"https:\/\/kruze.ee\/et\/toode\/vinga-vinga-cott-rcs-rpet-veepudel\/","og_locale":"et_EE","og_type":"article","og_title":"Vinga VINGA Cott RCS RPET veepudel - Kruze.ee","og_description":"Stiilne ja minimalistlik veepudel, valmistatud 100% RCS-sertifikaadiga RPET-materjalist. Praktiline pudel aitab sul hoida vedelikutasakaalu nii t\u00f6\u00f6l, trennis...","og_url":"https:\/\/kruze.ee\/et\/toode\/vinga-vinga-cott-rcs-rpet-veepudel\/","og_site_name":"Kruze.ee","article_modified_time":"2026-03-16T22:21:22+00:00","twitter_card":"summary_large_image","twitter_misc":{"Est. reading time":"1 minut"},"schema":{"@context":"https:\/\/schema.org","@graph":[{"@type":"WebPage","@id":"https:\/\/kruze.ee\/et\/toode\/vinga-vinga-cott-rcs-rpet-veepudel\/","url":"https:\/\/kruze.ee\/et\/toode\/vinga-vinga-cott-rcs-rpet-veepudel\/","name":"Vinga VINGA Cott RCS RPET veepudel - Kruze.ee","isPartOf":{"@id":"https:\/\/kruze.ee\/et\/#website"},"datePublished":"2026-01-01T13:23:02+00:00","dateModified":"2026-03-16T22:21:22+00:00","breadcrumb":{"@id":"https:\/\/kruze.ee\/et\/toode\/vinga-vinga-cott-rcs-rpet-veepudel\/#breadcrumb"},"inLanguage":"et","potentialAction":[{"@type":"ReadAction","target":["https:\/\/kruze.ee\/et\/toode\/vinga-vinga-cott-rcs-rpet-veepudel\/"]}]},{"@type":"BreadcrumbList","@id":"https:\/\/kruze.ee\/et\/toode\/vinga-vinga-cott-rcs-rpet-veepudel\/#breadcrumb","itemListElement":[{"@type":"ListItem","position":1,"name":"Home","item":"https:\/\/kruze.ee\/et\/"},{"@type":"ListItem","position":2,"name":"Tooted","item":"https:\/\/kruze.ee\/et\/tooted\/"},{"@type":"ListItem","position":3,"name":"Vinga VINGA Cott RCS RPET veepudel"}]},{"@type":"WebSite","@id":"https:\/\/kruze.ee\/et\/#website","url":"https:\/\/kruze.ee\/et\/","name":"Kruze.ee","description":"Reklaamkingitused, tr&uuml;kiga T-s&auml;rgid, fliisid, dressipluused, tekstiil, joped ja paljud teised logoga meened, &Auml;rikingitused sinu partnerile! Telli juba t&auml;na.","potentialAction":[{"@type":"SearchAction","target":{"@type":"EntryPoint","urlTemplate":"https:\/\/kruze.ee\/et\/?s={search_term_string}"},"query-input":{"@type":"PropertyValueSpecification","valueRequired":true,"valueName":"search_term_string"}}],"inLanguage":"et"}]}},"_links":{"self":[{"href":"https:\/\/kruze.ee\/et\/wp-json\/wp\/v2\/product\/1429507","targetHints":{"allow":["GET"]}}],"collection":[{"href":"https:\/\/kruze.ee\/et\/wp-json\/wp\/v2\/product"}],"about":[{"href":"https:\/\/kruze.ee\/et\/wp-json\/wp\/v2\/types\/product"}],"wp:attachment":[{"href":"https:\/\/kruze.ee\/et\/wp-json\/wp\/v2\/media?parent=1429507"}],"wp:term":[{"taxonomy":"product_brand","embeddable":true,"href":"https:\/\/kruze.ee\/et\/wp-json\/wp\/v2\/product_brand?post=1429507"},{"taxonomy":"product_cat","embeddable":true,"href":"https:\/\/kruze.ee\/et\/wp-json\/wp\/v2\/product_cat?post=1429507"},{"taxonomy":"product_tag","embeddable":true,"href":"https:\/\/kruze.ee\/et\/wp-json\/wp\/v2\/product_tag?post=1429507"}],"curies":[{"name":"wp","href":"https:\/\/api.w.org\/{rel}","templated":true}]}}