{"id":1429486,"date":"2025-12-31T19:34:15","date_gmt":"2025-12-31T16:34:15","guid":{"rendered":"https:\/\/kruze.ee\/product\/rcs-sertifikaadiga-taaskasutatud-tsingisulamist-3-uhes-votmehoidja\/"},"modified":"2026-03-17T00:49:12","modified_gmt":"2026-03-16T21:49:12","slug":"rcs-sertifikaadiga-taaskasutatud-tsingisulamist-3-uhes-votmehoidja","status":"publish","type":"product","link":"https:\/\/kruze.ee\/et\/toode\/rcs-sertifikaadiga-taaskasutatud-tsingisulamist-3-uhes-votmehoidja\/","title":{"rendered":"RCS-sertifikaadiga taaskasutatud tsingisulamist 3-\u00fches v\u00f5tmehoidja."},"content":{"rendered":"<p>Mitmefunktsiooniline v\u00f5tmehoidja, mis \u00fchendab endas radiaatoriv\u00f5tme, ostuk\u00e4ru m\u00fcndi ja vastupidava pudeliavaja. Valmistatud RCS-sertifikaadiga taaskasutatud tsingisulamist. Taaskasutatud materjali osakaal on 69%, arvestatuna kogu toote kaalust. RCS-sertifikaat tagab, et taaskasutatud materjalide tarneahel on t\u00e4ielikult sertifitseeritud ja j\u00e4lgitav. Pakendatud paberpakendisse. Ostuk\u00e4ru m\u00fcndi paksus on 2,23 mm, mis on v\u00f5rreldav 1-eurose m\u00fcndiga.<\/p>\n","protected":false},"excerpt":{"rendered":"<p>Mitmefunktsiooniline v\u00f5tmehoidja, mis \u00fchendab endas radiaatoriv\u00f5tme, ostuk\u00e4ru m\u00fcndi ja vastupidava pudeliavaja. Valmistatud RCS-sertifikaadiga taaskasutatud&#8230;<\/p>\n","protected":false},"featured_media":0,"template":"","meta":[],"product_brand":[],"product_cat":[5440],"product_tag":[],"class_list":{"0":"post-1429486","1":"product","2":"type-product","3":"status-publish","5":"product_cat-votmehoidjad","6":"pa_gender-uniseks","9":"first","10":"instock","11":"purchasable","12":"product-type-simple"},"acf":[],"yoast_head":"<!-- This site is optimized with the Yoast SEO plugin v26.0 - https:\/\/yoast.com\/wordpress\/plugins\/seo\/ -->\n<title>RCS-sertifikaadiga taaskasutatud tsingisulamist 3-\u00fches v\u00f5tmehoidja. - Kruze.ee<\/title>\n<meta name=\"robots\" content=\"index, follow, max-snippet:-1, max-image-preview:large, max-video-preview:-1\" \/>\n<link rel=\"canonical\" href=\"https:\/\/kruze.ee\/et\/toode\/rcs-sertifikaadiga-taaskasutatud-tsingisulamist-3-uhes-votmehoidja\/\" \/>\n<meta property=\"og:locale\" content=\"et_EE\" \/>\n<meta property=\"og:type\" content=\"article\" \/>\n<meta property=\"og:title\" content=\"RCS-sertifikaadiga taaskasutatud tsingisulamist 3-\u00fches v\u00f5tmehoidja. - Kruze.ee\" \/>\n<meta property=\"og:description\" content=\"Mitmefunktsiooniline v\u00f5tmehoidja, mis \u00fchendab endas radiaatoriv\u00f5tme, ostuk\u00e4ru m\u00fcndi ja vastupidava pudeliavaja. Valmistatud RCS-sertifikaadiga taaskasutatud...\" \/>\n<meta property=\"og:url\" content=\"https:\/\/kruze.ee\/et\/toode\/rcs-sertifikaadiga-taaskasutatud-tsingisulamist-3-uhes-votmehoidja\/\" \/>\n<meta property=\"og:site_name\" content=\"Kruze.ee\" \/>\n<meta property=\"article:modified_time\" content=\"2026-03-16T21:49:12+00:00\" \/>\n<meta name=\"twitter:card\" content=\"summary_large_image\" \/>\n<meta name=\"twitter:label1\" content=\"Est. reading time\" \/>\n\t<meta name=\"twitter:data1\" content=\"1 minut\" \/>\n<script type=\"application\/ld+json\" class=\"yoast-schema-graph\">{\"@context\":\"https:\/\/schema.org\",\"@graph\":[{\"@type\":\"WebPage\",\"@id\":\"https:\/\/kruze.ee\/et\/toode\/rcs-sertifikaadiga-taaskasutatud-tsingisulamist-3-uhes-votmehoidja\/\",\"url\":\"https:\/\/kruze.ee\/et\/toode\/rcs-sertifikaadiga-taaskasutatud-tsingisulamist-3-uhes-votmehoidja\/\",\"name\":\"RCS-sertifikaadiga taaskasutatud tsingisulamist 3-\u00fches v\u00f5tmehoidja. - Kruze.ee\",\"isPartOf\":{\"@id\":\"https:\/\/kruze.ee\/et\/#website\"},\"datePublished\":\"2025-12-31T16:34:15+00:00\",\"dateModified\":\"2026-03-16T21:49:12+00:00\",\"breadcrumb\":{\"@id\":\"https:\/\/kruze.ee\/et\/toode\/rcs-sertifikaadiga-taaskasutatud-tsingisulamist-3-uhes-votmehoidja\/#breadcrumb\"},\"inLanguage\":\"et\",\"potentialAction\":[{\"@type\":\"ReadAction\",\"target\":[\"https:\/\/kruze.ee\/et\/toode\/rcs-sertifikaadiga-taaskasutatud-tsingisulamist-3-uhes-votmehoidja\/\"]}]},{\"@type\":\"BreadcrumbList\",\"@id\":\"https:\/\/kruze.ee\/et\/toode\/rcs-sertifikaadiga-taaskasutatud-tsingisulamist-3-uhes-votmehoidja\/#breadcrumb\",\"itemListElement\":[{\"@type\":\"ListItem\",\"position\":1,\"name\":\"Home\",\"item\":\"https:\/\/kruze.ee\/et\/\"},{\"@type\":\"ListItem\",\"position\":2,\"name\":\"Tooted\",\"item\":\"https:\/\/kruze.ee\/et\/tooted\/\"},{\"@type\":\"ListItem\",\"position\":3,\"name\":\"RCS-sertifikaadiga taaskasutatud tsingisulamist 3-\u00fches v\u00f5tmehoidja.\"}]},{\"@type\":\"WebSite\",\"@id\":\"https:\/\/kruze.ee\/et\/#website\",\"url\":\"https:\/\/kruze.ee\/et\/\",\"name\":\"Kruze.ee\",\"description\":\"Reklaamkingitused, tr&uuml;kiga T-s&auml;rgid, fliisid, dressipluused, tekstiil, joped ja paljud teised logoga meened, &Auml;rikingitused sinu partnerile! Telli juba t&auml;na.\",\"potentialAction\":[{\"@type\":\"SearchAction\",\"target\":{\"@type\":\"EntryPoint\",\"urlTemplate\":\"https:\/\/kruze.ee\/et\/?s={search_term_string}\"},\"query-input\":{\"@type\":\"PropertyValueSpecification\",\"valueRequired\":true,\"valueName\":\"search_term_string\"}}],\"inLanguage\":\"et\"}]}<\/script>\n<!-- \/ Yoast SEO plugin. -->","yoast_head_json":{"title":"RCS-sertifikaadiga taaskasutatud tsingisulamist 3-\u00fches v\u00f5tmehoidja. - Kruze.ee","robots":{"index":"index","follow":"follow","max-snippet":"max-snippet:-1","max-image-preview":"max-image-preview:large","max-video-preview":"max-video-preview:-1"},"canonical":"https:\/\/kruze.ee\/et\/toode\/rcs-sertifikaadiga-taaskasutatud-tsingisulamist-3-uhes-votmehoidja\/","og_locale":"et_EE","og_type":"article","og_title":"RCS-sertifikaadiga taaskasutatud tsingisulamist 3-\u00fches v\u00f5tmehoidja. - Kruze.ee","og_description":"Mitmefunktsiooniline v\u00f5tmehoidja, mis \u00fchendab endas radiaatoriv\u00f5tme, ostuk\u00e4ru m\u00fcndi ja vastupidava pudeliavaja. Valmistatud RCS-sertifikaadiga taaskasutatud...","og_url":"https:\/\/kruze.ee\/et\/toode\/rcs-sertifikaadiga-taaskasutatud-tsingisulamist-3-uhes-votmehoidja\/","og_site_name":"Kruze.ee","article_modified_time":"2026-03-16T21:49:12+00:00","twitter_card":"summary_large_image","twitter_misc":{"Est. reading time":"1 minut"},"schema":{"@context":"https:\/\/schema.org","@graph":[{"@type":"WebPage","@id":"https:\/\/kruze.ee\/et\/toode\/rcs-sertifikaadiga-taaskasutatud-tsingisulamist-3-uhes-votmehoidja\/","url":"https:\/\/kruze.ee\/et\/toode\/rcs-sertifikaadiga-taaskasutatud-tsingisulamist-3-uhes-votmehoidja\/","name":"RCS-sertifikaadiga taaskasutatud tsingisulamist 3-\u00fches v\u00f5tmehoidja. - Kruze.ee","isPartOf":{"@id":"https:\/\/kruze.ee\/et\/#website"},"datePublished":"2025-12-31T16:34:15+00:00","dateModified":"2026-03-16T21:49:12+00:00","breadcrumb":{"@id":"https:\/\/kruze.ee\/et\/toode\/rcs-sertifikaadiga-taaskasutatud-tsingisulamist-3-uhes-votmehoidja\/#breadcrumb"},"inLanguage":"et","potentialAction":[{"@type":"ReadAction","target":["https:\/\/kruze.ee\/et\/toode\/rcs-sertifikaadiga-taaskasutatud-tsingisulamist-3-uhes-votmehoidja\/"]}]},{"@type":"BreadcrumbList","@id":"https:\/\/kruze.ee\/et\/toode\/rcs-sertifikaadiga-taaskasutatud-tsingisulamist-3-uhes-votmehoidja\/#breadcrumb","itemListElement":[{"@type":"ListItem","position":1,"name":"Home","item":"https:\/\/kruze.ee\/et\/"},{"@type":"ListItem","position":2,"name":"Tooted","item":"https:\/\/kruze.ee\/et\/tooted\/"},{"@type":"ListItem","position":3,"name":"RCS-sertifikaadiga taaskasutatud tsingisulamist 3-\u00fches v\u00f5tmehoidja."}]},{"@type":"WebSite","@id":"https:\/\/kruze.ee\/et\/#website","url":"https:\/\/kruze.ee\/et\/","name":"Kruze.ee","description":"Reklaamkingitused, tr&uuml;kiga T-s&auml;rgid, fliisid, dressipluused, tekstiil, joped ja paljud teised logoga meened, &Auml;rikingitused sinu partnerile! Telli juba t&auml;na.","potentialAction":[{"@type":"SearchAction","target":{"@type":"EntryPoint","urlTemplate":"https:\/\/kruze.ee\/et\/?s={search_term_string}"},"query-input":{"@type":"PropertyValueSpecification","valueRequired":true,"valueName":"search_term_string"}}],"inLanguage":"et"}]}},"_links":{"self":[{"href":"https:\/\/kruze.ee\/et\/wp-json\/wp\/v2\/product\/1429486","targetHints":{"allow":["GET"]}}],"collection":[{"href":"https:\/\/kruze.ee\/et\/wp-json\/wp\/v2\/product"}],"about":[{"href":"https:\/\/kruze.ee\/et\/wp-json\/wp\/v2\/types\/product"}],"wp:attachment":[{"href":"https:\/\/kruze.ee\/et\/wp-json\/wp\/v2\/media?parent=1429486"}],"wp:term":[{"taxonomy":"product_brand","embeddable":true,"href":"https:\/\/kruze.ee\/et\/wp-json\/wp\/v2\/product_brand?post=1429486"},{"taxonomy":"product_cat","embeddable":true,"href":"https:\/\/kruze.ee\/et\/wp-json\/wp\/v2\/product_cat?post=1429486"},{"taxonomy":"product_tag","embeddable":true,"href":"https:\/\/kruze.ee\/et\/wp-json\/wp\/v2\/product_tag?post=1429486"}],"curies":[{"name":"wp","href":"https:\/\/api.w.org\/{rel}","templated":true}]}}