{"id":1429470,"date":"2025-12-31T19:33:53","date_gmt":"2025-12-31T16:33:53","guid":{"rendered":"https:\/\/kruze.ee\/product\/rcs-sertifikaadiga-taaskasutatud-abs-plastikust-yo-yo-votmehoidja\/"},"modified":"2026-03-17T00:49:09","modified_gmt":"2026-03-16T21:49:09","slug":"rcs-sertifikaadiga-taaskasutatud-abs-plastikust-yo-yo-votmehoidja","status":"publish","type":"product","link":"https:\/\/kruze.ee\/et\/toode\/rcs-sertifikaadiga-taaskasutatud-abs-plastikust-yo-yo-votmehoidja\/","title":{"rendered":"RCS-sertifikaadiga taaskasutatud ABS-plastikust yo-yo v\u00f5tmehoidja."},"content":{"rendered":"<p>Yo-yo v\u00f5tmehoidja, valmistatud RCS-sertifikaadiga taaskasutatud ABS-plastikust ja tsingisulamist. Ideaalne kasutamiseks kontoris, messidel v\u00f5i ka suusatamisel. Varustatud 60 cm n\u00f6\u00f6riga, mis v\u00f5imaldab kinnitada kaardi v\u00f5i p\u00e4\u00e4sme kiireks ja mugavaks ligip\u00e4\u00e4suks. Karabiinkonks v\u00f5imaldab kinnitada v\u00f5tmehoidja koti v\u00f5i r\u00f5ivaste k\u00fclge. Taaskasutatud materjali osakaal on 34%, arvestatuna kogu toote kogukaalust. RCS-sertifikaat tagab taaskasutatud materjalide tarneahela t\u00e4ieliku sertifitseerituse ja j\u00e4lgitavuse. Pakendatud paberpakendisse.<\/p>\n","protected":false},"excerpt":{"rendered":"<p>Yo-yo v\u00f5tmehoidja, valmistatud RCS-sertifikaadiga taaskasutatud ABS-plastikust ja tsingisulamist. Ideaalne kasutamiseks kontoris, messidel v\u00f5i ka suusatamisel&#8230;.<\/p>\n","protected":false},"featured_media":0,"template":"","meta":[],"product_brand":[],"product_cat":[5440],"product_tag":[],"class_list":{"0":"post-1429470","1":"product","2":"type-product","3":"status-publish","5":"product_cat-votmehoidjad","6":"pa_brand-xd-collection","7":"pa_color-black-2","8":"pa_color-blue-2","9":"pa_color-valge","10":"pa_gender-uniseks","12":"pa_material-recycled-abs","14":"first","15":"instock","16":"taxable","17":"shipping-taxable","18":"purchasable","19":"product-type-variable"},"acf":[],"yoast_head":"<!-- This site is optimized with the Yoast SEO plugin v26.0 - https:\/\/yoast.com\/wordpress\/plugins\/seo\/ -->\n<title>RCS-sertifikaadiga taaskasutatud ABS-plastikust yo-yo v\u00f5tmehoidja. - Kruze.ee<\/title>\n<meta name=\"robots\" content=\"index, follow, max-snippet:-1, max-image-preview:large, max-video-preview:-1\" \/>\n<link rel=\"canonical\" href=\"https:\/\/kruze.ee\/et\/toode\/rcs-sertifikaadiga-taaskasutatud-abs-plastikust-yo-yo-votmehoidja\/\" \/>\n<meta property=\"og:locale\" content=\"et_EE\" \/>\n<meta property=\"og:type\" content=\"article\" \/>\n<meta property=\"og:title\" content=\"RCS-sertifikaadiga taaskasutatud ABS-plastikust yo-yo v\u00f5tmehoidja. - Kruze.ee\" \/>\n<meta property=\"og:description\" content=\"Yo-yo v\u00f5tmehoidja, valmistatud RCS-sertifikaadiga taaskasutatud ABS-plastikust ja tsingisulamist. Ideaalne kasutamiseks kontoris, messidel v\u00f5i ka suusatamisel....\" \/>\n<meta property=\"og:url\" content=\"https:\/\/kruze.ee\/et\/toode\/rcs-sertifikaadiga-taaskasutatud-abs-plastikust-yo-yo-votmehoidja\/\" \/>\n<meta property=\"og:site_name\" content=\"Kruze.ee\" \/>\n<meta property=\"article:modified_time\" content=\"2026-03-16T21:49:09+00:00\" \/>\n<meta name=\"twitter:card\" content=\"summary_large_image\" \/>\n<meta name=\"twitter:label1\" content=\"Est. reading time\" \/>\n\t<meta name=\"twitter:data1\" content=\"1 minut\" \/>\n<script type=\"application\/ld+json\" class=\"yoast-schema-graph\">{\"@context\":\"https:\/\/schema.org\",\"@graph\":[{\"@type\":\"WebPage\",\"@id\":\"https:\/\/kruze.ee\/et\/toode\/rcs-sertifikaadiga-taaskasutatud-abs-plastikust-yo-yo-votmehoidja\/\",\"url\":\"https:\/\/kruze.ee\/et\/toode\/rcs-sertifikaadiga-taaskasutatud-abs-plastikust-yo-yo-votmehoidja\/\",\"name\":\"RCS-sertifikaadiga taaskasutatud ABS-plastikust yo-yo v\u00f5tmehoidja. - Kruze.ee\",\"isPartOf\":{\"@id\":\"https:\/\/kruze.ee\/et\/#website\"},\"datePublished\":\"2025-12-31T16:33:53+00:00\",\"dateModified\":\"2026-03-16T21:49:09+00:00\",\"breadcrumb\":{\"@id\":\"https:\/\/kruze.ee\/et\/toode\/rcs-sertifikaadiga-taaskasutatud-abs-plastikust-yo-yo-votmehoidja\/#breadcrumb\"},\"inLanguage\":\"et\",\"potentialAction\":[{\"@type\":\"ReadAction\",\"target\":[\"https:\/\/kruze.ee\/et\/toode\/rcs-sertifikaadiga-taaskasutatud-abs-plastikust-yo-yo-votmehoidja\/\"]}]},{\"@type\":\"BreadcrumbList\",\"@id\":\"https:\/\/kruze.ee\/et\/toode\/rcs-sertifikaadiga-taaskasutatud-abs-plastikust-yo-yo-votmehoidja\/#breadcrumb\",\"itemListElement\":[{\"@type\":\"ListItem\",\"position\":1,\"name\":\"Home\",\"item\":\"https:\/\/kruze.ee\/et\/\"},{\"@type\":\"ListItem\",\"position\":2,\"name\":\"Tooted\",\"item\":\"https:\/\/kruze.ee\/et\/tooted\/\"},{\"@type\":\"ListItem\",\"position\":3,\"name\":\"RCS-sertifikaadiga taaskasutatud ABS-plastikust yo-yo v\u00f5tmehoidja.\"}]},{\"@type\":\"WebSite\",\"@id\":\"https:\/\/kruze.ee\/et\/#website\",\"url\":\"https:\/\/kruze.ee\/et\/\",\"name\":\"Kruze.ee\",\"description\":\"Reklaamkingitused, tr&uuml;kiga T-s&auml;rgid, fliisid, dressipluused, tekstiil, joped ja paljud teised logoga meened, &Auml;rikingitused sinu partnerile! Telli juba t&auml;na.\",\"potentialAction\":[{\"@type\":\"SearchAction\",\"target\":{\"@type\":\"EntryPoint\",\"urlTemplate\":\"https:\/\/kruze.ee\/et\/?s={search_term_string}\"},\"query-input\":{\"@type\":\"PropertyValueSpecification\",\"valueRequired\":true,\"valueName\":\"search_term_string\"}}],\"inLanguage\":\"et\"}]}<\/script>\n<!-- \/ Yoast SEO plugin. -->","yoast_head_json":{"title":"RCS-sertifikaadiga taaskasutatud ABS-plastikust yo-yo v\u00f5tmehoidja. - Kruze.ee","robots":{"index":"index","follow":"follow","max-snippet":"max-snippet:-1","max-image-preview":"max-image-preview:large","max-video-preview":"max-video-preview:-1"},"canonical":"https:\/\/kruze.ee\/et\/toode\/rcs-sertifikaadiga-taaskasutatud-abs-plastikust-yo-yo-votmehoidja\/","og_locale":"et_EE","og_type":"article","og_title":"RCS-sertifikaadiga taaskasutatud ABS-plastikust yo-yo v\u00f5tmehoidja. - Kruze.ee","og_description":"Yo-yo v\u00f5tmehoidja, valmistatud RCS-sertifikaadiga taaskasutatud ABS-plastikust ja tsingisulamist. Ideaalne kasutamiseks kontoris, messidel v\u00f5i ka suusatamisel....","og_url":"https:\/\/kruze.ee\/et\/toode\/rcs-sertifikaadiga-taaskasutatud-abs-plastikust-yo-yo-votmehoidja\/","og_site_name":"Kruze.ee","article_modified_time":"2026-03-16T21:49:09+00:00","twitter_card":"summary_large_image","twitter_misc":{"Est. reading time":"1 minut"},"schema":{"@context":"https:\/\/schema.org","@graph":[{"@type":"WebPage","@id":"https:\/\/kruze.ee\/et\/toode\/rcs-sertifikaadiga-taaskasutatud-abs-plastikust-yo-yo-votmehoidja\/","url":"https:\/\/kruze.ee\/et\/toode\/rcs-sertifikaadiga-taaskasutatud-abs-plastikust-yo-yo-votmehoidja\/","name":"RCS-sertifikaadiga taaskasutatud ABS-plastikust yo-yo v\u00f5tmehoidja. - Kruze.ee","isPartOf":{"@id":"https:\/\/kruze.ee\/et\/#website"},"datePublished":"2025-12-31T16:33:53+00:00","dateModified":"2026-03-16T21:49:09+00:00","breadcrumb":{"@id":"https:\/\/kruze.ee\/et\/toode\/rcs-sertifikaadiga-taaskasutatud-abs-plastikust-yo-yo-votmehoidja\/#breadcrumb"},"inLanguage":"et","potentialAction":[{"@type":"ReadAction","target":["https:\/\/kruze.ee\/et\/toode\/rcs-sertifikaadiga-taaskasutatud-abs-plastikust-yo-yo-votmehoidja\/"]}]},{"@type":"BreadcrumbList","@id":"https:\/\/kruze.ee\/et\/toode\/rcs-sertifikaadiga-taaskasutatud-abs-plastikust-yo-yo-votmehoidja\/#breadcrumb","itemListElement":[{"@type":"ListItem","position":1,"name":"Home","item":"https:\/\/kruze.ee\/et\/"},{"@type":"ListItem","position":2,"name":"Tooted","item":"https:\/\/kruze.ee\/et\/tooted\/"},{"@type":"ListItem","position":3,"name":"RCS-sertifikaadiga taaskasutatud ABS-plastikust yo-yo v\u00f5tmehoidja."}]},{"@type":"WebSite","@id":"https:\/\/kruze.ee\/et\/#website","url":"https:\/\/kruze.ee\/et\/","name":"Kruze.ee","description":"Reklaamkingitused, tr&uuml;kiga T-s&auml;rgid, fliisid, dressipluused, tekstiil, joped ja paljud teised logoga meened, &Auml;rikingitused sinu partnerile! Telli juba t&auml;na.","potentialAction":[{"@type":"SearchAction","target":{"@type":"EntryPoint","urlTemplate":"https:\/\/kruze.ee\/et\/?s={search_term_string}"},"query-input":{"@type":"PropertyValueSpecification","valueRequired":true,"valueName":"search_term_string"}}],"inLanguage":"et"}]}},"_links":{"self":[{"href":"https:\/\/kruze.ee\/et\/wp-json\/wp\/v2\/product\/1429470","targetHints":{"allow":["GET"]}}],"collection":[{"href":"https:\/\/kruze.ee\/et\/wp-json\/wp\/v2\/product"}],"about":[{"href":"https:\/\/kruze.ee\/et\/wp-json\/wp\/v2\/types\/product"}],"wp:attachment":[{"href":"https:\/\/kruze.ee\/et\/wp-json\/wp\/v2\/media?parent=1429470"}],"wp:term":[{"taxonomy":"product_brand","embeddable":true,"href":"https:\/\/kruze.ee\/et\/wp-json\/wp\/v2\/product_brand?post=1429470"},{"taxonomy":"product_cat","embeddable":true,"href":"https:\/\/kruze.ee\/et\/wp-json\/wp\/v2\/product_cat?post=1429470"},{"taxonomy":"product_tag","embeddable":true,"href":"https:\/\/kruze.ee\/et\/wp-json\/wp\/v2\/product_tag?post=1429470"}],"curies":[{"name":"wp","href":"https:\/\/api.w.org\/{rel}","templated":true}]}}