{"id":1429454,"date":"2025-12-31T18:59:35","date_gmt":"2025-12-31T15:59:35","guid":{"rendered":"https:\/\/kruze.ee\/product\/vinga-baltimore-reisi-seljakott\/"},"modified":"2026-03-17T00:48:49","modified_gmt":"2026-03-16T21:48:49","slug":"vinga-baltimore-reisi-seljakott","status":"publish","type":"product","link":"https:\/\/kruze.ee\/et\/toode\/vinga-baltimore-reisi-seljakott\/","title":{"rendered":"VINGA Baltimore reisi seljakott"},"content":{"rendered":"<p>See seljakott on minimalistliku ja modernse disainiga ning pakub nutikaid hoiulahendusi, mis v\u00f5imaldavad kogu ruumi maksimaalselt \u00e4ra kasutada. Kotil on polsterdatud s\u00fclearvutitasku ning peidetud tasku seljaosal, mis sobib ideaalselt v\u00e4\u00e4rtasjade turvaliseks hoiustamiseks. T\u00e4nu mugavale suurusele, reguleeritavatele \u00f5larihmadele ja l\u00e4bim\u00f5eldud taskujaotusele on seljakotti lihtne kanda ning k\u00f5ik vajalik on alati k\u00e4ep\u00e4rast. Ideaalne kaaslane l\u00fchikesteks reisideks v\u00f5i \u00f6\u00f6bimisega v\u00e4ljas\u00f5itudeks. Valmistatud PU-materjalist, mis annab kotile vetth\u00fclgavad omadused.<\/p>\n","protected":false},"excerpt":{"rendered":"<p>See seljakott on minimalistliku ja modernse disainiga ning pakub nutikaid hoiulahendusi, mis v\u00f5imaldavad kogu ruumi maksimaalselt \u00e4ra kasutada. Kotil on&#8230;<\/p>\n","protected":false},"featured_media":0,"template":"","meta":[],"product_brand":[],"product_cat":[5392],"product_tag":[],"class_list":{"0":"post-1429454","1":"product","2":"type-product","3":"status-publish","5":"product_cat-logoga-seljakotid","6":"pa_brand-vinga-2","7":"pa_color-black-2","8":"pa_color-roheline","9":"pa_color-blue-2","10":"pa_gender-uniseks","12":"pa_material-polyesterpolyurethane","14":"first","15":"instock","16":"taxable","17":"shipping-taxable","18":"purchasable","19":"product-type-variable"},"acf":[],"yoast_head":"<!-- This site is optimized with the Yoast SEO plugin v26.0 - https:\/\/yoast.com\/wordpress\/plugins\/seo\/ -->\n<title>VINGA Baltimore reisi seljakott - Kruze.ee<\/title>\n<meta name=\"robots\" content=\"index, follow, max-snippet:-1, max-image-preview:large, max-video-preview:-1\" \/>\n<link rel=\"canonical\" href=\"https:\/\/kruze.ee\/et\/toode\/vinga-baltimore-reisi-seljakott\/\" \/>\n<meta property=\"og:locale\" content=\"et_EE\" \/>\n<meta property=\"og:type\" content=\"article\" \/>\n<meta property=\"og:title\" content=\"VINGA Baltimore reisi seljakott - Kruze.ee\" \/>\n<meta property=\"og:description\" content=\"See seljakott on minimalistliku ja modernse disainiga ning pakub nutikaid hoiulahendusi, mis v\u00f5imaldavad kogu ruumi maksimaalselt \u00e4ra kasutada. Kotil on...\" \/>\n<meta property=\"og:url\" content=\"https:\/\/kruze.ee\/et\/toode\/vinga-baltimore-reisi-seljakott\/\" \/>\n<meta property=\"og:site_name\" content=\"Kruze.ee\" \/>\n<meta property=\"article:modified_time\" content=\"2026-03-16T21:48:49+00:00\" \/>\n<meta name=\"twitter:card\" content=\"summary_large_image\" \/>\n<script type=\"application\/ld+json\" class=\"yoast-schema-graph\">{\"@context\":\"https:\/\/schema.org\",\"@graph\":[{\"@type\":\"WebPage\",\"@id\":\"https:\/\/kruze.ee\/et\/toode\/vinga-baltimore-reisi-seljakott\/\",\"url\":\"https:\/\/kruze.ee\/et\/toode\/vinga-baltimore-reisi-seljakott\/\",\"name\":\"VINGA Baltimore reisi seljakott - Kruze.ee\",\"isPartOf\":{\"@id\":\"https:\/\/kruze.ee\/et\/#website\"},\"datePublished\":\"2025-12-31T15:59:35+00:00\",\"dateModified\":\"2026-03-16T21:48:49+00:00\",\"breadcrumb\":{\"@id\":\"https:\/\/kruze.ee\/et\/toode\/vinga-baltimore-reisi-seljakott\/#breadcrumb\"},\"inLanguage\":\"et\",\"potentialAction\":[{\"@type\":\"ReadAction\",\"target\":[\"https:\/\/kruze.ee\/et\/toode\/vinga-baltimore-reisi-seljakott\/\"]}]},{\"@type\":\"BreadcrumbList\",\"@id\":\"https:\/\/kruze.ee\/et\/toode\/vinga-baltimore-reisi-seljakott\/#breadcrumb\",\"itemListElement\":[{\"@type\":\"ListItem\",\"position\":1,\"name\":\"Home\",\"item\":\"https:\/\/kruze.ee\/et\/\"},{\"@type\":\"ListItem\",\"position\":2,\"name\":\"Tooted\",\"item\":\"https:\/\/kruze.ee\/et\/tooted\/\"},{\"@type\":\"ListItem\",\"position\":3,\"name\":\"VINGA Baltimore reisi seljakott\"}]},{\"@type\":\"WebSite\",\"@id\":\"https:\/\/kruze.ee\/et\/#website\",\"url\":\"https:\/\/kruze.ee\/et\/\",\"name\":\"Kruze.ee\",\"description\":\"Reklaamkingitused, tr&uuml;kiga T-s&auml;rgid, fliisid, dressipluused, tekstiil, joped ja paljud teised logoga meened, &Auml;rikingitused sinu partnerile! Telli juba t&auml;na.\",\"potentialAction\":[{\"@type\":\"SearchAction\",\"target\":{\"@type\":\"EntryPoint\",\"urlTemplate\":\"https:\/\/kruze.ee\/et\/?s={search_term_string}\"},\"query-input\":{\"@type\":\"PropertyValueSpecification\",\"valueRequired\":true,\"valueName\":\"search_term_string\"}}],\"inLanguage\":\"et\"}]}<\/script>\n<!-- \/ Yoast SEO plugin. -->","yoast_head_json":{"title":"VINGA Baltimore reisi seljakott - Kruze.ee","robots":{"index":"index","follow":"follow","max-snippet":"max-snippet:-1","max-image-preview":"max-image-preview:large","max-video-preview":"max-video-preview:-1"},"canonical":"https:\/\/kruze.ee\/et\/toode\/vinga-baltimore-reisi-seljakott\/","og_locale":"et_EE","og_type":"article","og_title":"VINGA Baltimore reisi seljakott - Kruze.ee","og_description":"See seljakott on minimalistliku ja modernse disainiga ning pakub nutikaid hoiulahendusi, mis v\u00f5imaldavad kogu ruumi maksimaalselt \u00e4ra kasutada. Kotil on...","og_url":"https:\/\/kruze.ee\/et\/toode\/vinga-baltimore-reisi-seljakott\/","og_site_name":"Kruze.ee","article_modified_time":"2026-03-16T21:48:49+00:00","twitter_card":"summary_large_image","schema":{"@context":"https:\/\/schema.org","@graph":[{"@type":"WebPage","@id":"https:\/\/kruze.ee\/et\/toode\/vinga-baltimore-reisi-seljakott\/","url":"https:\/\/kruze.ee\/et\/toode\/vinga-baltimore-reisi-seljakott\/","name":"VINGA Baltimore reisi seljakott - Kruze.ee","isPartOf":{"@id":"https:\/\/kruze.ee\/et\/#website"},"datePublished":"2025-12-31T15:59:35+00:00","dateModified":"2026-03-16T21:48:49+00:00","breadcrumb":{"@id":"https:\/\/kruze.ee\/et\/toode\/vinga-baltimore-reisi-seljakott\/#breadcrumb"},"inLanguage":"et","potentialAction":[{"@type":"ReadAction","target":["https:\/\/kruze.ee\/et\/toode\/vinga-baltimore-reisi-seljakott\/"]}]},{"@type":"BreadcrumbList","@id":"https:\/\/kruze.ee\/et\/toode\/vinga-baltimore-reisi-seljakott\/#breadcrumb","itemListElement":[{"@type":"ListItem","position":1,"name":"Home","item":"https:\/\/kruze.ee\/et\/"},{"@type":"ListItem","position":2,"name":"Tooted","item":"https:\/\/kruze.ee\/et\/tooted\/"},{"@type":"ListItem","position":3,"name":"VINGA Baltimore reisi seljakott"}]},{"@type":"WebSite","@id":"https:\/\/kruze.ee\/et\/#website","url":"https:\/\/kruze.ee\/et\/","name":"Kruze.ee","description":"Reklaamkingitused, tr&uuml;kiga T-s&auml;rgid, fliisid, dressipluused, tekstiil, joped ja paljud teised logoga meened, &Auml;rikingitused sinu partnerile! Telli juba t&auml;na.","potentialAction":[{"@type":"SearchAction","target":{"@type":"EntryPoint","urlTemplate":"https:\/\/kruze.ee\/et\/?s={search_term_string}"},"query-input":{"@type":"PropertyValueSpecification","valueRequired":true,"valueName":"search_term_string"}}],"inLanguage":"et"}]}},"_links":{"self":[{"href":"https:\/\/kruze.ee\/et\/wp-json\/wp\/v2\/product\/1429454","targetHints":{"allow":["GET"]}}],"collection":[{"href":"https:\/\/kruze.ee\/et\/wp-json\/wp\/v2\/product"}],"about":[{"href":"https:\/\/kruze.ee\/et\/wp-json\/wp\/v2\/types\/product"}],"wp:attachment":[{"href":"https:\/\/kruze.ee\/et\/wp-json\/wp\/v2\/media?parent=1429454"}],"wp:term":[{"taxonomy":"product_brand","embeddable":true,"href":"https:\/\/kruze.ee\/et\/wp-json\/wp\/v2\/product_brand?post=1429454"},{"taxonomy":"product_cat","embeddable":true,"href":"https:\/\/kruze.ee\/et\/wp-json\/wp\/v2\/product_cat?post=1429454"},{"taxonomy":"product_tag","embeddable":true,"href":"https:\/\/kruze.ee\/et\/wp-json\/wp\/v2\/product_tag?post=1429454"}],"curies":[{"name":"wp","href":"https:\/\/api.w.org\/{rel}","templated":true}]}}