{"id":1429446,"date":"2025-12-31T18:54:21","date_gmt":"2025-12-31T15:54:21","guid":{"rendered":"https:\/\/kruze.ee\/product\/vinga-bosler-umbertoodeldud-kangast-seljakott-grs\/"},"modified":"2026-03-17T00:48:57","modified_gmt":"2026-03-16T21:48:57","slug":"vinga-bosler-umbertoodeldud-kangast-seljakott-grs","status":"publish","type":"product","link":"https:\/\/kruze.ee\/et\/toode\/vinga-bosler-umbertoodeldud-kangast-seljakott-grs\/","title":{"rendered":"VINGA Bosler \u00fcmbert\u00f6\u00f6deldud kangast seljakott GRS"},"content":{"rendered":"<p>Elegantne ja kvaliteetne arvutikott, mis on valmistatud 62% ulatuses taaskasutatud materjalidest. Polsterdatud s\u00fclearvutiosa mahutab kuni 17-tollise s\u00fclearvuti ning t\u00e4nu vastupidavatele materjalidele ja ajatu disainile sobib see kott kasutamiseks paljudeks aastateks. Valmistatud GRS-sertifikaadiga (Global Recycled Standard) taaskasutatud materjalidest, kusjuures GRS-sertifikaat tagab kogu taaskasutatud materjalide tarneahela t\u00e4ieliku sertifitseerituse ja j\u00e4lgitavuse. Taaskasutatud materjalide osakaal on arvestatud kogu toote kogukaalu p\u00f5hjal.<\/p>\n","protected":false},"excerpt":{"rendered":"<p>Elegantne ja kvaliteetne arvutikott, mis on valmistatud 62% ulatuses taaskasutatud materjalidest. Polsterdatud s\u00fclearvutiosa mahutab kuni 17-tollise s\u00fclearvuti&#8230;<\/p>\n","protected":false},"featured_media":0,"template":"","meta":[],"product_brand":[],"product_cat":[5392],"product_tag":[],"class_list":{"0":"post-1429446","1":"product","2":"type-product","3":"status-publish","5":"product_cat-logoga-seljakotid","6":"pa_brand-vinga-2","7":"pa_color-black-2","8":"pa_color-roheline","9":"pa_color-blue-2","10":"pa_gender-uniseks","11":"pa_gender-unisex","14":"pa_material-recycled-canvaspolyester","16":"first","17":"instock","18":"taxable","19":"shipping-taxable","20":"purchasable","21":"product-type-variable"},"acf":[],"yoast_head":"<!-- This site is optimized with the Yoast SEO plugin v26.0 - https:\/\/yoast.com\/wordpress\/plugins\/seo\/ -->\n<title>VINGA Bosler \u00fcmbert\u00f6\u00f6deldud kangast seljakott GRS - Kruze.ee<\/title>\n<meta name=\"robots\" content=\"index, follow, max-snippet:-1, max-image-preview:large, max-video-preview:-1\" \/>\n<link rel=\"canonical\" href=\"https:\/\/kruze.ee\/et\/toode\/vinga-bosler-umbertoodeldud-kangast-seljakott-grs\/\" \/>\n<meta property=\"og:locale\" content=\"et_EE\" \/>\n<meta property=\"og:type\" content=\"article\" \/>\n<meta property=\"og:title\" content=\"VINGA Bosler \u00fcmbert\u00f6\u00f6deldud kangast seljakott GRS - Kruze.ee\" \/>\n<meta property=\"og:description\" content=\"Elegantne ja kvaliteetne arvutikott, mis on valmistatud 62% ulatuses taaskasutatud materjalidest. Polsterdatud s\u00fclearvutiosa mahutab kuni 17-tollise s\u00fclearvuti...\" \/>\n<meta property=\"og:url\" content=\"https:\/\/kruze.ee\/et\/toode\/vinga-bosler-umbertoodeldud-kangast-seljakott-grs\/\" \/>\n<meta property=\"og:site_name\" content=\"Kruze.ee\" \/>\n<meta property=\"article:modified_time\" content=\"2026-03-16T21:48:57+00:00\" \/>\n<meta name=\"twitter:card\" content=\"summary_large_image\" \/>\n<script type=\"application\/ld+json\" class=\"yoast-schema-graph\">{\"@context\":\"https:\/\/schema.org\",\"@graph\":[{\"@type\":\"WebPage\",\"@id\":\"https:\/\/kruze.ee\/et\/toode\/vinga-bosler-umbertoodeldud-kangast-seljakott-grs\/\",\"url\":\"https:\/\/kruze.ee\/et\/toode\/vinga-bosler-umbertoodeldud-kangast-seljakott-grs\/\",\"name\":\"VINGA Bosler \u00fcmbert\u00f6\u00f6deldud kangast seljakott GRS - Kruze.ee\",\"isPartOf\":{\"@id\":\"https:\/\/kruze.ee\/et\/#website\"},\"datePublished\":\"2025-12-31T15:54:21+00:00\",\"dateModified\":\"2026-03-16T21:48:57+00:00\",\"breadcrumb\":{\"@id\":\"https:\/\/kruze.ee\/et\/toode\/vinga-bosler-umbertoodeldud-kangast-seljakott-grs\/#breadcrumb\"},\"inLanguage\":\"et\",\"potentialAction\":[{\"@type\":\"ReadAction\",\"target\":[\"https:\/\/kruze.ee\/et\/toode\/vinga-bosler-umbertoodeldud-kangast-seljakott-grs\/\"]}]},{\"@type\":\"BreadcrumbList\",\"@id\":\"https:\/\/kruze.ee\/et\/toode\/vinga-bosler-umbertoodeldud-kangast-seljakott-grs\/#breadcrumb\",\"itemListElement\":[{\"@type\":\"ListItem\",\"position\":1,\"name\":\"Home\",\"item\":\"https:\/\/kruze.ee\/et\/\"},{\"@type\":\"ListItem\",\"position\":2,\"name\":\"Tooted\",\"item\":\"https:\/\/kruze.ee\/et\/tooted\/\"},{\"@type\":\"ListItem\",\"position\":3,\"name\":\"VINGA Bosler \u00fcmbert\u00f6\u00f6deldud kangast seljakott GRS\"}]},{\"@type\":\"WebSite\",\"@id\":\"https:\/\/kruze.ee\/et\/#website\",\"url\":\"https:\/\/kruze.ee\/et\/\",\"name\":\"Kruze.ee\",\"description\":\"Reklaamkingitused, tr&uuml;kiga T-s&auml;rgid, fliisid, dressipluused, tekstiil, joped ja paljud teised logoga meened, &Auml;rikingitused sinu partnerile! Telli juba t&auml;na.\",\"potentialAction\":[{\"@type\":\"SearchAction\",\"target\":{\"@type\":\"EntryPoint\",\"urlTemplate\":\"https:\/\/kruze.ee\/et\/?s={search_term_string}\"},\"query-input\":{\"@type\":\"PropertyValueSpecification\",\"valueRequired\":true,\"valueName\":\"search_term_string\"}}],\"inLanguage\":\"et\"}]}<\/script>\n<!-- \/ Yoast SEO plugin. -->","yoast_head_json":{"title":"VINGA Bosler \u00fcmbert\u00f6\u00f6deldud kangast seljakott GRS - Kruze.ee","robots":{"index":"index","follow":"follow","max-snippet":"max-snippet:-1","max-image-preview":"max-image-preview:large","max-video-preview":"max-video-preview:-1"},"canonical":"https:\/\/kruze.ee\/et\/toode\/vinga-bosler-umbertoodeldud-kangast-seljakott-grs\/","og_locale":"et_EE","og_type":"article","og_title":"VINGA Bosler \u00fcmbert\u00f6\u00f6deldud kangast seljakott GRS - Kruze.ee","og_description":"Elegantne ja kvaliteetne arvutikott, mis on valmistatud 62% ulatuses taaskasutatud materjalidest. Polsterdatud s\u00fclearvutiosa mahutab kuni 17-tollise s\u00fclearvuti...","og_url":"https:\/\/kruze.ee\/et\/toode\/vinga-bosler-umbertoodeldud-kangast-seljakott-grs\/","og_site_name":"Kruze.ee","article_modified_time":"2026-03-16T21:48:57+00:00","twitter_card":"summary_large_image","schema":{"@context":"https:\/\/schema.org","@graph":[{"@type":"WebPage","@id":"https:\/\/kruze.ee\/et\/toode\/vinga-bosler-umbertoodeldud-kangast-seljakott-grs\/","url":"https:\/\/kruze.ee\/et\/toode\/vinga-bosler-umbertoodeldud-kangast-seljakott-grs\/","name":"VINGA Bosler \u00fcmbert\u00f6\u00f6deldud kangast seljakott GRS - Kruze.ee","isPartOf":{"@id":"https:\/\/kruze.ee\/et\/#website"},"datePublished":"2025-12-31T15:54:21+00:00","dateModified":"2026-03-16T21:48:57+00:00","breadcrumb":{"@id":"https:\/\/kruze.ee\/et\/toode\/vinga-bosler-umbertoodeldud-kangast-seljakott-grs\/#breadcrumb"},"inLanguage":"et","potentialAction":[{"@type":"ReadAction","target":["https:\/\/kruze.ee\/et\/toode\/vinga-bosler-umbertoodeldud-kangast-seljakott-grs\/"]}]},{"@type":"BreadcrumbList","@id":"https:\/\/kruze.ee\/et\/toode\/vinga-bosler-umbertoodeldud-kangast-seljakott-grs\/#breadcrumb","itemListElement":[{"@type":"ListItem","position":1,"name":"Home","item":"https:\/\/kruze.ee\/et\/"},{"@type":"ListItem","position":2,"name":"Tooted","item":"https:\/\/kruze.ee\/et\/tooted\/"},{"@type":"ListItem","position":3,"name":"VINGA Bosler \u00fcmbert\u00f6\u00f6deldud kangast seljakott GRS"}]},{"@type":"WebSite","@id":"https:\/\/kruze.ee\/et\/#website","url":"https:\/\/kruze.ee\/et\/","name":"Kruze.ee","description":"Reklaamkingitused, tr&uuml;kiga T-s&auml;rgid, fliisid, dressipluused, tekstiil, joped ja paljud teised logoga meened, &Auml;rikingitused sinu partnerile! Telli juba t&auml;na.","potentialAction":[{"@type":"SearchAction","target":{"@type":"EntryPoint","urlTemplate":"https:\/\/kruze.ee\/et\/?s={search_term_string}"},"query-input":{"@type":"PropertyValueSpecification","valueRequired":true,"valueName":"search_term_string"}}],"inLanguage":"et"}]}},"_links":{"self":[{"href":"https:\/\/kruze.ee\/et\/wp-json\/wp\/v2\/product\/1429446","targetHints":{"allow":["GET"]}}],"collection":[{"href":"https:\/\/kruze.ee\/et\/wp-json\/wp\/v2\/product"}],"about":[{"href":"https:\/\/kruze.ee\/et\/wp-json\/wp\/v2\/types\/product"}],"wp:attachment":[{"href":"https:\/\/kruze.ee\/et\/wp-json\/wp\/v2\/media?parent=1429446"}],"wp:term":[{"taxonomy":"product_brand","embeddable":true,"href":"https:\/\/kruze.ee\/et\/wp-json\/wp\/v2\/product_brand?post=1429446"},{"taxonomy":"product_cat","embeddable":true,"href":"https:\/\/kruze.ee\/et\/wp-json\/wp\/v2\/product_cat?post=1429446"},{"taxonomy":"product_tag","embeddable":true,"href":"https:\/\/kruze.ee\/et\/wp-json\/wp\/v2\/product_tag?post=1429446"}],"curies":[{"name":"wp","href":"https:\/\/api.w.org\/{rel}","templated":true}]}}