{"id":1429438,"date":"2025-12-30T15:34:20","date_gmt":"2025-12-30T12:34:20","guid":{"rendered":"https:\/\/kruze.ee\/product\/projob-6514-voodriga-toopuksid-en-iso-20471-klass-2\/"},"modified":"2025-12-30T15:34:22","modified_gmt":"2025-12-30T12:34:22","slug":"projob-6514-voodriga-toopuksid-en-iso-20471-klass-2","status":"publish","type":"product","link":"https:\/\/kruze.ee\/et\/toode\/projob-6514-voodriga-toopuksid-en-iso-20471-klass-2\/","title":{"rendered":"ProJob 6514 voodriga t\u00f6\u00f6p\u00fcksid EN ISO 20471 klass 2"},"content":{"rendered":"<p>Vodriga t\u00f6\u00f6p\u00fcksid, tuule- ja veekindlast materjalist, teibitud \u00f5mblustega. Funktsionaalne kangas juhib kehast liigse soojuse eemale, takistades samal ajal tuule ja vee sissep\u00e4\u00e4su.<br \/>\nEriti k\u00f5rge v\u00f6\u00f6koht hoiab \u00e4ra vahed ning on k\u00fclgedelt reguleeritav takjakinnitusega. P\u00fcksid on fliisvoodriga, mis tagab parema soojuse ja kandmismugavuse.Tagumine v\u00f6\u00f6aas on laiem, et v\u00e4hendada v\u00f6\u00f6 tekitatavat survet. Mahukad k\u00fcljetaskud ning reietaskud: vasakul klapi ja trukkkinnitusega tasku, sees telefonitasku ja ID-kaardi hoidik; paremal tasku volditava m\u00f5\u00f5dulindi jaoks ning t\u00f6\u00f6riistatasku noanupuga. Tagataskud on lisalaiusega ja takjakinnitusega.S\u00e4\u00e4rte v\u00e4lisk\u00fclgedel on pikad lukud kuni p\u00f5lvedeni, mis h\u00f5lbustavad p\u00fckste selga panemist ja \u00e4rav\u00f5tmist. S\u00e4\u00e4reotste laius on reguleeritav trukkidega. Eelvormitud p\u00f5lved ning sisemised taskud p\u00f5lvekaitsmete jaoks, reguleeritavad kahel k\u00f5rgusel.Taskud, s\u00e4\u00e4reotsad ja p\u00f5lveosad on Cordura\u00ae-tugevdustega, mis tagavad suurema vastupidavuse ja pika kasutusea.<\/p>\n","protected":false},"excerpt":{"rendered":"<p>Vodriga t\u00f6\u00f6p\u00fcksid, tuule- ja veekindlast materjalist, teibitud \u00f5mblustega. Funktsionaalne kangas juhib kehast liigse soojuse eemale, takistades samal ajal&#8230;<\/p>\n","protected":false},"featured_media":0,"template":"","meta":[],"product_brand":[],"product_cat":[3031],"product_tag":[],"class_list":{"0":"post-1429438","1":"product","2":"type-product","3":"status-publish","5":"product_cat-other-giveaways","6":"pa_brand-projob","7":"pa_gender-uniseks","8":"pa_gender-unisex","9":"pa_material-100-polyester-190-gm2-reinforcements-100-polyamide-lining-100-polyester","10":"pa_size-d100","11":"pa_size-d104","12":"pa_size-d108","13":"pa_size-d112","15":"first","16":"instock","17":"taxable","18":"shipping-taxable","19":"purchasable","20":"product-type-variable"},"acf":[],"yoast_head":"<!-- This site is optimized with the Yoast SEO plugin v26.0 - https:\/\/yoast.com\/wordpress\/plugins\/seo\/ -->\n<title>ProJob 6514 voodriga t\u00f6\u00f6p\u00fcksid EN ISO 20471 klass 2 - Kruze.ee<\/title>\n<meta name=\"robots\" content=\"index, follow, max-snippet:-1, max-image-preview:large, max-video-preview:-1\" \/>\n<link rel=\"canonical\" href=\"https:\/\/kruze.ee\/et\/toode\/projob-6514-voodriga-toopuksid-en-iso-20471-klass-2\/\" \/>\n<meta property=\"og:locale\" content=\"et_EE\" \/>\n<meta property=\"og:type\" content=\"article\" \/>\n<meta property=\"og:title\" content=\"ProJob 6514 voodriga t\u00f6\u00f6p\u00fcksid EN ISO 20471 klass 2 - Kruze.ee\" \/>\n<meta property=\"og:description\" content=\"Vodriga t\u00f6\u00f6p\u00fcksid, tuule- ja veekindlast materjalist, teibitud \u00f5mblustega. Funktsionaalne kangas juhib kehast liigse soojuse eemale, takistades samal ajal...\" \/>\n<meta property=\"og:url\" content=\"https:\/\/kruze.ee\/et\/toode\/projob-6514-voodriga-toopuksid-en-iso-20471-klass-2\/\" \/>\n<meta property=\"og:site_name\" content=\"Kruze.ee\" \/>\n<meta property=\"article:modified_time\" content=\"2025-12-30T12:34:22+00:00\" \/>\n<meta name=\"twitter:card\" content=\"summary_large_image\" \/>\n<meta name=\"twitter:label1\" content=\"Est. reading time\" \/>\n\t<meta name=\"twitter:data1\" content=\"1 minut\" \/>\n<script type=\"application\/ld+json\" class=\"yoast-schema-graph\">{\"@context\":\"https:\/\/schema.org\",\"@graph\":[{\"@type\":\"WebPage\",\"@id\":\"https:\/\/kruze.ee\/et\/toode\/projob-6514-voodriga-toopuksid-en-iso-20471-klass-2\/\",\"url\":\"https:\/\/kruze.ee\/et\/toode\/projob-6514-voodriga-toopuksid-en-iso-20471-klass-2\/\",\"name\":\"ProJob 6514 voodriga t\u00f6\u00f6p\u00fcksid EN ISO 20471 klass 2 - Kruze.ee\",\"isPartOf\":{\"@id\":\"https:\/\/kruze.ee\/et\/#website\"},\"datePublished\":\"2025-12-30T12:34:20+00:00\",\"dateModified\":\"2025-12-30T12:34:22+00:00\",\"breadcrumb\":{\"@id\":\"https:\/\/kruze.ee\/et\/toode\/projob-6514-voodriga-toopuksid-en-iso-20471-klass-2\/#breadcrumb\"},\"inLanguage\":\"et\",\"potentialAction\":[{\"@type\":\"ReadAction\",\"target\":[\"https:\/\/kruze.ee\/et\/toode\/projob-6514-voodriga-toopuksid-en-iso-20471-klass-2\/\"]}]},{\"@type\":\"BreadcrumbList\",\"@id\":\"https:\/\/kruze.ee\/et\/toode\/projob-6514-voodriga-toopuksid-en-iso-20471-klass-2\/#breadcrumb\",\"itemListElement\":[{\"@type\":\"ListItem\",\"position\":1,\"name\":\"Home\",\"item\":\"https:\/\/kruze.ee\/et\/\"},{\"@type\":\"ListItem\",\"position\":2,\"name\":\"Tooted\",\"item\":\"https:\/\/kruze.ee\/et\/tooted\/\"},{\"@type\":\"ListItem\",\"position\":3,\"name\":\"ProJob 6514 voodriga t\u00f6\u00f6p\u00fcksid EN ISO 20471 klass 2\"}]},{\"@type\":\"WebSite\",\"@id\":\"https:\/\/kruze.ee\/et\/#website\",\"url\":\"https:\/\/kruze.ee\/et\/\",\"name\":\"Kruze.ee\",\"description\":\"Reklaamkingitused, tr&uuml;kiga T-s&auml;rgid, fliisid, dressipluused, tekstiil, joped ja paljud teised logoga meened, &Auml;rikingitused sinu partnerile! Telli juba t&auml;na.\",\"potentialAction\":[{\"@type\":\"SearchAction\",\"target\":{\"@type\":\"EntryPoint\",\"urlTemplate\":\"https:\/\/kruze.ee\/et\/?s={search_term_string}\"},\"query-input\":{\"@type\":\"PropertyValueSpecification\",\"valueRequired\":true,\"valueName\":\"search_term_string\"}}],\"inLanguage\":\"et\"}]}<\/script>\n<!-- \/ Yoast SEO plugin. -->","yoast_head_json":{"title":"ProJob 6514 voodriga t\u00f6\u00f6p\u00fcksid EN ISO 20471 klass 2 - Kruze.ee","robots":{"index":"index","follow":"follow","max-snippet":"max-snippet:-1","max-image-preview":"max-image-preview:large","max-video-preview":"max-video-preview:-1"},"canonical":"https:\/\/kruze.ee\/et\/toode\/projob-6514-voodriga-toopuksid-en-iso-20471-klass-2\/","og_locale":"et_EE","og_type":"article","og_title":"ProJob 6514 voodriga t\u00f6\u00f6p\u00fcksid EN ISO 20471 klass 2 - Kruze.ee","og_description":"Vodriga t\u00f6\u00f6p\u00fcksid, tuule- ja veekindlast materjalist, teibitud \u00f5mblustega. Funktsionaalne kangas juhib kehast liigse soojuse eemale, takistades samal ajal...","og_url":"https:\/\/kruze.ee\/et\/toode\/projob-6514-voodriga-toopuksid-en-iso-20471-klass-2\/","og_site_name":"Kruze.ee","article_modified_time":"2025-12-30T12:34:22+00:00","twitter_card":"summary_large_image","twitter_misc":{"Est. reading time":"1 minut"},"schema":{"@context":"https:\/\/schema.org","@graph":[{"@type":"WebPage","@id":"https:\/\/kruze.ee\/et\/toode\/projob-6514-voodriga-toopuksid-en-iso-20471-klass-2\/","url":"https:\/\/kruze.ee\/et\/toode\/projob-6514-voodriga-toopuksid-en-iso-20471-klass-2\/","name":"ProJob 6514 voodriga t\u00f6\u00f6p\u00fcksid EN ISO 20471 klass 2 - Kruze.ee","isPartOf":{"@id":"https:\/\/kruze.ee\/et\/#website"},"datePublished":"2025-12-30T12:34:20+00:00","dateModified":"2025-12-30T12:34:22+00:00","breadcrumb":{"@id":"https:\/\/kruze.ee\/et\/toode\/projob-6514-voodriga-toopuksid-en-iso-20471-klass-2\/#breadcrumb"},"inLanguage":"et","potentialAction":[{"@type":"ReadAction","target":["https:\/\/kruze.ee\/et\/toode\/projob-6514-voodriga-toopuksid-en-iso-20471-klass-2\/"]}]},{"@type":"BreadcrumbList","@id":"https:\/\/kruze.ee\/et\/toode\/projob-6514-voodriga-toopuksid-en-iso-20471-klass-2\/#breadcrumb","itemListElement":[{"@type":"ListItem","position":1,"name":"Home","item":"https:\/\/kruze.ee\/et\/"},{"@type":"ListItem","position":2,"name":"Tooted","item":"https:\/\/kruze.ee\/et\/tooted\/"},{"@type":"ListItem","position":3,"name":"ProJob 6514 voodriga t\u00f6\u00f6p\u00fcksid EN ISO 20471 klass 2"}]},{"@type":"WebSite","@id":"https:\/\/kruze.ee\/et\/#website","url":"https:\/\/kruze.ee\/et\/","name":"Kruze.ee","description":"Reklaamkingitused, tr&uuml;kiga T-s&auml;rgid, fliisid, dressipluused, tekstiil, joped ja paljud teised logoga meened, &Auml;rikingitused sinu partnerile! Telli juba t&auml;na.","potentialAction":[{"@type":"SearchAction","target":{"@type":"EntryPoint","urlTemplate":"https:\/\/kruze.ee\/et\/?s={search_term_string}"},"query-input":{"@type":"PropertyValueSpecification","valueRequired":true,"valueName":"search_term_string"}}],"inLanguage":"et"}]}},"_links":{"self":[{"href":"https:\/\/kruze.ee\/et\/wp-json\/wp\/v2\/product\/1429438","targetHints":{"allow":["GET"]}}],"collection":[{"href":"https:\/\/kruze.ee\/et\/wp-json\/wp\/v2\/product"}],"about":[{"href":"https:\/\/kruze.ee\/et\/wp-json\/wp\/v2\/types\/product"}],"wp:attachment":[{"href":"https:\/\/kruze.ee\/et\/wp-json\/wp\/v2\/media?parent=1429438"}],"wp:term":[{"taxonomy":"product_brand","embeddable":true,"href":"https:\/\/kruze.ee\/et\/wp-json\/wp\/v2\/product_brand?post=1429438"},{"taxonomy":"product_cat","embeddable":true,"href":"https:\/\/kruze.ee\/et\/wp-json\/wp\/v2\/product_cat?post=1429438"},{"taxonomy":"product_tag","embeddable":true,"href":"https:\/\/kruze.ee\/et\/wp-json\/wp\/v2\/product_tag?post=1429438"}],"curies":[{"name":"wp","href":"https:\/\/api.w.org\/{rel}","templated":true}]}}