{"id":1429406,"date":"2025-12-26T13:39:06","date_gmt":"2025-12-26T10:39:06","guid":{"rendered":"https:\/\/kruze.ee\/product\/impact-aware-laptop-15-6-sulearvuti-kott\/"},"modified":"2026-03-17T00:59:31","modified_gmt":"2026-03-16T21:59:31","slug":"impact-aware-laptop-15-6-sulearvuti-kott","status":"publish","type":"product","link":"https:\/\/kruze.ee\/et\/toode\/impact-aware-laptop-15-6-sulearvuti-kott\/","title":{"rendered":"Impact Aware\u2122 laptop 15.6&#8243; s\u00fclearvuti kott"},"content":{"rendered":"<p>Hoiusta oma s\u00fclearvuti turvaliselt puhta ja minimalistliku disainiga 15,6-tollises lukuga s\u00fclearvutikotis. Valmistatud taaskasutatud pol\u00fcestrist. Varustatud AWARE\u2122 tracer-lahendusega, mis kinnitab taaskasutatud materjalide kasutust. Iga s\u00fclearvutikoti valmistamisel on taaskasutatud \u2026 PET-pudelit.<\/p>\n","protected":false},"excerpt":{"rendered":"<p>Hoiusta oma s\u00fclearvuti turvaliselt puhta ja minimalistliku disainiga 15,6-tollises lukuga s\u00fclearvutikotis. Valmistatud taaskasutatud pol\u00fcestrist. Varustatud&#8230;<\/p>\n","protected":false},"featured_media":0,"template":"","meta":[],"product_brand":[],"product_cat":[5398],"product_tag":[],"class_list":{"0":"post-1429406","1":"product","2":"type-product","3":"status-publish","5":"product_cat-sulearvutikotid-kotid","6":"pa_gender-uniseks","7":"pa_gender-unisex","11":"first","12":"instock","13":"purchasable","14":"product-type-simple"},"acf":[],"yoast_head":"<!-- This site is optimized with the Yoast SEO plugin v26.0 - https:\/\/yoast.com\/wordpress\/plugins\/seo\/ -->\n<title>Impact Aware\u2122 laptop 15.6&quot; s\u00fclearvuti kott - Kruze.ee<\/title>\n<meta name=\"robots\" content=\"index, follow, max-snippet:-1, max-image-preview:large, max-video-preview:-1\" \/>\n<link rel=\"canonical\" href=\"https:\/\/kruze.ee\/et\/toode\/impact-aware-laptop-15-6-sulearvuti-kott\/\" \/>\n<meta property=\"og:locale\" content=\"et_EE\" \/>\n<meta property=\"og:type\" content=\"article\" \/>\n<meta property=\"og:title\" content=\"Impact Aware\u2122 laptop 15.6&quot; s\u00fclearvuti kott - Kruze.ee\" \/>\n<meta property=\"og:description\" content=\"Hoiusta oma s\u00fclearvuti turvaliselt puhta ja minimalistliku disainiga 15,6-tollises lukuga s\u00fclearvutikotis. Valmistatud taaskasutatud pol\u00fcestrist. Varustatud...\" \/>\n<meta property=\"og:url\" content=\"https:\/\/kruze.ee\/et\/toode\/impact-aware-laptop-15-6-sulearvuti-kott\/\" \/>\n<meta property=\"og:site_name\" content=\"Kruze.ee\" \/>\n<meta property=\"article:modified_time\" content=\"2026-03-16T21:59:31+00:00\" \/>\n<meta name=\"twitter:card\" content=\"summary_large_image\" \/>\n<meta name=\"twitter:label1\" content=\"Est. reading time\" \/>\n\t<meta name=\"twitter:data1\" content=\"1 minut\" \/>\n<script type=\"application\/ld+json\" class=\"yoast-schema-graph\">{\"@context\":\"https:\/\/schema.org\",\"@graph\":[{\"@type\":\"WebPage\",\"@id\":\"https:\/\/kruze.ee\/et\/toode\/impact-aware-laptop-15-6-sulearvuti-kott\/\",\"url\":\"https:\/\/kruze.ee\/et\/toode\/impact-aware-laptop-15-6-sulearvuti-kott\/\",\"name\":\"Impact Aware\u2122 laptop 15.6\\\" s\u00fclearvuti kott - Kruze.ee\",\"isPartOf\":{\"@id\":\"https:\/\/kruze.ee\/et\/#website\"},\"datePublished\":\"2025-12-26T10:39:06+00:00\",\"dateModified\":\"2026-03-16T21:59:31+00:00\",\"breadcrumb\":{\"@id\":\"https:\/\/kruze.ee\/et\/toode\/impact-aware-laptop-15-6-sulearvuti-kott\/#breadcrumb\"},\"inLanguage\":\"et\",\"potentialAction\":[{\"@type\":\"ReadAction\",\"target\":[\"https:\/\/kruze.ee\/et\/toode\/impact-aware-laptop-15-6-sulearvuti-kott\/\"]}]},{\"@type\":\"BreadcrumbList\",\"@id\":\"https:\/\/kruze.ee\/et\/toode\/impact-aware-laptop-15-6-sulearvuti-kott\/#breadcrumb\",\"itemListElement\":[{\"@type\":\"ListItem\",\"position\":1,\"name\":\"Home\",\"item\":\"https:\/\/kruze.ee\/et\/\"},{\"@type\":\"ListItem\",\"position\":2,\"name\":\"Tooted\",\"item\":\"https:\/\/kruze.ee\/et\/tooted\/\"},{\"@type\":\"ListItem\",\"position\":3,\"name\":\"Impact Aware\u2122 laptop 15.6&#8243; s\u00fclearvuti kott\"}]},{\"@type\":\"WebSite\",\"@id\":\"https:\/\/kruze.ee\/et\/#website\",\"url\":\"https:\/\/kruze.ee\/et\/\",\"name\":\"Kruze.ee\",\"description\":\"Reklaamkingitused, tr&uuml;kiga T-s&auml;rgid, fliisid, dressipluused, tekstiil, joped ja paljud teised logoga meened, &Auml;rikingitused sinu partnerile! Telli juba t&auml;na.\",\"potentialAction\":[{\"@type\":\"SearchAction\",\"target\":{\"@type\":\"EntryPoint\",\"urlTemplate\":\"https:\/\/kruze.ee\/et\/?s={search_term_string}\"},\"query-input\":{\"@type\":\"PropertyValueSpecification\",\"valueRequired\":true,\"valueName\":\"search_term_string\"}}],\"inLanguage\":\"et\"}]}<\/script>\n<!-- \/ Yoast SEO plugin. -->","yoast_head_json":{"title":"Impact Aware\u2122 laptop 15.6\" s\u00fclearvuti kott - Kruze.ee","robots":{"index":"index","follow":"follow","max-snippet":"max-snippet:-1","max-image-preview":"max-image-preview:large","max-video-preview":"max-video-preview:-1"},"canonical":"https:\/\/kruze.ee\/et\/toode\/impact-aware-laptop-15-6-sulearvuti-kott\/","og_locale":"et_EE","og_type":"article","og_title":"Impact Aware\u2122 laptop 15.6\" s\u00fclearvuti kott - Kruze.ee","og_description":"Hoiusta oma s\u00fclearvuti turvaliselt puhta ja minimalistliku disainiga 15,6-tollises lukuga s\u00fclearvutikotis. Valmistatud taaskasutatud pol\u00fcestrist. Varustatud...","og_url":"https:\/\/kruze.ee\/et\/toode\/impact-aware-laptop-15-6-sulearvuti-kott\/","og_site_name":"Kruze.ee","article_modified_time":"2026-03-16T21:59:31+00:00","twitter_card":"summary_large_image","twitter_misc":{"Est. reading time":"1 minut"},"schema":{"@context":"https:\/\/schema.org","@graph":[{"@type":"WebPage","@id":"https:\/\/kruze.ee\/et\/toode\/impact-aware-laptop-15-6-sulearvuti-kott\/","url":"https:\/\/kruze.ee\/et\/toode\/impact-aware-laptop-15-6-sulearvuti-kott\/","name":"Impact Aware\u2122 laptop 15.6\" s\u00fclearvuti kott - Kruze.ee","isPartOf":{"@id":"https:\/\/kruze.ee\/et\/#website"},"datePublished":"2025-12-26T10:39:06+00:00","dateModified":"2026-03-16T21:59:31+00:00","breadcrumb":{"@id":"https:\/\/kruze.ee\/et\/toode\/impact-aware-laptop-15-6-sulearvuti-kott\/#breadcrumb"},"inLanguage":"et","potentialAction":[{"@type":"ReadAction","target":["https:\/\/kruze.ee\/et\/toode\/impact-aware-laptop-15-6-sulearvuti-kott\/"]}]},{"@type":"BreadcrumbList","@id":"https:\/\/kruze.ee\/et\/toode\/impact-aware-laptop-15-6-sulearvuti-kott\/#breadcrumb","itemListElement":[{"@type":"ListItem","position":1,"name":"Home","item":"https:\/\/kruze.ee\/et\/"},{"@type":"ListItem","position":2,"name":"Tooted","item":"https:\/\/kruze.ee\/et\/tooted\/"},{"@type":"ListItem","position":3,"name":"Impact Aware\u2122 laptop 15.6&#8243; s\u00fclearvuti kott"}]},{"@type":"WebSite","@id":"https:\/\/kruze.ee\/et\/#website","url":"https:\/\/kruze.ee\/et\/","name":"Kruze.ee","description":"Reklaamkingitused, tr&uuml;kiga T-s&auml;rgid, fliisid, dressipluused, tekstiil, joped ja paljud teised logoga meened, &Auml;rikingitused sinu partnerile! Telli juba t&auml;na.","potentialAction":[{"@type":"SearchAction","target":{"@type":"EntryPoint","urlTemplate":"https:\/\/kruze.ee\/et\/?s={search_term_string}"},"query-input":{"@type":"PropertyValueSpecification","valueRequired":true,"valueName":"search_term_string"}}],"inLanguage":"et"}]}},"_links":{"self":[{"href":"https:\/\/kruze.ee\/et\/wp-json\/wp\/v2\/product\/1429406","targetHints":{"allow":["GET"]}}],"collection":[{"href":"https:\/\/kruze.ee\/et\/wp-json\/wp\/v2\/product"}],"about":[{"href":"https:\/\/kruze.ee\/et\/wp-json\/wp\/v2\/types\/product"}],"wp:attachment":[{"href":"https:\/\/kruze.ee\/et\/wp-json\/wp\/v2\/media?parent=1429406"}],"wp:term":[{"taxonomy":"product_brand","embeddable":true,"href":"https:\/\/kruze.ee\/et\/wp-json\/wp\/v2\/product_brand?post=1429406"},{"taxonomy":"product_cat","embeddable":true,"href":"https:\/\/kruze.ee\/et\/wp-json\/wp\/v2\/product_cat?post=1429406"},{"taxonomy":"product_tag","embeddable":true,"href":"https:\/\/kruze.ee\/et\/wp-json\/wp\/v2\/product_tag?post=1429406"}],"curies":[{"name":"wp","href":"https:\/\/api.w.org\/{rel}","templated":true}]}}