{"id":1429396,"date":"2025-12-26T13:38:53","date_gmt":"2025-12-26T10:38:53","guid":{"rendered":"https:\/\/kruze.ee\/product\/impact-aware-rpet-15-6-sulearvuti-kott\/"},"modified":"2026-03-17T00:59:29","modified_gmt":"2026-03-16T21:59:29","slug":"impact-aware-rpet-15-6-sulearvuti-kott","status":"publish","type":"product","link":"https:\/\/kruze.ee\/et\/toode\/impact-aware-rpet-15-6-sulearvuti-kott\/","title":{"rendered":"Impact AWARE\u2122 RPET 15.6&#8243; s\u00fclearvuti kott"},"content":{"rendered":"<p>T\u00f5eline lugu j\u00e4tkusuutlikkusest! AWARE\u2122 abil on taaskasutatud kangamaterjalide ehtne kasutus ning vees\u00e4\u00e4stu m\u00f5juv\u00e4ited garanteeritud, kasutades AWARE revolutsioonilist f\u00fc\u00fcsilist j\u00e4lgijat ja plokiahela tehnoloogiat.<\/p>\n","protected":false},"excerpt":{"rendered":"<p>T\u00f5eline lugu j\u00e4tkusuutlikkusest! AWARE\u2122 abil on taaskasutatud kangamaterjalide ehtne kasutus ning vees\u00e4\u00e4stu m\u00f5juv\u00e4ited garanteeritud, kasutades AWARE&#8230;<\/p>\n","protected":false},"featured_media":0,"template":"","meta":[],"product_brand":[],"product_cat":[5398],"product_tag":[],"class_list":{"0":"post-1429396","1":"product","2":"type-product","3":"status-publish","5":"product_cat-sulearvutikotid-kotid","6":"pa_brand-xd-xclusive-2","7":"pa_color-hall","8":"pa_color-black-2","9":"pa_color-blue-2","10":"pa_gender-uniseks","11":"pa_gender-unisex","14":"pa_material-rpet","16":"first","17":"instock","18":"taxable","19":"shipping-taxable","20":"purchasable","21":"product-type-variable"},"acf":[],"yoast_head":"<!-- This site is optimized with the Yoast SEO plugin v26.0 - https:\/\/yoast.com\/wordpress\/plugins\/seo\/ -->\n<title>Impact AWARE\u2122 RPET 15.6&quot; s\u00fclearvuti kott - Kruze.ee<\/title>\n<meta name=\"robots\" content=\"index, follow, max-snippet:-1, max-image-preview:large, max-video-preview:-1\" \/>\n<link rel=\"canonical\" href=\"https:\/\/kruze.ee\/et\/toode\/impact-aware-rpet-15-6-sulearvuti-kott\/\" \/>\n<meta property=\"og:locale\" content=\"et_EE\" \/>\n<meta property=\"og:type\" content=\"article\" \/>\n<meta property=\"og:title\" content=\"Impact AWARE\u2122 RPET 15.6&quot; s\u00fclearvuti kott - Kruze.ee\" \/>\n<meta property=\"og:description\" content=\"T\u00f5eline lugu j\u00e4tkusuutlikkusest! AWARE\u2122 abil on taaskasutatud kangamaterjalide ehtne kasutus ning vees\u00e4\u00e4stu m\u00f5juv\u00e4ited garanteeritud, kasutades AWARE...\" \/>\n<meta property=\"og:url\" content=\"https:\/\/kruze.ee\/et\/toode\/impact-aware-rpet-15-6-sulearvuti-kott\/\" \/>\n<meta property=\"og:site_name\" content=\"Kruze.ee\" \/>\n<meta property=\"article:modified_time\" content=\"2026-03-16T21:59:29+00:00\" \/>\n<meta name=\"twitter:card\" content=\"summary_large_image\" \/>\n<meta name=\"twitter:label1\" content=\"Est. reading time\" \/>\n\t<meta name=\"twitter:data1\" content=\"1 minut\" \/>\n<script type=\"application\/ld+json\" class=\"yoast-schema-graph\">{\"@context\":\"https:\/\/schema.org\",\"@graph\":[{\"@type\":\"WebPage\",\"@id\":\"https:\/\/kruze.ee\/et\/toode\/impact-aware-rpet-15-6-sulearvuti-kott\/\",\"url\":\"https:\/\/kruze.ee\/et\/toode\/impact-aware-rpet-15-6-sulearvuti-kott\/\",\"name\":\"Impact AWARE\u2122 RPET 15.6\\\" s\u00fclearvuti kott - Kruze.ee\",\"isPartOf\":{\"@id\":\"https:\/\/kruze.ee\/et\/#website\"},\"datePublished\":\"2025-12-26T10:38:53+00:00\",\"dateModified\":\"2026-03-16T21:59:29+00:00\",\"breadcrumb\":{\"@id\":\"https:\/\/kruze.ee\/et\/toode\/impact-aware-rpet-15-6-sulearvuti-kott\/#breadcrumb\"},\"inLanguage\":\"et\",\"potentialAction\":[{\"@type\":\"ReadAction\",\"target\":[\"https:\/\/kruze.ee\/et\/toode\/impact-aware-rpet-15-6-sulearvuti-kott\/\"]}]},{\"@type\":\"BreadcrumbList\",\"@id\":\"https:\/\/kruze.ee\/et\/toode\/impact-aware-rpet-15-6-sulearvuti-kott\/#breadcrumb\",\"itemListElement\":[{\"@type\":\"ListItem\",\"position\":1,\"name\":\"Home\",\"item\":\"https:\/\/kruze.ee\/et\/\"},{\"@type\":\"ListItem\",\"position\":2,\"name\":\"Tooted\",\"item\":\"https:\/\/kruze.ee\/et\/tooted\/\"},{\"@type\":\"ListItem\",\"position\":3,\"name\":\"Impact AWARE\u2122 RPET 15.6&#8243; s\u00fclearvuti kott\"}]},{\"@type\":\"WebSite\",\"@id\":\"https:\/\/kruze.ee\/et\/#website\",\"url\":\"https:\/\/kruze.ee\/et\/\",\"name\":\"Kruze.ee\",\"description\":\"Reklaamkingitused, tr&uuml;kiga T-s&auml;rgid, fliisid, dressipluused, tekstiil, joped ja paljud teised logoga meened, &Auml;rikingitused sinu partnerile! Telli juba t&auml;na.\",\"potentialAction\":[{\"@type\":\"SearchAction\",\"target\":{\"@type\":\"EntryPoint\",\"urlTemplate\":\"https:\/\/kruze.ee\/et\/?s={search_term_string}\"},\"query-input\":{\"@type\":\"PropertyValueSpecification\",\"valueRequired\":true,\"valueName\":\"search_term_string\"}}],\"inLanguage\":\"et\"}]}<\/script>\n<!-- \/ Yoast SEO plugin. -->","yoast_head_json":{"title":"Impact AWARE\u2122 RPET 15.6\" s\u00fclearvuti kott - Kruze.ee","robots":{"index":"index","follow":"follow","max-snippet":"max-snippet:-1","max-image-preview":"max-image-preview:large","max-video-preview":"max-video-preview:-1"},"canonical":"https:\/\/kruze.ee\/et\/toode\/impact-aware-rpet-15-6-sulearvuti-kott\/","og_locale":"et_EE","og_type":"article","og_title":"Impact AWARE\u2122 RPET 15.6\" s\u00fclearvuti kott - Kruze.ee","og_description":"T\u00f5eline lugu j\u00e4tkusuutlikkusest! AWARE\u2122 abil on taaskasutatud kangamaterjalide ehtne kasutus ning vees\u00e4\u00e4stu m\u00f5juv\u00e4ited garanteeritud, kasutades AWARE...","og_url":"https:\/\/kruze.ee\/et\/toode\/impact-aware-rpet-15-6-sulearvuti-kott\/","og_site_name":"Kruze.ee","article_modified_time":"2026-03-16T21:59:29+00:00","twitter_card":"summary_large_image","twitter_misc":{"Est. reading time":"1 minut"},"schema":{"@context":"https:\/\/schema.org","@graph":[{"@type":"WebPage","@id":"https:\/\/kruze.ee\/et\/toode\/impact-aware-rpet-15-6-sulearvuti-kott\/","url":"https:\/\/kruze.ee\/et\/toode\/impact-aware-rpet-15-6-sulearvuti-kott\/","name":"Impact AWARE\u2122 RPET 15.6\" s\u00fclearvuti kott - Kruze.ee","isPartOf":{"@id":"https:\/\/kruze.ee\/et\/#website"},"datePublished":"2025-12-26T10:38:53+00:00","dateModified":"2026-03-16T21:59:29+00:00","breadcrumb":{"@id":"https:\/\/kruze.ee\/et\/toode\/impact-aware-rpet-15-6-sulearvuti-kott\/#breadcrumb"},"inLanguage":"et","potentialAction":[{"@type":"ReadAction","target":["https:\/\/kruze.ee\/et\/toode\/impact-aware-rpet-15-6-sulearvuti-kott\/"]}]},{"@type":"BreadcrumbList","@id":"https:\/\/kruze.ee\/et\/toode\/impact-aware-rpet-15-6-sulearvuti-kott\/#breadcrumb","itemListElement":[{"@type":"ListItem","position":1,"name":"Home","item":"https:\/\/kruze.ee\/et\/"},{"@type":"ListItem","position":2,"name":"Tooted","item":"https:\/\/kruze.ee\/et\/tooted\/"},{"@type":"ListItem","position":3,"name":"Impact AWARE\u2122 RPET 15.6&#8243; s\u00fclearvuti kott"}]},{"@type":"WebSite","@id":"https:\/\/kruze.ee\/et\/#website","url":"https:\/\/kruze.ee\/et\/","name":"Kruze.ee","description":"Reklaamkingitused, tr&uuml;kiga T-s&auml;rgid, fliisid, dressipluused, tekstiil, joped ja paljud teised logoga meened, &Auml;rikingitused sinu partnerile! Telli juba t&auml;na.","potentialAction":[{"@type":"SearchAction","target":{"@type":"EntryPoint","urlTemplate":"https:\/\/kruze.ee\/et\/?s={search_term_string}"},"query-input":{"@type":"PropertyValueSpecification","valueRequired":true,"valueName":"search_term_string"}}],"inLanguage":"et"}]}},"_links":{"self":[{"href":"https:\/\/kruze.ee\/et\/wp-json\/wp\/v2\/product\/1429396","targetHints":{"allow":["GET"]}}],"collection":[{"href":"https:\/\/kruze.ee\/et\/wp-json\/wp\/v2\/product"}],"about":[{"href":"https:\/\/kruze.ee\/et\/wp-json\/wp\/v2\/types\/product"}],"wp:attachment":[{"href":"https:\/\/kruze.ee\/et\/wp-json\/wp\/v2\/media?parent=1429396"}],"wp:term":[{"taxonomy":"product_brand","embeddable":true,"href":"https:\/\/kruze.ee\/et\/wp-json\/wp\/v2\/product_brand?post=1429396"},{"taxonomy":"product_cat","embeddable":true,"href":"https:\/\/kruze.ee\/et\/wp-json\/wp\/v2\/product_cat?post=1429396"},{"taxonomy":"product_tag","embeddable":true,"href":"https:\/\/kruze.ee\/et\/wp-json\/wp\/v2\/product_tag?post=1429396"}],"curies":[{"name":"wp","href":"https:\/\/api.w.org\/{rel}","templated":true}]}}