{"id":1429394,"date":"2025-12-26T13:30:44","date_gmt":"2025-12-26T10:30:44","guid":{"rendered":"https:\/\/kruze.ee\/product\/deluxe-torni-ladumismang\/"},"modified":"2026-03-17T01:07:55","modified_gmt":"2026-03-16T22:07:55","slug":"deluxe-torni-ladumismang","status":"publish","type":"product","link":"https:\/\/kruze.ee\/et\/toode\/deluxe-torni-ladumismang\/","title":{"rendered":"Deluxe torni ladumism\u00e4ng"},"content":{"rendered":"<p>Kui k\u00f5rgele suudad j\u00f5uda? Vaata, kui k\u00f5rge torni suudad ehitada, enne kui puidust klotsid \u00fcmber kukuvad \u2013 see l\u00f5bus tornim\u00e4ng pakub pinget igas vanuses m\u00e4ngijatele. Komplektis on 48 klotsi, mida saab mugavalt hoiustada kaanega puidust karbis. Valmistatud FSC\u00ae-sertifikaadiga puidust ning tarnitakse FSC\u00ae-sertifikaadiga kraft-kinkepakendis.<\/p>\n","protected":false},"excerpt":{"rendered":"<p>Kui k\u00f5rgele suudad j\u00f5uda? Vaata, kui k\u00f5rge torni suudad ehitada, enne kui puidust klotsid \u00fcmber kukuvad \u2013 see l\u00f5bus tornim\u00e4ng pakub pinget igas vanuses&#8230;<\/p>\n","protected":false},"featured_media":0,"template":"","meta":[],"product_brand":[],"product_cat":[5371],"product_tag":[],"class_list":{"0":"post-1429394","1":"product","2":"type-product","3":"status-publish","5":"product_cat-mangud-ja-manguasjad","6":"pa_gender-uniseks","7":"pa_gender-unisex","11":"first","12":"instock","13":"purchasable","14":"product-type-simple"},"acf":[],"yoast_head":"<!-- This site is optimized with the Yoast SEO plugin v26.0 - https:\/\/yoast.com\/wordpress\/plugins\/seo\/ -->\n<title>Deluxe torni ladumism\u00e4ng - Kruze.ee<\/title>\n<meta name=\"robots\" content=\"index, follow, max-snippet:-1, max-image-preview:large, max-video-preview:-1\" \/>\n<link rel=\"canonical\" href=\"https:\/\/kruze.ee\/et\/toode\/deluxe-torni-ladumismang\/\" \/>\n<meta property=\"og:locale\" content=\"et_EE\" \/>\n<meta property=\"og:type\" content=\"article\" \/>\n<meta property=\"og:title\" content=\"Deluxe torni ladumism\u00e4ng - Kruze.ee\" \/>\n<meta property=\"og:description\" content=\"Kui k\u00f5rgele suudad j\u00f5uda? Vaata, kui k\u00f5rge torni suudad ehitada, enne kui puidust klotsid \u00fcmber kukuvad \u2013 see l\u00f5bus tornim\u00e4ng pakub pinget igas vanuses...\" \/>\n<meta property=\"og:url\" content=\"https:\/\/kruze.ee\/et\/toode\/deluxe-torni-ladumismang\/\" \/>\n<meta property=\"og:site_name\" content=\"Kruze.ee\" \/>\n<meta property=\"article:modified_time\" content=\"2026-03-16T22:07:55+00:00\" \/>\n<meta name=\"twitter:card\" content=\"summary_large_image\" \/>\n<meta name=\"twitter:label1\" content=\"Est. reading time\" \/>\n\t<meta name=\"twitter:data1\" content=\"1 minut\" \/>\n<script type=\"application\/ld+json\" class=\"yoast-schema-graph\">{\"@context\":\"https:\/\/schema.org\",\"@graph\":[{\"@type\":\"WebPage\",\"@id\":\"https:\/\/kruze.ee\/et\/toode\/deluxe-torni-ladumismang\/\",\"url\":\"https:\/\/kruze.ee\/et\/toode\/deluxe-torni-ladumismang\/\",\"name\":\"Deluxe torni ladumism\u00e4ng - Kruze.ee\",\"isPartOf\":{\"@id\":\"https:\/\/kruze.ee\/et\/#website\"},\"datePublished\":\"2025-12-26T10:30:44+00:00\",\"dateModified\":\"2026-03-16T22:07:55+00:00\",\"breadcrumb\":{\"@id\":\"https:\/\/kruze.ee\/et\/toode\/deluxe-torni-ladumismang\/#breadcrumb\"},\"inLanguage\":\"et\",\"potentialAction\":[{\"@type\":\"ReadAction\",\"target\":[\"https:\/\/kruze.ee\/et\/toode\/deluxe-torni-ladumismang\/\"]}]},{\"@type\":\"BreadcrumbList\",\"@id\":\"https:\/\/kruze.ee\/et\/toode\/deluxe-torni-ladumismang\/#breadcrumb\",\"itemListElement\":[{\"@type\":\"ListItem\",\"position\":1,\"name\":\"Home\",\"item\":\"https:\/\/kruze.ee\/et\/\"},{\"@type\":\"ListItem\",\"position\":2,\"name\":\"Tooted\",\"item\":\"https:\/\/kruze.ee\/et\/tooted\/\"},{\"@type\":\"ListItem\",\"position\":3,\"name\":\"Deluxe torni ladumism\u00e4ng\"}]},{\"@type\":\"WebSite\",\"@id\":\"https:\/\/kruze.ee\/et\/#website\",\"url\":\"https:\/\/kruze.ee\/et\/\",\"name\":\"Kruze.ee\",\"description\":\"Reklaamkingitused, tr&uuml;kiga T-s&auml;rgid, fliisid, dressipluused, tekstiil, joped ja paljud teised logoga meened, &Auml;rikingitused sinu partnerile! Telli juba t&auml;na.\",\"potentialAction\":[{\"@type\":\"SearchAction\",\"target\":{\"@type\":\"EntryPoint\",\"urlTemplate\":\"https:\/\/kruze.ee\/et\/?s={search_term_string}\"},\"query-input\":{\"@type\":\"PropertyValueSpecification\",\"valueRequired\":true,\"valueName\":\"search_term_string\"}}],\"inLanguage\":\"et\"}]}<\/script>\n<!-- \/ Yoast SEO plugin. -->","yoast_head_json":{"title":"Deluxe torni ladumism\u00e4ng - Kruze.ee","robots":{"index":"index","follow":"follow","max-snippet":"max-snippet:-1","max-image-preview":"max-image-preview:large","max-video-preview":"max-video-preview:-1"},"canonical":"https:\/\/kruze.ee\/et\/toode\/deluxe-torni-ladumismang\/","og_locale":"et_EE","og_type":"article","og_title":"Deluxe torni ladumism\u00e4ng - Kruze.ee","og_description":"Kui k\u00f5rgele suudad j\u00f5uda? Vaata, kui k\u00f5rge torni suudad ehitada, enne kui puidust klotsid \u00fcmber kukuvad \u2013 see l\u00f5bus tornim\u00e4ng pakub pinget igas vanuses...","og_url":"https:\/\/kruze.ee\/et\/toode\/deluxe-torni-ladumismang\/","og_site_name":"Kruze.ee","article_modified_time":"2026-03-16T22:07:55+00:00","twitter_card":"summary_large_image","twitter_misc":{"Est. reading time":"1 minut"},"schema":{"@context":"https:\/\/schema.org","@graph":[{"@type":"WebPage","@id":"https:\/\/kruze.ee\/et\/toode\/deluxe-torni-ladumismang\/","url":"https:\/\/kruze.ee\/et\/toode\/deluxe-torni-ladumismang\/","name":"Deluxe torni ladumism\u00e4ng - Kruze.ee","isPartOf":{"@id":"https:\/\/kruze.ee\/et\/#website"},"datePublished":"2025-12-26T10:30:44+00:00","dateModified":"2026-03-16T22:07:55+00:00","breadcrumb":{"@id":"https:\/\/kruze.ee\/et\/toode\/deluxe-torni-ladumismang\/#breadcrumb"},"inLanguage":"et","potentialAction":[{"@type":"ReadAction","target":["https:\/\/kruze.ee\/et\/toode\/deluxe-torni-ladumismang\/"]}]},{"@type":"BreadcrumbList","@id":"https:\/\/kruze.ee\/et\/toode\/deluxe-torni-ladumismang\/#breadcrumb","itemListElement":[{"@type":"ListItem","position":1,"name":"Home","item":"https:\/\/kruze.ee\/et\/"},{"@type":"ListItem","position":2,"name":"Tooted","item":"https:\/\/kruze.ee\/et\/tooted\/"},{"@type":"ListItem","position":3,"name":"Deluxe torni ladumism\u00e4ng"}]},{"@type":"WebSite","@id":"https:\/\/kruze.ee\/et\/#website","url":"https:\/\/kruze.ee\/et\/","name":"Kruze.ee","description":"Reklaamkingitused, tr&uuml;kiga T-s&auml;rgid, fliisid, dressipluused, tekstiil, joped ja paljud teised logoga meened, &Auml;rikingitused sinu partnerile! Telli juba t&auml;na.","potentialAction":[{"@type":"SearchAction","target":{"@type":"EntryPoint","urlTemplate":"https:\/\/kruze.ee\/et\/?s={search_term_string}"},"query-input":{"@type":"PropertyValueSpecification","valueRequired":true,"valueName":"search_term_string"}}],"inLanguage":"et"}]}},"_links":{"self":[{"href":"https:\/\/kruze.ee\/et\/wp-json\/wp\/v2\/product\/1429394","targetHints":{"allow":["GET"]}}],"collection":[{"href":"https:\/\/kruze.ee\/et\/wp-json\/wp\/v2\/product"}],"about":[{"href":"https:\/\/kruze.ee\/et\/wp-json\/wp\/v2\/types\/product"}],"wp:attachment":[{"href":"https:\/\/kruze.ee\/et\/wp-json\/wp\/v2\/media?parent=1429394"}],"wp:term":[{"taxonomy":"product_brand","embeddable":true,"href":"https:\/\/kruze.ee\/et\/wp-json\/wp\/v2\/product_brand?post=1429394"},{"taxonomy":"product_cat","embeddable":true,"href":"https:\/\/kruze.ee\/et\/wp-json\/wp\/v2\/product_cat?post=1429394"},{"taxonomy":"product_tag","embeddable":true,"href":"https:\/\/kruze.ee\/et\/wp-json\/wp\/v2\/product_tag?post=1429394"}],"curies":[{"name":"wp","href":"https:\/\/api.w.org\/{rel}","templated":true}]}}