{"id":1429224,"date":"2025-12-26T10:39:09","date_gmt":"2025-12-26T07:39:09","guid":{"rendered":"https:\/\/kruze.ee\/product\/cutter-buck-advantage-premium-meeste-polosark\/"},"modified":"2026-03-17T01:06:18","modified_gmt":"2026-03-16T22:06:18","slug":"cutter-buck-advantage-premium-meeste-polosark","status":"publish","type":"product","link":"https:\/\/kruze.ee\/et\/toode\/cutter-buck-advantage-premium-meeste-polosark\/","title":{"rendered":"Cutter &amp; Buck Advantage Premium meeste polos\u00e4rk"},"content":{"rendered":"<p>Advantage Polo 2.0. Samast kangast krae ja sees olevad kootud kontrastdetailid annavad s\u00e4rgile veelgi stiilsema ilme. N\u00f6\u00f6biliistul metalln\u00f6\u00f6bid ning ees allservas v\u00e4ike metallist CB-m\u00e4rk. CB DryTec Cotton+ 35 UPF materjal ja ainulaadne tri-blend-kvaliteet tagavad maksimaalse mitmek\u00fclgsuse aktiivseks eluviisiks.<\/p>\n","protected":false},"excerpt":{"rendered":"<p>Advantage Polo 2.0. Samast kangast krae ja sees olevad kootud kontrastdetailid annavad s\u00e4rgile veelgi stiilsema ilme. N\u00f6\u00f6biliistul metalln\u00f6\u00f6bid ning ees&#8230;<\/p>\n","protected":false},"featured_media":0,"template":"","meta":[],"product_brand":[],"product_cat":[5375],"product_tag":[],"class_list":{"0":"post-1429224","1":"product","2":"type-product","3":"status-publish","5":"product_cat-polosargid-trukiga","6":"pa_brand-cutter-buck","7":"pa_color-beez","8":"pa_color-ivy-roheline","9":"pa_color-khaki","10":"pa_color-manniroheline","11":"pa_color-black-2","12":"pa_color-papayaroosa","13":"pa_color-pistol","14":"pa_color-punane","15":"pa_color-sugavsinine","16":"pa_color-taevasinine","17":"pa_color-tumesinine","18":"pa_color-valge","19":"pa_gender-mehed","20":"pa_gender-men","21":"pa_material-52-cotton-45-polyester-3-elastane-oeko-tex-standard-100","22":"pa_size-s","23":"pa_size-m","24":"pa_size-l","25":"pa_size-xl","26":"pa_size-2xl","27":"pa_size-3xl","28":"pa_size-4xl","30":"first","31":"instock","32":"taxable","33":"shipping-taxable","34":"purchasable","35":"product-type-variable"},"acf":[],"yoast_head":"<!-- This site is optimized with the Yoast SEO plugin v26.0 - https:\/\/yoast.com\/wordpress\/plugins\/seo\/ -->\n<title>Cutter &amp; Buck Advantage Premium meeste polos\u00e4rk - Kruze.ee<\/title>\n<meta name=\"robots\" content=\"index, follow, max-snippet:-1, max-image-preview:large, max-video-preview:-1\" \/>\n<link rel=\"canonical\" href=\"https:\/\/kruze.ee\/et\/toode\/cutter-buck-advantage-premium-meeste-polosark\/\" \/>\n<meta property=\"og:locale\" content=\"et_EE\" \/>\n<meta property=\"og:type\" content=\"article\" \/>\n<meta property=\"og:title\" content=\"Cutter &amp; Buck Advantage Premium meeste polos\u00e4rk - Kruze.ee\" \/>\n<meta property=\"og:description\" content=\"Advantage Polo 2.0. Samast kangast krae ja sees olevad kootud kontrastdetailid annavad s\u00e4rgile veelgi stiilsema ilme. N\u00f6\u00f6biliistul metalln\u00f6\u00f6bid ning ees...\" \/>\n<meta property=\"og:url\" content=\"https:\/\/kruze.ee\/et\/toode\/cutter-buck-advantage-premium-meeste-polosark\/\" \/>\n<meta property=\"og:site_name\" content=\"Kruze.ee\" \/>\n<meta property=\"article:modified_time\" content=\"2026-03-16T22:06:18+00:00\" \/>\n<meta name=\"twitter:card\" content=\"summary_large_image\" \/>\n<meta name=\"twitter:label1\" content=\"Est. reading time\" \/>\n\t<meta name=\"twitter:data1\" content=\"1 minut\" \/>\n<script type=\"application\/ld+json\" class=\"yoast-schema-graph\">{\"@context\":\"https:\/\/schema.org\",\"@graph\":[{\"@type\":\"WebPage\",\"@id\":\"https:\/\/kruze.ee\/et\/toode\/cutter-buck-advantage-premium-meeste-polosark\/\",\"url\":\"https:\/\/kruze.ee\/et\/toode\/cutter-buck-advantage-premium-meeste-polosark\/\",\"name\":\"Cutter &amp; Buck Advantage Premium meeste polos\u00e4rk - Kruze.ee\",\"isPartOf\":{\"@id\":\"https:\/\/kruze.ee\/et\/#website\"},\"datePublished\":\"2025-12-26T07:39:09+00:00\",\"dateModified\":\"2026-03-16T22:06:18+00:00\",\"breadcrumb\":{\"@id\":\"https:\/\/kruze.ee\/et\/toode\/cutter-buck-advantage-premium-meeste-polosark\/#breadcrumb\"},\"inLanguage\":\"et\",\"potentialAction\":[{\"@type\":\"ReadAction\",\"target\":[\"https:\/\/kruze.ee\/et\/toode\/cutter-buck-advantage-premium-meeste-polosark\/\"]}]},{\"@type\":\"BreadcrumbList\",\"@id\":\"https:\/\/kruze.ee\/et\/toode\/cutter-buck-advantage-premium-meeste-polosark\/#breadcrumb\",\"itemListElement\":[{\"@type\":\"ListItem\",\"position\":1,\"name\":\"Home\",\"item\":\"https:\/\/kruze.ee\/et\/\"},{\"@type\":\"ListItem\",\"position\":2,\"name\":\"Tooted\",\"item\":\"https:\/\/kruze.ee\/et\/tooted\/\"},{\"@type\":\"ListItem\",\"position\":3,\"name\":\"Cutter &amp; Buck Advantage Premium meeste polos\u00e4rk\"}]},{\"@type\":\"WebSite\",\"@id\":\"https:\/\/kruze.ee\/et\/#website\",\"url\":\"https:\/\/kruze.ee\/et\/\",\"name\":\"Kruze.ee\",\"description\":\"Reklaamkingitused, tr&uuml;kiga T-s&auml;rgid, fliisid, dressipluused, tekstiil, joped ja paljud teised logoga meened, &Auml;rikingitused sinu partnerile! Telli juba t&auml;na.\",\"potentialAction\":[{\"@type\":\"SearchAction\",\"target\":{\"@type\":\"EntryPoint\",\"urlTemplate\":\"https:\/\/kruze.ee\/et\/?s={search_term_string}\"},\"query-input\":{\"@type\":\"PropertyValueSpecification\",\"valueRequired\":true,\"valueName\":\"search_term_string\"}}],\"inLanguage\":\"et\"}]}<\/script>\n<!-- \/ Yoast SEO plugin. -->","yoast_head_json":{"title":"Cutter &amp; Buck Advantage Premium meeste polos\u00e4rk - Kruze.ee","robots":{"index":"index","follow":"follow","max-snippet":"max-snippet:-1","max-image-preview":"max-image-preview:large","max-video-preview":"max-video-preview:-1"},"canonical":"https:\/\/kruze.ee\/et\/toode\/cutter-buck-advantage-premium-meeste-polosark\/","og_locale":"et_EE","og_type":"article","og_title":"Cutter &amp; Buck Advantage Premium meeste polos\u00e4rk - Kruze.ee","og_description":"Advantage Polo 2.0. Samast kangast krae ja sees olevad kootud kontrastdetailid annavad s\u00e4rgile veelgi stiilsema ilme. N\u00f6\u00f6biliistul metalln\u00f6\u00f6bid ning ees...","og_url":"https:\/\/kruze.ee\/et\/toode\/cutter-buck-advantage-premium-meeste-polosark\/","og_site_name":"Kruze.ee","article_modified_time":"2026-03-16T22:06:18+00:00","twitter_card":"summary_large_image","twitter_misc":{"Est. reading time":"1 minut"},"schema":{"@context":"https:\/\/schema.org","@graph":[{"@type":"WebPage","@id":"https:\/\/kruze.ee\/et\/toode\/cutter-buck-advantage-premium-meeste-polosark\/","url":"https:\/\/kruze.ee\/et\/toode\/cutter-buck-advantage-premium-meeste-polosark\/","name":"Cutter &amp; Buck Advantage Premium meeste polos\u00e4rk - Kruze.ee","isPartOf":{"@id":"https:\/\/kruze.ee\/et\/#website"},"datePublished":"2025-12-26T07:39:09+00:00","dateModified":"2026-03-16T22:06:18+00:00","breadcrumb":{"@id":"https:\/\/kruze.ee\/et\/toode\/cutter-buck-advantage-premium-meeste-polosark\/#breadcrumb"},"inLanguage":"et","potentialAction":[{"@type":"ReadAction","target":["https:\/\/kruze.ee\/et\/toode\/cutter-buck-advantage-premium-meeste-polosark\/"]}]},{"@type":"BreadcrumbList","@id":"https:\/\/kruze.ee\/et\/toode\/cutter-buck-advantage-premium-meeste-polosark\/#breadcrumb","itemListElement":[{"@type":"ListItem","position":1,"name":"Home","item":"https:\/\/kruze.ee\/et\/"},{"@type":"ListItem","position":2,"name":"Tooted","item":"https:\/\/kruze.ee\/et\/tooted\/"},{"@type":"ListItem","position":3,"name":"Cutter &amp; Buck Advantage Premium meeste polos\u00e4rk"}]},{"@type":"WebSite","@id":"https:\/\/kruze.ee\/et\/#website","url":"https:\/\/kruze.ee\/et\/","name":"Kruze.ee","description":"Reklaamkingitused, tr&uuml;kiga T-s&auml;rgid, fliisid, dressipluused, tekstiil, joped ja paljud teised logoga meened, &Auml;rikingitused sinu partnerile! Telli juba t&auml;na.","potentialAction":[{"@type":"SearchAction","target":{"@type":"EntryPoint","urlTemplate":"https:\/\/kruze.ee\/et\/?s={search_term_string}"},"query-input":{"@type":"PropertyValueSpecification","valueRequired":true,"valueName":"search_term_string"}}],"inLanguage":"et"}]}},"_links":{"self":[{"href":"https:\/\/kruze.ee\/et\/wp-json\/wp\/v2\/product\/1429224","targetHints":{"allow":["GET"]}}],"collection":[{"href":"https:\/\/kruze.ee\/et\/wp-json\/wp\/v2\/product"}],"about":[{"href":"https:\/\/kruze.ee\/et\/wp-json\/wp\/v2\/types\/product"}],"wp:attachment":[{"href":"https:\/\/kruze.ee\/et\/wp-json\/wp\/v2\/media?parent=1429224"}],"wp:term":[{"taxonomy":"product_brand","embeddable":true,"href":"https:\/\/kruze.ee\/et\/wp-json\/wp\/v2\/product_brand?post=1429224"},{"taxonomy":"product_cat","embeddable":true,"href":"https:\/\/kruze.ee\/et\/wp-json\/wp\/v2\/product_cat?post=1429224"},{"taxonomy":"product_tag","embeddable":true,"href":"https:\/\/kruze.ee\/et\/wp-json\/wp\/v2\/product_tag?post=1429224"}],"curies":[{"name":"wp","href":"https:\/\/api.w.org\/{rel}","templated":true}]}}