{"id":1429192,"date":"2025-12-26T10:29:48","date_gmt":"2025-12-26T07:29:48","guid":{"rendered":"https:\/\/kruze.ee\/product\/5438-puuvillane-voodriga-jope\/"},"modified":"2026-03-17T01:20:57","modified_gmt":"2026-03-16T22:20:57","slug":"5438-puuvillane-voodriga-jope","status":"publish","type":"product","link":"https:\/\/kruze.ee\/et\/toode\/5438-puuvillane-voodriga-jope\/","title":{"rendered":"5438 puuvillane voodriga jope"},"content":{"rendered":"<p>T\u00f6\u00f6jope lukuga kuni kraeni, esilukk on kaetud klapi, sisemise tuuleklapi ja l\u00f5uakaitsega, et v\u00e4ltida tuulet\u00f5mmet ja h\u00f5\u00f5rdumist. Rinnataskud m\u00f5lemal pool, vasakul rinnataskul sisemine kinnitus ID-kaardi hoidja jaoks. Lukuga k\u00fcljetaskud. Mahukad sisetaskud, sealhulgas takjakinnitusega telefonitasku. Pikendatud seljaosa. Reguleeritavad varrukaotsad takjakinnitusega. Fluorestseeruv kangas ja helkurid \u00f5lgadel ning helkurpael seljaosal ja esitaskutel. Vooder on avatav, et h\u00f5lbustada tr\u00fckkimist ja tikkimist.<\/p>\n","protected":false},"excerpt":{"rendered":"<p>T\u00f6\u00f6jope lukuga kuni kraeni, esilukk on kaetud klapi, sisemise tuuleklapi ja l\u00f5uakaitsega, et v\u00e4ltida tuulet\u00f5mmet ja h\u00f5\u00f5rdumist. Rinnataskud m\u00f5lemal pool,&#8230;<\/p>\n","protected":false},"featured_media":0,"template":"","meta":[],"product_brand":[],"product_cat":[5474],"product_tag":[],"class_list":{"0":"post-1429192","1":"product","2":"type-product","3":"status-publish","5":"product_cat-tooroiivad-logoga","6":"pa_brand-projob","7":"pa_color-mustkollane","8":"pa_color-navykollane","9":"pa_gender-uniseks","10":"pa_gender-unisex","13":"pa_material-100-cotton-320-gm2","14":"pa_size-xs","15":"pa_size-s","16":"pa_size-m","17":"pa_size-l","18":"pa_size-xl","19":"pa_size-2xl","20":"pa_size-3xl","21":"pa_size-4xl","23":"first","24":"instock","25":"taxable","26":"shipping-taxable","27":"purchasable","28":"product-type-variable"},"acf":[],"yoast_head":"<!-- This site is optimized with the Yoast SEO plugin v26.0 - https:\/\/yoast.com\/wordpress\/plugins\/seo\/ -->\n<title>5438 puuvillane voodriga jope - Kruze.ee<\/title>\n<meta name=\"robots\" content=\"index, follow, max-snippet:-1, max-image-preview:large, max-video-preview:-1\" \/>\n<link rel=\"canonical\" href=\"https:\/\/kruze.ee\/et\/toode\/5438-puuvillane-voodriga-jope\/\" \/>\n<meta property=\"og:locale\" content=\"et_EE\" \/>\n<meta property=\"og:type\" content=\"article\" \/>\n<meta property=\"og:title\" content=\"5438 puuvillane voodriga jope - Kruze.ee\" \/>\n<meta property=\"og:description\" content=\"T\u00f6\u00f6jope lukuga kuni kraeni, esilukk on kaetud klapi, sisemise tuuleklapi ja l\u00f5uakaitsega, et v\u00e4ltida tuulet\u00f5mmet ja h\u00f5\u00f5rdumist. Rinnataskud m\u00f5lemal pool,...\" \/>\n<meta property=\"og:url\" content=\"https:\/\/kruze.ee\/et\/toode\/5438-puuvillane-voodriga-jope\/\" \/>\n<meta property=\"og:site_name\" content=\"Kruze.ee\" \/>\n<meta property=\"article:modified_time\" content=\"2026-03-16T22:20:57+00:00\" \/>\n<meta name=\"twitter:card\" content=\"summary_large_image\" \/>\n<meta name=\"twitter:label1\" content=\"Est. reading time\" \/>\n\t<meta name=\"twitter:data1\" content=\"1 minut\" \/>\n<script type=\"application\/ld+json\" class=\"yoast-schema-graph\">{\"@context\":\"https:\/\/schema.org\",\"@graph\":[{\"@type\":\"WebPage\",\"@id\":\"https:\/\/kruze.ee\/et\/toode\/5438-puuvillane-voodriga-jope\/\",\"url\":\"https:\/\/kruze.ee\/et\/toode\/5438-puuvillane-voodriga-jope\/\",\"name\":\"5438 puuvillane voodriga jope - Kruze.ee\",\"isPartOf\":{\"@id\":\"https:\/\/kruze.ee\/et\/#website\"},\"datePublished\":\"2025-12-26T07:29:48+00:00\",\"dateModified\":\"2026-03-16T22:20:57+00:00\",\"breadcrumb\":{\"@id\":\"https:\/\/kruze.ee\/et\/toode\/5438-puuvillane-voodriga-jope\/#breadcrumb\"},\"inLanguage\":\"et\",\"potentialAction\":[{\"@type\":\"ReadAction\",\"target\":[\"https:\/\/kruze.ee\/et\/toode\/5438-puuvillane-voodriga-jope\/\"]}]},{\"@type\":\"BreadcrumbList\",\"@id\":\"https:\/\/kruze.ee\/et\/toode\/5438-puuvillane-voodriga-jope\/#breadcrumb\",\"itemListElement\":[{\"@type\":\"ListItem\",\"position\":1,\"name\":\"Home\",\"item\":\"https:\/\/kruze.ee\/et\/\"},{\"@type\":\"ListItem\",\"position\":2,\"name\":\"Tooted\",\"item\":\"https:\/\/kruze.ee\/et\/tooted\/\"},{\"@type\":\"ListItem\",\"position\":3,\"name\":\"5438 puuvillane voodriga jope\"}]},{\"@type\":\"WebSite\",\"@id\":\"https:\/\/kruze.ee\/et\/#website\",\"url\":\"https:\/\/kruze.ee\/et\/\",\"name\":\"Kruze.ee\",\"description\":\"Reklaamkingitused, tr&uuml;kiga T-s&auml;rgid, fliisid, dressipluused, tekstiil, joped ja paljud teised logoga meened, &Auml;rikingitused sinu partnerile! Telli juba t&auml;na.\",\"potentialAction\":[{\"@type\":\"SearchAction\",\"target\":{\"@type\":\"EntryPoint\",\"urlTemplate\":\"https:\/\/kruze.ee\/et\/?s={search_term_string}\"},\"query-input\":{\"@type\":\"PropertyValueSpecification\",\"valueRequired\":true,\"valueName\":\"search_term_string\"}}],\"inLanguage\":\"et\"}]}<\/script>\n<!-- \/ Yoast SEO plugin. -->","yoast_head_json":{"title":"5438 puuvillane voodriga jope - Kruze.ee","robots":{"index":"index","follow":"follow","max-snippet":"max-snippet:-1","max-image-preview":"max-image-preview:large","max-video-preview":"max-video-preview:-1"},"canonical":"https:\/\/kruze.ee\/et\/toode\/5438-puuvillane-voodriga-jope\/","og_locale":"et_EE","og_type":"article","og_title":"5438 puuvillane voodriga jope - Kruze.ee","og_description":"T\u00f6\u00f6jope lukuga kuni kraeni, esilukk on kaetud klapi, sisemise tuuleklapi ja l\u00f5uakaitsega, et v\u00e4ltida tuulet\u00f5mmet ja h\u00f5\u00f5rdumist. Rinnataskud m\u00f5lemal pool,...","og_url":"https:\/\/kruze.ee\/et\/toode\/5438-puuvillane-voodriga-jope\/","og_site_name":"Kruze.ee","article_modified_time":"2026-03-16T22:20:57+00:00","twitter_card":"summary_large_image","twitter_misc":{"Est. reading time":"1 minut"},"schema":{"@context":"https:\/\/schema.org","@graph":[{"@type":"WebPage","@id":"https:\/\/kruze.ee\/et\/toode\/5438-puuvillane-voodriga-jope\/","url":"https:\/\/kruze.ee\/et\/toode\/5438-puuvillane-voodriga-jope\/","name":"5438 puuvillane voodriga jope - Kruze.ee","isPartOf":{"@id":"https:\/\/kruze.ee\/et\/#website"},"datePublished":"2025-12-26T07:29:48+00:00","dateModified":"2026-03-16T22:20:57+00:00","breadcrumb":{"@id":"https:\/\/kruze.ee\/et\/toode\/5438-puuvillane-voodriga-jope\/#breadcrumb"},"inLanguage":"et","potentialAction":[{"@type":"ReadAction","target":["https:\/\/kruze.ee\/et\/toode\/5438-puuvillane-voodriga-jope\/"]}]},{"@type":"BreadcrumbList","@id":"https:\/\/kruze.ee\/et\/toode\/5438-puuvillane-voodriga-jope\/#breadcrumb","itemListElement":[{"@type":"ListItem","position":1,"name":"Home","item":"https:\/\/kruze.ee\/et\/"},{"@type":"ListItem","position":2,"name":"Tooted","item":"https:\/\/kruze.ee\/et\/tooted\/"},{"@type":"ListItem","position":3,"name":"5438 puuvillane voodriga jope"}]},{"@type":"WebSite","@id":"https:\/\/kruze.ee\/et\/#website","url":"https:\/\/kruze.ee\/et\/","name":"Kruze.ee","description":"Reklaamkingitused, tr&uuml;kiga T-s&auml;rgid, fliisid, dressipluused, tekstiil, joped ja paljud teised logoga meened, &Auml;rikingitused sinu partnerile! Telli juba t&auml;na.","potentialAction":[{"@type":"SearchAction","target":{"@type":"EntryPoint","urlTemplate":"https:\/\/kruze.ee\/et\/?s={search_term_string}"},"query-input":{"@type":"PropertyValueSpecification","valueRequired":true,"valueName":"search_term_string"}}],"inLanguage":"et"}]}},"_links":{"self":[{"href":"https:\/\/kruze.ee\/et\/wp-json\/wp\/v2\/product\/1429192","targetHints":{"allow":["GET"]}}],"collection":[{"href":"https:\/\/kruze.ee\/et\/wp-json\/wp\/v2\/product"}],"about":[{"href":"https:\/\/kruze.ee\/et\/wp-json\/wp\/v2\/types\/product"}],"wp:attachment":[{"href":"https:\/\/kruze.ee\/et\/wp-json\/wp\/v2\/media?parent=1429192"}],"wp:term":[{"taxonomy":"product_brand","embeddable":true,"href":"https:\/\/kruze.ee\/et\/wp-json\/wp\/v2\/product_brand?post=1429192"},{"taxonomy":"product_cat","embeddable":true,"href":"https:\/\/kruze.ee\/et\/wp-json\/wp\/v2\/product_cat?post=1429192"},{"taxonomy":"product_tag","embeddable":true,"href":"https:\/\/kruze.ee\/et\/wp-json\/wp\/v2\/product_tag?post=1429192"}],"curies":[{"name":"wp","href":"https:\/\/api.w.org\/{rel}","templated":true}]}}