{"id":1429188,"date":"2025-12-22T23:08:35","date_gmt":"2025-12-22T20:08:35","guid":{"rendered":"https:\/\/kruze.ee\/product\/vinga-lean-glaasist-veepudel\/"},"modified":"2026-03-17T00:48:53","modified_gmt":"2026-03-16T21:48:53","slug":"vinga-lean-glaasist-veepudel","status":"publish","type":"product","link":"https:\/\/kruze.ee\/et\/toode\/vinga-lean-glaasist-veepudel\/","title":{"rendered":"VINGA Lean glaasist veepudel"},"content":{"rendered":"<p>Elegantne klaasist veepudel silikoon\u00fcmbrisega.<br \/>\nSilikoon\u00fcmbris tagab hea haarde ja kaitseb pudelit v\u00e4liste l\u00f6\u00f6kide eest. Lihtne ja stiilne disain sobib igap\u00e4evaseks kasutamiseks. Pudel on valmistatud borosilikaatklaasist \u2013 klaasit\u00fc\u00fcbist, mis on tavalise klaasiga v\u00f5rreldes palju vastupidavam temperatuurimuutustele. Borosilikaat on v\u00e4ga vastupidav ja kvaliteetne materjal, mis kestab kaua ja talub enamikke l\u00f6\u00f6ke.<\/p>\n","protected":false},"excerpt":{"rendered":"<p>Elegantne klaasist veepudel silikoon\u00fcmbrisega.<br \/>\nSilikoon\u00fcmbris tagab hea haarde ja kaitseb pudelit v\u00e4liste l\u00f6\u00f6kide eest. Lihtne ja stiilne disain sobib&#8230;<\/p>\n","protected":false},"featured_media":0,"template":"","meta":[],"product_brand":[],"product_cat":[5419],"product_tag":[],"class_list":{"0":"post-1429188","1":"product","2":"type-product","3":"status-publish","5":"product_cat-joogipudelid","6":"pa_brand-vinga-2","7":"pa_color-hall","8":"pa_color-black-2","9":"pa_gender-uniseks","10":"pa_gender-unisex","13":"pa_material-glasssilicone","15":"first","16":"instock","17":"taxable","18":"shipping-taxable","19":"purchasable","20":"product-type-variable"},"acf":[],"yoast_head":"<!-- This site is optimized with the Yoast SEO plugin v26.0 - https:\/\/yoast.com\/wordpress\/plugins\/seo\/ -->\n<title>VINGA Lean glaasist veepudel - Kruze.ee<\/title>\n<meta name=\"robots\" content=\"index, follow, max-snippet:-1, max-image-preview:large, max-video-preview:-1\" \/>\n<link rel=\"canonical\" href=\"https:\/\/kruze.ee\/et\/toode\/vinga-lean-glaasist-veepudel\/\" \/>\n<meta property=\"og:locale\" content=\"et_EE\" \/>\n<meta property=\"og:type\" content=\"article\" \/>\n<meta property=\"og:title\" content=\"VINGA Lean glaasist veepudel - Kruze.ee\" \/>\n<meta property=\"og:description\" content=\"Elegantne klaasist veepudel silikoon\u00fcmbrisega. Silikoon\u00fcmbris tagab hea haarde ja kaitseb pudelit v\u00e4liste l\u00f6\u00f6kide eest. Lihtne ja stiilne disain sobib...\" \/>\n<meta property=\"og:url\" content=\"https:\/\/kruze.ee\/et\/toode\/vinga-lean-glaasist-veepudel\/\" \/>\n<meta property=\"og:site_name\" content=\"Kruze.ee\" \/>\n<meta property=\"article:modified_time\" content=\"2026-03-16T21:48:53+00:00\" \/>\n<meta name=\"twitter:card\" content=\"summary_large_image\" \/>\n<script type=\"application\/ld+json\" class=\"yoast-schema-graph\">{\"@context\":\"https:\/\/schema.org\",\"@graph\":[{\"@type\":\"WebPage\",\"@id\":\"https:\/\/kruze.ee\/et\/toode\/vinga-lean-glaasist-veepudel\/\",\"url\":\"https:\/\/kruze.ee\/et\/toode\/vinga-lean-glaasist-veepudel\/\",\"name\":\"VINGA Lean glaasist veepudel - Kruze.ee\",\"isPartOf\":{\"@id\":\"https:\/\/kruze.ee\/et\/#website\"},\"datePublished\":\"2025-12-22T20:08:35+00:00\",\"dateModified\":\"2026-03-16T21:48:53+00:00\",\"breadcrumb\":{\"@id\":\"https:\/\/kruze.ee\/et\/toode\/vinga-lean-glaasist-veepudel\/#breadcrumb\"},\"inLanguage\":\"et\",\"potentialAction\":[{\"@type\":\"ReadAction\",\"target\":[\"https:\/\/kruze.ee\/et\/toode\/vinga-lean-glaasist-veepudel\/\"]}]},{\"@type\":\"BreadcrumbList\",\"@id\":\"https:\/\/kruze.ee\/et\/toode\/vinga-lean-glaasist-veepudel\/#breadcrumb\",\"itemListElement\":[{\"@type\":\"ListItem\",\"position\":1,\"name\":\"Home\",\"item\":\"https:\/\/kruze.ee\/et\/\"},{\"@type\":\"ListItem\",\"position\":2,\"name\":\"Tooted\",\"item\":\"https:\/\/kruze.ee\/et\/tooted\/\"},{\"@type\":\"ListItem\",\"position\":3,\"name\":\"VINGA Lean glaasist veepudel\"}]},{\"@type\":\"WebSite\",\"@id\":\"https:\/\/kruze.ee\/et\/#website\",\"url\":\"https:\/\/kruze.ee\/et\/\",\"name\":\"Kruze.ee\",\"description\":\"Reklaamkingitused, tr&uuml;kiga T-s&auml;rgid, fliisid, dressipluused, tekstiil, joped ja paljud teised logoga meened, &Auml;rikingitused sinu partnerile! Telli juba t&auml;na.\",\"potentialAction\":[{\"@type\":\"SearchAction\",\"target\":{\"@type\":\"EntryPoint\",\"urlTemplate\":\"https:\/\/kruze.ee\/et\/?s={search_term_string}\"},\"query-input\":{\"@type\":\"PropertyValueSpecification\",\"valueRequired\":true,\"valueName\":\"search_term_string\"}}],\"inLanguage\":\"et\"}]}<\/script>\n<!-- \/ Yoast SEO plugin. -->","yoast_head_json":{"title":"VINGA Lean glaasist veepudel - Kruze.ee","robots":{"index":"index","follow":"follow","max-snippet":"max-snippet:-1","max-image-preview":"max-image-preview:large","max-video-preview":"max-video-preview:-1"},"canonical":"https:\/\/kruze.ee\/et\/toode\/vinga-lean-glaasist-veepudel\/","og_locale":"et_EE","og_type":"article","og_title":"VINGA Lean glaasist veepudel - Kruze.ee","og_description":"Elegantne klaasist veepudel silikoon\u00fcmbrisega. Silikoon\u00fcmbris tagab hea haarde ja kaitseb pudelit v\u00e4liste l\u00f6\u00f6kide eest. Lihtne ja stiilne disain sobib...","og_url":"https:\/\/kruze.ee\/et\/toode\/vinga-lean-glaasist-veepudel\/","og_site_name":"Kruze.ee","article_modified_time":"2026-03-16T21:48:53+00:00","twitter_card":"summary_large_image","schema":{"@context":"https:\/\/schema.org","@graph":[{"@type":"WebPage","@id":"https:\/\/kruze.ee\/et\/toode\/vinga-lean-glaasist-veepudel\/","url":"https:\/\/kruze.ee\/et\/toode\/vinga-lean-glaasist-veepudel\/","name":"VINGA Lean glaasist veepudel - Kruze.ee","isPartOf":{"@id":"https:\/\/kruze.ee\/et\/#website"},"datePublished":"2025-12-22T20:08:35+00:00","dateModified":"2026-03-16T21:48:53+00:00","breadcrumb":{"@id":"https:\/\/kruze.ee\/et\/toode\/vinga-lean-glaasist-veepudel\/#breadcrumb"},"inLanguage":"et","potentialAction":[{"@type":"ReadAction","target":["https:\/\/kruze.ee\/et\/toode\/vinga-lean-glaasist-veepudel\/"]}]},{"@type":"BreadcrumbList","@id":"https:\/\/kruze.ee\/et\/toode\/vinga-lean-glaasist-veepudel\/#breadcrumb","itemListElement":[{"@type":"ListItem","position":1,"name":"Home","item":"https:\/\/kruze.ee\/et\/"},{"@type":"ListItem","position":2,"name":"Tooted","item":"https:\/\/kruze.ee\/et\/tooted\/"},{"@type":"ListItem","position":3,"name":"VINGA Lean glaasist veepudel"}]},{"@type":"WebSite","@id":"https:\/\/kruze.ee\/et\/#website","url":"https:\/\/kruze.ee\/et\/","name":"Kruze.ee","description":"Reklaamkingitused, tr&uuml;kiga T-s&auml;rgid, fliisid, dressipluused, tekstiil, joped ja paljud teised logoga meened, &Auml;rikingitused sinu partnerile! Telli juba t&auml;na.","potentialAction":[{"@type":"SearchAction","target":{"@type":"EntryPoint","urlTemplate":"https:\/\/kruze.ee\/et\/?s={search_term_string}"},"query-input":{"@type":"PropertyValueSpecification","valueRequired":true,"valueName":"search_term_string"}}],"inLanguage":"et"}]}},"_links":{"self":[{"href":"https:\/\/kruze.ee\/et\/wp-json\/wp\/v2\/product\/1429188","targetHints":{"allow":["GET"]}}],"collection":[{"href":"https:\/\/kruze.ee\/et\/wp-json\/wp\/v2\/product"}],"about":[{"href":"https:\/\/kruze.ee\/et\/wp-json\/wp\/v2\/types\/product"}],"wp:attachment":[{"href":"https:\/\/kruze.ee\/et\/wp-json\/wp\/v2\/media?parent=1429188"}],"wp:term":[{"taxonomy":"product_brand","embeddable":true,"href":"https:\/\/kruze.ee\/et\/wp-json\/wp\/v2\/product_brand?post=1429188"},{"taxonomy":"product_cat","embeddable":true,"href":"https:\/\/kruze.ee\/et\/wp-json\/wp\/v2\/product_cat?post=1429188"},{"taxonomy":"product_tag","embeddable":true,"href":"https:\/\/kruze.ee\/et\/wp-json\/wp\/v2\/product_tag?post=1429188"}],"curies":[{"name":"wp","href":"https:\/\/api.w.org\/{rel}","templated":true}]}}