{"id":1429154,"date":"2025-12-22T21:49:14","date_gmt":"2025-12-22T18:49:14","guid":{"rendered":"https:\/\/kruze.ee\/product\/vinga-buscot-ristkulikukujuline-serveerimislaud\/"},"modified":"2026-03-17T00:48:41","modified_gmt":"2026-03-16T21:48:41","slug":"vinga-buscot-ristkulikukujuline-serveerimislaud","status":"publish","type":"product","link":"https:\/\/kruze.ee\/et\/toode\/vinga-buscot-ristkulikukujuline-serveerimislaud\/","title":{"rendered":"VINGA Buscot ristk\u00fclikukujuline serveerimislaud"},"content":{"rendered":"<p>Stiilne l\u00f5ike- ja serveerimislaud, mis n\u00e4eb suurep\u00e4rane v\u00e4lja igas k\u00f6\u00f6gis. Avar pind teeb selle kasutamise mugavaks nii l\u00f5ikamisel kui ka serveerimisel.Laud on valmistatud FSC\u00ae-sertifitseeritud tiigipuust ning sellel on kaunis kuldne kuni keskmiselt pruun puidupind, mis aja jooksul loomulikult tumeneb. Tiigipuu k\u00f5rge \u00f5lisisaldus tagab tugeva kaitse kulumise ja lagunemise vastu ning hoiab laua heas seisukorras pikka aega.<\/p>\n","protected":false},"excerpt":{"rendered":"<p>Stiilne l\u00f5ike- ja serveerimislaud, mis n\u00e4eb suurep\u00e4rane v\u00e4lja igas k\u00f6\u00f6gis. Avar pind teeb selle kasutamise mugavaks nii l\u00f5ikamisel kui ka serveerimisel.Laud on&#8230;<\/p>\n","protected":false},"featured_media":0,"template":"","meta":[],"product_brand":[],"product_cat":[5436],"product_tag":[],"class_list":{"0":"post-1429154","1":"product","2":"type-product","3":"status-publish","5":"product_cat-koogitarbed","6":"pa_gender-uniseks","7":"pa_gender-unisex","11":"first","12":"instock","13":"purchasable","14":"product-type-simple"},"acf":[],"yoast_head":"<!-- This site is optimized with the Yoast SEO plugin v26.0 - https:\/\/yoast.com\/wordpress\/plugins\/seo\/ -->\n<title>VINGA Buscot ristk\u00fclikukujuline serveerimislaud - Kruze.ee<\/title>\n<meta name=\"robots\" content=\"index, follow, max-snippet:-1, max-image-preview:large, max-video-preview:-1\" \/>\n<link rel=\"canonical\" href=\"https:\/\/kruze.ee\/et\/toode\/vinga-buscot-ristkulikukujuline-serveerimislaud\/\" \/>\n<meta property=\"og:locale\" content=\"et_EE\" \/>\n<meta property=\"og:type\" content=\"article\" \/>\n<meta property=\"og:title\" content=\"VINGA Buscot ristk\u00fclikukujuline serveerimislaud - Kruze.ee\" \/>\n<meta property=\"og:description\" content=\"Stiilne l\u00f5ike- ja serveerimislaud, mis n\u00e4eb suurep\u00e4rane v\u00e4lja igas k\u00f6\u00f6gis. Avar pind teeb selle kasutamise mugavaks nii l\u00f5ikamisel kui ka serveerimisel.Laud on...\" \/>\n<meta property=\"og:url\" content=\"https:\/\/kruze.ee\/et\/toode\/vinga-buscot-ristkulikukujuline-serveerimislaud\/\" \/>\n<meta property=\"og:site_name\" content=\"Kruze.ee\" \/>\n<meta property=\"article:modified_time\" content=\"2026-03-16T21:48:41+00:00\" \/>\n<meta name=\"twitter:card\" content=\"summary_large_image\" \/>\n<meta name=\"twitter:label1\" content=\"Est. reading time\" \/>\n\t<meta name=\"twitter:data1\" content=\"1 minut\" \/>\n<script type=\"application\/ld+json\" class=\"yoast-schema-graph\">{\"@context\":\"https:\/\/schema.org\",\"@graph\":[{\"@type\":\"WebPage\",\"@id\":\"https:\/\/kruze.ee\/et\/toode\/vinga-buscot-ristkulikukujuline-serveerimislaud\/\",\"url\":\"https:\/\/kruze.ee\/et\/toode\/vinga-buscot-ristkulikukujuline-serveerimislaud\/\",\"name\":\"VINGA Buscot ristk\u00fclikukujuline serveerimislaud - Kruze.ee\",\"isPartOf\":{\"@id\":\"https:\/\/kruze.ee\/et\/#website\"},\"datePublished\":\"2025-12-22T18:49:14+00:00\",\"dateModified\":\"2026-03-16T21:48:41+00:00\",\"breadcrumb\":{\"@id\":\"https:\/\/kruze.ee\/et\/toode\/vinga-buscot-ristkulikukujuline-serveerimislaud\/#breadcrumb\"},\"inLanguage\":\"et\",\"potentialAction\":[{\"@type\":\"ReadAction\",\"target\":[\"https:\/\/kruze.ee\/et\/toode\/vinga-buscot-ristkulikukujuline-serveerimislaud\/\"]}]},{\"@type\":\"BreadcrumbList\",\"@id\":\"https:\/\/kruze.ee\/et\/toode\/vinga-buscot-ristkulikukujuline-serveerimislaud\/#breadcrumb\",\"itemListElement\":[{\"@type\":\"ListItem\",\"position\":1,\"name\":\"Home\",\"item\":\"https:\/\/kruze.ee\/et\/\"},{\"@type\":\"ListItem\",\"position\":2,\"name\":\"Tooted\",\"item\":\"https:\/\/kruze.ee\/et\/tooted\/\"},{\"@type\":\"ListItem\",\"position\":3,\"name\":\"VINGA Buscot ristk\u00fclikukujuline serveerimislaud\"}]},{\"@type\":\"WebSite\",\"@id\":\"https:\/\/kruze.ee\/et\/#website\",\"url\":\"https:\/\/kruze.ee\/et\/\",\"name\":\"Kruze.ee\",\"description\":\"Reklaamkingitused, tr&uuml;kiga T-s&auml;rgid, fliisid, dressipluused, tekstiil, joped ja paljud teised logoga meened, &Auml;rikingitused sinu partnerile! Telli juba t&auml;na.\",\"potentialAction\":[{\"@type\":\"SearchAction\",\"target\":{\"@type\":\"EntryPoint\",\"urlTemplate\":\"https:\/\/kruze.ee\/et\/?s={search_term_string}\"},\"query-input\":{\"@type\":\"PropertyValueSpecification\",\"valueRequired\":true,\"valueName\":\"search_term_string\"}}],\"inLanguage\":\"et\"}]}<\/script>\n<!-- \/ Yoast SEO plugin. -->","yoast_head_json":{"title":"VINGA Buscot ristk\u00fclikukujuline serveerimislaud - Kruze.ee","robots":{"index":"index","follow":"follow","max-snippet":"max-snippet:-1","max-image-preview":"max-image-preview:large","max-video-preview":"max-video-preview:-1"},"canonical":"https:\/\/kruze.ee\/et\/toode\/vinga-buscot-ristkulikukujuline-serveerimislaud\/","og_locale":"et_EE","og_type":"article","og_title":"VINGA Buscot ristk\u00fclikukujuline serveerimislaud - Kruze.ee","og_description":"Stiilne l\u00f5ike- ja serveerimislaud, mis n\u00e4eb suurep\u00e4rane v\u00e4lja igas k\u00f6\u00f6gis. Avar pind teeb selle kasutamise mugavaks nii l\u00f5ikamisel kui ka serveerimisel.Laud on...","og_url":"https:\/\/kruze.ee\/et\/toode\/vinga-buscot-ristkulikukujuline-serveerimislaud\/","og_site_name":"Kruze.ee","article_modified_time":"2026-03-16T21:48:41+00:00","twitter_card":"summary_large_image","twitter_misc":{"Est. reading time":"1 minut"},"schema":{"@context":"https:\/\/schema.org","@graph":[{"@type":"WebPage","@id":"https:\/\/kruze.ee\/et\/toode\/vinga-buscot-ristkulikukujuline-serveerimislaud\/","url":"https:\/\/kruze.ee\/et\/toode\/vinga-buscot-ristkulikukujuline-serveerimislaud\/","name":"VINGA Buscot ristk\u00fclikukujuline serveerimislaud - Kruze.ee","isPartOf":{"@id":"https:\/\/kruze.ee\/et\/#website"},"datePublished":"2025-12-22T18:49:14+00:00","dateModified":"2026-03-16T21:48:41+00:00","breadcrumb":{"@id":"https:\/\/kruze.ee\/et\/toode\/vinga-buscot-ristkulikukujuline-serveerimislaud\/#breadcrumb"},"inLanguage":"et","potentialAction":[{"@type":"ReadAction","target":["https:\/\/kruze.ee\/et\/toode\/vinga-buscot-ristkulikukujuline-serveerimislaud\/"]}]},{"@type":"BreadcrumbList","@id":"https:\/\/kruze.ee\/et\/toode\/vinga-buscot-ristkulikukujuline-serveerimislaud\/#breadcrumb","itemListElement":[{"@type":"ListItem","position":1,"name":"Home","item":"https:\/\/kruze.ee\/et\/"},{"@type":"ListItem","position":2,"name":"Tooted","item":"https:\/\/kruze.ee\/et\/tooted\/"},{"@type":"ListItem","position":3,"name":"VINGA Buscot ristk\u00fclikukujuline serveerimislaud"}]},{"@type":"WebSite","@id":"https:\/\/kruze.ee\/et\/#website","url":"https:\/\/kruze.ee\/et\/","name":"Kruze.ee","description":"Reklaamkingitused, tr&uuml;kiga T-s&auml;rgid, fliisid, dressipluused, tekstiil, joped ja paljud teised logoga meened, &Auml;rikingitused sinu partnerile! Telli juba t&auml;na.","potentialAction":[{"@type":"SearchAction","target":{"@type":"EntryPoint","urlTemplate":"https:\/\/kruze.ee\/et\/?s={search_term_string}"},"query-input":{"@type":"PropertyValueSpecification","valueRequired":true,"valueName":"search_term_string"}}],"inLanguage":"et"}]}},"_links":{"self":[{"href":"https:\/\/kruze.ee\/et\/wp-json\/wp\/v2\/product\/1429154","targetHints":{"allow":["GET"]}}],"collection":[{"href":"https:\/\/kruze.ee\/et\/wp-json\/wp\/v2\/product"}],"about":[{"href":"https:\/\/kruze.ee\/et\/wp-json\/wp\/v2\/types\/product"}],"wp:attachment":[{"href":"https:\/\/kruze.ee\/et\/wp-json\/wp\/v2\/media?parent=1429154"}],"wp:term":[{"taxonomy":"product_brand","embeddable":true,"href":"https:\/\/kruze.ee\/et\/wp-json\/wp\/v2\/product_brand?post=1429154"},{"taxonomy":"product_cat","embeddable":true,"href":"https:\/\/kruze.ee\/et\/wp-json\/wp\/v2\/product_cat?post=1429154"},{"taxonomy":"product_tag","embeddable":true,"href":"https:\/\/kruze.ee\/et\/wp-json\/wp\/v2\/product_tag?post=1429154"}],"curies":[{"name":"wp","href":"https:\/\/api.w.org\/{rel}","templated":true}]}}