{"id":1429148,"date":"2025-12-22T21:49:02","date_gmt":"2025-12-22T18:49:02","guid":{"rendered":"https:\/\/kruze.ee\/product\/vinga-buscot-horisontaalne-serveerimislaud\/"},"modified":"2026-03-17T00:48:40","modified_gmt":"2026-03-16T21:48:40","slug":"vinga-buscot-horisontaalne-serveerimislaud","status":"publish","type":"product","link":"https:\/\/kruze.ee\/et\/toode\/vinga-buscot-horisontaalne-serveerimislaud\/","title":{"rendered":"VINGA Buscot horisontaalne serveerimislaud"},"content":{"rendered":"<p>Stiilne l\u00f5ike- ja serveerimislaud, mis toob v\u00e4rskust ja soojust igasse k\u00f6\u00f6ki. L\u00f5ikelaud on valmistatud FSC\u00ae-sertifitseeritud tiigipuust ning sellel on kaunis kuldne kuni keskmiselt pruun puidutoon, mis aja jooksul loomulikult tumeneb.Tiigipuu k\u00f5rge \u00f5lisisaldus muudab laua v\u00e4ga vastupidavaks kulumisele ja lagunemisele. Varustatud tugeva k\u00e4epidemega, mis v\u00f5imaldab lauda mugavalt k\u00f6\u00f6gist lauale t\u00f5sta.<\/p>\n","protected":false},"excerpt":{"rendered":"<p>Stiilne l\u00f5ike- ja serveerimislaud, mis toob v\u00e4rskust ja soojust igasse k\u00f6\u00f6ki. L\u00f5ikelaud on valmistatud FSC\u00ae-sertifitseeritud tiigipuust ning sellel on kaunis&#8230;<\/p>\n","protected":false},"featured_media":0,"template":"","meta":[],"product_brand":[],"product_cat":[5436],"product_tag":[],"class_list":{"0":"post-1429148","1":"product","2":"type-product","3":"status-publish","5":"product_cat-koogitarbed","6":"pa_gender-uniseks","7":"pa_gender-unisex","11":"first","12":"instock","13":"purchasable","14":"product-type-simple"},"acf":[],"yoast_head":"<!-- This site is optimized with the Yoast SEO plugin v26.0 - https:\/\/yoast.com\/wordpress\/plugins\/seo\/ -->\n<title>VINGA Buscot horisontaalne serveerimislaud - Kruze.ee<\/title>\n<meta name=\"robots\" content=\"index, follow, max-snippet:-1, max-image-preview:large, max-video-preview:-1\" \/>\n<link rel=\"canonical\" href=\"https:\/\/kruze.ee\/et\/toode\/vinga-buscot-horisontaalne-serveerimislaud\/\" \/>\n<meta property=\"og:locale\" content=\"et_EE\" \/>\n<meta property=\"og:type\" content=\"article\" \/>\n<meta property=\"og:title\" content=\"VINGA Buscot horisontaalne serveerimislaud - Kruze.ee\" \/>\n<meta property=\"og:description\" content=\"Stiilne l\u00f5ike- ja serveerimislaud, mis toob v\u00e4rskust ja soojust igasse k\u00f6\u00f6ki. L\u00f5ikelaud on valmistatud FSC\u00ae-sertifitseeritud tiigipuust ning sellel on kaunis...\" \/>\n<meta property=\"og:url\" content=\"https:\/\/kruze.ee\/et\/toode\/vinga-buscot-horisontaalne-serveerimislaud\/\" \/>\n<meta property=\"og:site_name\" content=\"Kruze.ee\" \/>\n<meta property=\"article:modified_time\" content=\"2026-03-16T21:48:40+00:00\" \/>\n<meta name=\"twitter:card\" content=\"summary_large_image\" \/>\n<meta name=\"twitter:label1\" content=\"Est. reading time\" \/>\n\t<meta name=\"twitter:data1\" content=\"1 minut\" \/>\n<script type=\"application\/ld+json\" class=\"yoast-schema-graph\">{\"@context\":\"https:\/\/schema.org\",\"@graph\":[{\"@type\":\"WebPage\",\"@id\":\"https:\/\/kruze.ee\/et\/toode\/vinga-buscot-horisontaalne-serveerimislaud\/\",\"url\":\"https:\/\/kruze.ee\/et\/toode\/vinga-buscot-horisontaalne-serveerimislaud\/\",\"name\":\"VINGA Buscot horisontaalne serveerimislaud - Kruze.ee\",\"isPartOf\":{\"@id\":\"https:\/\/kruze.ee\/et\/#website\"},\"datePublished\":\"2025-12-22T18:49:02+00:00\",\"dateModified\":\"2026-03-16T21:48:40+00:00\",\"breadcrumb\":{\"@id\":\"https:\/\/kruze.ee\/et\/toode\/vinga-buscot-horisontaalne-serveerimislaud\/#breadcrumb\"},\"inLanguage\":\"et\",\"potentialAction\":[{\"@type\":\"ReadAction\",\"target\":[\"https:\/\/kruze.ee\/et\/toode\/vinga-buscot-horisontaalne-serveerimislaud\/\"]}]},{\"@type\":\"BreadcrumbList\",\"@id\":\"https:\/\/kruze.ee\/et\/toode\/vinga-buscot-horisontaalne-serveerimislaud\/#breadcrumb\",\"itemListElement\":[{\"@type\":\"ListItem\",\"position\":1,\"name\":\"Home\",\"item\":\"https:\/\/kruze.ee\/et\/\"},{\"@type\":\"ListItem\",\"position\":2,\"name\":\"Tooted\",\"item\":\"https:\/\/kruze.ee\/et\/tooted\/\"},{\"@type\":\"ListItem\",\"position\":3,\"name\":\"VINGA Buscot horisontaalne serveerimislaud\"}]},{\"@type\":\"WebSite\",\"@id\":\"https:\/\/kruze.ee\/et\/#website\",\"url\":\"https:\/\/kruze.ee\/et\/\",\"name\":\"Kruze.ee\",\"description\":\"Reklaamkingitused, tr&uuml;kiga T-s&auml;rgid, fliisid, dressipluused, tekstiil, joped ja paljud teised logoga meened, &Auml;rikingitused sinu partnerile! Telli juba t&auml;na.\",\"potentialAction\":[{\"@type\":\"SearchAction\",\"target\":{\"@type\":\"EntryPoint\",\"urlTemplate\":\"https:\/\/kruze.ee\/et\/?s={search_term_string}\"},\"query-input\":{\"@type\":\"PropertyValueSpecification\",\"valueRequired\":true,\"valueName\":\"search_term_string\"}}],\"inLanguage\":\"et\"}]}<\/script>\n<!-- \/ Yoast SEO plugin. -->","yoast_head_json":{"title":"VINGA Buscot horisontaalne serveerimislaud - Kruze.ee","robots":{"index":"index","follow":"follow","max-snippet":"max-snippet:-1","max-image-preview":"max-image-preview:large","max-video-preview":"max-video-preview:-1"},"canonical":"https:\/\/kruze.ee\/et\/toode\/vinga-buscot-horisontaalne-serveerimislaud\/","og_locale":"et_EE","og_type":"article","og_title":"VINGA Buscot horisontaalne serveerimislaud - Kruze.ee","og_description":"Stiilne l\u00f5ike- ja serveerimislaud, mis toob v\u00e4rskust ja soojust igasse k\u00f6\u00f6ki. L\u00f5ikelaud on valmistatud FSC\u00ae-sertifitseeritud tiigipuust ning sellel on kaunis...","og_url":"https:\/\/kruze.ee\/et\/toode\/vinga-buscot-horisontaalne-serveerimislaud\/","og_site_name":"Kruze.ee","article_modified_time":"2026-03-16T21:48:40+00:00","twitter_card":"summary_large_image","twitter_misc":{"Est. reading time":"1 minut"},"schema":{"@context":"https:\/\/schema.org","@graph":[{"@type":"WebPage","@id":"https:\/\/kruze.ee\/et\/toode\/vinga-buscot-horisontaalne-serveerimislaud\/","url":"https:\/\/kruze.ee\/et\/toode\/vinga-buscot-horisontaalne-serveerimislaud\/","name":"VINGA Buscot horisontaalne serveerimislaud - Kruze.ee","isPartOf":{"@id":"https:\/\/kruze.ee\/et\/#website"},"datePublished":"2025-12-22T18:49:02+00:00","dateModified":"2026-03-16T21:48:40+00:00","breadcrumb":{"@id":"https:\/\/kruze.ee\/et\/toode\/vinga-buscot-horisontaalne-serveerimislaud\/#breadcrumb"},"inLanguage":"et","potentialAction":[{"@type":"ReadAction","target":["https:\/\/kruze.ee\/et\/toode\/vinga-buscot-horisontaalne-serveerimislaud\/"]}]},{"@type":"BreadcrumbList","@id":"https:\/\/kruze.ee\/et\/toode\/vinga-buscot-horisontaalne-serveerimislaud\/#breadcrumb","itemListElement":[{"@type":"ListItem","position":1,"name":"Home","item":"https:\/\/kruze.ee\/et\/"},{"@type":"ListItem","position":2,"name":"Tooted","item":"https:\/\/kruze.ee\/et\/tooted\/"},{"@type":"ListItem","position":3,"name":"VINGA Buscot horisontaalne serveerimislaud"}]},{"@type":"WebSite","@id":"https:\/\/kruze.ee\/et\/#website","url":"https:\/\/kruze.ee\/et\/","name":"Kruze.ee","description":"Reklaamkingitused, tr&uuml;kiga T-s&auml;rgid, fliisid, dressipluused, tekstiil, joped ja paljud teised logoga meened, &Auml;rikingitused sinu partnerile! Telli juba t&auml;na.","potentialAction":[{"@type":"SearchAction","target":{"@type":"EntryPoint","urlTemplate":"https:\/\/kruze.ee\/et\/?s={search_term_string}"},"query-input":{"@type":"PropertyValueSpecification","valueRequired":true,"valueName":"search_term_string"}}],"inLanguage":"et"}]}},"_links":{"self":[{"href":"https:\/\/kruze.ee\/et\/wp-json\/wp\/v2\/product\/1429148","targetHints":{"allow":["GET"]}}],"collection":[{"href":"https:\/\/kruze.ee\/et\/wp-json\/wp\/v2\/product"}],"about":[{"href":"https:\/\/kruze.ee\/et\/wp-json\/wp\/v2\/types\/product"}],"wp:attachment":[{"href":"https:\/\/kruze.ee\/et\/wp-json\/wp\/v2\/media?parent=1429148"}],"wp:term":[{"taxonomy":"product_brand","embeddable":true,"href":"https:\/\/kruze.ee\/et\/wp-json\/wp\/v2\/product_brand?post=1429148"},{"taxonomy":"product_cat","embeddable":true,"href":"https:\/\/kruze.ee\/et\/wp-json\/wp\/v2\/product_cat?post=1429148"},{"taxonomy":"product_tag","embeddable":true,"href":"https:\/\/kruze.ee\/et\/wp-json\/wp\/v2\/product_tag?post=1429148"}],"curies":[{"name":"wp","href":"https:\/\/api.w.org\/{rel}","templated":true}]}}