{"id":1429122,"date":"2025-12-22T17:49:30","date_gmt":"2025-12-22T14:49:30","guid":{"rendered":"https:\/\/kruze.ee\/product\/x8-kummise-pinnakattega-pastapliiats\/"},"modified":"2026-03-17T00:55:43","modified_gmt":"2026-03-16T21:55:43","slug":"x8-kummise-pinnakattega-pastapliiats","status":"publish","type":"product","link":"https:\/\/kruze.ee\/et\/toode\/x8-kummise-pinnakattega-pastapliiats\/","title":{"rendered":"X8 kummise pinnakattega pastapliiats"},"content":{"rendered":"<p>X-pliiatsite perekonna uus liige, millel on v\u00e4rske disain kroomitud otsa ja nupudetailiga. Pastapliiats on varustatud kummise pinnakattega, mis tagab eriti mugava ja meeldiva kirjutamiskogemuse. Ideaalne valik teie br\u00e4ndis\u00f5numi edastamiseks.Pliiatsil on ligikaudu 1200 m kirjutuspikkusega Saksa Dokumental\u00ae sinine tindis\u00fcdamik, mille TC-kuul tagab \u00fclisujuva ja \u00fchtlase kirjutamise.<\/p>\n","protected":false},"excerpt":{"rendered":"<p>X-pliiatsite perekonna uus liige, millel on v\u00e4rske disain kroomitud otsa ja nupudetailiga. Pastapliiats on varustatud kummise pinnakattega, mis tagab eriti&#8230;<\/p>\n","protected":false},"featured_media":0,"template":"","meta":[],"product_brand":[],"product_cat":[15191],"product_tag":[],"class_list":{"0":"post-1429122","1":"product","2":"type-product","3":"status-publish","5":"product_cat-pastapliiatsid","6":"pa_brand-xd-collection","7":"pa_color-hall","8":"pa_color-helesinine","9":"pa_color-kollane","10":"pa_color-laimiroheline","11":"pa_color-black-2","12":"pa_color-oranz","13":"pa_color-punane","14":"pa_color-roosa","15":"pa_color-tumesinine","16":"pa_color-valge","17":"pa_gender-uniseks","19":"pa_material-abs","21":"first","22":"instock","23":"taxable","24":"shipping-taxable","25":"purchasable","26":"product-type-variable"},"acf":[],"yoast_head":"<!-- This site is optimized with the Yoast SEO plugin v26.0 - https:\/\/yoast.com\/wordpress\/plugins\/seo\/ -->\n<title>X8 kummise pinnakattega pastapliiats - Kruze.ee<\/title>\n<meta name=\"robots\" content=\"index, follow, max-snippet:-1, max-image-preview:large, max-video-preview:-1\" \/>\n<link rel=\"canonical\" href=\"https:\/\/kruze.ee\/et\/toode\/x8-kummise-pinnakattega-pastapliiats\/\" \/>\n<meta property=\"og:locale\" content=\"et_EE\" \/>\n<meta property=\"og:type\" content=\"article\" \/>\n<meta property=\"og:title\" content=\"X8 kummise pinnakattega pastapliiats - Kruze.ee\" \/>\n<meta property=\"og:description\" content=\"X-pliiatsite perekonna uus liige, millel on v\u00e4rske disain kroomitud otsa ja nupudetailiga. Pastapliiats on varustatud kummise pinnakattega, mis tagab eriti...\" \/>\n<meta property=\"og:url\" content=\"https:\/\/kruze.ee\/et\/toode\/x8-kummise-pinnakattega-pastapliiats\/\" \/>\n<meta property=\"og:site_name\" content=\"Kruze.ee\" \/>\n<meta property=\"article:modified_time\" content=\"2026-03-16T21:55:43+00:00\" \/>\n<meta name=\"twitter:card\" content=\"summary_large_image\" \/>\n<script type=\"application\/ld+json\" class=\"yoast-schema-graph\">{\"@context\":\"https:\/\/schema.org\",\"@graph\":[{\"@type\":\"WebPage\",\"@id\":\"https:\/\/kruze.ee\/et\/toode\/x8-kummise-pinnakattega-pastapliiats\/\",\"url\":\"https:\/\/kruze.ee\/et\/toode\/x8-kummise-pinnakattega-pastapliiats\/\",\"name\":\"X8 kummise pinnakattega pastapliiats - Kruze.ee\",\"isPartOf\":{\"@id\":\"https:\/\/kruze.ee\/et\/#website\"},\"datePublished\":\"2025-12-22T14:49:30+00:00\",\"dateModified\":\"2026-03-16T21:55:43+00:00\",\"breadcrumb\":{\"@id\":\"https:\/\/kruze.ee\/et\/toode\/x8-kummise-pinnakattega-pastapliiats\/#breadcrumb\"},\"inLanguage\":\"et\",\"potentialAction\":[{\"@type\":\"ReadAction\",\"target\":[\"https:\/\/kruze.ee\/et\/toode\/x8-kummise-pinnakattega-pastapliiats\/\"]}]},{\"@type\":\"BreadcrumbList\",\"@id\":\"https:\/\/kruze.ee\/et\/toode\/x8-kummise-pinnakattega-pastapliiats\/#breadcrumb\",\"itemListElement\":[{\"@type\":\"ListItem\",\"position\":1,\"name\":\"Home\",\"item\":\"https:\/\/kruze.ee\/et\/\"},{\"@type\":\"ListItem\",\"position\":2,\"name\":\"Tooted\",\"item\":\"https:\/\/kruze.ee\/et\/tooted\/\"},{\"@type\":\"ListItem\",\"position\":3,\"name\":\"X8 kummise pinnakattega pastapliiats\"}]},{\"@type\":\"WebSite\",\"@id\":\"https:\/\/kruze.ee\/et\/#website\",\"url\":\"https:\/\/kruze.ee\/et\/\",\"name\":\"Kruze.ee\",\"description\":\"Reklaamkingitused, tr&uuml;kiga T-s&auml;rgid, fliisid, dressipluused, tekstiil, joped ja paljud teised logoga meened, &Auml;rikingitused sinu partnerile! Telli juba t&auml;na.\",\"potentialAction\":[{\"@type\":\"SearchAction\",\"target\":{\"@type\":\"EntryPoint\",\"urlTemplate\":\"https:\/\/kruze.ee\/et\/?s={search_term_string}\"},\"query-input\":{\"@type\":\"PropertyValueSpecification\",\"valueRequired\":true,\"valueName\":\"search_term_string\"}}],\"inLanguage\":\"et\"}]}<\/script>\n<!-- \/ Yoast SEO plugin. -->","yoast_head_json":{"title":"X8 kummise pinnakattega pastapliiats - Kruze.ee","robots":{"index":"index","follow":"follow","max-snippet":"max-snippet:-1","max-image-preview":"max-image-preview:large","max-video-preview":"max-video-preview:-1"},"canonical":"https:\/\/kruze.ee\/et\/toode\/x8-kummise-pinnakattega-pastapliiats\/","og_locale":"et_EE","og_type":"article","og_title":"X8 kummise pinnakattega pastapliiats - Kruze.ee","og_description":"X-pliiatsite perekonna uus liige, millel on v\u00e4rske disain kroomitud otsa ja nupudetailiga. Pastapliiats on varustatud kummise pinnakattega, mis tagab eriti...","og_url":"https:\/\/kruze.ee\/et\/toode\/x8-kummise-pinnakattega-pastapliiats\/","og_site_name":"Kruze.ee","article_modified_time":"2026-03-16T21:55:43+00:00","twitter_card":"summary_large_image","schema":{"@context":"https:\/\/schema.org","@graph":[{"@type":"WebPage","@id":"https:\/\/kruze.ee\/et\/toode\/x8-kummise-pinnakattega-pastapliiats\/","url":"https:\/\/kruze.ee\/et\/toode\/x8-kummise-pinnakattega-pastapliiats\/","name":"X8 kummise pinnakattega pastapliiats - Kruze.ee","isPartOf":{"@id":"https:\/\/kruze.ee\/et\/#website"},"datePublished":"2025-12-22T14:49:30+00:00","dateModified":"2026-03-16T21:55:43+00:00","breadcrumb":{"@id":"https:\/\/kruze.ee\/et\/toode\/x8-kummise-pinnakattega-pastapliiats\/#breadcrumb"},"inLanguage":"et","potentialAction":[{"@type":"ReadAction","target":["https:\/\/kruze.ee\/et\/toode\/x8-kummise-pinnakattega-pastapliiats\/"]}]},{"@type":"BreadcrumbList","@id":"https:\/\/kruze.ee\/et\/toode\/x8-kummise-pinnakattega-pastapliiats\/#breadcrumb","itemListElement":[{"@type":"ListItem","position":1,"name":"Home","item":"https:\/\/kruze.ee\/et\/"},{"@type":"ListItem","position":2,"name":"Tooted","item":"https:\/\/kruze.ee\/et\/tooted\/"},{"@type":"ListItem","position":3,"name":"X8 kummise pinnakattega pastapliiats"}]},{"@type":"WebSite","@id":"https:\/\/kruze.ee\/et\/#website","url":"https:\/\/kruze.ee\/et\/","name":"Kruze.ee","description":"Reklaamkingitused, tr&uuml;kiga T-s&auml;rgid, fliisid, dressipluused, tekstiil, joped ja paljud teised logoga meened, &Auml;rikingitused sinu partnerile! Telli juba t&auml;na.","potentialAction":[{"@type":"SearchAction","target":{"@type":"EntryPoint","urlTemplate":"https:\/\/kruze.ee\/et\/?s={search_term_string}"},"query-input":{"@type":"PropertyValueSpecification","valueRequired":true,"valueName":"search_term_string"}}],"inLanguage":"et"}]}},"_links":{"self":[{"href":"https:\/\/kruze.ee\/et\/wp-json\/wp\/v2\/product\/1429122","targetHints":{"allow":["GET"]}}],"collection":[{"href":"https:\/\/kruze.ee\/et\/wp-json\/wp\/v2\/product"}],"about":[{"href":"https:\/\/kruze.ee\/et\/wp-json\/wp\/v2\/types\/product"}],"wp:attachment":[{"href":"https:\/\/kruze.ee\/et\/wp-json\/wp\/v2\/media?parent=1429122"}],"wp:term":[{"taxonomy":"product_brand","embeddable":true,"href":"https:\/\/kruze.ee\/et\/wp-json\/wp\/v2\/product_brand?post=1429122"},{"taxonomy":"product_cat","embeddable":true,"href":"https:\/\/kruze.ee\/et\/wp-json\/wp\/v2\/product_cat?post=1429122"},{"taxonomy":"product_tag","embeddable":true,"href":"https:\/\/kruze.ee\/et\/wp-json\/wp\/v2\/product_tag?post=1429122"}],"curies":[{"name":"wp","href":"https:\/\/api.w.org\/{rel}","templated":true}]}}