{"id":1429116,"date":"2025-12-22T17:49:22","date_gmt":"2025-12-22T14:49:22","guid":{"rendered":"https:\/\/kruze.ee\/product\/x6-korgiga-pastapliiats-ultra-glide-tindiga\/"},"modified":"2026-03-17T00:55:40","modified_gmt":"2026-03-16T21:55:40","slug":"x6-korgiga-pastapliiats-ultra-glide-tindiga","status":"publish","type":"product","link":"https:\/\/kruze.ee\/et\/toode\/x6-korgiga-pastapliiats-ultra-glide-tindiga\/","title":{"rendered":"X6 korgiga pastapliiats ultra glide tindiga"},"content":{"rendered":"<p>Uus liige X6 pastapliiatsite perekonnas. X6 korgiga pastapliiats on varustatud madala viskoossusega tindiga, mis tagab eriti sujuva ja meeldiva kirjutamise. Madala viskoossusega tint v\u00f5imaldab suuremat tindivoolu v\u00f5rreldes k\u00f5rgema viskoossusega tintidega, pakkudes voolavaid\u00a0 kirjutusjooni.Kirjutuspikkus kuni 800 meetrit. Tindi v\u00e4rv sinine.<\/p>\n","protected":false},"excerpt":{"rendered":"<p>Uus liige X6 pastapliiatsite perekonnas. X6 korgiga pastapliiats on varustatud madala viskoossusega tindiga, mis tagab eriti sujuva ja meeldiva kirjutamise&#8230;.<\/p>\n","protected":false},"featured_media":0,"template":"","meta":[],"product_brand":[],"product_cat":[15191],"product_tag":[],"class_list":{"0":"post-1429116","1":"product","2":"type-product","3":"status-publish","5":"product_cat-pastapliiatsid","6":"pa_brand-xd-collection","7":"pa_color-black-2","8":"pa_color-blue-2","9":"pa_color-valge","10":"pa_gender-uniseks","11":"pa_gender-unisex","14":"pa_material-absmetal","16":"first","17":"instock","18":"taxable","19":"shipping-taxable","20":"purchasable","21":"product-type-variable"},"acf":[],"yoast_head":"<!-- This site is optimized with the Yoast SEO plugin v26.0 - https:\/\/yoast.com\/wordpress\/plugins\/seo\/ -->\n<title>X6 korgiga pastapliiats ultra glide tindiga - Kruze.ee<\/title>\n<meta name=\"robots\" content=\"index, follow, max-snippet:-1, max-image-preview:large, max-video-preview:-1\" \/>\n<link rel=\"canonical\" href=\"https:\/\/kruze.ee\/et\/toode\/x6-korgiga-pastapliiats-ultra-glide-tindiga\/\" \/>\n<meta property=\"og:locale\" content=\"et_EE\" \/>\n<meta property=\"og:type\" content=\"article\" \/>\n<meta property=\"og:title\" content=\"X6 korgiga pastapliiats ultra glide tindiga - Kruze.ee\" \/>\n<meta property=\"og:description\" content=\"Uus liige X6 pastapliiatsite perekonnas. X6 korgiga pastapliiats on varustatud madala viskoossusega tindiga, mis tagab eriti sujuva ja meeldiva kirjutamise....\" \/>\n<meta property=\"og:url\" content=\"https:\/\/kruze.ee\/et\/toode\/x6-korgiga-pastapliiats-ultra-glide-tindiga\/\" \/>\n<meta property=\"og:site_name\" content=\"Kruze.ee\" \/>\n<meta property=\"article:modified_time\" content=\"2026-03-16T21:55:40+00:00\" \/>\n<meta name=\"twitter:card\" content=\"summary_large_image\" \/>\n<script type=\"application\/ld+json\" class=\"yoast-schema-graph\">{\"@context\":\"https:\/\/schema.org\",\"@graph\":[{\"@type\":\"WebPage\",\"@id\":\"https:\/\/kruze.ee\/et\/toode\/x6-korgiga-pastapliiats-ultra-glide-tindiga\/\",\"url\":\"https:\/\/kruze.ee\/et\/toode\/x6-korgiga-pastapliiats-ultra-glide-tindiga\/\",\"name\":\"X6 korgiga pastapliiats ultra glide tindiga - Kruze.ee\",\"isPartOf\":{\"@id\":\"https:\/\/kruze.ee\/et\/#website\"},\"datePublished\":\"2025-12-22T14:49:22+00:00\",\"dateModified\":\"2026-03-16T21:55:40+00:00\",\"breadcrumb\":{\"@id\":\"https:\/\/kruze.ee\/et\/toode\/x6-korgiga-pastapliiats-ultra-glide-tindiga\/#breadcrumb\"},\"inLanguage\":\"et\",\"potentialAction\":[{\"@type\":\"ReadAction\",\"target\":[\"https:\/\/kruze.ee\/et\/toode\/x6-korgiga-pastapliiats-ultra-glide-tindiga\/\"]}]},{\"@type\":\"BreadcrumbList\",\"@id\":\"https:\/\/kruze.ee\/et\/toode\/x6-korgiga-pastapliiats-ultra-glide-tindiga\/#breadcrumb\",\"itemListElement\":[{\"@type\":\"ListItem\",\"position\":1,\"name\":\"Home\",\"item\":\"https:\/\/kruze.ee\/et\/\"},{\"@type\":\"ListItem\",\"position\":2,\"name\":\"Tooted\",\"item\":\"https:\/\/kruze.ee\/et\/tooted\/\"},{\"@type\":\"ListItem\",\"position\":3,\"name\":\"X6 korgiga pastapliiats ultra glide tindiga\"}]},{\"@type\":\"WebSite\",\"@id\":\"https:\/\/kruze.ee\/et\/#website\",\"url\":\"https:\/\/kruze.ee\/et\/\",\"name\":\"Kruze.ee\",\"description\":\"Reklaamkingitused, tr&uuml;kiga T-s&auml;rgid, fliisid, dressipluused, tekstiil, joped ja paljud teised logoga meened, &Auml;rikingitused sinu partnerile! Telli juba t&auml;na.\",\"potentialAction\":[{\"@type\":\"SearchAction\",\"target\":{\"@type\":\"EntryPoint\",\"urlTemplate\":\"https:\/\/kruze.ee\/et\/?s={search_term_string}\"},\"query-input\":{\"@type\":\"PropertyValueSpecification\",\"valueRequired\":true,\"valueName\":\"search_term_string\"}}],\"inLanguage\":\"et\"}]}<\/script>\n<!-- \/ Yoast SEO plugin. -->","yoast_head_json":{"title":"X6 korgiga pastapliiats ultra glide tindiga - Kruze.ee","robots":{"index":"index","follow":"follow","max-snippet":"max-snippet:-1","max-image-preview":"max-image-preview:large","max-video-preview":"max-video-preview:-1"},"canonical":"https:\/\/kruze.ee\/et\/toode\/x6-korgiga-pastapliiats-ultra-glide-tindiga\/","og_locale":"et_EE","og_type":"article","og_title":"X6 korgiga pastapliiats ultra glide tindiga - Kruze.ee","og_description":"Uus liige X6 pastapliiatsite perekonnas. X6 korgiga pastapliiats on varustatud madala viskoossusega tindiga, mis tagab eriti sujuva ja meeldiva kirjutamise....","og_url":"https:\/\/kruze.ee\/et\/toode\/x6-korgiga-pastapliiats-ultra-glide-tindiga\/","og_site_name":"Kruze.ee","article_modified_time":"2026-03-16T21:55:40+00:00","twitter_card":"summary_large_image","schema":{"@context":"https:\/\/schema.org","@graph":[{"@type":"WebPage","@id":"https:\/\/kruze.ee\/et\/toode\/x6-korgiga-pastapliiats-ultra-glide-tindiga\/","url":"https:\/\/kruze.ee\/et\/toode\/x6-korgiga-pastapliiats-ultra-glide-tindiga\/","name":"X6 korgiga pastapliiats ultra glide tindiga - Kruze.ee","isPartOf":{"@id":"https:\/\/kruze.ee\/et\/#website"},"datePublished":"2025-12-22T14:49:22+00:00","dateModified":"2026-03-16T21:55:40+00:00","breadcrumb":{"@id":"https:\/\/kruze.ee\/et\/toode\/x6-korgiga-pastapliiats-ultra-glide-tindiga\/#breadcrumb"},"inLanguage":"et","potentialAction":[{"@type":"ReadAction","target":["https:\/\/kruze.ee\/et\/toode\/x6-korgiga-pastapliiats-ultra-glide-tindiga\/"]}]},{"@type":"BreadcrumbList","@id":"https:\/\/kruze.ee\/et\/toode\/x6-korgiga-pastapliiats-ultra-glide-tindiga\/#breadcrumb","itemListElement":[{"@type":"ListItem","position":1,"name":"Home","item":"https:\/\/kruze.ee\/et\/"},{"@type":"ListItem","position":2,"name":"Tooted","item":"https:\/\/kruze.ee\/et\/tooted\/"},{"@type":"ListItem","position":3,"name":"X6 korgiga pastapliiats ultra glide tindiga"}]},{"@type":"WebSite","@id":"https:\/\/kruze.ee\/et\/#website","url":"https:\/\/kruze.ee\/et\/","name":"Kruze.ee","description":"Reklaamkingitused, tr&uuml;kiga T-s&auml;rgid, fliisid, dressipluused, tekstiil, joped ja paljud teised logoga meened, &Auml;rikingitused sinu partnerile! Telli juba t&auml;na.","potentialAction":[{"@type":"SearchAction","target":{"@type":"EntryPoint","urlTemplate":"https:\/\/kruze.ee\/et\/?s={search_term_string}"},"query-input":{"@type":"PropertyValueSpecification","valueRequired":true,"valueName":"search_term_string"}}],"inLanguage":"et"}]}},"_links":{"self":[{"href":"https:\/\/kruze.ee\/et\/wp-json\/wp\/v2\/product\/1429116","targetHints":{"allow":["GET"]}}],"collection":[{"href":"https:\/\/kruze.ee\/et\/wp-json\/wp\/v2\/product"}],"about":[{"href":"https:\/\/kruze.ee\/et\/wp-json\/wp\/v2\/types\/product"}],"wp:attachment":[{"href":"https:\/\/kruze.ee\/et\/wp-json\/wp\/v2\/media?parent=1429116"}],"wp:term":[{"taxonomy":"product_brand","embeddable":true,"href":"https:\/\/kruze.ee\/et\/wp-json\/wp\/v2\/product_brand?post=1429116"},{"taxonomy":"product_cat","embeddable":true,"href":"https:\/\/kruze.ee\/et\/wp-json\/wp\/v2\/product_cat?post=1429116"},{"taxonomy":"product_tag","embeddable":true,"href":"https:\/\/kruze.ee\/et\/wp-json\/wp\/v2\/product_tag?post=1429116"}],"curies":[{"name":"wp","href":"https:\/\/api.w.org\/{rel}","templated":true}]}}