{"id":1429064,"date":"2025-12-22T16:42:52","date_gmt":"2025-12-22T13:42:52","guid":{"rendered":"https:\/\/kruze.ee\/product\/projob-6446-funktsionaalne-sooja-voodriga-jope-en-iso-20471-klass-1\/"},"modified":"2026-03-17T01:21:00","modified_gmt":"2026-03-16T22:21:00","slug":"projob-6446-funktsionaalne-sooja-voodriga-jope-en-iso-20471-klass-1","status":"publish","type":"product","link":"https:\/\/kruze.ee\/et\/toode\/projob-6446-funktsionaalne-sooja-voodriga-jope-en-iso-20471-klass-1\/","title":{"rendered":"ProJob 6446 funktsionaalne sooja voodriga jope EN ISO 20471 KLASS 1"},"content":{"rendered":"<p>Tuule- ja veekindel jope teibitud \u00f5mblustega. Jope soojustus on valmistatud Primaloft\u00ae-materjalist, mis annab jopele sulejopega sarnase tunde, kuid mille eeliseks on see, et kehasoojus salvestub \u00f5hutaskutesse ja p\u00fcsib ka niisketes tingimustes. Jakil on kahesuunaline esilukk, mida katab v\u00e4limine tuuleliist, et v\u00e4ltida tuulet\u00f5mbust ja vee sissetungimist, ning trukk-kinnitused. \u00dclekantavad helkurelemendid.Vertikaalsed rinnataskud veekindlate lukkudega, vasakpoolsel taskul on sees kinnitus ID-kaardi jaoks. M\u00f5lemal k\u00fcljel mahukad k\u00fcljetaskud, mis on vooderdatud fliisiga lisasoojuse ja mugavuse tagamiseks. Ruumikad sisetaskud, sealhulgas eraldi tasku mobiiltelefonile.Eemaldatav kapuuts, reguleeritav kahes suunas pingutusn\u00f6\u00f6ridega. Reguleeritavad varrukaotsad takjakinnitusega ning lisaks sisemised mansetid, mis aitavad v\u00e4ltida tuule ja vee sissep\u00e4\u00e4su. Jakk on v\u00f6\u00f6kohast reguleeritav pingutusn\u00f6\u00f6riga. Vooder on avatav, et h\u00f5lbustada tr\u00fckkimist.<\/p>\n","protected":false},"excerpt":{"rendered":"<p>Tuule- ja veekindel jope teibitud \u00f5mblustega. Jope soojustus on valmistatud Primaloft\u00ae-materjalist, mis annab jopele sulejopega sarnase tunde, kuid mille&#8230;<\/p>\n","protected":false},"featured_media":0,"template":"","meta":[],"product_brand":[],"product_cat":[5474],"product_tag":[],"class_list":{"0":"post-1429064","1":"product","2":"type-product","3":"status-publish","5":"product_cat-tooroiivad-logoga","6":"pa_brand-projob","7":"pa_color-neoonkollanemust","8":"pa_gender-uniseks","9":"pa_gender-unisex","12":"pa_material-100-polyester-160-gm2","13":"pa_size-xs","14":"pa_size-s","15":"pa_size-m","16":"pa_size-l","17":"pa_size-xl","18":"pa_size-2xl","19":"pa_size-3xl","20":"pa_size-4xl","22":"first","23":"instock","24":"taxable","25":"shipping-taxable","26":"purchasable","27":"product-type-variable"},"acf":[],"yoast_head":"<!-- This site is optimized with the Yoast SEO plugin v26.0 - https:\/\/yoast.com\/wordpress\/plugins\/seo\/ -->\n<title>ProJob 6446 funktsionaalne sooja voodriga jope EN ISO 20471 KLASS 1 - Kruze.ee<\/title>\n<meta name=\"robots\" content=\"index, follow, max-snippet:-1, max-image-preview:large, max-video-preview:-1\" \/>\n<link rel=\"canonical\" href=\"https:\/\/kruze.ee\/et\/toode\/projob-6446-funktsionaalne-sooja-voodriga-jope-en-iso-20471-klass-1\/\" \/>\n<meta property=\"og:locale\" content=\"et_EE\" \/>\n<meta property=\"og:type\" content=\"article\" \/>\n<meta property=\"og:title\" content=\"ProJob 6446 funktsionaalne sooja voodriga jope EN ISO 20471 KLASS 1 - Kruze.ee\" \/>\n<meta property=\"og:description\" content=\"Tuule- ja veekindel jope teibitud \u00f5mblustega. Jope soojustus on valmistatud Primaloft\u00ae-materjalist, mis annab jopele sulejopega sarnase tunde, kuid mille...\" \/>\n<meta property=\"og:url\" content=\"https:\/\/kruze.ee\/et\/toode\/projob-6446-funktsionaalne-sooja-voodriga-jope-en-iso-20471-klass-1\/\" \/>\n<meta property=\"og:site_name\" content=\"Kruze.ee\" \/>\n<meta property=\"article:modified_time\" content=\"2026-03-16T22:21:00+00:00\" \/>\n<meta name=\"twitter:card\" content=\"summary_large_image\" \/>\n<meta name=\"twitter:label1\" content=\"Est. reading time\" \/>\n\t<meta name=\"twitter:data1\" content=\"1 minut\" \/>\n<script type=\"application\/ld+json\" class=\"yoast-schema-graph\">{\"@context\":\"https:\/\/schema.org\",\"@graph\":[{\"@type\":\"WebPage\",\"@id\":\"https:\/\/kruze.ee\/et\/toode\/projob-6446-funktsionaalne-sooja-voodriga-jope-en-iso-20471-klass-1\/\",\"url\":\"https:\/\/kruze.ee\/et\/toode\/projob-6446-funktsionaalne-sooja-voodriga-jope-en-iso-20471-klass-1\/\",\"name\":\"ProJob 6446 funktsionaalne sooja voodriga jope EN ISO 20471 KLASS 1 - Kruze.ee\",\"isPartOf\":{\"@id\":\"https:\/\/kruze.ee\/et\/#website\"},\"datePublished\":\"2025-12-22T13:42:52+00:00\",\"dateModified\":\"2026-03-16T22:21:00+00:00\",\"breadcrumb\":{\"@id\":\"https:\/\/kruze.ee\/et\/toode\/projob-6446-funktsionaalne-sooja-voodriga-jope-en-iso-20471-klass-1\/#breadcrumb\"},\"inLanguage\":\"et\",\"potentialAction\":[{\"@type\":\"ReadAction\",\"target\":[\"https:\/\/kruze.ee\/et\/toode\/projob-6446-funktsionaalne-sooja-voodriga-jope-en-iso-20471-klass-1\/\"]}]},{\"@type\":\"BreadcrumbList\",\"@id\":\"https:\/\/kruze.ee\/et\/toode\/projob-6446-funktsionaalne-sooja-voodriga-jope-en-iso-20471-klass-1\/#breadcrumb\",\"itemListElement\":[{\"@type\":\"ListItem\",\"position\":1,\"name\":\"Home\",\"item\":\"https:\/\/kruze.ee\/et\/\"},{\"@type\":\"ListItem\",\"position\":2,\"name\":\"Tooted\",\"item\":\"https:\/\/kruze.ee\/et\/tooted\/\"},{\"@type\":\"ListItem\",\"position\":3,\"name\":\"ProJob 6446 funktsionaalne sooja voodriga jope EN ISO 20471 KLASS 1\"}]},{\"@type\":\"WebSite\",\"@id\":\"https:\/\/kruze.ee\/et\/#website\",\"url\":\"https:\/\/kruze.ee\/et\/\",\"name\":\"Kruze.ee\",\"description\":\"Reklaamkingitused, tr&uuml;kiga T-s&auml;rgid, fliisid, dressipluused, tekstiil, joped ja paljud teised logoga meened, &Auml;rikingitused sinu partnerile! Telli juba t&auml;na.\",\"potentialAction\":[{\"@type\":\"SearchAction\",\"target\":{\"@type\":\"EntryPoint\",\"urlTemplate\":\"https:\/\/kruze.ee\/et\/?s={search_term_string}\"},\"query-input\":{\"@type\":\"PropertyValueSpecification\",\"valueRequired\":true,\"valueName\":\"search_term_string\"}}],\"inLanguage\":\"et\"}]}<\/script>\n<!-- \/ Yoast SEO plugin. -->","yoast_head_json":{"title":"ProJob 6446 funktsionaalne sooja voodriga jope EN ISO 20471 KLASS 1 - Kruze.ee","robots":{"index":"index","follow":"follow","max-snippet":"max-snippet:-1","max-image-preview":"max-image-preview:large","max-video-preview":"max-video-preview:-1"},"canonical":"https:\/\/kruze.ee\/et\/toode\/projob-6446-funktsionaalne-sooja-voodriga-jope-en-iso-20471-klass-1\/","og_locale":"et_EE","og_type":"article","og_title":"ProJob 6446 funktsionaalne sooja voodriga jope EN ISO 20471 KLASS 1 - Kruze.ee","og_description":"Tuule- ja veekindel jope teibitud \u00f5mblustega. Jope soojustus on valmistatud Primaloft\u00ae-materjalist, mis annab jopele sulejopega sarnase tunde, kuid mille...","og_url":"https:\/\/kruze.ee\/et\/toode\/projob-6446-funktsionaalne-sooja-voodriga-jope-en-iso-20471-klass-1\/","og_site_name":"Kruze.ee","article_modified_time":"2026-03-16T22:21:00+00:00","twitter_card":"summary_large_image","twitter_misc":{"Est. reading time":"1 minut"},"schema":{"@context":"https:\/\/schema.org","@graph":[{"@type":"WebPage","@id":"https:\/\/kruze.ee\/et\/toode\/projob-6446-funktsionaalne-sooja-voodriga-jope-en-iso-20471-klass-1\/","url":"https:\/\/kruze.ee\/et\/toode\/projob-6446-funktsionaalne-sooja-voodriga-jope-en-iso-20471-klass-1\/","name":"ProJob 6446 funktsionaalne sooja voodriga jope EN ISO 20471 KLASS 1 - Kruze.ee","isPartOf":{"@id":"https:\/\/kruze.ee\/et\/#website"},"datePublished":"2025-12-22T13:42:52+00:00","dateModified":"2026-03-16T22:21:00+00:00","breadcrumb":{"@id":"https:\/\/kruze.ee\/et\/toode\/projob-6446-funktsionaalne-sooja-voodriga-jope-en-iso-20471-klass-1\/#breadcrumb"},"inLanguage":"et","potentialAction":[{"@type":"ReadAction","target":["https:\/\/kruze.ee\/et\/toode\/projob-6446-funktsionaalne-sooja-voodriga-jope-en-iso-20471-klass-1\/"]}]},{"@type":"BreadcrumbList","@id":"https:\/\/kruze.ee\/et\/toode\/projob-6446-funktsionaalne-sooja-voodriga-jope-en-iso-20471-klass-1\/#breadcrumb","itemListElement":[{"@type":"ListItem","position":1,"name":"Home","item":"https:\/\/kruze.ee\/et\/"},{"@type":"ListItem","position":2,"name":"Tooted","item":"https:\/\/kruze.ee\/et\/tooted\/"},{"@type":"ListItem","position":3,"name":"ProJob 6446 funktsionaalne sooja voodriga jope EN ISO 20471 KLASS 1"}]},{"@type":"WebSite","@id":"https:\/\/kruze.ee\/et\/#website","url":"https:\/\/kruze.ee\/et\/","name":"Kruze.ee","description":"Reklaamkingitused, tr&uuml;kiga T-s&auml;rgid, fliisid, dressipluused, tekstiil, joped ja paljud teised logoga meened, &Auml;rikingitused sinu partnerile! Telli juba t&auml;na.","potentialAction":[{"@type":"SearchAction","target":{"@type":"EntryPoint","urlTemplate":"https:\/\/kruze.ee\/et\/?s={search_term_string}"},"query-input":{"@type":"PropertyValueSpecification","valueRequired":true,"valueName":"search_term_string"}}],"inLanguage":"et"}]}},"_links":{"self":[{"href":"https:\/\/kruze.ee\/et\/wp-json\/wp\/v2\/product\/1429064","targetHints":{"allow":["GET"]}}],"collection":[{"href":"https:\/\/kruze.ee\/et\/wp-json\/wp\/v2\/product"}],"about":[{"href":"https:\/\/kruze.ee\/et\/wp-json\/wp\/v2\/types\/product"}],"wp:attachment":[{"href":"https:\/\/kruze.ee\/et\/wp-json\/wp\/v2\/media?parent=1429064"}],"wp:term":[{"taxonomy":"product_brand","embeddable":true,"href":"https:\/\/kruze.ee\/et\/wp-json\/wp\/v2\/product_brand?post=1429064"},{"taxonomy":"product_cat","embeddable":true,"href":"https:\/\/kruze.ee\/et\/wp-json\/wp\/v2\/product_cat?post=1429064"},{"taxonomy":"product_tag","embeddable":true,"href":"https:\/\/kruze.ee\/et\/wp-json\/wp\/v2\/product_tag?post=1429064"}],"curies":[{"name":"wp","href":"https:\/\/api.w.org\/{rel}","templated":true}]}}