{"id":1428966,"date":"2025-12-21T14:08:22","date_gmt":"2025-12-21T11:08:22","guid":{"rendered":"https:\/\/kruze.ee\/product\/vinga-bosler-aware-taaskasutatud-pet-materjalist-21-tolline-kokkupandav-vihmavari\/"},"modified":"2026-03-17T01:00:48","modified_gmt":"2026-03-16T22:00:48","slug":"vinga-bosler-aware-taaskasutatud-pet-materjalist-21-tolline-kokkupandav-vihmavari","status":"publish","type":"product","link":"https:\/\/kruze.ee\/et\/toode\/vinga-bosler-aware-taaskasutatud-pet-materjalist-21-tolline-kokkupandav-vihmavari\/","title":{"rendered":"VINGA Bosler AWARE\u2122 taaskasutatud PET-materjalist 21-tolline kokkupandav vihmavari."},"content":{"rendered":"<p>Klassikaline 21-tolline vihmavari.<br \/>\nKahekihiline 190T taaskasutatud PET-kangas pakub usaldusv\u00e4\u00e4rset kaitset vihma eest, samas kui kaunis sisemine vooder lisab disainile elegantsi. Vihmavarjul on klaaskiust raam ja raam, mis tagavad vastupidavuse ja pika kasutusea. K\u00e4epide on valmistatud komposiitpuidust, andes vihmavarjule viimistletud ja v\u00e4\u00e4rika ilme.<\/p>\n","protected":false},"excerpt":{"rendered":"<p>Klassikaline 21-tolline vihmavari.<br \/>\nKahekihiline 190T taaskasutatud PET-kangas pakub usaldusv\u00e4\u00e4rset kaitset vihma eest, samas kui kaunis sisemine vooder lisab&#8230;<\/p>\n","protected":false},"featured_media":0,"template":"","meta":[],"product_brand":[],"product_cat":[5364],"product_tag":[],"class_list":{"0":"post-1428966","1":"product","2":"type-product","3":"status-publish","5":"product_cat-vihmavarjud","6":"pa_brand-vinga-2","7":"pa_color-black-2","8":"pa_color-roheline","9":"pa_color-blue-2","10":"pa_gender-uniseks","11":"pa_gender-unisex","14":"pa_material-rpet","16":"first","17":"instock","18":"taxable","19":"shipping-taxable","20":"purchasable","21":"product-type-variable"},"acf":[],"yoast_head":"<!-- This site is optimized with the Yoast SEO plugin v26.0 - https:\/\/yoast.com\/wordpress\/plugins\/seo\/ -->\n<title>VINGA Bosler AWARE\u2122 taaskasutatud PET-materjalist 21-tolline kokkupandav vihmavari. - Kruze.ee<\/title>\n<meta name=\"robots\" content=\"index, follow, max-snippet:-1, max-image-preview:large, max-video-preview:-1\" \/>\n<link rel=\"canonical\" href=\"https:\/\/kruze.ee\/et\/toode\/vinga-bosler-aware-taaskasutatud-pet-materjalist-21-tolline-kokkupandav-vihmavari\/\" \/>\n<meta property=\"og:locale\" content=\"et_EE\" \/>\n<meta property=\"og:type\" content=\"article\" \/>\n<meta property=\"og:title\" content=\"VINGA Bosler AWARE\u2122 taaskasutatud PET-materjalist 21-tolline kokkupandav vihmavari. - Kruze.ee\" \/>\n<meta property=\"og:description\" content=\"Klassikaline 21-tolline vihmavari. Kahekihiline 190T taaskasutatud PET-kangas pakub usaldusv\u00e4\u00e4rset kaitset vihma eest, samas kui kaunis sisemine vooder lisab...\" \/>\n<meta property=\"og:url\" content=\"https:\/\/kruze.ee\/et\/toode\/vinga-bosler-aware-taaskasutatud-pet-materjalist-21-tolline-kokkupandav-vihmavari\/\" \/>\n<meta property=\"og:site_name\" content=\"Kruze.ee\" \/>\n<meta property=\"article:modified_time\" content=\"2026-03-16T22:00:48+00:00\" \/>\n<meta name=\"twitter:card\" content=\"summary_large_image\" \/>\n<script type=\"application\/ld+json\" class=\"yoast-schema-graph\">{\"@context\":\"https:\/\/schema.org\",\"@graph\":[{\"@type\":\"WebPage\",\"@id\":\"https:\/\/kruze.ee\/et\/toode\/vinga-bosler-aware-taaskasutatud-pet-materjalist-21-tolline-kokkupandav-vihmavari\/\",\"url\":\"https:\/\/kruze.ee\/et\/toode\/vinga-bosler-aware-taaskasutatud-pet-materjalist-21-tolline-kokkupandav-vihmavari\/\",\"name\":\"VINGA Bosler AWARE\u2122 taaskasutatud PET-materjalist 21-tolline kokkupandav vihmavari. - Kruze.ee\",\"isPartOf\":{\"@id\":\"https:\/\/kruze.ee\/et\/#website\"},\"datePublished\":\"2025-12-21T11:08:22+00:00\",\"dateModified\":\"2026-03-16T22:00:48+00:00\",\"breadcrumb\":{\"@id\":\"https:\/\/kruze.ee\/et\/toode\/vinga-bosler-aware-taaskasutatud-pet-materjalist-21-tolline-kokkupandav-vihmavari\/#breadcrumb\"},\"inLanguage\":\"et\",\"potentialAction\":[{\"@type\":\"ReadAction\",\"target\":[\"https:\/\/kruze.ee\/et\/toode\/vinga-bosler-aware-taaskasutatud-pet-materjalist-21-tolline-kokkupandav-vihmavari\/\"]}]},{\"@type\":\"BreadcrumbList\",\"@id\":\"https:\/\/kruze.ee\/et\/toode\/vinga-bosler-aware-taaskasutatud-pet-materjalist-21-tolline-kokkupandav-vihmavari\/#breadcrumb\",\"itemListElement\":[{\"@type\":\"ListItem\",\"position\":1,\"name\":\"Home\",\"item\":\"https:\/\/kruze.ee\/et\/\"},{\"@type\":\"ListItem\",\"position\":2,\"name\":\"Tooted\",\"item\":\"https:\/\/kruze.ee\/et\/tooted\/\"},{\"@type\":\"ListItem\",\"position\":3,\"name\":\"VINGA Bosler AWARE\u2122 taaskasutatud PET-materjalist 21-tolline kokkupandav vihmavari.\"}]},{\"@type\":\"WebSite\",\"@id\":\"https:\/\/kruze.ee\/et\/#website\",\"url\":\"https:\/\/kruze.ee\/et\/\",\"name\":\"Kruze.ee\",\"description\":\"Reklaamkingitused, tr&uuml;kiga T-s&auml;rgid, fliisid, dressipluused, tekstiil, joped ja paljud teised logoga meened, &Auml;rikingitused sinu partnerile! Telli juba t&auml;na.\",\"potentialAction\":[{\"@type\":\"SearchAction\",\"target\":{\"@type\":\"EntryPoint\",\"urlTemplate\":\"https:\/\/kruze.ee\/et\/?s={search_term_string}\"},\"query-input\":{\"@type\":\"PropertyValueSpecification\",\"valueRequired\":true,\"valueName\":\"search_term_string\"}}],\"inLanguage\":\"et\"}]}<\/script>\n<!-- \/ Yoast SEO plugin. -->","yoast_head_json":{"title":"VINGA Bosler AWARE\u2122 taaskasutatud PET-materjalist 21-tolline kokkupandav vihmavari. - Kruze.ee","robots":{"index":"index","follow":"follow","max-snippet":"max-snippet:-1","max-image-preview":"max-image-preview:large","max-video-preview":"max-video-preview:-1"},"canonical":"https:\/\/kruze.ee\/et\/toode\/vinga-bosler-aware-taaskasutatud-pet-materjalist-21-tolline-kokkupandav-vihmavari\/","og_locale":"et_EE","og_type":"article","og_title":"VINGA Bosler AWARE\u2122 taaskasutatud PET-materjalist 21-tolline kokkupandav vihmavari. - Kruze.ee","og_description":"Klassikaline 21-tolline vihmavari. Kahekihiline 190T taaskasutatud PET-kangas pakub usaldusv\u00e4\u00e4rset kaitset vihma eest, samas kui kaunis sisemine vooder lisab...","og_url":"https:\/\/kruze.ee\/et\/toode\/vinga-bosler-aware-taaskasutatud-pet-materjalist-21-tolline-kokkupandav-vihmavari\/","og_site_name":"Kruze.ee","article_modified_time":"2026-03-16T22:00:48+00:00","twitter_card":"summary_large_image","schema":{"@context":"https:\/\/schema.org","@graph":[{"@type":"WebPage","@id":"https:\/\/kruze.ee\/et\/toode\/vinga-bosler-aware-taaskasutatud-pet-materjalist-21-tolline-kokkupandav-vihmavari\/","url":"https:\/\/kruze.ee\/et\/toode\/vinga-bosler-aware-taaskasutatud-pet-materjalist-21-tolline-kokkupandav-vihmavari\/","name":"VINGA Bosler AWARE\u2122 taaskasutatud PET-materjalist 21-tolline kokkupandav vihmavari. - Kruze.ee","isPartOf":{"@id":"https:\/\/kruze.ee\/et\/#website"},"datePublished":"2025-12-21T11:08:22+00:00","dateModified":"2026-03-16T22:00:48+00:00","breadcrumb":{"@id":"https:\/\/kruze.ee\/et\/toode\/vinga-bosler-aware-taaskasutatud-pet-materjalist-21-tolline-kokkupandav-vihmavari\/#breadcrumb"},"inLanguage":"et","potentialAction":[{"@type":"ReadAction","target":["https:\/\/kruze.ee\/et\/toode\/vinga-bosler-aware-taaskasutatud-pet-materjalist-21-tolline-kokkupandav-vihmavari\/"]}]},{"@type":"BreadcrumbList","@id":"https:\/\/kruze.ee\/et\/toode\/vinga-bosler-aware-taaskasutatud-pet-materjalist-21-tolline-kokkupandav-vihmavari\/#breadcrumb","itemListElement":[{"@type":"ListItem","position":1,"name":"Home","item":"https:\/\/kruze.ee\/et\/"},{"@type":"ListItem","position":2,"name":"Tooted","item":"https:\/\/kruze.ee\/et\/tooted\/"},{"@type":"ListItem","position":3,"name":"VINGA Bosler AWARE\u2122 taaskasutatud PET-materjalist 21-tolline kokkupandav vihmavari."}]},{"@type":"WebSite","@id":"https:\/\/kruze.ee\/et\/#website","url":"https:\/\/kruze.ee\/et\/","name":"Kruze.ee","description":"Reklaamkingitused, tr&uuml;kiga T-s&auml;rgid, fliisid, dressipluused, tekstiil, joped ja paljud teised logoga meened, &Auml;rikingitused sinu partnerile! Telli juba t&auml;na.","potentialAction":[{"@type":"SearchAction","target":{"@type":"EntryPoint","urlTemplate":"https:\/\/kruze.ee\/et\/?s={search_term_string}"},"query-input":{"@type":"PropertyValueSpecification","valueRequired":true,"valueName":"search_term_string"}}],"inLanguage":"et"}]}},"_links":{"self":[{"href":"https:\/\/kruze.ee\/et\/wp-json\/wp\/v2\/product\/1428966","targetHints":{"allow":["GET"]}}],"collection":[{"href":"https:\/\/kruze.ee\/et\/wp-json\/wp\/v2\/product"}],"about":[{"href":"https:\/\/kruze.ee\/et\/wp-json\/wp\/v2\/types\/product"}],"wp:attachment":[{"href":"https:\/\/kruze.ee\/et\/wp-json\/wp\/v2\/media?parent=1428966"}],"wp:term":[{"taxonomy":"product_brand","embeddable":true,"href":"https:\/\/kruze.ee\/et\/wp-json\/wp\/v2\/product_brand?post=1428966"},{"taxonomy":"product_cat","embeddable":true,"href":"https:\/\/kruze.ee\/et\/wp-json\/wp\/v2\/product_cat?post=1428966"},{"taxonomy":"product_tag","embeddable":true,"href":"https:\/\/kruze.ee\/et\/wp-json\/wp\/v2\/product_tag?post=1428966"}],"curies":[{"name":"wp","href":"https:\/\/api.w.org\/{rel}","templated":true}]}}