{"id":1428948,"date":"2025-12-21T13:58:27","date_gmt":"2025-12-21T10:58:27","guid":{"rendered":"https:\/\/kruze.ee\/product\/projob-4424-funktsionaalne-jope-3-in-1\/"},"modified":"2026-03-17T01:21:20","modified_gmt":"2026-03-16T22:21:20","slug":"projob-4424-funktsionaalne-jope-3-in-1","status":"publish","type":"product","link":"https:\/\/kruze.ee\/et\/toode\/projob-4424-funktsionaalne-jope-3-in-1\/","title":{"rendered":"ProJob 4424 funktsionaalne jope 3-IN-1"},"content":{"rendered":"<p>Tuule- ja veekindel jope eemaldatava sisejakiga.<br \/>\nPealisjakil on teibitud \u00f5mblused ning ees kahesuunaline t\u00f5mblukk koos v\u00e4lise tuuleliistuga, mis hoiab \u00e4ra tuulet\u00f5mbuse ja vee sissep\u00e4\u00e4su; kinnitus trukkidega. M\u00f5lemal pool vertikaalsed rinnataskud veekindlate t\u00f5mblukkudega, vasakpoolses taskus sisemine aas ID-kaardi jaoks. M\u00f5lemal pool mahukad k\u00fcljetaskud. Eemaldatav kapuuts, reguleeritav kahes suunas pingutusn\u00f6\u00f6riga. Reguleeritav all\u00e4\u00e4r pingutusn\u00f6\u00f6riga. Reguleeritavad varrukaotsad takjakinnitusega ning lisaks sisemised varrukaotsad p\u00f6idlaavaga.<\/p>\n","protected":false},"excerpt":{"rendered":"<p>Tuule- ja veekindel jope eemaldatava sisejakiga.<br \/>\nPealisjakil on teibitud \u00f5mblused ning ees kahesuunaline t\u00f5mblukk koos v\u00e4lise tuuleliistuga, mis hoiab \u00e4ra&#8230;<\/p>\n","protected":false},"featured_media":0,"template":"","meta":[],"product_brand":[],"product_cat":[5383,5474],"product_tag":[],"class_list":{"0":"post-1428948","1":"product","2":"type-product","3":"status-publish","5":"product_cat-joped-logoga-funktsionaalsed-ja-vastupidavad","6":"product_cat-tooroiivad-logoga","7":"pa_brand-projob","8":"pa_color-black-2","9":"pa_gender-uniseks","10":"pa_gender-unisex","13":"pa_material-100-polyester","14":"pa_size-xs","15":"pa_size-s","16":"pa_size-m","17":"pa_size-l","18":"pa_size-xl","19":"pa_size-2xl","20":"pa_size-3xl","21":"pa_size-4xl","22":"pa_size-5xl","24":"first","25":"instock","26":"taxable","27":"shipping-taxable","28":"purchasable","29":"product-type-variable"},"acf":[],"yoast_head":"<!-- This site is optimized with the Yoast SEO plugin v26.0 - https:\/\/yoast.com\/wordpress\/plugins\/seo\/ -->\n<title>ProJob 4424 funktsionaalne jope 3-IN-1 - Kruze.ee<\/title>\n<meta name=\"robots\" content=\"index, follow, max-snippet:-1, max-image-preview:large, max-video-preview:-1\" \/>\n<link rel=\"canonical\" href=\"https:\/\/kruze.ee\/et\/toode\/projob-4424-funktsionaalne-jope-3-in-1\/\" \/>\n<meta property=\"og:locale\" content=\"et_EE\" \/>\n<meta property=\"og:type\" content=\"article\" \/>\n<meta property=\"og:title\" content=\"ProJob 4424 funktsionaalne jope 3-IN-1 - Kruze.ee\" \/>\n<meta property=\"og:description\" content=\"Tuule- ja veekindel jope eemaldatava sisejakiga. Pealisjakil on teibitud \u00f5mblused ning ees kahesuunaline t\u00f5mblukk koos v\u00e4lise tuuleliistuga, mis hoiab \u00e4ra...\" \/>\n<meta property=\"og:url\" content=\"https:\/\/kruze.ee\/et\/toode\/projob-4424-funktsionaalne-jope-3-in-1\/\" \/>\n<meta property=\"og:site_name\" content=\"Kruze.ee\" \/>\n<meta property=\"article:modified_time\" content=\"2026-03-16T22:21:20+00:00\" \/>\n<meta name=\"twitter:card\" content=\"summary_large_image\" \/>\n<meta name=\"twitter:label1\" content=\"Est. reading time\" \/>\n\t<meta name=\"twitter:data1\" content=\"1 minut\" \/>\n<script type=\"application\/ld+json\" class=\"yoast-schema-graph\">{\"@context\":\"https:\/\/schema.org\",\"@graph\":[{\"@type\":\"WebPage\",\"@id\":\"https:\/\/kruze.ee\/et\/toode\/projob-4424-funktsionaalne-jope-3-in-1\/\",\"url\":\"https:\/\/kruze.ee\/et\/toode\/projob-4424-funktsionaalne-jope-3-in-1\/\",\"name\":\"ProJob 4424 funktsionaalne jope 3-IN-1 - Kruze.ee\",\"isPartOf\":{\"@id\":\"https:\/\/kruze.ee\/et\/#website\"},\"datePublished\":\"2025-12-21T10:58:27+00:00\",\"dateModified\":\"2026-03-16T22:21:20+00:00\",\"breadcrumb\":{\"@id\":\"https:\/\/kruze.ee\/et\/toode\/projob-4424-funktsionaalne-jope-3-in-1\/#breadcrumb\"},\"inLanguage\":\"et\",\"potentialAction\":[{\"@type\":\"ReadAction\",\"target\":[\"https:\/\/kruze.ee\/et\/toode\/projob-4424-funktsionaalne-jope-3-in-1\/\"]}]},{\"@type\":\"BreadcrumbList\",\"@id\":\"https:\/\/kruze.ee\/et\/toode\/projob-4424-funktsionaalne-jope-3-in-1\/#breadcrumb\",\"itemListElement\":[{\"@type\":\"ListItem\",\"position\":1,\"name\":\"Home\",\"item\":\"https:\/\/kruze.ee\/et\/\"},{\"@type\":\"ListItem\",\"position\":2,\"name\":\"Tooted\",\"item\":\"https:\/\/kruze.ee\/et\/tooted\/\"},{\"@type\":\"ListItem\",\"position\":3,\"name\":\"ProJob 4424 funktsionaalne jope 3-IN-1\"}]},{\"@type\":\"WebSite\",\"@id\":\"https:\/\/kruze.ee\/et\/#website\",\"url\":\"https:\/\/kruze.ee\/et\/\",\"name\":\"Kruze.ee\",\"description\":\"Reklaamkingitused, tr&uuml;kiga T-s&auml;rgid, fliisid, dressipluused, tekstiil, joped ja paljud teised logoga meened, &Auml;rikingitused sinu partnerile! Telli juba t&auml;na.\",\"potentialAction\":[{\"@type\":\"SearchAction\",\"target\":{\"@type\":\"EntryPoint\",\"urlTemplate\":\"https:\/\/kruze.ee\/et\/?s={search_term_string}\"},\"query-input\":{\"@type\":\"PropertyValueSpecification\",\"valueRequired\":true,\"valueName\":\"search_term_string\"}}],\"inLanguage\":\"et\"}]}<\/script>\n<!-- \/ Yoast SEO plugin. -->","yoast_head_json":{"title":"ProJob 4424 funktsionaalne jope 3-IN-1 - Kruze.ee","robots":{"index":"index","follow":"follow","max-snippet":"max-snippet:-1","max-image-preview":"max-image-preview:large","max-video-preview":"max-video-preview:-1"},"canonical":"https:\/\/kruze.ee\/et\/toode\/projob-4424-funktsionaalne-jope-3-in-1\/","og_locale":"et_EE","og_type":"article","og_title":"ProJob 4424 funktsionaalne jope 3-IN-1 - Kruze.ee","og_description":"Tuule- ja veekindel jope eemaldatava sisejakiga. Pealisjakil on teibitud \u00f5mblused ning ees kahesuunaline t\u00f5mblukk koos v\u00e4lise tuuleliistuga, mis hoiab \u00e4ra...","og_url":"https:\/\/kruze.ee\/et\/toode\/projob-4424-funktsionaalne-jope-3-in-1\/","og_site_name":"Kruze.ee","article_modified_time":"2026-03-16T22:21:20+00:00","twitter_card":"summary_large_image","twitter_misc":{"Est. reading time":"1 minut"},"schema":{"@context":"https:\/\/schema.org","@graph":[{"@type":"WebPage","@id":"https:\/\/kruze.ee\/et\/toode\/projob-4424-funktsionaalne-jope-3-in-1\/","url":"https:\/\/kruze.ee\/et\/toode\/projob-4424-funktsionaalne-jope-3-in-1\/","name":"ProJob 4424 funktsionaalne jope 3-IN-1 - Kruze.ee","isPartOf":{"@id":"https:\/\/kruze.ee\/et\/#website"},"datePublished":"2025-12-21T10:58:27+00:00","dateModified":"2026-03-16T22:21:20+00:00","breadcrumb":{"@id":"https:\/\/kruze.ee\/et\/toode\/projob-4424-funktsionaalne-jope-3-in-1\/#breadcrumb"},"inLanguage":"et","potentialAction":[{"@type":"ReadAction","target":["https:\/\/kruze.ee\/et\/toode\/projob-4424-funktsionaalne-jope-3-in-1\/"]}]},{"@type":"BreadcrumbList","@id":"https:\/\/kruze.ee\/et\/toode\/projob-4424-funktsionaalne-jope-3-in-1\/#breadcrumb","itemListElement":[{"@type":"ListItem","position":1,"name":"Home","item":"https:\/\/kruze.ee\/et\/"},{"@type":"ListItem","position":2,"name":"Tooted","item":"https:\/\/kruze.ee\/et\/tooted\/"},{"@type":"ListItem","position":3,"name":"ProJob 4424 funktsionaalne jope 3-IN-1"}]},{"@type":"WebSite","@id":"https:\/\/kruze.ee\/et\/#website","url":"https:\/\/kruze.ee\/et\/","name":"Kruze.ee","description":"Reklaamkingitused, tr&uuml;kiga T-s&auml;rgid, fliisid, dressipluused, tekstiil, joped ja paljud teised logoga meened, &Auml;rikingitused sinu partnerile! Telli juba t&auml;na.","potentialAction":[{"@type":"SearchAction","target":{"@type":"EntryPoint","urlTemplate":"https:\/\/kruze.ee\/et\/?s={search_term_string}"},"query-input":{"@type":"PropertyValueSpecification","valueRequired":true,"valueName":"search_term_string"}}],"inLanguage":"et"}]}},"_links":{"self":[{"href":"https:\/\/kruze.ee\/et\/wp-json\/wp\/v2\/product\/1428948","targetHints":{"allow":["GET"]}}],"collection":[{"href":"https:\/\/kruze.ee\/et\/wp-json\/wp\/v2\/product"}],"about":[{"href":"https:\/\/kruze.ee\/et\/wp-json\/wp\/v2\/types\/product"}],"wp:attachment":[{"href":"https:\/\/kruze.ee\/et\/wp-json\/wp\/v2\/media?parent=1428948"}],"wp:term":[{"taxonomy":"product_brand","embeddable":true,"href":"https:\/\/kruze.ee\/et\/wp-json\/wp\/v2\/product_brand?post=1428948"},{"taxonomy":"product_cat","embeddable":true,"href":"https:\/\/kruze.ee\/et\/wp-json\/wp\/v2\/product_cat?post=1428948"},{"taxonomy":"product_tag","embeddable":true,"href":"https:\/\/kruze.ee\/et\/wp-json\/wp\/v2\/product_tag?post=1428948"}],"curies":[{"name":"wp","href":"https:\/\/api.w.org\/{rel}","templated":true}]}}