{"id":1428934,"date":"2025-12-21T12:46:06","date_gmt":"2025-12-21T09:46:06","guid":{"rendered":"https:\/\/kruze.ee\/product\/vinga-albon-grs-umbertoodeldud-vildist-markmik\/"},"modified":"2026-03-17T01:00:22","modified_gmt":"2026-03-16T22:00:22","slug":"vinga-albon-grs-umbertoodeldud-vildist-markmik","status":"publish","type":"product","link":"https:\/\/kruze.ee\/et\/toode\/vinga-albon-grs-umbertoodeldud-vildist-markmik\/","title":{"rendered":"VINGA Albon GRS \u00fcmbert\u00f6\u00f6deldud vildist m\u00e4rkmik"},"content":{"rendered":"<p>A5 m\u00e4rkmik, mis on valmistatud taaskasutatud vildist, omades stiilset meleeritud-efekti ja integreeritud pastakahoidjat. M\u00e4rkmik sisaldab 80 lehte ehk 160 lehek\u00fclge 70 g\/m\u00b2 taaskasutatud paberit; joonelised lehed sobivad ideaalselt igap\u00e4evaseks m\u00e4rkmete tegemiseks. Toode on GRS-sertifikaadiga (Global Recycled Standard), mis kinnitab kasutatud materjalide ringlusp\u00e4ritolu ja vastavuse j\u00e4tkusuutlikkuse n\u00f5uetele.<\/p>\n","protected":false},"excerpt":{"rendered":"<p>A5 m\u00e4rkmik, mis on valmistatud taaskasutatud vildist, omades stiilset meleeritud-efekti ja integreeritud pastakahoidjat. M\u00e4rkmik sisaldab 80 lehte ehk 160&#8230;<\/p>\n","protected":false},"featured_media":0,"template":"","meta":[],"product_brand":[],"product_cat":[5406],"product_tag":[],"class_list":{"0":"post-1428934","1":"product","2":"type-product","3":"status-publish","5":"product_cat-markmikud","6":"pa_brand-vinga-2","7":"pa_color-hall","8":"pa_color-black-2","9":"pa_gender-uniseks","10":"pa_gender-unisex","13":"pa_material-paperrecycled-felt","15":"first","16":"instock","17":"taxable","18":"shipping-taxable","19":"purchasable","20":"product-type-variable"},"acf":[],"yoast_head":"<!-- This site is optimized with the Yoast SEO plugin v26.0 - https:\/\/yoast.com\/wordpress\/plugins\/seo\/ -->\n<title>VINGA Albon GRS \u00fcmbert\u00f6\u00f6deldud vildist m\u00e4rkmik - Kruze.ee<\/title>\n<meta name=\"robots\" content=\"index, follow, max-snippet:-1, max-image-preview:large, max-video-preview:-1\" \/>\n<link rel=\"canonical\" href=\"https:\/\/kruze.ee\/et\/toode\/vinga-albon-grs-umbertoodeldud-vildist-markmik\/\" \/>\n<meta property=\"og:locale\" content=\"et_EE\" \/>\n<meta property=\"og:type\" content=\"article\" \/>\n<meta property=\"og:title\" content=\"VINGA Albon GRS \u00fcmbert\u00f6\u00f6deldud vildist m\u00e4rkmik - Kruze.ee\" \/>\n<meta property=\"og:description\" content=\"A5 m\u00e4rkmik, mis on valmistatud taaskasutatud vildist, omades stiilset meleeritud-efekti ja integreeritud pastakahoidjat. M\u00e4rkmik sisaldab 80 lehte ehk 160...\" \/>\n<meta property=\"og:url\" content=\"https:\/\/kruze.ee\/et\/toode\/vinga-albon-grs-umbertoodeldud-vildist-markmik\/\" \/>\n<meta property=\"og:site_name\" content=\"Kruze.ee\" \/>\n<meta property=\"article:modified_time\" content=\"2026-03-16T22:00:22+00:00\" \/>\n<meta name=\"twitter:card\" content=\"summary_large_image\" \/>\n<script type=\"application\/ld+json\" class=\"yoast-schema-graph\">{\"@context\":\"https:\/\/schema.org\",\"@graph\":[{\"@type\":\"WebPage\",\"@id\":\"https:\/\/kruze.ee\/et\/toode\/vinga-albon-grs-umbertoodeldud-vildist-markmik\/\",\"url\":\"https:\/\/kruze.ee\/et\/toode\/vinga-albon-grs-umbertoodeldud-vildist-markmik\/\",\"name\":\"VINGA Albon GRS \u00fcmbert\u00f6\u00f6deldud vildist m\u00e4rkmik - Kruze.ee\",\"isPartOf\":{\"@id\":\"https:\/\/kruze.ee\/et\/#website\"},\"datePublished\":\"2025-12-21T09:46:06+00:00\",\"dateModified\":\"2026-03-16T22:00:22+00:00\",\"breadcrumb\":{\"@id\":\"https:\/\/kruze.ee\/et\/toode\/vinga-albon-grs-umbertoodeldud-vildist-markmik\/#breadcrumb\"},\"inLanguage\":\"et\",\"potentialAction\":[{\"@type\":\"ReadAction\",\"target\":[\"https:\/\/kruze.ee\/et\/toode\/vinga-albon-grs-umbertoodeldud-vildist-markmik\/\"]}]},{\"@type\":\"BreadcrumbList\",\"@id\":\"https:\/\/kruze.ee\/et\/toode\/vinga-albon-grs-umbertoodeldud-vildist-markmik\/#breadcrumb\",\"itemListElement\":[{\"@type\":\"ListItem\",\"position\":1,\"name\":\"Home\",\"item\":\"https:\/\/kruze.ee\/et\/\"},{\"@type\":\"ListItem\",\"position\":2,\"name\":\"Tooted\",\"item\":\"https:\/\/kruze.ee\/et\/tooted\/\"},{\"@type\":\"ListItem\",\"position\":3,\"name\":\"VINGA Albon GRS \u00fcmbert\u00f6\u00f6deldud vildist m\u00e4rkmik\"}]},{\"@type\":\"WebSite\",\"@id\":\"https:\/\/kruze.ee\/et\/#website\",\"url\":\"https:\/\/kruze.ee\/et\/\",\"name\":\"Kruze.ee\",\"description\":\"Reklaamkingitused, tr&uuml;kiga T-s&auml;rgid, fliisid, dressipluused, tekstiil, joped ja paljud teised logoga meened, &Auml;rikingitused sinu partnerile! Telli juba t&auml;na.\",\"potentialAction\":[{\"@type\":\"SearchAction\",\"target\":{\"@type\":\"EntryPoint\",\"urlTemplate\":\"https:\/\/kruze.ee\/et\/?s={search_term_string}\"},\"query-input\":{\"@type\":\"PropertyValueSpecification\",\"valueRequired\":true,\"valueName\":\"search_term_string\"}}],\"inLanguage\":\"et\"}]}<\/script>\n<!-- \/ Yoast SEO plugin. -->","yoast_head_json":{"title":"VINGA Albon GRS \u00fcmbert\u00f6\u00f6deldud vildist m\u00e4rkmik - Kruze.ee","robots":{"index":"index","follow":"follow","max-snippet":"max-snippet:-1","max-image-preview":"max-image-preview:large","max-video-preview":"max-video-preview:-1"},"canonical":"https:\/\/kruze.ee\/et\/toode\/vinga-albon-grs-umbertoodeldud-vildist-markmik\/","og_locale":"et_EE","og_type":"article","og_title":"VINGA Albon GRS \u00fcmbert\u00f6\u00f6deldud vildist m\u00e4rkmik - Kruze.ee","og_description":"A5 m\u00e4rkmik, mis on valmistatud taaskasutatud vildist, omades stiilset meleeritud-efekti ja integreeritud pastakahoidjat. M\u00e4rkmik sisaldab 80 lehte ehk 160...","og_url":"https:\/\/kruze.ee\/et\/toode\/vinga-albon-grs-umbertoodeldud-vildist-markmik\/","og_site_name":"Kruze.ee","article_modified_time":"2026-03-16T22:00:22+00:00","twitter_card":"summary_large_image","schema":{"@context":"https:\/\/schema.org","@graph":[{"@type":"WebPage","@id":"https:\/\/kruze.ee\/et\/toode\/vinga-albon-grs-umbertoodeldud-vildist-markmik\/","url":"https:\/\/kruze.ee\/et\/toode\/vinga-albon-grs-umbertoodeldud-vildist-markmik\/","name":"VINGA Albon GRS \u00fcmbert\u00f6\u00f6deldud vildist m\u00e4rkmik - Kruze.ee","isPartOf":{"@id":"https:\/\/kruze.ee\/et\/#website"},"datePublished":"2025-12-21T09:46:06+00:00","dateModified":"2026-03-16T22:00:22+00:00","breadcrumb":{"@id":"https:\/\/kruze.ee\/et\/toode\/vinga-albon-grs-umbertoodeldud-vildist-markmik\/#breadcrumb"},"inLanguage":"et","potentialAction":[{"@type":"ReadAction","target":["https:\/\/kruze.ee\/et\/toode\/vinga-albon-grs-umbertoodeldud-vildist-markmik\/"]}]},{"@type":"BreadcrumbList","@id":"https:\/\/kruze.ee\/et\/toode\/vinga-albon-grs-umbertoodeldud-vildist-markmik\/#breadcrumb","itemListElement":[{"@type":"ListItem","position":1,"name":"Home","item":"https:\/\/kruze.ee\/et\/"},{"@type":"ListItem","position":2,"name":"Tooted","item":"https:\/\/kruze.ee\/et\/tooted\/"},{"@type":"ListItem","position":3,"name":"VINGA Albon GRS \u00fcmbert\u00f6\u00f6deldud vildist m\u00e4rkmik"}]},{"@type":"WebSite","@id":"https:\/\/kruze.ee\/et\/#website","url":"https:\/\/kruze.ee\/et\/","name":"Kruze.ee","description":"Reklaamkingitused, tr&uuml;kiga T-s&auml;rgid, fliisid, dressipluused, tekstiil, joped ja paljud teised logoga meened, &Auml;rikingitused sinu partnerile! Telli juba t&auml;na.","potentialAction":[{"@type":"SearchAction","target":{"@type":"EntryPoint","urlTemplate":"https:\/\/kruze.ee\/et\/?s={search_term_string}"},"query-input":{"@type":"PropertyValueSpecification","valueRequired":true,"valueName":"search_term_string"}}],"inLanguage":"et"}]}},"_links":{"self":[{"href":"https:\/\/kruze.ee\/et\/wp-json\/wp\/v2\/product\/1428934","targetHints":{"allow":["GET"]}}],"collection":[{"href":"https:\/\/kruze.ee\/et\/wp-json\/wp\/v2\/product"}],"about":[{"href":"https:\/\/kruze.ee\/et\/wp-json\/wp\/v2\/types\/product"}],"wp:attachment":[{"href":"https:\/\/kruze.ee\/et\/wp-json\/wp\/v2\/media?parent=1428934"}],"wp:term":[{"taxonomy":"product_brand","embeddable":true,"href":"https:\/\/kruze.ee\/et\/wp-json\/wp\/v2\/product_brand?post=1428934"},{"taxonomy":"product_cat","embeddable":true,"href":"https:\/\/kruze.ee\/et\/wp-json\/wp\/v2\/product_cat?post=1428934"},{"taxonomy":"product_tag","embeddable":true,"href":"https:\/\/kruze.ee\/et\/wp-json\/wp\/v2\/product_tag?post=1428934"}],"curies":[{"name":"wp","href":"https:\/\/api.w.org\/{rel}","templated":true}]}}