{"id":1428385,"date":"2025-12-10T11:04:44","date_gmt":"2025-12-10T08:04:44","guid":{"rendered":"https:\/\/kruze.ee\/product\/clique-basic-roundneck-unisex-dresipluus\/"},"modified":"2026-03-17T01:18:56","modified_gmt":"2026-03-16T22:18:56","slug":"clique-basic-roundneck-unisex-dresipluus","status":"publish","type":"product","link":"https:\/\/kruze.ee\/et\/toode\/clique-basic-roundneck-unisex-dresipluus\/","title":{"rendered":"Clique Basic Roundneck unisex dresipluus"},"content":{"rendered":"<p>\u00dcmarkaelusega unisex dressipluus. Topelt\u00f5mblusega 1 x1 soonik varruka otstes ja all \u00e4\u00e4res. Tugevduspael kaeluses ja kergesti eemaldatav silt \u00fcmberbr\u00e4ndimiseks. Pehme kangas ei muutu topiliseks ka sagedase pesuga.<\/p>\n","protected":false},"excerpt":{"rendered":"<p>\u00dcmarkaelusega unisex dressipluus. Topelt\u00f5mblusega 1 x1 soonik varruka otstes ja all \u00e4\u00e4res. Tugevduspael kaeluses ja kergesti eemaldatav silt \u00fcmberbr\u00e4ndimiseks&#8230;.<\/p>\n","protected":false},"featured_media":0,"template":"","meta":[],"product_brand":[],"product_cat":[5378],"product_tag":[],"class_list":{"0":"post-1428385","1":"product","2":"type-product","3":"status-publish","5":"product_cat-pusad-logoga-reklaamroivad-ettevotetele","6":"pa_brand-clique","7":"pa_color-erklilla","8":"pa_color-erkroosa","9":"pa_color-hele-khaki","10":"pa_color-heleroheline","11":"pa_color-helesinine","12":"pa_color-meleeritud-antratsiit","13":"pa_color-meleeritud-hall","14":"pa_color-black-2","15":"pa_color-neoonkollane","16":"pa_color-neoonoranz","17":"pa_color-neoonroheline","18":"pa_color-ounaroheline","19":"pa_color-pudeliroheline","20":"pa_color-punane","21":"pa_color-royalsinine","22":"pa_color-sidrunikollane","23":"pa_color-blue-2","24":"pa_color-tuhkhall","25":"pa_color-tumeroosa","26":"pa_color-tumesinine","27":"pa_color-turkiis","28":"pa_color-valge","29":"pa_color-veinipunane","30":"pa_color-verioranz","31":"pa_gender-uniseks","32":"pa_gender-unisex","35":"pa_material-65-polyester-35-cotton-visibility-yellow-11-visibility-orange-170-85-polyester-15-cotton","36":"pa_size-xs","37":"pa_size-s","38":"pa_size-m","39":"pa_size-l","40":"pa_size-xl","41":"pa_size-2xl","42":"pa_size-3xl","43":"pa_size-4xl","44":"pa_size-5xl","46":"first","47":"instock","48":"taxable","49":"shipping-taxable","50":"purchasable","51":"product-type-variable"},"acf":[],"yoast_head":"<!-- This site is optimized with the Yoast SEO plugin v26.0 - https:\/\/yoast.com\/wordpress\/plugins\/seo\/ -->\n<title>Clique Basic Roundneck unisex dresipluus - Kruze.ee<\/title>\n<meta name=\"robots\" content=\"index, follow, max-snippet:-1, max-image-preview:large, max-video-preview:-1\" \/>\n<link rel=\"canonical\" href=\"https:\/\/kruze.ee\/et\/toode\/clique-basic-roundneck-unisex-dresipluus\/\" \/>\n<meta property=\"og:locale\" content=\"et_EE\" \/>\n<meta property=\"og:type\" content=\"article\" \/>\n<meta property=\"og:title\" content=\"Clique Basic Roundneck unisex dresipluus - Kruze.ee\" \/>\n<meta property=\"og:description\" content=\"\u00dcmarkaelusega unisex dressipluus. Topelt\u00f5mblusega 1 x1 soonik varruka otstes ja all \u00e4\u00e4res. Tugevduspael kaeluses ja kergesti eemaldatav silt \u00fcmberbr\u00e4ndimiseks....\" \/>\n<meta property=\"og:url\" content=\"https:\/\/kruze.ee\/et\/toode\/clique-basic-roundneck-unisex-dresipluus\/\" \/>\n<meta property=\"og:site_name\" content=\"Kruze.ee\" \/>\n<meta property=\"article:modified_time\" content=\"2026-03-16T22:18:56+00:00\" \/>\n<meta name=\"twitter:card\" content=\"summary_large_image\" \/>\n<meta name=\"twitter:label1\" content=\"Est. reading time\" \/>\n\t<meta name=\"twitter:data1\" content=\"1 minut\" \/>\n<script type=\"application\/ld+json\" class=\"yoast-schema-graph\">{\"@context\":\"https:\/\/schema.org\",\"@graph\":[{\"@type\":\"WebPage\",\"@id\":\"https:\/\/kruze.ee\/et\/toode\/clique-basic-roundneck-unisex-dresipluus\/\",\"url\":\"https:\/\/kruze.ee\/et\/toode\/clique-basic-roundneck-unisex-dresipluus\/\",\"name\":\"Clique Basic Roundneck unisex dresipluus - Kruze.ee\",\"isPartOf\":{\"@id\":\"https:\/\/kruze.ee\/et\/#website\"},\"datePublished\":\"2025-12-10T08:04:44+00:00\",\"dateModified\":\"2026-03-16T22:18:56+00:00\",\"breadcrumb\":{\"@id\":\"https:\/\/kruze.ee\/et\/toode\/clique-basic-roundneck-unisex-dresipluus\/#breadcrumb\"},\"inLanguage\":\"et\",\"potentialAction\":[{\"@type\":\"ReadAction\",\"target\":[\"https:\/\/kruze.ee\/et\/toode\/clique-basic-roundneck-unisex-dresipluus\/\"]}]},{\"@type\":\"BreadcrumbList\",\"@id\":\"https:\/\/kruze.ee\/et\/toode\/clique-basic-roundneck-unisex-dresipluus\/#breadcrumb\",\"itemListElement\":[{\"@type\":\"ListItem\",\"position\":1,\"name\":\"Home\",\"item\":\"https:\/\/kruze.ee\/et\/\"},{\"@type\":\"ListItem\",\"position\":2,\"name\":\"Tooted\",\"item\":\"https:\/\/kruze.ee\/et\/tooted\/\"},{\"@type\":\"ListItem\",\"position\":3,\"name\":\"Clique Basic Roundneck unisex dresipluus\"}]},{\"@type\":\"WebSite\",\"@id\":\"https:\/\/kruze.ee\/et\/#website\",\"url\":\"https:\/\/kruze.ee\/et\/\",\"name\":\"Kruze.ee\",\"description\":\"Reklaamkingitused, tr&uuml;kiga T-s&auml;rgid, fliisid, dressipluused, tekstiil, joped ja paljud teised logoga meened, &Auml;rikingitused sinu partnerile! Telli juba t&auml;na.\",\"potentialAction\":[{\"@type\":\"SearchAction\",\"target\":{\"@type\":\"EntryPoint\",\"urlTemplate\":\"https:\/\/kruze.ee\/et\/?s={search_term_string}\"},\"query-input\":{\"@type\":\"PropertyValueSpecification\",\"valueRequired\":true,\"valueName\":\"search_term_string\"}}],\"inLanguage\":\"et\"}]}<\/script>\n<!-- \/ Yoast SEO plugin. -->","yoast_head_json":{"title":"Clique Basic Roundneck unisex dresipluus - Kruze.ee","robots":{"index":"index","follow":"follow","max-snippet":"max-snippet:-1","max-image-preview":"max-image-preview:large","max-video-preview":"max-video-preview:-1"},"canonical":"https:\/\/kruze.ee\/et\/toode\/clique-basic-roundneck-unisex-dresipluus\/","og_locale":"et_EE","og_type":"article","og_title":"Clique Basic Roundneck unisex dresipluus - Kruze.ee","og_description":"\u00dcmarkaelusega unisex dressipluus. Topelt\u00f5mblusega 1 x1 soonik varruka otstes ja all \u00e4\u00e4res. Tugevduspael kaeluses ja kergesti eemaldatav silt \u00fcmberbr\u00e4ndimiseks....","og_url":"https:\/\/kruze.ee\/et\/toode\/clique-basic-roundneck-unisex-dresipluus\/","og_site_name":"Kruze.ee","article_modified_time":"2026-03-16T22:18:56+00:00","twitter_card":"summary_large_image","twitter_misc":{"Est. reading time":"1 minut"},"schema":{"@context":"https:\/\/schema.org","@graph":[{"@type":"WebPage","@id":"https:\/\/kruze.ee\/et\/toode\/clique-basic-roundneck-unisex-dresipluus\/","url":"https:\/\/kruze.ee\/et\/toode\/clique-basic-roundneck-unisex-dresipluus\/","name":"Clique Basic Roundneck unisex dresipluus - Kruze.ee","isPartOf":{"@id":"https:\/\/kruze.ee\/et\/#website"},"datePublished":"2025-12-10T08:04:44+00:00","dateModified":"2026-03-16T22:18:56+00:00","breadcrumb":{"@id":"https:\/\/kruze.ee\/et\/toode\/clique-basic-roundneck-unisex-dresipluus\/#breadcrumb"},"inLanguage":"et","potentialAction":[{"@type":"ReadAction","target":["https:\/\/kruze.ee\/et\/toode\/clique-basic-roundneck-unisex-dresipluus\/"]}]},{"@type":"BreadcrumbList","@id":"https:\/\/kruze.ee\/et\/toode\/clique-basic-roundneck-unisex-dresipluus\/#breadcrumb","itemListElement":[{"@type":"ListItem","position":1,"name":"Home","item":"https:\/\/kruze.ee\/et\/"},{"@type":"ListItem","position":2,"name":"Tooted","item":"https:\/\/kruze.ee\/et\/tooted\/"},{"@type":"ListItem","position":3,"name":"Clique Basic Roundneck unisex dresipluus"}]},{"@type":"WebSite","@id":"https:\/\/kruze.ee\/et\/#website","url":"https:\/\/kruze.ee\/et\/","name":"Kruze.ee","description":"Reklaamkingitused, tr&uuml;kiga T-s&auml;rgid, fliisid, dressipluused, tekstiil, joped ja paljud teised logoga meened, &Auml;rikingitused sinu partnerile! Telli juba t&auml;na.","potentialAction":[{"@type":"SearchAction","target":{"@type":"EntryPoint","urlTemplate":"https:\/\/kruze.ee\/et\/?s={search_term_string}"},"query-input":{"@type":"PropertyValueSpecification","valueRequired":true,"valueName":"search_term_string"}}],"inLanguage":"et"}]}},"_links":{"self":[{"href":"https:\/\/kruze.ee\/et\/wp-json\/wp\/v2\/product\/1428385","targetHints":{"allow":["GET"]}}],"collection":[{"href":"https:\/\/kruze.ee\/et\/wp-json\/wp\/v2\/product"}],"about":[{"href":"https:\/\/kruze.ee\/et\/wp-json\/wp\/v2\/types\/product"}],"wp:attachment":[{"href":"https:\/\/kruze.ee\/et\/wp-json\/wp\/v2\/media?parent=1428385"}],"wp:term":[{"taxonomy":"product_brand","embeddable":true,"href":"https:\/\/kruze.ee\/et\/wp-json\/wp\/v2\/product_brand?post=1428385"},{"taxonomy":"product_cat","embeddable":true,"href":"https:\/\/kruze.ee\/et\/wp-json\/wp\/v2\/product_cat?post=1428385"},{"taxonomy":"product_tag","embeddable":true,"href":"https:\/\/kruze.ee\/et\/wp-json\/wp\/v2\/product_tag?post=1428385"}],"curies":[{"name":"wp","href":"https:\/\/api.w.org\/{rel}","templated":true}]}}