{"id":1419404,"date":"2025-11-20T19:17:47","date_gmt":"2025-11-20T16:17:47","guid":{"rendered":"https:\/\/kruze.ee\/product\/clique-premium-fashion-t-l-s-meeste-pikkade-varrukatega-t-sark\/"},"modified":"2026-03-17T01:02:47","modified_gmt":"2026-03-16T22:02:47","slug":"clique-premium-fashion-t-l-s-meeste-pikkade-varrukatega-t-sark","status":"publish","type":"product","link":"https:\/\/kruze.ee\/et\/toode\/clique-premium-fashion-t-l-s-meeste-pikkade-varrukatega-t-sark\/","title":{"rendered":"Clique Premium Fashion-T L\/S meeste pikkade varrukatega T-s\u00e4rk"},"content":{"rendered":"<p>Pikkade varrukatega T-s\u00e4rk, mis on valmistatud 100%  puuvillast. P\u00f5hikangast kaelus, tugevdatud kaelalint ja kergesti eemaldatav silt \u00fcmberbr\u00e4ndimiseks.<\/p>\n","protected":false},"excerpt":{"rendered":"<p>Pikkade varrukatega T-s\u00e4rk, mis on valmistatud 100%  puuvillast. P\u00f5hikangast kaelus, tugevdatud kaelalint ja kergesti eemaldatav silt \u00fcmberbr\u00e4ndimiseks.<\/p>\n","protected":false},"featured_media":0,"template":"","meta":[],"product_brand":[],"product_cat":[15065],"product_tag":[],"class_list":{"0":"post-1419404","1":"product","2":"type-product","3":"status-publish","5":"product_cat-pikade-varrukatega-t-sargid","6":"pa_brand-clique","7":"pa_color-meleeritud-hall","8":"pa_color-black-2","9":"pa_color-tumesinine","10":"pa_color-valge","11":"pa_gender-uniseks","12":"pa_gender-unisex","15":"pa_material-100-cotton-95-85-cotton-15-viscose","16":"pa_size-xs","17":"pa_size-s","18":"pa_size-m","19":"pa_size-l","20":"pa_size-xl","21":"pa_size-2xl","22":"pa_size-3xl","23":"pa_size-4xl","25":"first","26":"instock","27":"taxable","28":"shipping-taxable","29":"purchasable","30":"product-type-variable"},"acf":[],"yoast_head":"<!-- This site is optimized with the Yoast SEO plugin v26.0 - https:\/\/yoast.com\/wordpress\/plugins\/seo\/ -->\n<title>Clique Premium Fashion-T L\/S meeste pikkade varrukatega T-s\u00e4rk - Kruze.ee<\/title>\n<meta name=\"robots\" content=\"index, follow, max-snippet:-1, max-image-preview:large, max-video-preview:-1\" \/>\n<link rel=\"canonical\" href=\"https:\/\/kruze.ee\/et\/toode\/clique-premium-fashion-t-l-s-meeste-pikkade-varrukatega-t-sark\/\" \/>\n<meta property=\"og:locale\" content=\"et_EE\" \/>\n<meta property=\"og:type\" content=\"article\" \/>\n<meta property=\"og:title\" content=\"Clique Premium Fashion-T L\/S meeste pikkade varrukatega T-s\u00e4rk - Kruze.ee\" \/>\n<meta property=\"og:description\" content=\"Pikkade varrukatega T-s\u00e4rk, mis on valmistatud 100% puuvillast. P\u00f5hikangast kaelus, tugevdatud kaelalint ja kergesti eemaldatav silt \u00fcmberbr\u00e4ndimiseks.\" \/>\n<meta property=\"og:url\" content=\"https:\/\/kruze.ee\/et\/toode\/clique-premium-fashion-t-l-s-meeste-pikkade-varrukatega-t-sark\/\" \/>\n<meta property=\"og:site_name\" content=\"Kruze.ee\" \/>\n<meta property=\"article:modified_time\" content=\"2026-03-16T22:02:47+00:00\" \/>\n<meta name=\"twitter:card\" content=\"summary_large_image\" \/>\n<meta name=\"twitter:label1\" content=\"Est. reading time\" \/>\n\t<meta name=\"twitter:data1\" content=\"1 minut\" \/>\n<script type=\"application\/ld+json\" class=\"yoast-schema-graph\">{\"@context\":\"https:\/\/schema.org\",\"@graph\":[{\"@type\":\"WebPage\",\"@id\":\"https:\/\/kruze.ee\/et\/toode\/clique-premium-fashion-t-l-s-meeste-pikkade-varrukatega-t-sark\/\",\"url\":\"https:\/\/kruze.ee\/et\/toode\/clique-premium-fashion-t-l-s-meeste-pikkade-varrukatega-t-sark\/\",\"name\":\"Clique Premium Fashion-T L\/S meeste pikkade varrukatega T-s\u00e4rk - Kruze.ee\",\"isPartOf\":{\"@id\":\"https:\/\/kruze.ee\/et\/#website\"},\"datePublished\":\"2025-11-20T16:17:47+00:00\",\"dateModified\":\"2026-03-16T22:02:47+00:00\",\"breadcrumb\":{\"@id\":\"https:\/\/kruze.ee\/et\/toode\/clique-premium-fashion-t-l-s-meeste-pikkade-varrukatega-t-sark\/#breadcrumb\"},\"inLanguage\":\"et\",\"potentialAction\":[{\"@type\":\"ReadAction\",\"target\":[\"https:\/\/kruze.ee\/et\/toode\/clique-premium-fashion-t-l-s-meeste-pikkade-varrukatega-t-sark\/\"]}]},{\"@type\":\"BreadcrumbList\",\"@id\":\"https:\/\/kruze.ee\/et\/toode\/clique-premium-fashion-t-l-s-meeste-pikkade-varrukatega-t-sark\/#breadcrumb\",\"itemListElement\":[{\"@type\":\"ListItem\",\"position\":1,\"name\":\"Home\",\"item\":\"https:\/\/kruze.ee\/et\/\"},{\"@type\":\"ListItem\",\"position\":2,\"name\":\"Tooted\",\"item\":\"https:\/\/kruze.ee\/et\/tooted\/\"},{\"@type\":\"ListItem\",\"position\":3,\"name\":\"Clique Premium Fashion-T L\/S meeste pikkade varrukatega T-s\u00e4rk\"}]},{\"@type\":\"WebSite\",\"@id\":\"https:\/\/kruze.ee\/et\/#website\",\"url\":\"https:\/\/kruze.ee\/et\/\",\"name\":\"Kruze.ee\",\"description\":\"Reklaamkingitused, tr&uuml;kiga T-s&auml;rgid, fliisid, dressipluused, tekstiil, joped ja paljud teised logoga meened, &Auml;rikingitused sinu partnerile! Telli juba t&auml;na.\",\"potentialAction\":[{\"@type\":\"SearchAction\",\"target\":{\"@type\":\"EntryPoint\",\"urlTemplate\":\"https:\/\/kruze.ee\/et\/?s={search_term_string}\"},\"query-input\":{\"@type\":\"PropertyValueSpecification\",\"valueRequired\":true,\"valueName\":\"search_term_string\"}}],\"inLanguage\":\"et\"}]}<\/script>\n<!-- \/ Yoast SEO plugin. -->","yoast_head_json":{"title":"Clique Premium Fashion-T L\/S meeste pikkade varrukatega T-s\u00e4rk - Kruze.ee","robots":{"index":"index","follow":"follow","max-snippet":"max-snippet:-1","max-image-preview":"max-image-preview:large","max-video-preview":"max-video-preview:-1"},"canonical":"https:\/\/kruze.ee\/et\/toode\/clique-premium-fashion-t-l-s-meeste-pikkade-varrukatega-t-sark\/","og_locale":"et_EE","og_type":"article","og_title":"Clique Premium Fashion-T L\/S meeste pikkade varrukatega T-s\u00e4rk - Kruze.ee","og_description":"Pikkade varrukatega T-s\u00e4rk, mis on valmistatud 100% puuvillast. P\u00f5hikangast kaelus, tugevdatud kaelalint ja kergesti eemaldatav silt \u00fcmberbr\u00e4ndimiseks.","og_url":"https:\/\/kruze.ee\/et\/toode\/clique-premium-fashion-t-l-s-meeste-pikkade-varrukatega-t-sark\/","og_site_name":"Kruze.ee","article_modified_time":"2026-03-16T22:02:47+00:00","twitter_card":"summary_large_image","twitter_misc":{"Est. reading time":"1 minut"},"schema":{"@context":"https:\/\/schema.org","@graph":[{"@type":"WebPage","@id":"https:\/\/kruze.ee\/et\/toode\/clique-premium-fashion-t-l-s-meeste-pikkade-varrukatega-t-sark\/","url":"https:\/\/kruze.ee\/et\/toode\/clique-premium-fashion-t-l-s-meeste-pikkade-varrukatega-t-sark\/","name":"Clique Premium Fashion-T L\/S meeste pikkade varrukatega T-s\u00e4rk - Kruze.ee","isPartOf":{"@id":"https:\/\/kruze.ee\/et\/#website"},"datePublished":"2025-11-20T16:17:47+00:00","dateModified":"2026-03-16T22:02:47+00:00","breadcrumb":{"@id":"https:\/\/kruze.ee\/et\/toode\/clique-premium-fashion-t-l-s-meeste-pikkade-varrukatega-t-sark\/#breadcrumb"},"inLanguage":"et","potentialAction":[{"@type":"ReadAction","target":["https:\/\/kruze.ee\/et\/toode\/clique-premium-fashion-t-l-s-meeste-pikkade-varrukatega-t-sark\/"]}]},{"@type":"BreadcrumbList","@id":"https:\/\/kruze.ee\/et\/toode\/clique-premium-fashion-t-l-s-meeste-pikkade-varrukatega-t-sark\/#breadcrumb","itemListElement":[{"@type":"ListItem","position":1,"name":"Home","item":"https:\/\/kruze.ee\/et\/"},{"@type":"ListItem","position":2,"name":"Tooted","item":"https:\/\/kruze.ee\/et\/tooted\/"},{"@type":"ListItem","position":3,"name":"Clique Premium Fashion-T L\/S meeste pikkade varrukatega T-s\u00e4rk"}]},{"@type":"WebSite","@id":"https:\/\/kruze.ee\/et\/#website","url":"https:\/\/kruze.ee\/et\/","name":"Kruze.ee","description":"Reklaamkingitused, tr&uuml;kiga T-s&auml;rgid, fliisid, dressipluused, tekstiil, joped ja paljud teised logoga meened, &Auml;rikingitused sinu partnerile! Telli juba t&auml;na.","potentialAction":[{"@type":"SearchAction","target":{"@type":"EntryPoint","urlTemplate":"https:\/\/kruze.ee\/et\/?s={search_term_string}"},"query-input":{"@type":"PropertyValueSpecification","valueRequired":true,"valueName":"search_term_string"}}],"inLanguage":"et"}]}},"_links":{"self":[{"href":"https:\/\/kruze.ee\/et\/wp-json\/wp\/v2\/product\/1419404","targetHints":{"allow":["GET"]}}],"collection":[{"href":"https:\/\/kruze.ee\/et\/wp-json\/wp\/v2\/product"}],"about":[{"href":"https:\/\/kruze.ee\/et\/wp-json\/wp\/v2\/types\/product"}],"wp:attachment":[{"href":"https:\/\/kruze.ee\/et\/wp-json\/wp\/v2\/media?parent=1419404"}],"wp:term":[{"taxonomy":"product_brand","embeddable":true,"href":"https:\/\/kruze.ee\/et\/wp-json\/wp\/v2\/product_brand?post=1419404"},{"taxonomy":"product_cat","embeddable":true,"href":"https:\/\/kruze.ee\/et\/wp-json\/wp\/v2\/product_cat?post=1419404"},{"taxonomy":"product_tag","embeddable":true,"href":"https:\/\/kruze.ee\/et\/wp-json\/wp\/v2\/product_tag?post=1419404"}],"curies":[{"name":"wp","href":"https:\/\/api.w.org\/{rel}","templated":true}]}}