{"id":1419390,"date":"2025-11-18T19:07:39","date_gmt":"2025-11-18T16:07:39","guid":{"rendered":"https:\/\/kruze.ee\/product\/anker-maggo-qi2-magnetiga-akupank-10-000-mah\/"},"modified":"2026-03-17T01:00:04","modified_gmt":"2026-03-16T22:00:04","slug":"anker-maggo-qi2-magnetiga-akupank-10-000-mah","status":"publish","type":"product","link":"https:\/\/kruze.ee\/et\/toode\/anker-maggo-qi2-magnetiga-akupank-10-000-mah\/","title":{"rendered":"Anker MagGo QI2 magnetiga akupank 10.000 mAh"},"content":{"rendered":"<p>Anker MagGo Powerbank (10 000mAh, 15W) \u00fchendab v\u00f5imsa magnetilise traadita laadimise ja \u00fclima mugavuse. See on m\u00f5eldud MagSafe-\u00fchilduvate iPhone&#8217;ide jaoks ja pakub kiiret 15W Qi2 traadita laadimist tugeva ja turvalise magnetkinnituse abil &#8211; isegi l\u00e4bi \u00fcmbriste. Sisseehitatud kokkupandav hoidik v\u00f5imaldab teil laadida ja samal ajal vaadata telefoni, mis sobib ideaalselt videok\u00f5nedeks v\u00f5i voogedastuseks. Selge nutikas ekraan n\u00e4itab aku ja laetuse taset, samas kui Ankeri t\u00e4iustatud ActiveShield-tehnoloogia hoiab laadimise turvalisena ja t\u00f5husana. Elegantne, kaasaskantav ja t\u00e4is funktsioone, see on ideaalne akupank kiireks ja vaevata laadimiseks liikvel olles.<\/p>\n","protected":false},"excerpt":{"rendered":"<p>Anker MagGo Powerbank (10 000mAh, 15W) \u00fchendab v\u00f5imsa magnetilise traadita laadimise ja \u00fclima mugavuse. See on m\u00f5eldud MagSafe-\u00fchilduvate iPhone&#8217;ide jaoks ja&#8230;<\/p>\n","protected":false},"featured_media":0,"template":"","meta":[],"product_brand":[],"product_cat":[5409],"product_tag":[],"class_list":{"0":"post-1419390","1":"product","2":"type-product","3":"status-publish","5":"product_cat-akupangad","6":"pa_gender-uniseks","7":"pa_gender-unisex","11":"first","12":"instock","13":"purchasable","14":"product-type-simple"},"acf":[],"yoast_head":"<!-- This site is optimized with the Yoast SEO plugin v26.0 - https:\/\/yoast.com\/wordpress\/plugins\/seo\/ -->\n<title>Anker MagGo QI2 magnetiga akupank 10.000 mAh - Kruze.ee<\/title>\n<meta name=\"robots\" content=\"index, follow, max-snippet:-1, max-image-preview:large, max-video-preview:-1\" \/>\n<link rel=\"canonical\" href=\"https:\/\/kruze.ee\/et\/toode\/anker-maggo-qi2-magnetiga-akupank-10-000-mah\/\" \/>\n<meta property=\"og:locale\" content=\"et_EE\" \/>\n<meta property=\"og:type\" content=\"article\" \/>\n<meta property=\"og:title\" content=\"Anker MagGo QI2 magnetiga akupank 10.000 mAh - Kruze.ee\" \/>\n<meta property=\"og:description\" content=\"Anker MagGo Powerbank (10 000mAh, 15W) \u00fchendab v\u00f5imsa magnetilise traadita laadimise ja \u00fclima mugavuse. See on m\u00f5eldud MagSafe-\u00fchilduvate iPhone&#039;ide jaoks ja...\" \/>\n<meta property=\"og:url\" content=\"https:\/\/kruze.ee\/et\/toode\/anker-maggo-qi2-magnetiga-akupank-10-000-mah\/\" \/>\n<meta property=\"og:site_name\" content=\"Kruze.ee\" \/>\n<meta property=\"article:modified_time\" content=\"2026-03-16T22:00:04+00:00\" \/>\n<meta name=\"twitter:card\" content=\"summary_large_image\" \/>\n<script type=\"application\/ld+json\" class=\"yoast-schema-graph\">{\"@context\":\"https:\/\/schema.org\",\"@graph\":[{\"@type\":\"WebPage\",\"@id\":\"https:\/\/kruze.ee\/et\/toode\/anker-maggo-qi2-magnetiga-akupank-10-000-mah\/\",\"url\":\"https:\/\/kruze.ee\/et\/toode\/anker-maggo-qi2-magnetiga-akupank-10-000-mah\/\",\"name\":\"Anker MagGo QI2 magnetiga akupank 10.000 mAh - Kruze.ee\",\"isPartOf\":{\"@id\":\"https:\/\/kruze.ee\/et\/#website\"},\"datePublished\":\"2025-11-18T16:07:39+00:00\",\"dateModified\":\"2026-03-16T22:00:04+00:00\",\"breadcrumb\":{\"@id\":\"https:\/\/kruze.ee\/et\/toode\/anker-maggo-qi2-magnetiga-akupank-10-000-mah\/#breadcrumb\"},\"inLanguage\":\"et\",\"potentialAction\":[{\"@type\":\"ReadAction\",\"target\":[\"https:\/\/kruze.ee\/et\/toode\/anker-maggo-qi2-magnetiga-akupank-10-000-mah\/\"]}]},{\"@type\":\"BreadcrumbList\",\"@id\":\"https:\/\/kruze.ee\/et\/toode\/anker-maggo-qi2-magnetiga-akupank-10-000-mah\/#breadcrumb\",\"itemListElement\":[{\"@type\":\"ListItem\",\"position\":1,\"name\":\"Home\",\"item\":\"https:\/\/kruze.ee\/et\/\"},{\"@type\":\"ListItem\",\"position\":2,\"name\":\"Tooted\",\"item\":\"https:\/\/kruze.ee\/et\/tooted\/\"},{\"@type\":\"ListItem\",\"position\":3,\"name\":\"Anker MagGo QI2 magnetiga akupank 10.000 mAh\"}]},{\"@type\":\"WebSite\",\"@id\":\"https:\/\/kruze.ee\/et\/#website\",\"url\":\"https:\/\/kruze.ee\/et\/\",\"name\":\"Kruze.ee\",\"description\":\"Reklaamkingitused, tr&uuml;kiga T-s&auml;rgid, fliisid, dressipluused, tekstiil, joped ja paljud teised logoga meened, &Auml;rikingitused sinu partnerile! Telli juba t&auml;na.\",\"potentialAction\":[{\"@type\":\"SearchAction\",\"target\":{\"@type\":\"EntryPoint\",\"urlTemplate\":\"https:\/\/kruze.ee\/et\/?s={search_term_string}\"},\"query-input\":{\"@type\":\"PropertyValueSpecification\",\"valueRequired\":true,\"valueName\":\"search_term_string\"}}],\"inLanguage\":\"et\"}]}<\/script>\n<!-- \/ Yoast SEO plugin. -->","yoast_head_json":{"title":"Anker MagGo QI2 magnetiga akupank 10.000 mAh - Kruze.ee","robots":{"index":"index","follow":"follow","max-snippet":"max-snippet:-1","max-image-preview":"max-image-preview:large","max-video-preview":"max-video-preview:-1"},"canonical":"https:\/\/kruze.ee\/et\/toode\/anker-maggo-qi2-magnetiga-akupank-10-000-mah\/","og_locale":"et_EE","og_type":"article","og_title":"Anker MagGo QI2 magnetiga akupank 10.000 mAh - Kruze.ee","og_description":"Anker MagGo Powerbank (10 000mAh, 15W) \u00fchendab v\u00f5imsa magnetilise traadita laadimise ja \u00fclima mugavuse. See on m\u00f5eldud MagSafe-\u00fchilduvate iPhone'ide jaoks ja...","og_url":"https:\/\/kruze.ee\/et\/toode\/anker-maggo-qi2-magnetiga-akupank-10-000-mah\/","og_site_name":"Kruze.ee","article_modified_time":"2026-03-16T22:00:04+00:00","twitter_card":"summary_large_image","schema":{"@context":"https:\/\/schema.org","@graph":[{"@type":"WebPage","@id":"https:\/\/kruze.ee\/et\/toode\/anker-maggo-qi2-magnetiga-akupank-10-000-mah\/","url":"https:\/\/kruze.ee\/et\/toode\/anker-maggo-qi2-magnetiga-akupank-10-000-mah\/","name":"Anker MagGo QI2 magnetiga akupank 10.000 mAh - Kruze.ee","isPartOf":{"@id":"https:\/\/kruze.ee\/et\/#website"},"datePublished":"2025-11-18T16:07:39+00:00","dateModified":"2026-03-16T22:00:04+00:00","breadcrumb":{"@id":"https:\/\/kruze.ee\/et\/toode\/anker-maggo-qi2-magnetiga-akupank-10-000-mah\/#breadcrumb"},"inLanguage":"et","potentialAction":[{"@type":"ReadAction","target":["https:\/\/kruze.ee\/et\/toode\/anker-maggo-qi2-magnetiga-akupank-10-000-mah\/"]}]},{"@type":"BreadcrumbList","@id":"https:\/\/kruze.ee\/et\/toode\/anker-maggo-qi2-magnetiga-akupank-10-000-mah\/#breadcrumb","itemListElement":[{"@type":"ListItem","position":1,"name":"Home","item":"https:\/\/kruze.ee\/et\/"},{"@type":"ListItem","position":2,"name":"Tooted","item":"https:\/\/kruze.ee\/et\/tooted\/"},{"@type":"ListItem","position":3,"name":"Anker MagGo QI2 magnetiga akupank 10.000 mAh"}]},{"@type":"WebSite","@id":"https:\/\/kruze.ee\/et\/#website","url":"https:\/\/kruze.ee\/et\/","name":"Kruze.ee","description":"Reklaamkingitused, tr&uuml;kiga T-s&auml;rgid, fliisid, dressipluused, tekstiil, joped ja paljud teised logoga meened, &Auml;rikingitused sinu partnerile! Telli juba t&auml;na.","potentialAction":[{"@type":"SearchAction","target":{"@type":"EntryPoint","urlTemplate":"https:\/\/kruze.ee\/et\/?s={search_term_string}"},"query-input":{"@type":"PropertyValueSpecification","valueRequired":true,"valueName":"search_term_string"}}],"inLanguage":"et"}]}},"_links":{"self":[{"href":"https:\/\/kruze.ee\/et\/wp-json\/wp\/v2\/product\/1419390","targetHints":{"allow":["GET"]}}],"collection":[{"href":"https:\/\/kruze.ee\/et\/wp-json\/wp\/v2\/product"}],"about":[{"href":"https:\/\/kruze.ee\/et\/wp-json\/wp\/v2\/types\/product"}],"wp:attachment":[{"href":"https:\/\/kruze.ee\/et\/wp-json\/wp\/v2\/media?parent=1419390"}],"wp:term":[{"taxonomy":"product_brand","embeddable":true,"href":"https:\/\/kruze.ee\/et\/wp-json\/wp\/v2\/product_brand?post=1419390"},{"taxonomy":"product_cat","embeddable":true,"href":"https:\/\/kruze.ee\/et\/wp-json\/wp\/v2\/product_cat?post=1419390"},{"taxonomy":"product_tag","embeddable":true,"href":"https:\/\/kruze.ee\/et\/wp-json\/wp\/v2\/product_tag?post=1419390"}],"curies":[{"name":"wp","href":"https:\/\/api.w.org\/{rel}","templated":true}]}}