{"id":1419389,"date":"2025-11-18T19:07:37","date_gmt":"2025-11-18T16:07:37","guid":{"rendered":"https:\/\/kruze.ee\/product\/anker-powerbank-powercore-10-000mah-30w-akupank\/"},"modified":"2026-03-17T01:00:03","modified_gmt":"2026-03-16T22:00:03","slug":"anker-powerbank-powercore-10-000mah-30w-akupank","status":"publish","type":"product","link":"https:\/\/kruze.ee\/et\/toode\/anker-powerbank-powercore-10-000mah-30w-akupank\/","title":{"rendered":"Anker Powerbank PowerCore 10.000mAh 30W akupank"},"content":{"rendered":"<p>Anker 533 Powerbank PowerCore 10,000mAh 30W on kompaktne ja v\u00f5imas kaasaskantav laadija, mis on loodud selleks, et hoida teie seadmed laetud teel olles. Sellel on 10 000 mAh aku maht ja see pakub kiiret laadimist maksimaalse v\u00e4ljundv\u00f5imsusega 30 W USB-C Power Delivery kaudu, mist\u00f5ttu sobib see nutitelefonide, tahvelarvutite ja isegi v\u00e4iksemate s\u00fclearvutite jaoks. T\u00e4nu kahele USB-C-pordile ja \u00fchele USB-A-pordile v\u00f5imaldab see laadida korraga kuni kolme seadet. Sisseehitatud ekraan annab reaalajas teavet aku oleku kohta, samas kui Ankeri t\u00e4iustatud ActiveShield 2.0 ohutuss\u00fcsteem tagab usaldusv\u00e4\u00e4rse t\u00f6\u00f6, j\u00e4lgides temperatuuri tuhandeid kordi p\u00e4evas. Ideaalne reisimiseks v\u00f5i igap\u00e4evaseks kasutamiseks, 533 powerbank \u00fchendab kiiruse, mugavuse ja usaldusv\u00e4\u00e4rse Ankeri kvaliteedi elegantses, kergesti kaasaskantavas disainis.<\/p>\n","protected":false},"excerpt":{"rendered":"<p>Anker 533 Powerbank PowerCore 10,000mAh 30W on kompaktne ja v\u00f5imas kaasaskantav laadija, mis on loodud selleks, et hoida teie seadmed laetud teel olles. Sellel&#8230;<\/p>\n","protected":false},"featured_media":0,"template":"","meta":[],"product_brand":[],"product_cat":[5409],"product_tag":[],"class_list":{"0":"post-1419389","1":"product","2":"type-product","3":"status-publish","5":"product_cat-akupangad","6":"pa_gender-uniseks","7":"pa_gender-unisex","11":"first","12":"instock","13":"purchasable","14":"product-type-simple"},"acf":[],"yoast_head":"<!-- This site is optimized with the Yoast SEO plugin v26.0 - https:\/\/yoast.com\/wordpress\/plugins\/seo\/ -->\n<title>Anker Powerbank PowerCore 10.000mAh 30W akupank - Kruze.ee<\/title>\n<meta name=\"robots\" content=\"index, follow, max-snippet:-1, max-image-preview:large, max-video-preview:-1\" \/>\n<link rel=\"canonical\" href=\"https:\/\/kruze.ee\/et\/toode\/anker-powerbank-powercore-10-000mah-30w-akupank\/\" \/>\n<meta property=\"og:locale\" content=\"et_EE\" \/>\n<meta property=\"og:type\" content=\"article\" \/>\n<meta property=\"og:title\" content=\"Anker Powerbank PowerCore 10.000mAh 30W akupank - Kruze.ee\" \/>\n<meta property=\"og:description\" content=\"Anker 533 Powerbank PowerCore 10,000mAh 30W on kompaktne ja v\u00f5imas kaasaskantav laadija, mis on loodud selleks, et hoida teie seadmed laetud teel olles. Sellel...\" \/>\n<meta property=\"og:url\" content=\"https:\/\/kruze.ee\/et\/toode\/anker-powerbank-powercore-10-000mah-30w-akupank\/\" \/>\n<meta property=\"og:site_name\" content=\"Kruze.ee\" \/>\n<meta property=\"article:modified_time\" content=\"2026-03-16T22:00:03+00:00\" \/>\n<meta name=\"twitter:card\" content=\"summary_large_image\" \/>\n<meta name=\"twitter:label1\" content=\"Est. reading time\" \/>\n\t<meta name=\"twitter:data1\" content=\"1 minut\" \/>\n<script type=\"application\/ld+json\" class=\"yoast-schema-graph\">{\"@context\":\"https:\/\/schema.org\",\"@graph\":[{\"@type\":\"WebPage\",\"@id\":\"https:\/\/kruze.ee\/et\/toode\/anker-powerbank-powercore-10-000mah-30w-akupank\/\",\"url\":\"https:\/\/kruze.ee\/et\/toode\/anker-powerbank-powercore-10-000mah-30w-akupank\/\",\"name\":\"Anker Powerbank PowerCore 10.000mAh 30W akupank - Kruze.ee\",\"isPartOf\":{\"@id\":\"https:\/\/kruze.ee\/et\/#website\"},\"datePublished\":\"2025-11-18T16:07:37+00:00\",\"dateModified\":\"2026-03-16T22:00:03+00:00\",\"breadcrumb\":{\"@id\":\"https:\/\/kruze.ee\/et\/toode\/anker-powerbank-powercore-10-000mah-30w-akupank\/#breadcrumb\"},\"inLanguage\":\"et\",\"potentialAction\":[{\"@type\":\"ReadAction\",\"target\":[\"https:\/\/kruze.ee\/et\/toode\/anker-powerbank-powercore-10-000mah-30w-akupank\/\"]}]},{\"@type\":\"BreadcrumbList\",\"@id\":\"https:\/\/kruze.ee\/et\/toode\/anker-powerbank-powercore-10-000mah-30w-akupank\/#breadcrumb\",\"itemListElement\":[{\"@type\":\"ListItem\",\"position\":1,\"name\":\"Home\",\"item\":\"https:\/\/kruze.ee\/et\/\"},{\"@type\":\"ListItem\",\"position\":2,\"name\":\"Tooted\",\"item\":\"https:\/\/kruze.ee\/et\/tooted\/\"},{\"@type\":\"ListItem\",\"position\":3,\"name\":\"Anker Powerbank PowerCore 10.000mAh 30W akupank\"}]},{\"@type\":\"WebSite\",\"@id\":\"https:\/\/kruze.ee\/et\/#website\",\"url\":\"https:\/\/kruze.ee\/et\/\",\"name\":\"Kruze.ee\",\"description\":\"Reklaamkingitused, tr&uuml;kiga T-s&auml;rgid, fliisid, dressipluused, tekstiil, joped ja paljud teised logoga meened, &Auml;rikingitused sinu partnerile! Telli juba t&auml;na.\",\"potentialAction\":[{\"@type\":\"SearchAction\",\"target\":{\"@type\":\"EntryPoint\",\"urlTemplate\":\"https:\/\/kruze.ee\/et\/?s={search_term_string}\"},\"query-input\":{\"@type\":\"PropertyValueSpecification\",\"valueRequired\":true,\"valueName\":\"search_term_string\"}}],\"inLanguage\":\"et\"}]}<\/script>\n<!-- \/ Yoast SEO plugin. -->","yoast_head_json":{"title":"Anker Powerbank PowerCore 10.000mAh 30W akupank - Kruze.ee","robots":{"index":"index","follow":"follow","max-snippet":"max-snippet:-1","max-image-preview":"max-image-preview:large","max-video-preview":"max-video-preview:-1"},"canonical":"https:\/\/kruze.ee\/et\/toode\/anker-powerbank-powercore-10-000mah-30w-akupank\/","og_locale":"et_EE","og_type":"article","og_title":"Anker Powerbank PowerCore 10.000mAh 30W akupank - Kruze.ee","og_description":"Anker 533 Powerbank PowerCore 10,000mAh 30W on kompaktne ja v\u00f5imas kaasaskantav laadija, mis on loodud selleks, et hoida teie seadmed laetud teel olles. Sellel...","og_url":"https:\/\/kruze.ee\/et\/toode\/anker-powerbank-powercore-10-000mah-30w-akupank\/","og_site_name":"Kruze.ee","article_modified_time":"2026-03-16T22:00:03+00:00","twitter_card":"summary_large_image","twitter_misc":{"Est. reading time":"1 minut"},"schema":{"@context":"https:\/\/schema.org","@graph":[{"@type":"WebPage","@id":"https:\/\/kruze.ee\/et\/toode\/anker-powerbank-powercore-10-000mah-30w-akupank\/","url":"https:\/\/kruze.ee\/et\/toode\/anker-powerbank-powercore-10-000mah-30w-akupank\/","name":"Anker Powerbank PowerCore 10.000mAh 30W akupank - Kruze.ee","isPartOf":{"@id":"https:\/\/kruze.ee\/et\/#website"},"datePublished":"2025-11-18T16:07:37+00:00","dateModified":"2026-03-16T22:00:03+00:00","breadcrumb":{"@id":"https:\/\/kruze.ee\/et\/toode\/anker-powerbank-powercore-10-000mah-30w-akupank\/#breadcrumb"},"inLanguage":"et","potentialAction":[{"@type":"ReadAction","target":["https:\/\/kruze.ee\/et\/toode\/anker-powerbank-powercore-10-000mah-30w-akupank\/"]}]},{"@type":"BreadcrumbList","@id":"https:\/\/kruze.ee\/et\/toode\/anker-powerbank-powercore-10-000mah-30w-akupank\/#breadcrumb","itemListElement":[{"@type":"ListItem","position":1,"name":"Home","item":"https:\/\/kruze.ee\/et\/"},{"@type":"ListItem","position":2,"name":"Tooted","item":"https:\/\/kruze.ee\/et\/tooted\/"},{"@type":"ListItem","position":3,"name":"Anker Powerbank PowerCore 10.000mAh 30W akupank"}]},{"@type":"WebSite","@id":"https:\/\/kruze.ee\/et\/#website","url":"https:\/\/kruze.ee\/et\/","name":"Kruze.ee","description":"Reklaamkingitused, tr&uuml;kiga T-s&auml;rgid, fliisid, dressipluused, tekstiil, joped ja paljud teised logoga meened, &Auml;rikingitused sinu partnerile! Telli juba t&auml;na.","potentialAction":[{"@type":"SearchAction","target":{"@type":"EntryPoint","urlTemplate":"https:\/\/kruze.ee\/et\/?s={search_term_string}"},"query-input":{"@type":"PropertyValueSpecification","valueRequired":true,"valueName":"search_term_string"}}],"inLanguage":"et"}]}},"_links":{"self":[{"href":"https:\/\/kruze.ee\/et\/wp-json\/wp\/v2\/product\/1419389","targetHints":{"allow":["GET"]}}],"collection":[{"href":"https:\/\/kruze.ee\/et\/wp-json\/wp\/v2\/product"}],"about":[{"href":"https:\/\/kruze.ee\/et\/wp-json\/wp\/v2\/types\/product"}],"wp:attachment":[{"href":"https:\/\/kruze.ee\/et\/wp-json\/wp\/v2\/media?parent=1419389"}],"wp:term":[{"taxonomy":"product_brand","embeddable":true,"href":"https:\/\/kruze.ee\/et\/wp-json\/wp\/v2\/product_brand?post=1419389"},{"taxonomy":"product_cat","embeddable":true,"href":"https:\/\/kruze.ee\/et\/wp-json\/wp\/v2\/product_cat?post=1419389"},{"taxonomy":"product_tag","embeddable":true,"href":"https:\/\/kruze.ee\/et\/wp-json\/wp\/v2\/product_tag?post=1419389"}],"curies":[{"name":"wp","href":"https:\/\/api.w.org\/{rel}","templated":true}]}}