{"id":1419367,"date":"2025-11-18T11:56:34","date_gmt":"2025-11-18T08:56:34","guid":{"rendered":"https:\/\/kruze.ee\/product\/vinga-baltimore-rcs-olakott\/"},"modified":"2026-03-17T01:00:18","modified_gmt":"2026-03-16T22:00:18","slug":"vinga-baltimore-rcs-olakott","status":"publish","type":"product","link":"https:\/\/kruze.ee\/et\/toode\/vinga-baltimore-rcs-olakott\/","title":{"rendered":"Vinga Baltimore RCS \u00f5lakott"},"content":{"rendered":"<p>Kott v\u00e4ikeste h\u00e4davajalike asjade jaoks. Sobib ideaalselt reisimiseks, linnaeluks v\u00f5i juhuslikuks jalutusk\u00e4igukuks. L\u00fclgmine t\u00f5mblukk, mis tagab h\u00f5lpsa juurdep\u00e4\u00e4su, ning v\u00e4ike sisetasku, mis sobib ideaalselt kaartide v\u00f5i v\u00f5tmete jaoks. Reguleeritav \u00f5larihm.  Sisaldab 16% RCS-sertifikaadiga taaskasutatud pol\u00fcestrit.<\/p>\n","protected":false},"excerpt":{"rendered":"<p>Kott v\u00e4ikeste h\u00e4davajalike asjade jaoks. Sobib ideaalselt reisimiseks, linnaeluks v\u00f5i juhuslikuks jalutusk\u00e4igukuks. L\u00fclgmine t\u00f5mblukk, mis tagab h\u00f5lpsa&#8230;<\/p>\n","protected":false},"featured_media":0,"template":"","meta":[],"product_brand":[],"product_cat":[5397],"product_tag":[],"class_list":{"0":"post-1419367","1":"product","2":"type-product","3":"status-publish","5":"product_cat-olakotid","6":"pa_brand-vinga-2","7":"pa_color-black-2","8":"pa_color-roheline","9":"pa_color-blue-2","10":"pa_gender-uniseks","11":"pa_gender-unisex","14":"pa_material-polyesterpolyurethane","16":"first","17":"instock","18":"taxable","19":"shipping-taxable","20":"purchasable","21":"product-type-variable"},"acf":[],"yoast_head":"<!-- This site is optimized with the Yoast SEO plugin v26.0 - https:\/\/yoast.com\/wordpress\/plugins\/seo\/ -->\n<title>Vinga Baltimore RCS \u00f5lakott - Kruze.ee<\/title>\n<meta name=\"robots\" content=\"index, follow, max-snippet:-1, max-image-preview:large, max-video-preview:-1\" \/>\n<link rel=\"canonical\" href=\"https:\/\/kruze.ee\/et\/toode\/vinga-baltimore-rcs-olakott\/\" \/>\n<meta property=\"og:locale\" content=\"et_EE\" \/>\n<meta property=\"og:type\" content=\"article\" \/>\n<meta property=\"og:title\" content=\"Vinga Baltimore RCS \u00f5lakott - Kruze.ee\" \/>\n<meta property=\"og:description\" content=\"Kott v\u00e4ikeste h\u00e4davajalike asjade jaoks. Sobib ideaalselt reisimiseks, linnaeluks v\u00f5i juhuslikuks jalutusk\u00e4igukuks. L\u00fclgmine t\u00f5mblukk, mis tagab h\u00f5lpsa...\" \/>\n<meta property=\"og:url\" content=\"https:\/\/kruze.ee\/et\/toode\/vinga-baltimore-rcs-olakott\/\" \/>\n<meta property=\"og:site_name\" content=\"Kruze.ee\" \/>\n<meta property=\"article:modified_time\" content=\"2026-03-16T22:00:18+00:00\" \/>\n<meta name=\"twitter:card\" content=\"summary_large_image\" \/>\n<script type=\"application\/ld+json\" class=\"yoast-schema-graph\">{\"@context\":\"https:\/\/schema.org\",\"@graph\":[{\"@type\":\"WebPage\",\"@id\":\"https:\/\/kruze.ee\/et\/toode\/vinga-baltimore-rcs-olakott\/\",\"url\":\"https:\/\/kruze.ee\/et\/toode\/vinga-baltimore-rcs-olakott\/\",\"name\":\"Vinga Baltimore RCS \u00f5lakott - Kruze.ee\",\"isPartOf\":{\"@id\":\"https:\/\/kruze.ee\/et\/#website\"},\"datePublished\":\"2025-11-18T08:56:34+00:00\",\"dateModified\":\"2026-03-16T22:00:18+00:00\",\"breadcrumb\":{\"@id\":\"https:\/\/kruze.ee\/et\/toode\/vinga-baltimore-rcs-olakott\/#breadcrumb\"},\"inLanguage\":\"et\",\"potentialAction\":[{\"@type\":\"ReadAction\",\"target\":[\"https:\/\/kruze.ee\/et\/toode\/vinga-baltimore-rcs-olakott\/\"]}]},{\"@type\":\"BreadcrumbList\",\"@id\":\"https:\/\/kruze.ee\/et\/toode\/vinga-baltimore-rcs-olakott\/#breadcrumb\",\"itemListElement\":[{\"@type\":\"ListItem\",\"position\":1,\"name\":\"Home\",\"item\":\"https:\/\/kruze.ee\/et\/\"},{\"@type\":\"ListItem\",\"position\":2,\"name\":\"Tooted\",\"item\":\"https:\/\/kruze.ee\/et\/tooted\/\"},{\"@type\":\"ListItem\",\"position\":3,\"name\":\"Vinga Baltimore RCS \u00f5lakott\"}]},{\"@type\":\"WebSite\",\"@id\":\"https:\/\/kruze.ee\/et\/#website\",\"url\":\"https:\/\/kruze.ee\/et\/\",\"name\":\"Kruze.ee\",\"description\":\"Reklaamkingitused, tr&uuml;kiga T-s&auml;rgid, fliisid, dressipluused, tekstiil, joped ja paljud teised logoga meened, &Auml;rikingitused sinu partnerile! Telli juba t&auml;na.\",\"potentialAction\":[{\"@type\":\"SearchAction\",\"target\":{\"@type\":\"EntryPoint\",\"urlTemplate\":\"https:\/\/kruze.ee\/et\/?s={search_term_string}\"},\"query-input\":{\"@type\":\"PropertyValueSpecification\",\"valueRequired\":true,\"valueName\":\"search_term_string\"}}],\"inLanguage\":\"et\"}]}<\/script>\n<!-- \/ Yoast SEO plugin. -->","yoast_head_json":{"title":"Vinga Baltimore RCS \u00f5lakott - Kruze.ee","robots":{"index":"index","follow":"follow","max-snippet":"max-snippet:-1","max-image-preview":"max-image-preview:large","max-video-preview":"max-video-preview:-1"},"canonical":"https:\/\/kruze.ee\/et\/toode\/vinga-baltimore-rcs-olakott\/","og_locale":"et_EE","og_type":"article","og_title":"Vinga Baltimore RCS \u00f5lakott - Kruze.ee","og_description":"Kott v\u00e4ikeste h\u00e4davajalike asjade jaoks. Sobib ideaalselt reisimiseks, linnaeluks v\u00f5i juhuslikuks jalutusk\u00e4igukuks. L\u00fclgmine t\u00f5mblukk, mis tagab h\u00f5lpsa...","og_url":"https:\/\/kruze.ee\/et\/toode\/vinga-baltimore-rcs-olakott\/","og_site_name":"Kruze.ee","article_modified_time":"2026-03-16T22:00:18+00:00","twitter_card":"summary_large_image","schema":{"@context":"https:\/\/schema.org","@graph":[{"@type":"WebPage","@id":"https:\/\/kruze.ee\/et\/toode\/vinga-baltimore-rcs-olakott\/","url":"https:\/\/kruze.ee\/et\/toode\/vinga-baltimore-rcs-olakott\/","name":"Vinga Baltimore RCS \u00f5lakott - Kruze.ee","isPartOf":{"@id":"https:\/\/kruze.ee\/et\/#website"},"datePublished":"2025-11-18T08:56:34+00:00","dateModified":"2026-03-16T22:00:18+00:00","breadcrumb":{"@id":"https:\/\/kruze.ee\/et\/toode\/vinga-baltimore-rcs-olakott\/#breadcrumb"},"inLanguage":"et","potentialAction":[{"@type":"ReadAction","target":["https:\/\/kruze.ee\/et\/toode\/vinga-baltimore-rcs-olakott\/"]}]},{"@type":"BreadcrumbList","@id":"https:\/\/kruze.ee\/et\/toode\/vinga-baltimore-rcs-olakott\/#breadcrumb","itemListElement":[{"@type":"ListItem","position":1,"name":"Home","item":"https:\/\/kruze.ee\/et\/"},{"@type":"ListItem","position":2,"name":"Tooted","item":"https:\/\/kruze.ee\/et\/tooted\/"},{"@type":"ListItem","position":3,"name":"Vinga Baltimore RCS \u00f5lakott"}]},{"@type":"WebSite","@id":"https:\/\/kruze.ee\/et\/#website","url":"https:\/\/kruze.ee\/et\/","name":"Kruze.ee","description":"Reklaamkingitused, tr&uuml;kiga T-s&auml;rgid, fliisid, dressipluused, tekstiil, joped ja paljud teised logoga meened, &Auml;rikingitused sinu partnerile! Telli juba t&auml;na.","potentialAction":[{"@type":"SearchAction","target":{"@type":"EntryPoint","urlTemplate":"https:\/\/kruze.ee\/et\/?s={search_term_string}"},"query-input":{"@type":"PropertyValueSpecification","valueRequired":true,"valueName":"search_term_string"}}],"inLanguage":"et"}]}},"_links":{"self":[{"href":"https:\/\/kruze.ee\/et\/wp-json\/wp\/v2\/product\/1419367","targetHints":{"allow":["GET"]}}],"collection":[{"href":"https:\/\/kruze.ee\/et\/wp-json\/wp\/v2\/product"}],"about":[{"href":"https:\/\/kruze.ee\/et\/wp-json\/wp\/v2\/types\/product"}],"wp:attachment":[{"href":"https:\/\/kruze.ee\/et\/wp-json\/wp\/v2\/media?parent=1419367"}],"wp:term":[{"taxonomy":"product_brand","embeddable":true,"href":"https:\/\/kruze.ee\/et\/wp-json\/wp\/v2\/product_brand?post=1419367"},{"taxonomy":"product_cat","embeddable":true,"href":"https:\/\/kruze.ee\/et\/wp-json\/wp\/v2\/product_cat?post=1419367"},{"taxonomy":"product_tag","embeddable":true,"href":"https:\/\/kruze.ee\/et\/wp-json\/wp\/v2\/product_tag?post=1419367"}],"curies":[{"name":"wp","href":"https:\/\/api.w.org\/{rel}","templated":true}]}}