{"id":658,"date":"2017-06-27T06:45:25","date_gmt":"2017-06-27T06:45:25","guid":{"rendered":"http:\/\/dummy.xtemos.com\/woodmart\/demos\/?page_id=658"},"modified":"2020-11-08T10:24:50","modified_gmt":"2020-11-08T10:24:50","slug":"kkk","status":"publish","type":"page","link":"https:\/\/kruze.ee\/et\/kkk\/","title":{"rendered":"KKK"},"content":{"rendered":"<section class=\"wpb-content-wrapper\"><p>[vc_row equal_height=&#8221;yes&#8221; css_animation=&#8221;fadeIn&#8221; css=&#8221;.vc_custom_1494510617612{margin-right: -50px !important;margin-left: -50px !important;}&#8221;][vc_column css=&#8221;.vc_custom_1496938621896{margin-bottom: 20px !important;border-right-width: 1px !important;padding-top: 15px !important;padding-right: 50px !important;padding-left: 50px !important;border-right-color: #e8e8e8 !important;border-right-style: solid !important;}&#8221; offset=&#8221;vc_col-lg-6 vc_col-md-6&#8243;][\/vc_column][\/vc_row][vc_row][vc_column]\n\t\t<div id=\"wd-5e9d62fb5ff78\" class=\"title-wrapper wd-wpb wd-set-mb reset-last-child  wd-rs-5e9d62fb5ff78 wd-title-color-default wd-title-style-default text-left  wd-underline-colored\">\n\t\t\t\n\t\t\t<div class=\"liner-continer\">\n\t\t\t\t<h4 class=\"woodmart-title-container title  wd-font-weight- wd-fontsize-l\" >KKK<\/h4>\n\t\t\t\t\t\t\t<\/div>\n\t\t\t\n\t\t\t\n\t\t\t\n\t\t<\/div>\n\t\t\n\t\t[vc_tta_accordion style=&#8221;flat&#8221; shape=&#8221;square&#8221; color=&#8221;white&#8221; c_icon=&#8221;chevron&#8221; c_position=&#8221;right&#8221; active_section=&#8221;1&#8243; no_fill=&#8221;true&#8221; collapsible_all=&#8221;true&#8221;][vc_tta_section title=&#8221;Kui pikk on tellimuse t\u00e4itmise t\u00e4htaeg?&#8221; tab_id=&#8221;1484056425804-e857e9fe-0c57&#8243;][vc_column_text text_larger=&#8221;no&#8221;]Tavaline tarneaeg meilt tellitud toodetele koos tr\u00fcki v\u00f5i tikandiga on umbes 1-2 n\u00e4dalat. Tarneaja pikkus s\u00f5ltub tootest, kogusest ja tr\u00fckitehnoloogiast. Eritellimust\u00f6\u00f6d, mille puhul valmistatakse tooted algusest l\u00f5puni tehases, v\u00f5tavad aega natuke kauem. Tooted, mis on meil kohapeal laos olemas, v\u00f5ib k\u00e4tte saada juba 1-2 p\u00e4evaga. T\u00e4psustame tarneaja alati tellimuse tegemise k\u00e4igus \u00fcle.[\/vc_column_text][\/vc_tta_section][vc_tta_section title=&#8221;Kuidas ma saan tutvuda tooten\u00e4idistega?&#8221; tab_id=&#8221;1484049984208-4e284a2e-4b83&#8243;][vc_column_text text_larger=&#8221;no&#8221;]Toodetega saab tutvuda meie n\u00e4idistesaalis, kus on olemas valik enimm\u00fc\u00fcdavatest toodetest. Kui juhtub, et meil ei ole n\u00e4idist tootest, mis teid huvitab, saame selle tellida. Kui te ei leia aega meie juurest l\u00e4bi astuda v\u00f5i asute kaugemal ja Tallinnasse asja ei ole, saame tuua n\u00e4idised ise kohale, saata need kulleriga v\u00f5i pakiautomaati.[\/vc_column_text][\/vc_tta_section][vc_tta_section title=&#8221;Kuidas ma oma kauba k\u00e4tte saan?&#8221; tab_id=&#8221;1484056430132-f06cc1b5-a7ca&#8221;][vc_column_text text_larger=&#8221;no&#8221;]Kauba k\u00e4ttetoimetamiseks kasutame erinevaid v\u00f5imalusi: saame saata kulleriga kohale, Smartposti v\u00f5i Omniva pakiautomaati. Alati on v\u00f5imalus ka ise j\u00e4rgi tulla meie kontorisse.[\/vc_column_text][\/vc_tta_section][vc_tta_section title=&#8221;Kuidas ma saan kauba eest tasuda?&#8221; tab_id=&#8221;1484049984302-e0b553b6-82dc&#8221;][vc_column_text text_larger=&#8221;no&#8221;]Tasuda saab \u00fclekandega arve v\u00f5i tellimuse kinnituse alusel v\u00f5i kauba k\u00e4tte saamisel sularahas kohapeal.[\/vc_column_text][\/vc_tta_section][vc_tta_section title=&#8221;Mida teha, kui ma ei leidnud kodulehelt sobivat toodet?&#8221; tab_id=&#8221;1484057271889-b3b2ad15-15f7&#8243;][vc_column_text text_larger=&#8221;no&#8221;]Kui te ei leidnud sobivat toodet meie tootevalikust, v\u00f5ite lisaks sirvida katalooge v\u00f5i p\u00f6\u00f6rduda oma sooviga meie projektijuhi poole, sest meie poolt pakutavad v\u00f5imalused on tegelikult palju suuremad, kui kodulehel v\u00e4ljas olev tootevalik. Meie projektijuht aitab sobiva toote leidmisel ja oskab soovitada ka parimat viisi sellele logo v\u00f5i s\u00f5numi peale kandmiseks.[\/vc_column_text][\/vc_tta_section][\/vc_tta_accordion][\/vc_column][\/vc_row]<\/p>\n<\/section>","protected":false},"excerpt":{"rendered":"<p>[vc_row equal_height=&#8221;yes&#8221; css_animation=&#8221;fadeIn&#8221; css=&#8221;.vc_custom_1494510617612{margin-right: -50px !important;margin-left: -50px !important;}&#8221;][vc_column css=&#8221;.vc_custom_1496938621896{margin-bottom: 20px !important;border-right-width: 1px !important;padding-top: 15px !important;padding-right: 50px !important;padding-left: 50px !important;border-right-color: #e8e8e8<\/p>\n","protected":false},"author":2,"featured_media":0,"parent":0,"menu_order":0,"comment_status":"closed","ping_status":"closed","template":"","meta":{"footnotes":""},"class_list":["post-658","page","type-page","status-publish","hentry"],"acf":[],"yoast_head":"<!-- This site is optimized with the Yoast SEO plugin v26.0 - https:\/\/yoast.com\/wordpress\/plugins\/seo\/ -->\n<title>KKK - Kruze.ee<\/title>\n<meta name=\"robots\" content=\"index, follow, max-snippet:-1, max-image-preview:large, max-video-preview:-1\" \/>\n<link rel=\"canonical\" href=\"https:\/\/kruze.ee\/et\/kkk\/\" \/>\n<meta property=\"og:locale\" content=\"et_EE\" \/>\n<meta property=\"og:type\" content=\"article\" \/>\n<meta property=\"og:title\" content=\"KKK - Kruze.ee\" \/>\n<meta property=\"og:description\" content=\"[vc_row equal_height=&#8221;yes&#8221; css_animation=&#8221;fadeIn&#8221; css=&#8221;.vc_custom_1494510617612{margin-right: -50px !important;margin-left: -50px !important;}&#8221;][vc_column css=&#8221;.vc_custom_1496938621896{margin-bottom: 20px !important;border-right-width: 1px !important;padding-top: 15px !important;padding-right: 50px !important;padding-left: 50px !important;border-right-color: #e8e8e8\" \/>\n<meta property=\"og:url\" content=\"https:\/\/kruze.ee\/et\/kkk\/\" \/>\n<meta property=\"og:site_name\" content=\"Kruze.ee\" \/>\n<meta property=\"article:modified_time\" content=\"2020-11-08T10:24:50+00:00\" \/>\n<meta name=\"twitter:card\" content=\"summary_large_image\" \/>\n<meta name=\"twitter:label1\" content=\"Est. reading time\" \/>\n\t<meta name=\"twitter:data1\" content=\"2 minutit\" \/>\n<script type=\"application\/ld+json\" class=\"yoast-schema-graph\">{\"@context\":\"https:\/\/schema.org\",\"@graph\":[{\"@type\":\"WebPage\",\"@id\":\"https:\/\/kruze.ee\/et\/kkk\/\",\"url\":\"https:\/\/kruze.ee\/et\/kkk\/\",\"name\":\"KKK - Kruze.ee\",\"isPartOf\":{\"@id\":\"https:\/\/kruze.ee\/et\/#website\"},\"datePublished\":\"2017-06-27T06:45:25+00:00\",\"dateModified\":\"2020-11-08T10:24:50+00:00\",\"breadcrumb\":{\"@id\":\"https:\/\/kruze.ee\/et\/kkk\/#breadcrumb\"},\"inLanguage\":\"et\",\"potentialAction\":[{\"@type\":\"ReadAction\",\"target\":[\"https:\/\/kruze.ee\/et\/kkk\/\"]}]},{\"@type\":\"BreadcrumbList\",\"@id\":\"https:\/\/kruze.ee\/et\/kkk\/#breadcrumb\",\"itemListElement\":[{\"@type\":\"ListItem\",\"position\":1,\"name\":\"Home\",\"item\":\"https:\/\/kruze.ee\/et\/\"},{\"@type\":\"ListItem\",\"position\":2,\"name\":\"KKK\"}]},{\"@type\":\"WebSite\",\"@id\":\"https:\/\/kruze.ee\/et\/#website\",\"url\":\"https:\/\/kruze.ee\/et\/\",\"name\":\"Kruze.ee\",\"description\":\"Reklaamkingitused, tr&uuml;kiga T-s&auml;rgid, fliisid, dressipluused, tekstiil, joped ja paljud teised logoga meened, &Auml;rikingitused sinu partnerile! Telli juba t&auml;na.\",\"potentialAction\":[{\"@type\":\"SearchAction\",\"target\":{\"@type\":\"EntryPoint\",\"urlTemplate\":\"https:\/\/kruze.ee\/et\/?s={search_term_string}\"},\"query-input\":{\"@type\":\"PropertyValueSpecification\",\"valueRequired\":true,\"valueName\":\"search_term_string\"}}],\"inLanguage\":\"et\"}]}<\/script>\n<!-- \/ Yoast SEO plugin. -->","yoast_head_json":{"title":"KKK - Kruze.ee","robots":{"index":"index","follow":"follow","max-snippet":"max-snippet:-1","max-image-preview":"max-image-preview:large","max-video-preview":"max-video-preview:-1"},"canonical":"https:\/\/kruze.ee\/et\/kkk\/","og_locale":"et_EE","og_type":"article","og_title":"KKK - Kruze.ee","og_description":"[vc_row equal_height=&#8221;yes&#8221; css_animation=&#8221;fadeIn&#8221; css=&#8221;.vc_custom_1494510617612{margin-right: -50px !important;margin-left: -50px !important;}&#8221;][vc_column css=&#8221;.vc_custom_1496938621896{margin-bottom: 20px !important;border-right-width: 1px !important;padding-top: 15px !important;padding-right: 50px !important;padding-left: 50px !important;border-right-color: #e8e8e8","og_url":"https:\/\/kruze.ee\/et\/kkk\/","og_site_name":"Kruze.ee","article_modified_time":"2020-11-08T10:24:50+00:00","twitter_card":"summary_large_image","twitter_misc":{"Est. reading time":"2 minutit"},"schema":{"@context":"https:\/\/schema.org","@graph":[{"@type":"WebPage","@id":"https:\/\/kruze.ee\/et\/kkk\/","url":"https:\/\/kruze.ee\/et\/kkk\/","name":"KKK - Kruze.ee","isPartOf":{"@id":"https:\/\/kruze.ee\/et\/#website"},"datePublished":"2017-06-27T06:45:25+00:00","dateModified":"2020-11-08T10:24:50+00:00","breadcrumb":{"@id":"https:\/\/kruze.ee\/et\/kkk\/#breadcrumb"},"inLanguage":"et","potentialAction":[{"@type":"ReadAction","target":["https:\/\/kruze.ee\/et\/kkk\/"]}]},{"@type":"BreadcrumbList","@id":"https:\/\/kruze.ee\/et\/kkk\/#breadcrumb","itemListElement":[{"@type":"ListItem","position":1,"name":"Home","item":"https:\/\/kruze.ee\/et\/"},{"@type":"ListItem","position":2,"name":"KKK"}]},{"@type":"WebSite","@id":"https:\/\/kruze.ee\/et\/#website","url":"https:\/\/kruze.ee\/et\/","name":"Kruze.ee","description":"Reklaamkingitused, tr&uuml;kiga T-s&auml;rgid, fliisid, dressipluused, tekstiil, joped ja paljud teised logoga meened, &Auml;rikingitused sinu partnerile! Telli juba t&auml;na.","potentialAction":[{"@type":"SearchAction","target":{"@type":"EntryPoint","urlTemplate":"https:\/\/kruze.ee\/et\/?s={search_term_string}"},"query-input":{"@type":"PropertyValueSpecification","valueRequired":true,"valueName":"search_term_string"}}],"inLanguage":"et"}]}},"_links":{"self":[{"href":"https:\/\/kruze.ee\/et\/wp-json\/wp\/v2\/pages\/658","targetHints":{"allow":["GET"]}}],"collection":[{"href":"https:\/\/kruze.ee\/et\/wp-json\/wp\/v2\/pages"}],"about":[{"href":"https:\/\/kruze.ee\/et\/wp-json\/wp\/v2\/types\/page"}],"author":[{"embeddable":true,"href":"https:\/\/kruze.ee\/et\/wp-json\/wp\/v2\/users\/2"}],"replies":[{"embeddable":true,"href":"https:\/\/kruze.ee\/et\/wp-json\/wp\/v2\/comments?post=658"}],"version-history":[{"count":9,"href":"https:\/\/kruze.ee\/et\/wp-json\/wp\/v2\/pages\/658\/revisions"}],"predecessor-version":[{"id":111831,"href":"https:\/\/kruze.ee\/et\/wp-json\/wp\/v2\/pages\/658\/revisions\/111831"}],"wp:attachment":[{"href":"https:\/\/kruze.ee\/et\/wp-json\/wp\/v2\/media?parent=658"}],"curies":[{"name":"wp","href":"https:\/\/api.w.org\/{rel}","templated":true}]}}