{"id":646,"date":"2017-06-26T14:07:05","date_gmt":"2017-06-26T14:07:05","guid":{"rendered":"http:\/\/dummy.xtemos.com\/woodmart\/demos\/?page_id=646"},"modified":"2026-03-09T18:02:38","modified_gmt":"2026-03-09T15:02:38","slug":"kontakt","status":"publish","type":"page","link":"https:\/\/kruze.ee\/et\/kontakt\/","title":{"rendered":"Kontakt"},"content":{"rendered":"<section class=\"wpb-content-wrapper\"><p>[vc_row][vc_column width=&#8221;1\/3&#8243;]\t\t<div class=\"team-member wd-wpb wd-rs- member-layout-default text-left \">\n\t\t\t\n\t\t\t<div class=\"member-details wd-set-mb reset-last-child\">\n\t\t\t\t\n\t\t\t\t\n\t\t\t\t\n\t\t\t\t\t\t\t<\/div>\n\t\t<\/div>\n\n\t\t\t\t<div class=\"team-member wd-wpb wd-rs- member-layout-default text-left \">\n\t\t\t\n\t\t\t<div class=\"member-details wd-set-mb reset-last-child\">\n\t\t\t\t\t\t\t\t\t<h4 class=\"member-name\">\n\t\t\t\t\t\tRene Kruze\t\t\t\t\t<\/h4>\n\t\t\t\t\n\t\t\t\t\t\t\t\t\t<div class=\"member-position\">\n\t\t\t\t\t\tProjektijuht\t\t\t\t\t<\/div>\n\t\t\t\t\n\t\t\t\t\t\t\t\t\t<div class=\"member-bio\">\n\t\t\t\t\t\t<a href=\"tel:+372 50 73904\">+372 50 73904<\/a><br \/>\n<a href=\"mailto:rene@kruze.ee\">rene@kruze.ee<\/a>\t\t\t\t\t<\/div>\n\t\t\t\t\n\t\t\t\t\t\t\t<\/div>\n\t\t<\/div>\n\n\t\t\t\t<div class=\"team-member wd-wpb wd-rs- member-layout-default text-left \">\n\t\t\t\n\t\t\t<div class=\"member-details wd-set-mb reset-last-child\">\n\t\t\t\t\t\t\t\t\t<h4 class=\"member-name\">\n\t\t\t\t\t\tJulia Havis\t\t\t\t\t<\/h4>\n\t\t\t\t\n\t\t\t\t\t\t\t\t\t<div class=\"member-position\">\n\t\t\t\t\t\tProjektijuht\t\t\t\t\t<\/div>\n\t\t\t\t\n\t\t\t\t\t\t\t\t\t<div class=\"member-bio\">\n\t\t\t\t\t\t<a href=\"tel:+372 55 62 4131\">+372 55 62 4131<\/a><br \/>\n<a href=\"mailto:julia@kruze.ee\">julia@kruze.ee<\/a>\t\t\t\t\t<\/div>\n\t\t\t\t\n\t\t\t\t\t\t\t<\/div>\n\t\t<\/div>\n\n\t\t\t\t<div class=\"team-member wd-wpb wd-rs-6662bf80cdbb4 member-layout-default text-left \">\n\t\t\t\n\t\t\t<div class=\"member-details wd-set-mb reset-last-child\">\n\t\t\t\t\t\t\t\t\t<h4 class=\"member-name\">\n\t\t\t\t\t\tAnne Matizen\t\t\t\t\t<\/h4>\n\t\t\t\t\n\t\t\t\t\n\t\t\t\t\t\t\t\t\t<div class=\"member-bio\">\n\t\t\t\t\t\t<\/p>\n<div class=\"member-position\">Projektijuht<\/div>\n<div class=\"member-bio\"><a href=\"tel:+372 55 62 4131\">+372 56 47 6601<\/a><br \/>\n<a href=\"mailto:julia@kruze.ee\">anne@kruze.ee<\/a><\/div>\n<p>\t\t\t\t\t<\/div>\n\t\t\t\t\n\t\t\t\t\t\t\t<\/div>\n\t\t<\/div>\n\n\t\t[\/vc_column][vc_column width=&#8221;1\/3&#8243;]\t\t<div class=\"team-member wd-wpb wd-rs- member-layout-default text-left \">\n\t\t\t\n\t\t\t<div class=\"member-details wd-set-mb reset-last-child\">\n\t\t\t\t\t\t\t\t\t<h4 class=\"member-name\">\n\t\t\t\t\t\tKerttu Rannik\t\t\t\t\t<\/h4>\n\t\t\t\t\n\t\t\t\t\t\t\t\t\t<div class=\"member-position\">\n\t\t\t\t\t\tKujundaja\t\t\t\t\t<\/div>\n\t\t\t\t\n\t\t\t\t\t\t\t\t\t<div class=\"member-bio\">\n\t\t\t\t\t\t<a href=\"mailto:annika@kruze.ee\">kerttu@kruze.ee<\/a>\t\t\t\t\t<\/div>\n\t\t\t\t\n\t\t\t\t\t\t\t<\/div>\n\t\t<\/div>\n\n\t\t\t\t<div class=\"team-member wd-wpb wd-rs- member-layout-default text-left \">\n\t\t\t\n\t\t\t<div class=\"member-details wd-set-mb reset-last-child\">\n\t\t\t\t\t\t\t\t\t<h4 class=\"member-name\">\n\t\t\t\t\t\tArle Saks\t\t\t\t\t<\/h4>\n\t\t\t\t\n\t\t\t\t\t\t\t\t\t<div class=\"member-position\">\n\t\t\t\t\t\tOstuspetsialist\t\t\t\t\t<\/div>\n\t\t\t\t\n\t\t\t\t\t\t\t\t\t<div class=\"member-bio\">\n\t\t\t\t\t\t<a href=\"tel:+372 50 28 956\">+372 50 28 956<\/a><br \/>\n<a href=\"mailto:arle@kruze.ee\">arle@kruze.ee<\/a>\t\t\t\t\t<\/div>\n\t\t\t\t\n\t\t\t\t\t\t\t<\/div>\n\t\t<\/div>\n\n\t\t[\/vc_column][\/vc_row][vc_row full_width=&#8221;stretch_row&#8221; css=&#8221;.vc_custom_1599722130760{padding-top: 2vh !important;padding-bottom: 4vh !important;background-color: #2772fb !important;}&#8221; mobile_bg_img_hidden=&#8221;no&#8221; tablet_bg_img_hidden=&#8221;no&#8221; woodmart_parallax=&#8221;0&#8243; woodmart_gradient_switch=&#8221;no&#8221; row_reverse_mobile=&#8221;0&#8243; row_reverse_tablet=&#8221;0&#8243; woodmart_disable_overflow=&#8221;0&#8243;][vc_column]\n\t\t<div id=\"wd-5f59d29fa6053\" class=\"title-wrapper wd-wpb wd-set-mb reset-last-child  wd-rs-5f59d29fa6053 wd-title-color-default wd-title-style-default text-left  wd-underline-colored\">\n\t\t\t\n\t\t\t<div class=\"liner-continer\">\n\t\t\t\t<h4 class=\"woodmart-title-container title  wd-font-weight-100 wd-fontsize-l\" >Otsime oma meeskonda <b>M\u00dc\u00dcGI-PROJEKTIJUHTI<\/b><\/h4>\n\t\t\t\t\t\t\t<\/div>\n\t\t\t\n\t\t\t\n\t\t\t\n\t\t<\/div>\n\t\t\n\t\t<div id=\"wd-602e263965182\" class=\" wd-rs-602e263965182  wd-button-wrapper text-left\"><a href=\"https:\/\/kruze.ee\/wp-content\/uploads\/2021\/02\/kruze_tookuulutus_A4_bld5mm-1-2.pdf\" title=\"\" target=\"_blank\" class=\"btn btn-style-3d btn-shape-semi-round btn-size-default\">TUTVU PAKKUMISEGA<\/a><\/div>[\/vc_column][\/vc_row][vc_row][vc_column]\n\t\t<div id=\"wd-5e413fedc7e87\" class=\"title-wrapper wd-wpb wd-set-mb reset-last-child  wd-rs-5e413fedc7e87 wd-title-color-default wd-title-style-default text-left  wd-underline-colored\">\n\t\t\t\t\t\t\t\n\t\t\t\t<div class=\"title-subtitle  subtitle-color-default font-default subtitle-style-default wd-font-weight- wd-fontsize-xs\">KIIREMATELE K\u00dcSIMUSTELE VASTAME TELEFONITSI<\/div>\n\t\t\t\n\t\t\t<div class=\"liner-continer\">\n\t\t\t\t<h4 class=\"woodmart-title-container title  wd-font-weight- wd-fontsize-l\" >Tekkis k\u00fcsimus v\u00f5i soovid rohkem infot?<\/h4>\n\t\t\t\t\t\t\t<\/div>\n\t\t\t\n\t\t\t\n\t\t\t\n\t\t<\/div>\n\t\t\n\t\t\n<div class=\"wpcf7 no-js\" id=\"wpcf7-f6-o1\" lang=\"en\" dir=\"ltr\" data-wpcf7-id=\"6\">\n<div class=\"screen-reader-response\"><p role=\"status\" aria-live=\"polite\" aria-atomic=\"true\"><\/p> <ul><\/ul><\/div>\n<form action=\"\/et\/wp-json\/wp\/v2\/pages\/646#wpcf7-f6-o1\" method=\"post\" class=\"wpcf7-form init\" aria-label=\"Contact form\" enctype=\"multipart\/form-data\" novalidate=\"novalidate\" data-status=\"init\">\n<fieldset class=\"hidden-fields-container\"><input type=\"hidden\" name=\"_wpcf7\" value=\"6\" \/><input type=\"hidden\" name=\"_wpcf7_version\" value=\"6.1.5\" \/><input type=\"hidden\" name=\"_wpcf7_locale\" value=\"en\" \/><input type=\"hidden\" name=\"_wpcf7_unit_tag\" value=\"wpcf7-f6-o1\" \/><input type=\"hidden\" name=\"_wpcf7_container_post\" value=\"0\" \/><input type=\"hidden\" name=\"_wpcf7_posted_data_hash\" value=\"\" \/><input type=\"hidden\" name=\"_wpcf7_recaptcha_response\" value=\"\" \/>\n<\/fieldset>\n<div class=\"row\">\n\t<div class=\"col-md-6\" style='margin-bottom:20px;'>\n\t\t<p><label>Nimi<\/label><span class=\"wpcf7-form-control-wrap\" data-name=\"your-name\"><input size=\"40\" maxlength=\"400\" class=\"wpcf7-form-control wpcf7-text wpcf7-validates-as-required\" aria-required=\"true\" aria-invalid=\"false\" value=\"\" type=\"text\" name=\"your-name\" \/><\/span>\n\t\t<\/p>\n\t<\/div>\n\t<div class=\"col-md-6\" style='margin-bottom:20px;'>\n\t\t<p><label>E-mail<\/label><span class=\"wpcf7-form-control-wrap\" data-name=\"your-email\"><input size=\"40\" maxlength=\"400\" class=\"wpcf7-form-control wpcf7-email wpcf7-validates-as-required wpcf7-text wpcf7-validates-as-email\" aria-required=\"true\" aria-invalid=\"false\" value=\"\" type=\"email\" name=\"your-email\" \/><\/span>\n\t\t<\/p>\n\t<\/div>\n<\/div>\n<div class=\"row\">\n\t<div class=\"col-md-6\" style='margin-bottom:20px;'>\n\t\t<p><label>Telefon<\/label><span class=\"wpcf7-form-control-wrap\" data-name=\"tel-767\"><input size=\"40\" maxlength=\"400\" class=\"wpcf7-form-control wpcf7-tel wpcf7-text wpcf7-validates-as-tel\" aria-invalid=\"false\" value=\"\" type=\"tel\" name=\"tel-767\" \/><\/span>\n\t\t<\/p>\n\t<\/div>\n\t<div class=\"col-md-6\" style='margin-bottom:20px;'>\n\t\t<p><label>Ettev\u00f5te<\/label><span class=\"wpcf7-form-control-wrap\" data-name=\"text-1\"><input size=\"40\" maxlength=\"400\" class=\"wpcf7-form-control wpcf7-text\" aria-invalid=\"false\" value=\"\" type=\"text\" name=\"text-1\" \/><\/span>\n\t\t<\/p>\n\t<\/div>\n<\/div>\n<p><label>Lisa fail<\/label><span class=\"wpcf7-form-control-wrap\" data-name=\"file-713\"><input size=\"40\" class=\"wpcf7-form-control wpcf7-file\" accept=\".png,.ai,.pdf,.jpg,.webp,.cdr,.gif,.eps,.jpeg\" aria-invalid=\"false\" type=\"file\" name=\"file-713\" \/><\/span>\n<\/p>\n<p><label>S\u00f5numi sisu<\/label><span class=\"wpcf7-form-control-wrap\" data-name=\"your-message\"><textarea cols=\"40\" rows=\"10\" maxlength=\"2000\" class=\"wpcf7-form-control wpcf7-textarea\" aria-invalid=\"false\" name=\"your-message\"><\/textarea><\/span>\n<\/p>\n<p><input class=\"wpcf7-form-control wpcf7-submit has-spinner btn-color-black\" type=\"submit\" value=\"Saada\" \/>\n<\/p><div class=\"wpcf7-response-output\" aria-hidden=\"true\"><\/div>\n<\/form>\n<\/div>\n[vc_empty_space height=&#8221;30px&#8221; woodmart_hide_large=&#8221;0&#8243; woodmart_hide_medium=&#8221;0&#8243; woodmart_hide_small=&#8221;0&#8243; woodmart_hide_extra_small=&#8221;0&#8243;][\/vc_column][\/vc_row][vc_row full_width=&#8221;stretch_row_content_no_spaces&#8221; css_animation=&#8221;none&#8221; disable_element=&#8221;yes&#8221; css=&#8221;.vc_custom_1614947558451{margin-top: -40px !important;}&#8221; mobile_bg_img_hidden=&#8221;no&#8221; tablet_bg_img_hidden=&#8221;no&#8221; woodmart_parallax=&#8221;0&#8243; woodmart_gradient_switch=&#8221;no&#8221; row_reverse_mobile=&#8221;0&#8243; row_reverse_tablet=&#8221;0&#8243; woodmart_disable_overflow=&#8221;0&#8243;][vc_column]\t\t\t<div class=\"google-map-container wd-map-container   map-container-with-content wd-rs-69d7733150dd3\" style=\"height: 500px\" data-map-args='{&quot;multiple_markers&quot;:&quot;no&quot;,&quot;latitude&quot;:&quot;59.452562&quot;,&quot;longitude&quot;:&quot;24.695556&quot;,&quot;zoom&quot;:&quot;17&quot;,&quot;mouse_zoom&quot;:&quot;no&quot;,&quot;init_type&quot;:&quot;page_load&quot;,&quot;init_offset&quot;:&quot;100&quot;,&quot;elementor&quot;:false,&quot;json_style&quot;:&quot;&quot;,&quot;marker_icon&quot;:&quot;https:\\\/\\\/kruze.ee\\\/wp-content\\\/themes\\\/woodmart\\\/inc\\\/admin\\\/assets\\\/images\\\/google-icon.png&quot;,&quot;marker_icon_size&quot;:&quot;&quot;,&quot;marker_text_needed&quot;:&quot;no&quot;,&quot;marker_text&quot;:&quot;&lt;h3 style=\\&quot;min-width:300px; text-align:center; margin:15px;\\&quot;&gt;&lt;\\\/h3&gt;&quot;,&quot;selector&quot;:&quot;wd-map-id-69d7733150ebd&quot;,&quot;markers&quot;:&quot;&quot;,&quot;center&quot;:&quot;&quot;}'>\n\t\t\t\t\n\t\t\t\t\n\t\t\t\t<div class=\"wd-google-map-wrapper wd-map-wrapper wd-fill\">\n\t\t\t\t\t<div id=\"wd-map-id-69d7733150ebd\" class=\"wd-google-map without-content wd-fill\"><\/div>\n\t\t\t\t<\/div>\n\n\t\t\t\t\t\t\t\t\t<div class=\"wd-google-map-content-wrap wd-map-content-wrap wd-items-middle wd-justify-left\">\n\t\t\t\t\t\t<div class=\"wd-google-map-content wd-map-content reset-last-child\" style=\"max-width: 340px;\">\n\t\t\t\t\t\t\t\t\t\t<div class=\"info-box-wrapper\">\n\t\t\t\t<div id=\"wd-600e7aa9b8bbb\" class=\" wd-rs-600e7aa9b8bbb wd-info-box wd-wpb text-left box-icon-align-left box-style- color-scheme- wd-bg-none wd-items-top with-btn box-btn-static vc_custom_1611561647088\">\n\t\t\t\t\t\t\t\t\t\t<div class=\"info-box-content\">\n\t\t\t\t\t\t<div class=\"info-box-subtitle subtitle-color-default wd-fontsize-xs subtitle-style-default\">Puuvilla 19, 10314 Tallinn<\/div><h4 class=\"info-box-title title box-title-style-default wd-fontsize-m\">Oleme avatud: E-R 9-17<\/h4>\t\t\t\t\t\t<div class=\"info-box-inner reset-last-child\"><p><a href=\"mailto:kruze@kruze.ee\">kruze@kruze.ee<\/a><br \/>\n<a href=\"tel:+55505036\">+372 5550 5036<\/a><\/p>\n<\/div>\n\n\t\t\t\t\t\t<div class=\"info-btn-wrapper\"><div id=\"wd-69d7733150f3e\" class=\"  wd-button-wrapper text-left\"><a href=\"http:\/\/kruze.ee\/et\/teenused-2\/\" title=\"Teenused\" class=\"btn btn-style-link btn-shape-rectangle btn-size-default\">Loe rohkem meist<\/a><\/div><\/div>\t\t\t\t\t<\/div>\n\n\t\t\t\t\t\n\t\t\t\t\t\t\t\t\t<\/div>\n\t\t\t<\/div>\n\t\t\t\t\t\t\t\t<\/div>\n\t\t\t\t\t<\/div>\n\t\t\t\t\t\t\t<\/div>\n\t\t[\/vc_column][\/vc_row][vc_row full_width=&#8221;stretch_row_content_no_spaces&#8221; mobile_bg_img_hidden=&#8221;no&#8221; tablet_bg_img_hidden=&#8221;no&#8221; woodmart_parallax=&#8221;0&#8243; woodmart_gradient_switch=&#8221;no&#8221; row_reverse_mobile=&#8221;0&#8243; row_reverse_tablet=&#8221;0&#8243; woodmart_disable_overflow=&#8221;0&#8243;][vc_column el_id=&#8221;embed_google_maps&#8221; mobile_bg_img_hidden=&#8221;no&#8221; tablet_bg_img_hidden=&#8221;no&#8221; woodmart_parallax=&#8221;0&#8243; woodmart_sticky_column=&#8221;false&#8221; parallax_scroll=&#8221;no&#8221; mobile_reset_margin=&#8221;no&#8221; tablet_reset_margin=&#8221;no&#8221;]\t\t\t<div class=\"info-box-wrapper\">\n\t\t\t\t<div id=\"wd-64e733479a0ad\" class=\" wd-rs-64e733479a0ad wd-info-box wd-wpb text-left box-icon-align-left box-style- color-scheme- wd-bg-none wd-items-top with-btn box-btn-static vc_custom_1692873581101\">\n\t\t\t\t\t\t\t\t\t\t<div class=\"info-box-content\">\n\t\t\t\t\t\t<div class=\"info-box-subtitle subtitle-color-default wd-fontsize-xs subtitle-style-default\">Pirni 7b, Tallinn, 10617<\/div><h4 class=\"info-box-title title box-title-style-default wd-fontsize-m\">Oleme avatud: E-R 9-17<\/h4>\t\t\t\t\t\t<div class=\"info-box-inner reset-last-child\"><p><a href=\"mailto:kruze@kruze.ee\">kruze@kruze.ee<\/a><br \/>\n<a href=\"tel:+55505036\">+372 5550 5036<\/a><\/p>\n<\/div>\n\n\t\t\t\t\t\t<div class=\"info-btn-wrapper\"><div id=\"wd-69d7733150f7b\" class=\"  wd-button-wrapper text-left\"><a href=\"http:\/\/kruze.ee\/et\/teenused-2\/\" title=\"Teenused\" class=\"btn btn-style-link btn-shape-rectangle btn-size-default\">Loe rohkem meist<\/a><\/div><\/div>\t\t\t\t\t<\/div>\n\n\t\t\t\t\t\n\t\t\t\t\t\t\t\t\t<\/div>\n\t\t\t<\/div>\n\t\t[vc_gmaps link=&#8221;#E-8_aHR0cHMlM0ElMkYlMkZ3d3cuZ29vZ2xlLmNvbSUyRm1hcHMlMkZlbWJlZCUzRnBiJTNEJTIxMW0xOCUyMTFtMTIlMjExbTMlMjExZDIwMjkuMzcwODM2ODAyNDk0MyUyMTJkMjQuNjk2NTUwNDc4MDg5NDM1JTIxM2Q1OS40MjY4ODk0NzQ2NjE2NjQlMjEybTMlMjExZjAlMjEyZjAlMjEzZjAlMjEzbTIlMjExaTEwMjQlMjEyaTc2OCUyMTRmMTMuMSUyMTNtMyUyMTFtMiUyMTFzMHg0NjkyOTQ2MjIwNTdlNjgxJTI1M0EweDcxNmY3NTkwMWVmN2M0NDclMjEyc1Bpcm5pJTI1MjA3YiUyNTJDJTI1MjAxMDYxNyUyNTIwVGFsbGlubiUyMTVlMCUyMTNtMiUyMTFzZXQlMjEyc2VlJTIxNHYxNjkyODczNDEyNTM3JTIxNW0yJTIxMXNldCUyMTJzZWU=&#8221; size=&#8221;500&#8243;][\/vc_column][\/vc_row]<\/p>\n<\/section>","protected":false},"excerpt":{"rendered":"<p>[vc_row][vc_column width=&#8221;1\/3&#8243;][\/vc_column][vc_column width=&#8221;1\/3&#8243;][\/vc_column][\/vc_row][vc_row full_width=&#8221;stretch_row&#8221; css=&#8221;.vc_custom_1599722130760{padding-top: 2vh !important;padding-bottom: 4vh !important;background-color: #2772fb !important;}&#8221; mobile_bg_img_hidden=&#8221;no&#8221; tablet_bg_img_hidden=&#8221;no&#8221; woodmart_parallax=&#8221;0&#8243; woodmart_gradient_switch=&#8221;no&#8221; row_reverse_mobile=&#8221;0&#8243; row_reverse_tablet=&#8221;0&#8243; woodmart_disable_overflow=&#8221;0&#8243;][vc_column][\/vc_column][\/vc_row][vc_row][vc_column][vc_empty_space height=&#8221;30px&#8221; woodmart_hide_large=&#8221;0&#8243;<\/p>\n","protected":false},"author":2,"featured_media":0,"parent":0,"menu_order":0,"comment_status":"closed","ping_status":"closed","template":"","meta":{"footnotes":""},"class_list":["post-646","page","type-page","status-publish","hentry"],"acf":[],"yoast_head":"<!-- This site is optimized with the Yoast SEO plugin v26.0 - https:\/\/yoast.com\/wordpress\/plugins\/seo\/ -->\n<title>Kontakt \u2013 Kruze Disain | Reklaamtooted ja logoga r\u00f5ivad<\/title>\n<meta name=\"description\" content=\"V\u00f5ta \u00fchendust Kruze Disainiga. Aitame reklaamkingituste, logoga r\u00f5ivaste ja ettev\u00f5tte kingituste lahendustega. K\u00fcsi pakkumist.\" \/>\n<meta name=\"robots\" content=\"index, follow, max-snippet:-1, max-image-preview:large, max-video-preview:-1\" \/>\n<link rel=\"canonical\" href=\"https:\/\/kruze.ee\/et\/kontakt\/\" \/>\n<meta property=\"og:locale\" content=\"et_EE\" \/>\n<meta property=\"og:type\" content=\"article\" \/>\n<meta property=\"og:title\" content=\"Kontakt \u2013 Kruze Disain | Reklaamtooted ja logoga r\u00f5ivad\" \/>\n<meta property=\"og:description\" content=\"V\u00f5ta \u00fchendust Kruze Disainiga. Aitame reklaamkingituste, logoga r\u00f5ivaste ja ettev\u00f5tte kingituste lahendustega. K\u00fcsi pakkumist.\" \/>\n<meta property=\"og:url\" content=\"https:\/\/kruze.ee\/et\/kontakt\/\" \/>\n<meta property=\"og:site_name\" content=\"Kruze.ee\" \/>\n<meta property=\"article:modified_time\" content=\"2026-03-09T15:02:38+00:00\" \/>\n<meta name=\"twitter:card\" content=\"summary_large_image\" \/>\n<meta name=\"twitter:label1\" content=\"Est. reading time\" \/>\n\t<meta name=\"twitter:data1\" content=\"2 minutit\" \/>\n<script type=\"application\/ld+json\" class=\"yoast-schema-graph\">{\"@context\":\"https:\/\/schema.org\",\"@graph\":[{\"@type\":\"WebPage\",\"@id\":\"https:\/\/kruze.ee\/et\/kontakt\/\",\"url\":\"https:\/\/kruze.ee\/et\/kontakt\/\",\"name\":\"Kontakt \u2013 Kruze Disain | Reklaamtooted ja logoga r\u00f5ivad\",\"isPartOf\":{\"@id\":\"https:\/\/kruze.ee\/et\/#website\"},\"datePublished\":\"2017-06-26T14:07:05+00:00\",\"dateModified\":\"2026-03-09T15:02:38+00:00\",\"description\":\"V\u00f5ta \u00fchendust Kruze Disainiga. Aitame reklaamkingituste, logoga r\u00f5ivaste ja ettev\u00f5tte kingituste lahendustega. K\u00fcsi pakkumist.\",\"breadcrumb\":{\"@id\":\"https:\/\/kruze.ee\/et\/kontakt\/#breadcrumb\"},\"inLanguage\":\"et\",\"potentialAction\":[{\"@type\":\"ReadAction\",\"target\":[\"https:\/\/kruze.ee\/et\/kontakt\/\"]}]},{\"@type\":\"BreadcrumbList\",\"@id\":\"https:\/\/kruze.ee\/et\/kontakt\/#breadcrumb\",\"itemListElement\":[{\"@type\":\"ListItem\",\"position\":1,\"name\":\"Home\",\"item\":\"https:\/\/kruze.ee\/et\/\"},{\"@type\":\"ListItem\",\"position\":2,\"name\":\"Kontakt\"}]},{\"@type\":\"WebSite\",\"@id\":\"https:\/\/kruze.ee\/et\/#website\",\"url\":\"https:\/\/kruze.ee\/et\/\",\"name\":\"Kruze.ee\",\"description\":\"Reklaamkingitused, tr&uuml;kiga T-s&auml;rgid, fliisid, dressipluused, tekstiil, joped ja paljud teised logoga meened, &Auml;rikingitused sinu partnerile! Telli juba t&auml;na.\",\"potentialAction\":[{\"@type\":\"SearchAction\",\"target\":{\"@type\":\"EntryPoint\",\"urlTemplate\":\"https:\/\/kruze.ee\/et\/?s={search_term_string}\"},\"query-input\":{\"@type\":\"PropertyValueSpecification\",\"valueRequired\":true,\"valueName\":\"search_term_string\"}}],\"inLanguage\":\"et\"}]}<\/script>\n<!-- \/ Yoast SEO plugin. -->","yoast_head_json":{"title":"Kontakt \u2013 Kruze Disain | Reklaamtooted ja logoga r\u00f5ivad","description":"V\u00f5ta \u00fchendust Kruze Disainiga. Aitame reklaamkingituste, logoga r\u00f5ivaste ja ettev\u00f5tte kingituste lahendustega. K\u00fcsi pakkumist.","robots":{"index":"index","follow":"follow","max-snippet":"max-snippet:-1","max-image-preview":"max-image-preview:large","max-video-preview":"max-video-preview:-1"},"canonical":"https:\/\/kruze.ee\/et\/kontakt\/","og_locale":"et_EE","og_type":"article","og_title":"Kontakt \u2013 Kruze Disain | Reklaamtooted ja logoga r\u00f5ivad","og_description":"V\u00f5ta \u00fchendust Kruze Disainiga. Aitame reklaamkingituste, logoga r\u00f5ivaste ja ettev\u00f5tte kingituste lahendustega. K\u00fcsi pakkumist.","og_url":"https:\/\/kruze.ee\/et\/kontakt\/","og_site_name":"Kruze.ee","article_modified_time":"2026-03-09T15:02:38+00:00","twitter_card":"summary_large_image","twitter_misc":{"Est. reading time":"2 minutit"},"schema":{"@context":"https:\/\/schema.org","@graph":[{"@type":"WebPage","@id":"https:\/\/kruze.ee\/et\/kontakt\/","url":"https:\/\/kruze.ee\/et\/kontakt\/","name":"Kontakt \u2013 Kruze Disain | Reklaamtooted ja logoga r\u00f5ivad","isPartOf":{"@id":"https:\/\/kruze.ee\/et\/#website"},"datePublished":"2017-06-26T14:07:05+00:00","dateModified":"2026-03-09T15:02:38+00:00","description":"V\u00f5ta \u00fchendust Kruze Disainiga. Aitame reklaamkingituste, logoga r\u00f5ivaste ja ettev\u00f5tte kingituste lahendustega. K\u00fcsi pakkumist.","breadcrumb":{"@id":"https:\/\/kruze.ee\/et\/kontakt\/#breadcrumb"},"inLanguage":"et","potentialAction":[{"@type":"ReadAction","target":["https:\/\/kruze.ee\/et\/kontakt\/"]}]},{"@type":"BreadcrumbList","@id":"https:\/\/kruze.ee\/et\/kontakt\/#breadcrumb","itemListElement":[{"@type":"ListItem","position":1,"name":"Home","item":"https:\/\/kruze.ee\/et\/"},{"@type":"ListItem","position":2,"name":"Kontakt"}]},{"@type":"WebSite","@id":"https:\/\/kruze.ee\/et\/#website","url":"https:\/\/kruze.ee\/et\/","name":"Kruze.ee","description":"Reklaamkingitused, tr&uuml;kiga T-s&auml;rgid, fliisid, dressipluused, tekstiil, joped ja paljud teised logoga meened, &Auml;rikingitused sinu partnerile! Telli juba t&auml;na.","potentialAction":[{"@type":"SearchAction","target":{"@type":"EntryPoint","urlTemplate":"https:\/\/kruze.ee\/et\/?s={search_term_string}"},"query-input":{"@type":"PropertyValueSpecification","valueRequired":true,"valueName":"search_term_string"}}],"inLanguage":"et"}]}},"_links":{"self":[{"href":"https:\/\/kruze.ee\/et\/wp-json\/wp\/v2\/pages\/646","targetHints":{"allow":["GET"]}}],"collection":[{"href":"https:\/\/kruze.ee\/et\/wp-json\/wp\/v2\/pages"}],"about":[{"href":"https:\/\/kruze.ee\/et\/wp-json\/wp\/v2\/types\/page"}],"author":[{"embeddable":true,"href":"https:\/\/kruze.ee\/et\/wp-json\/wp\/v2\/users\/2"}],"replies":[{"embeddable":true,"href":"https:\/\/kruze.ee\/et\/wp-json\/wp\/v2\/comments?post=646"}],"version-history":[{"count":72,"href":"https:\/\/kruze.ee\/et\/wp-json\/wp\/v2\/pages\/646\/revisions"}],"predecessor-version":[{"id":1419043,"href":"https:\/\/kruze.ee\/et\/wp-json\/wp\/v2\/pages\/646\/revisions\/1419043"}],"wp:attachment":[{"href":"https:\/\/kruze.ee\/et\/wp-json\/wp\/v2\/media?parent=646"}],"curies":[{"name":"wp","href":"https:\/\/api.w.org\/{rel}","templated":true}]}}