{"id":52743,"date":"2020-04-16T07:16:43","date_gmt":"2020-04-16T07:16:43","guid":{"rendered":"https:\/\/dev.doyle.ee\/?page_id=52743"},"modified":"2026-03-02T23:05:05","modified_gmt":"2026-03-02T20:05:05","slug":"teenused","status":"publish","type":"page","link":"https:\/\/kruze.ee\/et\/teenused\/","title":{"rendered":"Teenused"},"content":{"rendered":"<section class=\"wpb-content-wrapper\"><p>[vc_row content_placement=&#8221;middle&#8221; css=&#8221;.vc_custom_1505555012006{margin-bottom: 5vh !important;}&#8221;][vc_column offset=&#8221;vc_col-md-6&#8243;]\t\t<div id=\"gallery_909\" class=\"wd-images-gallery wd-wpb photoswipe-images\" style=\"--wd-justify-content:center;--wd-align-items:center;\">\n\t\t\t\n\t\t\t<div class=\" wd-grid-g\" style=\"--wd-col-lg:2;--wd-col-md:2;--wd-col-sm:1;--wd-gap-lg:2px;\">\n\t\t\t\t\n\t\t\t\t\t\t\t\t\t\t\t\t\t\t\t<div class=\"wd-gallery-item wd-col\">\n\t\t\t\t\t\t\t\t\t\t\t\t\t\t<a href=\"https:\/\/kruze.ee\/wp-content\/uploads\/2020\/02\/aj7pe-5uyn1-1.jpg\" data-elementor-open-lightbox=\"no\" data-index=\"1\" data-width=\"1407\" data-height=\"1407\" \n\t\t\t\t\t\t\t\t\t\t\t\t >\n\t\t\t\t\t\t\t\t\n\t\t\t\t\t\t\t\t<img decoding=\"async\" width=\"1000\" height=\"1000\" src=\"https:\/\/kruze.ee\/wp-content\/uploads\/2020\/02\/aj7pe-5uyn1-1-1000x1000.jpg\" class=\"wd-gallery-image image-1\" alt=\"\" \/>\n\t\t\t\t\t\t\t\t\t\t\t\t\t\t\t<\/a>\n\t\t\t\t\t\t\t\t\t\t\t\t<\/div>\n\t\t\t\t\t\t\t\t\t\t\t<div class=\"wd-gallery-item wd-col\">\n\t\t\t\t\t\t\t\t\t\t\t\t\t\t<a href=\"https:\/\/kruze.ee\/wp-content\/uploads\/2020\/02\/azwxc-rfnrw.jpg\" data-elementor-open-lightbox=\"no\" data-index=\"2\" data-width=\"1600\" data-height=\"1600\" \n\t\t\t\t\t\t\t\t\t\t\t\t >\n\t\t\t\t\t\t\t\t\n\t\t\t\t\t\t\t\t<img decoding=\"async\" width=\"1000\" height=\"1000\" src=\"https:\/\/kruze.ee\/wp-content\/uploads\/2020\/02\/azwxc-rfnrw-1000x1000.jpg\" class=\"wd-gallery-image image-2\" alt=\"\" \/>\n\t\t\t\t\t\t\t\t\t\t\t\t\t\t\t<\/a>\n\t\t\t\t\t\t\t\t\t\t\t\t<\/div>\n\t\t\t\t\t\t\t\t\t\t\t<div class=\"wd-gallery-item wd-col\">\n\t\t\t\t\t\t\t\t\t\t\t\t\t\t<a href=\"https:\/\/kruze.ee\/wp-content\/uploads\/2020\/02\/a32ww-n7ia6.jpg\" data-elementor-open-lightbox=\"no\" data-index=\"3\" data-width=\"1600\" data-height=\"1600\" \n\t\t\t\t\t\t\t\t\t\t\t\t >\n\t\t\t\t\t\t\t\t\n\t\t\t\t\t\t\t\t<img decoding=\"async\" width=\"1000\" height=\"1000\" src=\"https:\/\/kruze.ee\/wp-content\/uploads\/2020\/02\/a32ww-n7ia6-1000x1000.jpg\" class=\"wd-gallery-image image-3\" alt=\"\" \/>\n\t\t\t\t\t\t\t\t\t\t\t\t\t\t\t<\/a>\n\t\t\t\t\t\t\t\t\t\t\t\t<\/div>\n\t\t\t\t\t\t\t\t\t\t\t<div class=\"wd-gallery-item wd-col\">\n\t\t\t\t\t\t\t\t\t\t\t\t\t\t<a href=\"https:\/\/kruze.ee\/wp-content\/uploads\/2020\/02\/ar61y-2ywpg.jpg\" data-elementor-open-lightbox=\"no\" data-index=\"4\" data-width=\"1600\" data-height=\"1600\" \n\t\t\t\t\t\t\t\t\t\t\t\t >\n\t\t\t\t\t\t\t\t\n\t\t\t\t\t\t\t\t<img decoding=\"async\" width=\"1000\" height=\"1000\" src=\"https:\/\/kruze.ee\/wp-content\/uploads\/2020\/02\/ar61y-2ywpg-1000x1000.jpg\" class=\"wd-gallery-image image-4\" alt=\"\" \/>\n\t\t\t\t\t\t\t\t\t\t\t\t\t\t\t<\/a>\n\t\t\t\t\t\t\t\t\t\t\t\t<\/div>\n\t\t\t\t\t\t\t\t\t\n\t\t\t\t\t\t\t<\/div>\n\n\t\t\t\t\t<\/div>\n\t\t[\/vc_column][vc_column woodmart_color_scheme=&#8221;dark&#8221; css=&#8221;.vc_custom_1505897347535{padding-top: 2vh !important;padding-bottom: 2vh !important;background-position: 0 0 !important;background-repeat: no-repeat !important;}&#8221; offset=&#8221;vc_col-md-6 vc_col-xs-12&#8243;]\t\t\t<div id=\"wd-603df8bc59019\" class=\"wd-text-block-wrapper wd-wpb wd-rs-603df8bc59019 color-scheme-custom text-left vc_custom_1614674123733\">\n\t\t\t\t<div class=\"woodmart-title-container woodmart-text-block reset-last-child font-primary wd-font-weight-400 \">\n\t\t\t\t\tEesti mitmekesisema <em>masinapargiga \u00e4ri- ja reklaamkingituste<\/em> toodete tr\u00fckk <span class=\"color-primary\">aastast 1998<\/span>\t\t\t\t<\/div>\n\n\t\t\t\t\t\t\t<\/div>\n\t\t[vc_zigzag align=&#8221;left&#8221; el_width=&#8221;20&#8243; css=&#8221;.vc_custom_1506086489692{margin-top: 10px !important;margin-bottom: 10px !important;}&#8221;][vc_row_inner css=&#8221;.vc_custom_1497001704725{margin-bottom: 10px !important;}&#8221;][vc_column_inner offset=&#8221;vc_col-lg-6 vc_col-xs-12&#8243;][vc_column_text css=&#8221;.vc_custom_1769353556350{margin-bottom: 20px !important;}&#8221; text_larger=&#8221;no&#8221; woodmart_inline=&#8221;no&#8221;]<\/p>\n<h4 style=\"font-size: 16px; margin-bottom: 10px;\">27-aastat kogemust.<\/h4>\n<p>Teame t\u00e4pselt, milline tehnoloogia, masin v\u00f5i viis sobib parima tulemuse saavutamiseks.[\/vc_column_text][vc_column_text css=&#8221;.vc_custom_1769353592663{margin-bottom: 20px !important;}&#8221; text_larger=&#8221;no&#8221; woodmart_inline=&#8221;no&#8221;]<\/p>\n<h4 style=\"font-size: 16px; margin-bottom: 10px;\">Kiirus ja paindlikkus.<\/h4>\n<p>Kuna osa tr\u00fckki teeme Eestis kohapeal, siis v\u00f5ime julgelt \u00f6elda, et t\u00f6\u00f6 saab tehtud kiirelt ja paindlikult[\/vc_column_text][\/vc_column_inner][vc_column_inner width=&#8221;1\/2&#8243; css=&#8221;.vc_custom_1582282447082{padding-right: 30px !important;}&#8221;][vc_column_text css=&#8221;.vc_custom_1769353624912{margin-bottom: 20px !important;}&#8221; text_larger=&#8221;no&#8221; woodmart_inline=&#8221;no&#8221;]<\/p>\n<h4 style=\"font-size: 16px; margin-bottom: 10px;\">Suur valik.<\/h4>\n<p>Kuna meil on suur hankijate v\u00f5rgustik, siis leiab iga klient omale sobiva toote.[\/vc_column_text][vc_column_text css=&#8221;.vc_custom_1586941902458{margin-bottom: 20px !important;}&#8221; text_larger=&#8221;no&#8221;]<\/p>\n<h4 style=\"font-size: 16px; margin-bottom: 10px;\">Tootmine.<\/h4>\n<p>Paljud edasim\u00fc\u00fcjad p\u00f6\u00f6rduvad just meie poole, kuna tootmine on kohapeal ja t\u00f6\u00f6 korralik.[\/vc_column_text][\/vc_column_inner][\/vc_row_inner]<div id=\"wd-5e95c1af9af05\" class=\" wd-rs-5e95c1af9af05  wd-button-wrapper text-center inline-element\"><a href=\"https:\/\/kruze.ee\/kontakt\/?lang=et\" title=\"Kontakt\" class=\"btn btn-color-primary btn-style-default btn-shape-semi-round btn-size-default\">V\u00d5TA \u00dcHENDUST<\/a><\/div><div id=\"wd-5e95c18ef2ee7\" class=\" wd-rs-5e95c18ef2ee7  wd-button-wrapper text-center inline-element\"><a href=\"https:\/\/kruze.ee\/et\/tooted\/\" title=\"Tooted\" class=\"btn btn-style-bordered btn-shape-semi-round btn-size-default\">TUTVU TOODETEGA<\/a><\/div>[\/vc_column][\/vc_row][vc_row css=&#8221;.vc_custom_1505550660496{margin-bottom: 5vh !important;}&#8221;][vc_column woodmart_color_scheme=&#8221;dark&#8221; css=&#8221;.vc_custom_1505552126475{background-position: 0 0 !important;background-repeat: no-repeat !important;}&#8221;]\t\t\t<div id=\"wd-5e4fbabe7b4ed\" class=\"wd-text-block-wrapper wd-wpb wd-rs-5e4fbabe7b4ed color-scheme-custom text-center wd-width-enabled vc_custom_1582283473539\" style=\"--wd-max-width: 50%;\">\n\t\t\t\t<div class=\"woodmart-title-container woodmart-text-block reset-last-child font-primary wd-font-weight-400 \">\n\t\t\t\t\tKuna meie tootmine toimub Eestis kohapeal, <strong>oleme kiired ja paindlikud.<\/strong>\t\t\t\t<\/div>\n\n\t\t\t\t\t\t\t<\/div>\n\t\t[\/vc_column][vc_column width=&#8221;1\/6&#8243;][\/vc_column][vc_column width=&#8221;2\/3&#8243; css=&#8221;.vc_custom_1505898481858{margin-bottom: -250px !important;border-top-width: 20px !important;border-right-width: 20px !important;border-bottom-width: 20px !important;border-left-width: 20px !important;padding-top: 0px !important;padding-right: 0px !important;padding-left: 0px !important;border-left-color: #ffffff !important;border-left-style: solid !important;border-right-color: #ffffff !important;border-right-style: solid !important;border-top-color: #ffffff !important;border-top-style: solid !important;border-bottom-color: #ffffff !important;border-bottom-style: solid !important;}&#8221; el_class=&#8221;position-relative z-index-10&#8243;][vc_video link=&#8221;https:\/\/www.youtube.com\/watch?time_continue=4&amp;v=NOPg5IWADAk&amp;feature=emb_logo&#8221; align=&#8221;center&#8221; poster_image=&#8221;330251&#8243; image_poster_switch=&#8221;yes&#8221; css=&#8221;.vc_custom_1589544541820{margin-bottom: 0px !important;background-color: #ffffff !important;}&#8221;][\/vc_column][\/vc_row][vc_row full_width=&#8221;stretch_row&#8221; css=&#8221;.vc_custom_1582283797072{margin-bottom: -30px !important;padding-top: 220px !important;padding-bottom: 50px !important;background-color: #eff5f9 !important;}&#8221; mobile_bg_img_hidden=&#8221;no&#8221; tablet_bg_img_hidden=&#8221;no&#8221; woodmart_parallax=&#8221;0&#8243; woodmart_gradient_switch=&#8221;no&#8221; row_reverse_mobile=&#8221;0&#8243; row_reverse_tablet=&#8221;0&#8243; woodmart_disable_overflow=&#8221;0&#8243;][vc_column mobile_bg_img_hidden=&#8221;no&#8221; tablet_bg_img_hidden=&#8221;no&#8221; woodmart_parallax=&#8221;0&#8243; woodmart_sticky_column=&#8221;false&#8221; parallax_scroll=&#8221;no&#8221; mobile_reset_margin=&#8221;no&#8221; tablet_reset_margin=&#8221;no&#8221;]\n\t\t<div id=\"wd-5e4fbae01ab5a\" class=\"title-wrapper wd-wpb wd-set-mb reset-last-child  wd-rs-5e4fbae01ab5a wd-title-color-default wd-title-style-default text-center  wd-width-enabled wd-underline-colored\" style=\"--wd-max-width: 50%;\">\n\t\t\t\n\t\t\t<div class=\"liner-continer\">\n\t\t\t\t<h4 class=\"woodmart-title-container title  wd-font-weight- wd-fontsize-l\" >Kasutame soovitud tulemust silmas pidades parimat tootmistehnoloogiat.<\/h4>\n\t\t\t\t\t\t\t<\/div>\n\t\t\t\n\t\t\t\n\t\t\t\n\t\t<\/div>\n\t\t\n\t\t[vc_row_inner css=&#8221;.vc_custom_1505549912855{margin-bottom: 30px !important;}&#8221;][vc_column_inner width=&#8221;1\/3&#8243; css=&#8221;.vc_custom_1582277510127{margin-bottom: 20px !important;border-right-width: 1px !important;padding-top: 0px !important;padding-bottom: 0px !important;border-right-color: rgba(73,73,73,0.09) !important;border-right-style: solid !important;}&#8221; offset=&#8221;vc_col-lg-4 vc_col-md-6 vc_col-xs-12&#8243;]\t\t\t<div class=\"info-box-wrapper\">\n\t\t\t\t<div id=\"wd-5e5108af9daff\" class=\" wd-rs-5e5108af9daff wd-info-box wd-wpb text-center box-icon-align-top box-style- color-scheme- wd-bg-none vc_custom_1582368960622\">\n\t\t\t\t\t\t\t\t\t\t\t<div class=\"box-icon-wrapper  box-with-icon box-icon-simple\">\n\t\t\t\t\t\t\t<div class=\"info-box-icon\">\n\n\t\t\t\t\t\t\t\n\t\t\t\t\t\t\t\t\t\t\t\t\t\t\t\t\t\t\t\t\t\t\t\t\t\t\t\t\t\t\t\t\n\t\t\t\t\t\t\t<\/div>\n\t\t\t\t\t\t<\/div>\n\t\t\t\t\t\t\t\t\t\t<div class=\"info-box-content\">\n\t\t\t\t\t\t<div class=\"info-box-subtitle subtitle-color-primary wd-fontsize-xs subtitle-style-default\"><strong>SIIDITR\u00dcKK<\/strong><\/div>\t\t\t\t\t\t<div class=\"info-box-inner reset-last-child\"><p>Siiditr\u00fckk v\u00f5imaldab tr\u00fckkida paljudele erinevatele toodetele ja materjalidele. V\u00e4rvikiht on v\u00e4ga hea katvusega, tulemus on vastupidav ja kulumiskindel.<\/p>\n<\/div>\n\n\t\t\t\t\t\t\t\t\t\t\t<\/div>\n\n\t\t\t\t\t\t\t\t\t\t\t<a class=\"wd-info-box-link wd-fill\" aria-label=\"Infobox link\" href=\"https:\/\/kruze.ee\/siiditrukk\/?lang=et\" title=\"Siiditr\u00fckk\"><\/a>\n\t\t\t\t\t\n\t\t\t\t\t\t\t\t\t<\/div>\n\t\t\t<\/div>\n\t\t\t\t\t<div class=\"info-box-wrapper\">\n\t\t\t\t<div id=\"wd-5e51090d556a3\" class=\" wd-rs-5e51090d556a3 wd-info-box wd-wpb text-center box-icon-align-top box-style- color-scheme- wd-bg-none vc_custom_1582369049257\">\n\t\t\t\t\t\t\t\t\t\t\t<div class=\"box-icon-wrapper  box-with-icon box-icon-simple\">\n\t\t\t\t\t\t\t<div class=\"info-box-icon\">\n\n\t\t\t\t\t\t\t\n\t\t\t\t\t\t\t\t\t\t\t\t\t\t\t\t\t\t\t\t\t\t\t\t\t\t\t\t\t\t\t\t\n\t\t\t\t\t\t\t<\/div>\n\t\t\t\t\t\t<\/div>\n\t\t\t\t\t\t\t\t\t\t<div class=\"info-box-content\">\n\t\t\t\t\t\t<div class=\"info-box-subtitle subtitle-color-primary wd-fontsize-xs subtitle-style-default\"><strong>DIGITAALNE TR\u00dcKK<\/strong><\/div>\t\t\t\t\t\t<div class=\"info-box-inner reset-last-child\"><p>Digitaalne printimisega saab teostada kujundusi, mis on traditsioonilistele tr\u00fckimeetoditele liiga keerulised \u2013 see v\u00f5imaldab tr\u00fckkida m\u00e4rksa detailsemat kujutist, kui n\u00e4iteks siiditr\u00fckk.<\/p>\n<\/div>\n\n\t\t\t\t\t\t\t\t\t\t\t<\/div>\n\n\t\t\t\t\t\t\t\t\t\t\t<a class=\"wd-info-box-link wd-fill\" aria-label=\"Infobox link\" href=\"https:\/\/kruze.ee\/digitaalne-trukk\/?lang=et\" title=\"Digitaalne tr\u00fckk\"><\/a>\n\t\t\t\t\t\n\t\t\t\t\t\t\t\t\t<\/div>\n\t\t\t<\/div>\n\t\t\t\t\t<div class=\"info-box-wrapper\">\n\t\t\t\t<div id=\"wd-62da5d3c781ca\" class=\" wd-rs-62da5d3c781ca wd-info-box wd-wpb text-center box-icon-align-top box-style- color-scheme- wd-bg-none vc_custom_1658477912210\">\n\t\t\t\t\t\t\t\t\t\t\t<div class=\"box-icon-wrapper  box-with-icon box-icon-simple\">\n\t\t\t\t\t\t\t<div class=\"info-box-icon\">\n\n\t\t\t\t\t\t\t\n\t\t\t\t\t\t\t\t\t\t\t\t\t\t\t\t\t\t\t\t\t\t\t\t\t\t\t\t\t\t\t\t\n\t\t\t\t\t\t\t<\/div>\n\t\t\t\t\t\t<\/div>\n\t\t\t\t\t\t\t\t\t\t<div class=\"info-box-content\">\n\t\t\t\t\t\t<div class=\"info-box-subtitle subtitle-color-primary wd-fontsize-xs subtitle-style-default\"><strong>UV360 TR\u00dcKK<\/strong><\/div>\t\t\t\t\t\t<div class=\"info-box-inner reset-last-child\"><p>UV360 tr\u00fckk sobib ideaalselt sujuvate gradientide ja elutruude kujutiste loomiseks silindrilistel objektidel, millele teised printimistehnoloogiad ligil\u00e4hedalegi ei j\u00f5ua. V\u00f5imalik printida nii metallile, klaasile, paberile, puidule kui ka plastile.<\/p>\n<\/div>\n\n\t\t\t\t\t\t\t\t\t\t\t<\/div>\n\n\t\t\t\t\t\t\t\t\t\t\t<a class=\"wd-info-box-link wd-fill\" aria-label=\"Infobox link\" href=\"https:\/\/kruze.ee\/et\/teenused\/uv360-trukk\/\" title=\"Digitaalne tr\u00fckk\"><\/a>\n\t\t\t\t\t\n\t\t\t\t\t\t\t\t\t<\/div>\n\t\t\t<\/div>\n\t\t[\/vc_column_inner][vc_column_inner width=&#8221;1\/3&#8243; css=&#8221;.vc_custom_1582277516826{margin-bottom: 20px !important;padding-bottom: 0px !important;}&#8221; offset=&#8221;vc_col-lg-4 vc_col-md-6 vc_col-xs-12&#8243;]\t\t\t<div class=\"info-box-wrapper\">\n\t\t\t\t<div id=\"wd-69a5ed21ee17d\" class=\" wd-rs-69a5ed21ee17d wd-info-box wd-wpb text-center box-icon-align-top box-style- color-scheme- wd-bg-none vc_custom_1772481901954\">\n\t\t\t\t\t\t\t\t\t\t\t<div class=\"box-icon-wrapper  box-with-icon box-icon-simple\">\n\t\t\t\t\t\t\t<div class=\"info-box-icon\">\n\n\t\t\t\t\t\t\t\n\t\t\t\t\t\t\t\t\t\t\t\t\t\t\t\t\t\t\t\t\t\t\t\t\t\t\t\t\t\t\t\t\n\t\t\t\t\t\t\t<\/div>\n\t\t\t\t\t\t<\/div>\n\t\t\t\t\t\t\t\t\t\t<div class=\"info-box-content\">\n\t\t\t\t\t\t<div class=\"info-box-subtitle subtitle-color-primary wd-fontsize-xs subtitle-style-default\"><strong>TIKKIMINE<\/strong><\/div>\t\t\t\t\t\t<div class=\"info-box-inner reset-last-child\"><p>Masintikand\u00a0on logode v\u00f5i kujutiste toodetele pealekandmine niidi ja n\u00f5ela abil.\u00a0Kujutise tikib tootele tikkimismasin kujundaja poolt\u00a0joonistatud programmi alusel.<\/p>\n<\/div>\n\n\t\t\t\t\t\t\t\t\t\t\t<\/div>\n\n\t\t\t\t\t\t\t\t\t\t\t<a class=\"wd-info-box-link wd-fill\" aria-label=\"Infobox link\" href=\"https:\/\/kruze.ee\/et\/tikkimine-2\/\" title=\"Tikkimine\"><\/a>\n\t\t\t\t\t\n\t\t\t\t\t\t\t\t\t<\/div>\n\t\t\t<\/div>\n\t\t\t\t\t<div class=\"info-box-wrapper\">\n\t\t\t\t<div id=\"wd-5e96cfe3c32ff\" class=\" wd-rs-5e96cfe3c32ff wd-info-box wd-wpb text-center box-icon-align-top box-style- color-scheme- wd-bg-none vc_custom_1586941932400\">\n\t\t\t\t\t\t\t\t\t\t\t<div class=\"box-icon-wrapper  box-with-icon box-icon-simple\">\n\t\t\t\t\t\t\t<div class=\"info-box-icon\">\n\n\t\t\t\t\t\t\t\n\t\t\t\t\t\t\t\t\t\t\t\t\t\t\t\t\t\t\t\t\t\t\t\t\t\t\t\t\t\t\t\t\n\t\t\t\t\t\t\t<\/div>\n\t\t\t\t\t\t<\/div>\n\t\t\t\t\t\t\t\t\t\t<div class=\"info-box-content\">\n\t\t\t\t\t\t<div class=\"info-box-subtitle subtitle-color-primary wd-fontsize-xs subtitle-style-default\"><strong>KUUMPRESSTR\u00dcKK<\/strong><\/div>\t\t\t\t\t\t<div class=\"info-box-inner reset-last-child\"><p>Kuumpresstr\u00fckk on hea meetod logode kandmiseks tekstiiltoodetele. Sobib, kui tegemist on \u00fcksiku toote v\u00f5i v\u00e4ikese partiiga, kuna puudub keerukas ja kuluks ettevalmistusportsess.<\/p>\n<\/div>\n\n\t\t\t\t\t\t\t\t\t\t\t<\/div>\n\n\t\t\t\t\t\t\t\t\t\t\t<a class=\"wd-info-box-link wd-fill\" aria-label=\"Infobox link\" href=\"https:\/\/kruze.ee\/kuumpresstrukk\/?lang=et\" title=\"Kuumpresstr\u00fckk\"><\/a>\n\t\t\t\t\t\n\t\t\t\t\t\t\t\t\t<\/div>\n\t\t\t<\/div>\n\t\t[\/vc_column_inner][vc_column_inner width=&#8221;1\/3&#8243; css=&#8221;.vc_custom_1582277522306{margin-bottom: 20px !important;border-right-width: 1px !important;border-left-width: 1px !important;padding-top: 0px !important;padding-bottom: 0px !important;border-left-color: rgba(73,73,73,0.09) !important;border-left-style: solid !important;border-right-color: rgba(73,73,73,0.09) !important;border-right-style: solid !important;}&#8221; offset=&#8221;vc_col-lg-4 vc_col-md-6 vc_col-xs-12&#8243;]\t\t\t<div class=\"info-box-wrapper\">\n\t\t\t\t<div id=\"wd-5f33c3923b743\" class=\" wd-rs-5f33c3923b743 wd-info-box wd-wpb text-center box-icon-align-top box-style- color-scheme- wd-bg-none vc_custom_1597227945551\">\n\t\t\t\t\t\t\t\t\t\t\t<div class=\"box-icon-wrapper  box-with-icon box-icon-simple\">\n\t\t\t\t\t\t\t<div class=\"info-box-icon\">\n\n\t\t\t\t\t\t\t\n\t\t\t\t\t\t\t\t\t\t\t\t\t\t\t\t\t\t\t\t\t\t\t\t\t\t\t\t\t\t\t\t\n\t\t\t\t\t\t\t<\/div>\n\t\t\t\t\t\t<\/div>\n\t\t\t\t\t\t\t\t\t\t<div class=\"info-box-content\">\n\t\t\t\t\t\t<div class=\"info-box-subtitle subtitle-color-primary wd-fontsize-xs subtitle-style-default\"><strong>TAMPOTR\u00dcKK<\/strong><\/div>\t\t\t\t\t\t<div class=\"info-box-inner reset-last-child\"><p>Tampotr\u00fckk on parim viis logode pealekandmiseks \u00fcmara, n\u00f5gusa v\u00f5i ebakorrap\u00e4rase kujuga toodetele. V\u00f5imalus tr\u00fckkida v\u00e4ga peeneid jooni ja detailseid kujutisi.<\/p>\n<\/div>\n\n\t\t\t\t\t\t\t\t\t\t\t<\/div>\n\n\t\t\t\t\t\t\t\t\t\t\t<a class=\"wd-info-box-link wd-fill\" aria-label=\"Infobox link\" href=\"https:\/\/kruze.ee\/tampotrukk\/?lang=et\" title=\"Tampotr\u00fckk\"><\/a>\n\t\t\t\t\t\n\t\t\t\t\t\t\t\t\t<\/div>\n\t\t\t<\/div>\n\t\t\t\t\t<div class=\"info-box-wrapper\">\n\t\t\t\t<div id=\"wd-5e96cff008353\" class=\" wd-rs-5e96cff008353 wd-info-box wd-wpb text-center box-icon-align-top box-style- color-scheme- wd-bg-none vc_custom_1586941944817\">\n\t\t\t\t\t\t\t\t\t\t\t<div class=\"box-icon-wrapper  box-with-icon box-icon-simple\">\n\t\t\t\t\t\t\t<div class=\"info-box-icon\">\n\n\t\t\t\t\t\t\t\n\t\t\t\t\t\t\t\t\t\t\t\t\t\t\t\t\t\t\t\t\t\t\t\t\t\t\t\t\t\t\t\t\n\t\t\t\t\t\t\t<\/div>\n\t\t\t\t\t\t<\/div>\n\t\t\t\t\t\t\t\t\t\t<div class=\"info-box-content\">\n\t\t\t\t\t\t<div class=\"info-box-subtitle subtitle-color-primary wd-fontsize-xs subtitle-style-default\"><strong>SUBLIMATSIOONTR\u00dcKK<\/strong><\/div>\t\t\t\t\t\t<div class=\"info-box-inner reset-last-child\"><p>Sublimatsioon tagab tr\u00fcki hea p\u00fcsivuse \u2013 tr\u00fckk ei kulu maha ja v\u00e4rvikiht ei v\u00e4henda kanga hingavust. Samuti venib v\u00e4rv siin koos tootega, mis t\u00e4hendab, et v\u00e4rv ei hakka \u201cpragunema\u201d.<\/p>\n<\/div>\n\n\t\t\t\t\t\t\t\t\t\t\t<\/div>\n\n\t\t\t\t\t\t\t\t\t\t\t<a class=\"wd-info-box-link wd-fill\" aria-label=\"Infobox link\" href=\"https:\/\/kruze.ee\/sublimatsioontrukk\/?lang=et\" title=\"Sublimatsioontr\u00fckk\"><\/a>\n\t\t\t\t\t\n\t\t\t\t\t\t\t\t\t<\/div>\n\t\t\t<\/div>\n\t\t[\/vc_column_inner][\/vc_row_inner]<div id=\"wd-5e98061a0042a\" class=\" wd-rs-5e98061a0042a  wd-button-wrapper text-center\"><a href=\"https:\/\/kruze.ee\/et\/kontakt\/\" title=\"Kontakt\" class=\"btn btn-color-primary btn-style-default btn-shape-semi-round btn-size-large\">K\u00dcSI PAKKUMIST<\/a><\/div>[\/vc_column][\/vc_row]<\/p>\n<\/section>","protected":false},"excerpt":{"rendered":"<p>[vc_row content_placement=&#8221;middle&#8221; css=&#8221;.vc_custom_1505555012006{margin-bottom: 5vh !important;}&#8221;][vc_column offset=&#8221;vc_col-md-6&#8243;][\/vc_column][vc_column woodmart_color_scheme=&#8221;dark&#8221; css=&#8221;.vc_custom_1505897347535{padding-top: 2vh !important;padding-bottom: 2vh !important;background-position: 0 0 !important;background-repeat: no-repeat !important;}&#8221; offset=&#8221;vc_col-md-6 vc_col-xs-12&#8243;][vc_zigzag align=&#8221;left&#8221;<\/p>\n","protected":false},"author":2,"featured_media":0,"parent":0,"menu_order":0,"comment_status":"closed","ping_status":"closed","template":"","meta":{"footnotes":""},"class_list":["post-52743","page","type-page","status-publish","hentry"],"acf":[],"yoast_head":"<!-- This site is optimized with the Yoast SEO plugin v26.0 - https:\/\/yoast.com\/wordpress\/plugins\/seo\/ -->\n<title>Teenused - Kruze.ee<\/title>\n<meta name=\"robots\" content=\"index, follow, max-snippet:-1, max-image-preview:large, max-video-preview:-1\" \/>\n<link rel=\"canonical\" href=\"https:\/\/kruze.ee\/et\/teenused\/\" \/>\n<meta property=\"og:locale\" content=\"et_EE\" \/>\n<meta property=\"og:type\" content=\"article\" \/>\n<meta property=\"og:title\" content=\"Teenused - Kruze.ee\" \/>\n<meta property=\"og:description\" content=\"[vc_row content_placement=&#8221;middle&#8221; css=&#8221;.vc_custom_1505555012006{margin-bottom: 5vh !important;}&#8221;][vc_column offset=&#8221;vc_col-md-6&#8243;][\/vc_column][vc_column woodmart_color_scheme=&#8221;dark&#8221; css=&#8221;.vc_custom_1505897347535{padding-top: 2vh !important;padding-bottom: 2vh !important;background-position: 0 0 !important;background-repeat: no-repeat !important;}&#8221; offset=&#8221;vc_col-md-6 vc_col-xs-12&#8243;][vc_zigzag align=&#8221;left&#8221;\" \/>\n<meta property=\"og:url\" content=\"https:\/\/kruze.ee\/et\/teenused\/\" \/>\n<meta property=\"og:site_name\" content=\"Kruze.ee\" \/>\n<meta property=\"article:modified_time\" content=\"2026-03-02T20:05:05+00:00\" \/>\n<meta name=\"twitter:card\" content=\"summary_large_image\" \/>\n<meta name=\"twitter:label1\" content=\"Est. reading time\" \/>\n\t<meta name=\"twitter:data1\" content=\"4 minutit\" \/>\n<script type=\"application\/ld+json\" class=\"yoast-schema-graph\">{\"@context\":\"https:\/\/schema.org\",\"@graph\":[{\"@type\":\"WebPage\",\"@id\":\"https:\/\/kruze.ee\/et\/teenused\/\",\"url\":\"https:\/\/kruze.ee\/et\/teenused\/\",\"name\":\"Teenused - Kruze.ee\",\"isPartOf\":{\"@id\":\"https:\/\/kruze.ee\/et\/#website\"},\"datePublished\":\"2020-04-16T07:16:43+00:00\",\"dateModified\":\"2026-03-02T20:05:05+00:00\",\"breadcrumb\":{\"@id\":\"https:\/\/kruze.ee\/et\/teenused\/#breadcrumb\"},\"inLanguage\":\"et\",\"potentialAction\":[{\"@type\":\"ReadAction\",\"target\":[\"https:\/\/kruze.ee\/et\/teenused\/\"]}]},{\"@type\":\"BreadcrumbList\",\"@id\":\"https:\/\/kruze.ee\/et\/teenused\/#breadcrumb\",\"itemListElement\":[{\"@type\":\"ListItem\",\"position\":1,\"name\":\"Home\",\"item\":\"https:\/\/kruze.ee\/et\/\"},{\"@type\":\"ListItem\",\"position\":2,\"name\":\"Teenused\"}]},{\"@type\":\"WebSite\",\"@id\":\"https:\/\/kruze.ee\/et\/#website\",\"url\":\"https:\/\/kruze.ee\/et\/\",\"name\":\"Kruze.ee\",\"description\":\"Reklaamkingitused, tr&uuml;kiga T-s&auml;rgid, fliisid, dressipluused, tekstiil, joped ja paljud teised logoga meened, &Auml;rikingitused sinu partnerile! Telli juba t&auml;na.\",\"potentialAction\":[{\"@type\":\"SearchAction\",\"target\":{\"@type\":\"EntryPoint\",\"urlTemplate\":\"https:\/\/kruze.ee\/et\/?s={search_term_string}\"},\"query-input\":{\"@type\":\"PropertyValueSpecification\",\"valueRequired\":true,\"valueName\":\"search_term_string\"}}],\"inLanguage\":\"et\"}]}<\/script>\n<!-- \/ Yoast SEO plugin. -->","yoast_head_json":{"title":"Teenused - Kruze.ee","robots":{"index":"index","follow":"follow","max-snippet":"max-snippet:-1","max-image-preview":"max-image-preview:large","max-video-preview":"max-video-preview:-1"},"canonical":"https:\/\/kruze.ee\/et\/teenused\/","og_locale":"et_EE","og_type":"article","og_title":"Teenused - Kruze.ee","og_description":"[vc_row content_placement=&#8221;middle&#8221; css=&#8221;.vc_custom_1505555012006{margin-bottom: 5vh !important;}&#8221;][vc_column offset=&#8221;vc_col-md-6&#8243;][\/vc_column][vc_column woodmart_color_scheme=&#8221;dark&#8221; css=&#8221;.vc_custom_1505897347535{padding-top: 2vh !important;padding-bottom: 2vh !important;background-position: 0 0 !important;background-repeat: no-repeat !important;}&#8221; offset=&#8221;vc_col-md-6 vc_col-xs-12&#8243;][vc_zigzag align=&#8221;left&#8221;","og_url":"https:\/\/kruze.ee\/et\/teenused\/","og_site_name":"Kruze.ee","article_modified_time":"2026-03-02T20:05:05+00:00","twitter_card":"summary_large_image","twitter_misc":{"Est. reading time":"4 minutit"},"schema":{"@context":"https:\/\/schema.org","@graph":[{"@type":"WebPage","@id":"https:\/\/kruze.ee\/et\/teenused\/","url":"https:\/\/kruze.ee\/et\/teenused\/","name":"Teenused - Kruze.ee","isPartOf":{"@id":"https:\/\/kruze.ee\/et\/#website"},"datePublished":"2020-04-16T07:16:43+00:00","dateModified":"2026-03-02T20:05:05+00:00","breadcrumb":{"@id":"https:\/\/kruze.ee\/et\/teenused\/#breadcrumb"},"inLanguage":"et","potentialAction":[{"@type":"ReadAction","target":["https:\/\/kruze.ee\/et\/teenused\/"]}]},{"@type":"BreadcrumbList","@id":"https:\/\/kruze.ee\/et\/teenused\/#breadcrumb","itemListElement":[{"@type":"ListItem","position":1,"name":"Home","item":"https:\/\/kruze.ee\/et\/"},{"@type":"ListItem","position":2,"name":"Teenused"}]},{"@type":"WebSite","@id":"https:\/\/kruze.ee\/et\/#website","url":"https:\/\/kruze.ee\/et\/","name":"Kruze.ee","description":"Reklaamkingitused, tr&uuml;kiga T-s&auml;rgid, fliisid, dressipluused, tekstiil, joped ja paljud teised logoga meened, &Auml;rikingitused sinu partnerile! Telli juba t&auml;na.","potentialAction":[{"@type":"SearchAction","target":{"@type":"EntryPoint","urlTemplate":"https:\/\/kruze.ee\/et\/?s={search_term_string}"},"query-input":{"@type":"PropertyValueSpecification","valueRequired":true,"valueName":"search_term_string"}}],"inLanguage":"et"}]}},"_links":{"self":[{"href":"https:\/\/kruze.ee\/et\/wp-json\/wp\/v2\/pages\/52743","targetHints":{"allow":["GET"]}}],"collection":[{"href":"https:\/\/kruze.ee\/et\/wp-json\/wp\/v2\/pages"}],"about":[{"href":"https:\/\/kruze.ee\/et\/wp-json\/wp\/v2\/types\/page"}],"author":[{"embeddable":true,"href":"https:\/\/kruze.ee\/et\/wp-json\/wp\/v2\/users\/2"}],"replies":[{"embeddable":true,"href":"https:\/\/kruze.ee\/et\/wp-json\/wp\/v2\/comments?post=52743"}],"version-history":[{"count":9,"href":"https:\/\/kruze.ee\/et\/wp-json\/wp\/v2\/pages\/52743\/revisions"}],"predecessor-version":[{"id":483223,"href":"https:\/\/kruze.ee\/et\/wp-json\/wp\/v2\/pages\/52743\/revisions\/483223"}],"wp:attachment":[{"href":"https:\/\/kruze.ee\/et\/wp-json\/wp\/v2\/media?parent=52743"}],"curies":[{"name":"wp","href":"https:\/\/api.w.org\/{rel}","templated":true}]}}