{"id":483224,"date":"2022-07-22T08:14:16","date_gmt":"2022-07-22T08:14:16","guid":{"rendered":"https:\/\/kruze.ee\/?page_id=483224"},"modified":"2026-03-02T22:44:31","modified_gmt":"2026-03-02T19:44:31","slug":"uv360-trukk","status":"publish","type":"page","link":"https:\/\/kruze.ee\/et\/uv360-trukk\/","title":{"rendered":"UV360 tr\u00fckk"},"content":{"rendered":"<section class=\"wpb-content-wrapper\"><p>[vc_row][vc_column][vc_row_inner][vc_column_inner][vc_column_text text_larger=&#8221;no&#8221; woodmart_inline=&#8221;no&#8221;]<\/p>\n<h1>UV360 tr\u00fckk<\/h1>\n<p>[\/vc_column_text][\/vc_column_inner][vc_column_inner][vc_video link=&#8221;https:\/\/www.youtube.com\/watch?v=Ue9fm4NLevg&amp;t=2s&#8221; image_poster_switch=&#8221;no&#8221;][\/vc_column_inner][vc_column_inner][vc_column_text text_larger=&#8221;no&#8221; woodmart_inline=&#8221;no&#8221;]<\/p>\n<h1 data-section-id=\"1vtwscn\" data-start=\"360\" data-end=\"399\">UV360 tr\u00fckk silindrilistele toodetele<\/h1>\n<p>UV360 tr\u00fckk v\u00f5imaldab \u00fcmberringi t\u00e4isv\u00e4rvilist tr\u00fckki silindrilistele toodetele. UV360 tr\u00fckk sobib ideaalselt pudelitele, termosetele, kruusidele ja teistele reklaamtoodetele, kus on oluline detailit\u00e4psus, erksad v\u00e4rvid ja vastupidav tulemus.<\/p>\n<p data-start=\"667\" data-end=\"876\">T\u00e4nu UV-LED tehnoloogiale kuivab v\u00e4rv koheselt ning kinnitub tugevalt erinevatele materjalidele. Tulemuseks on professionaalne ja kauakestev tr\u00fckk, mis katab kogu toote \u00fcmberm\u00f5\u00f5du ilma n\u00e4htavate \u00fcleminekuteta.<\/p>\n<hr data-start=\"878\" data-end=\"881\" \/>\n<h2 data-section-id=\"gyca0w\" data-start=\"883\" data-end=\"905\">Mis on UV360 tr\u00fckk?<\/h2>\n<p data-start=\"907\" data-end=\"1201\">UV360 tr\u00fckk on digitaalne UV-LED tehnoloogial p\u00f5hinev tr\u00fckimeetod, mis v\u00f5imaldab kanda kujunduse silindrilistele ja kergelt koonuselistele toodetele t\u00e4ies ulatuses \u00fcmber toote. Erinevalt tampotr\u00fckist ei piirdu kujundus v\u00e4ikese logopinnaga \u2013 v\u00f5imalik on 360 kraadi t\u00e4ispindtr\u00fckk.<\/p>\n<p data-start=\"1203\" data-end=\"1377\">V\u00e4rv kuivatatakse ultraviolettvalguse abil kohe tr\u00fckkimise hetkel. See tagab v\u00e4ga terava detaili, suure v\u00e4rvit\u00e4psuse ja hea nakkuvuse nii metallile, plastile kui ka klaasile. Kulumise v\u00e4ltimiseks katame tr\u00fcki lakikihiga.<\/p>\n<p data-start=\"1203\" data-end=\"1377\">Lisainfo UV-printimise tehnoloogia kohta leiad ka <a href=\"https:\/\/en.wikipedia.org\/wiki\/UV_pinning\">Wikipedia<\/a> artiklist.<\/p>\n<hr data-start=\"1379\" data-end=\"1382\" \/>\n<h2 data-section-id=\"ue1g08\" data-start=\"1384\" data-end=\"1426\">Millistele toodetele sobib UV360 tr\u00fckk?<\/h2>\n<p data-start=\"1428\" data-end=\"1458\">UV tr\u00fckk sobib eriti h\u00e4sti:<\/p>\n<ul data-start=\"1460\" data-end=\"1606\">\n<li data-section-id=\"1s81gr9\" data-start=\"1460\" data-end=\"1479\">\n<p data-start=\"1462\" data-end=\"1479\"><a href=\"https:\/\/kruze.ee\/et\/tootekategooria\/jooginoud\/joogipudelid\/\">joogipudelitele<\/a><\/p>\n<\/li>\n<li data-section-id=\"1ymagtj\" data-start=\"1480\" data-end=\"1495\">\n<p data-start=\"1482\" data-end=\"1495\"><a href=\"https:\/\/kruze.ee\/et\/tootekategooria\/jooginoud\/termosed\/\">termosetele<\/a><\/p>\n<\/li>\n<li data-section-id=\"c9wz39\" data-start=\"1496\" data-end=\"1515\">\n<p data-start=\"1498\" data-end=\"1515\">klaaspudelitele<\/p>\n<\/li>\n<li data-section-id=\"hbqusp\" data-start=\"1516\" data-end=\"1567\">\n<p data-start=\"1518\" data-end=\"1567\">metallist ja plastist silindrilistele toodetele<\/p>\n<\/li>\n<li data-section-id=\"1vjgupp\" data-start=\"1583\" data-end=\"1606\">\n<p data-start=\"1585\" data-end=\"1606\">reklaamkingitustele<\/p>\n<\/li>\n<\/ul>\n<p data-start=\"1608\" data-end=\"1724\">Kui soovid oma logoga pudelite tr\u00fckki v\u00f5i termoste tr\u00fckki, on UV360 tehnoloogia \u00fcks kvaliteetsemaid lahendusi turul.<\/p>\n<hr data-start=\"1726\" data-end=\"1729\" \/>\n<h2 data-section-id=\"1hk4mgs\" data-start=\"1731\" data-end=\"1753\">UV360 tr\u00fcki eelised<\/h2>\n<p data-start=\"1755\" data-end=\"1787\">UV tr\u00fcki peamised eelised on:<\/p>\n<ul data-start=\"1789\" data-end=\"2032\">\n<li data-section-id=\"11tuh15\" data-start=\"1789\" data-end=\"1828\">\n<p data-start=\"1791\" data-end=\"1828\">T\u00e4ispindtr\u00fckk \u00fcmber kogu toote.<\/p>\n<\/li>\n<li data-section-id=\"1ke7lv8\" data-start=\"1829\" data-end=\"1879\">\n<p data-start=\"1831\" data-end=\"1879\">T\u00e4isv\u00e4rviline CMYK tr\u00fckk ja sujuvad \u00fcleminekud.<\/p>\n<\/li>\n<li data-section-id=\"17266hl\" data-start=\"1880\" data-end=\"1918\">\n<p data-start=\"1882\" data-end=\"1918\">V\u00e4ga terav detail ja fotokvaliteet.<\/p>\n<\/li>\n<li data-section-id=\"kgakb7\" data-start=\"1919\" data-end=\"1948\">\n<p data-start=\"1921\" data-end=\"1948\">Kohene UV-LED kuivatamine.<\/p>\n<\/li>\n<li data-section-id=\"114j1l8\" data-start=\"1949\" data-end=\"1994\">\n<p data-start=\"1951\" data-end=\"1994\">Sobib v\u00e4ikestele ja keskmistele kogustele.<\/p>\n<\/li>\n<li data-section-id=\"l9u4tp\" data-start=\"1995\" data-end=\"2032\">\n<p data-start=\"1997\" data-end=\"2032\">Ei vaja tr\u00fckiraamide valmistamist.<\/p>\n<\/li>\n<\/ul>\n<p data-start=\"2034\" data-end=\"2166\">See teeb UV360 tr\u00fckist paindliku ja visuaalselt v\u00e4ga efektse lahenduse kampaaniatoodetele ja ettev\u00f5tte logodega reklaamkingitustele.<\/p>\n<hr data-start=\"2168\" data-end=\"2171\" \/>\n<h2 data-section-id=\"1no9hjl\" data-start=\"2173\" data-end=\"2201\">UV360 tr\u00fckk vs tampotr\u00fckk<\/h2>\n<p data-start=\"2203\" data-end=\"2412\">UV360 tr\u00fckk sobib keerukatele, mitmev\u00e4rvilistele ja detailsetele kujundustele. Kui kujunduses on gradiente, v\u00e4ikeseid elemente v\u00f5i fotol\u00e4hedasi pilte, annab UV360 tehnoloogia selgema ja kvaliteetsema tulemuse.<\/p>\n<p data-start=\"2414\" data-end=\"2588\"><a href=\"https:\/\/kruze.ee\/et\/tampotrukk\/?lang=et\/\">Tampotr\u00fckk<\/a> on sobiv lihtsamatele \u00fche- v\u00f5i kahev\u00e4rvilistele logodele v\u00e4iksemal pinnal. Kui eesm\u00e4rk on maksimaalne visuaalne efekt ja t\u00e4ispindtr\u00fckk, on UV360 tr\u00fckk parem valik.<\/p>\n<hr data-start=\"2590\" data-end=\"2593\" \/>\n<h2 data-section-id=\"10mvu34\" data-start=\"2595\" data-end=\"2630\">Millest s\u00f5ltub UV360 tr\u00fcki hind?<\/h2>\n<p data-start=\"2632\" data-end=\"2657\">Hinnakujundust m\u00f5jutavad:<\/p>\n<ul data-start=\"2659\" data-end=\"2749\">\n<li data-section-id=\"1yby40f\" data-start=\"2659\" data-end=\"2685\">\n<p data-start=\"2661\" data-end=\"2685\">Toote kuju ja materjal<\/p>\n<\/li>\n<li data-section-id=\"nmbmdr\" data-start=\"2686\" data-end=\"2707\">\n<p data-start=\"2688\" data-end=\"2707\">Tr\u00fckipinna suurus<\/p>\n<\/li>\n<li data-section-id=\"1helr35\" data-start=\"2708\" data-end=\"2730\">\n<p data-start=\"2710\" data-end=\"2730\">Kujunduse keerukus<\/p>\n<\/li>\n<li data-section-id=\"14xlv12\" data-start=\"2731\" data-end=\"2749\">\n<p data-start=\"2733\" data-end=\"2749\">Tellitav kogus<\/p>\n<\/li>\n<\/ul>\n<p data-start=\"2751\" data-end=\"2842\">Iga projekt on erinev ning parima lahenduse leidmiseks vaatame kujunduse ja toote koos \u00fcle.<\/p>\n<hr data-start=\"2844\" data-end=\"2847\" \/>\n<h2 data-section-id=\"lanjvn\" data-start=\"2849\" data-end=\"2880\">Kuidas UV360 tr\u00fckki tellida?<\/h2>\n<p data-start=\"2882\" data-end=\"2952\">Soovid UV360 tr\u00fckki oma ettev\u00f5tte logoga pudelitele v\u00f5i termosetele?<\/p>\n<p data-start=\"2954\" data-end=\"3127\">Saada meile oma kujundusfail (vektor- v\u00f5i kvaliteetne rasterfail) koos info ja kogusega. Vajadusel aitame kujunduse ettevalmistusega ning soovitame sobivaima tr\u00fckilahenduse.<\/p>\n<p data-start=\"3129\" data-end=\"3199\">V\u00f5ta meiega \u00fchendust ja teeme sinu tootest silmapaistva reklaamkandja.<\/p>\n<p>[\/vc_column_text][\/vc_column_inner][\/vc_row_inner][\/vc_column][\/vc_row][vc_row][vc_column][\/vc_column][\/vc_row]<\/p>\n<\/section>","protected":false},"excerpt":{"rendered":"<p>[vc_row][vc_column][vc_row_inner][vc_column_inner][vc_column_text text_larger=&#8221;no&#8221; woodmart_inline=&#8221;no&#8221;] UV360 tr\u00fckk [\/vc_column_text][\/vc_column_inner][vc_column_inner][vc_video link=&#8221;https:\/\/www.youtube.com\/watch?v=Ue9fm4NLevg&amp;t=2s&#8221; image_poster_switch=&#8221;no&#8221;][\/vc_column_inner][vc_column_inner][vc_column_text text_larger=&#8221;no&#8221; woodmart_inline=&#8221;no&#8221;] UV360 tr\u00fckk silindrilistele toodetele UV360 tr\u00fckk v\u00f5imaldab \u00fcmberringi t\u00e4isv\u00e4rvilist tr\u00fckki<\/p>\n","protected":false},"author":2,"featured_media":0,"parent":0,"menu_order":0,"comment_status":"closed","ping_status":"closed","template":"","meta":{"footnotes":""},"class_list":["post-483224","page","type-page","status-publish","hentry"],"acf":[],"yoast_head":"<!-- This site is optimized with the Yoast SEO plugin v26.0 - https:\/\/yoast.com\/wordpress\/plugins\/seo\/ -->\n<title>UV360 tr\u00fckk silindrilistele toodetele | Kruze Disain<\/title>\n<meta name=\"description\" content=\"UV360 tr\u00fckk v\u00f5imaldab 360 kraadi t\u00e4isv\u00e4rvilist tr\u00fckki pudelitele, termosetele ja muudele silindrilistele toodetele. Vastupidav tulemus.\" \/>\n<meta name=\"robots\" content=\"index, follow, max-snippet:-1, max-image-preview:large, max-video-preview:-1\" \/>\n<link rel=\"canonical\" href=\"https:\/\/kruze.ee\/et\/uv360-trukk\/\" \/>\n<meta property=\"og:locale\" content=\"et_EE\" \/>\n<meta property=\"og:type\" content=\"article\" \/>\n<meta property=\"og:title\" content=\"UV360 tr\u00fckk silindrilistele toodetele | Kruze Disain\" \/>\n<meta property=\"og:description\" content=\"UV360 tr\u00fckk v\u00f5imaldab 360 kraadi t\u00e4isv\u00e4rvilist tr\u00fckki pudelitele, termosetele ja muudele silindrilistele toodetele. Vastupidav tulemus.\" \/>\n<meta property=\"og:url\" content=\"https:\/\/kruze.ee\/et\/uv360-trukk\/\" \/>\n<meta property=\"og:site_name\" content=\"Kruze.ee\" \/>\n<meta property=\"article:modified_time\" content=\"2026-03-02T19:44:31+00:00\" \/>\n<meta name=\"twitter:card\" content=\"summary_large_image\" \/>\n<meta name=\"twitter:label1\" content=\"Est. reading time\" \/>\n\t<meta name=\"twitter:data1\" content=\"2 minutit\" \/>\n<script type=\"application\/ld+json\" class=\"yoast-schema-graph\">{\"@context\":\"https:\/\/schema.org\",\"@graph\":[{\"@type\":\"WebPage\",\"@id\":\"https:\/\/kruze.ee\/et\/uv360-trukk\/\",\"url\":\"https:\/\/kruze.ee\/et\/uv360-trukk\/\",\"name\":\"UV360 tr\u00fckk silindrilistele toodetele | Kruze Disain\",\"isPartOf\":{\"@id\":\"https:\/\/kruze.ee\/et\/#website\"},\"datePublished\":\"2022-07-22T08:14:16+00:00\",\"dateModified\":\"2026-03-02T19:44:31+00:00\",\"description\":\"UV360 tr\u00fckk v\u00f5imaldab 360 kraadi t\u00e4isv\u00e4rvilist tr\u00fckki pudelitele, termosetele ja muudele silindrilistele toodetele. Vastupidav tulemus.\",\"breadcrumb\":{\"@id\":\"https:\/\/kruze.ee\/et\/uv360-trukk\/#breadcrumb\"},\"inLanguage\":\"et\",\"potentialAction\":[{\"@type\":\"ReadAction\",\"target\":[\"https:\/\/kruze.ee\/et\/uv360-trukk\/\"]}]},{\"@type\":\"BreadcrumbList\",\"@id\":\"https:\/\/kruze.ee\/et\/uv360-trukk\/#breadcrumb\",\"itemListElement\":[{\"@type\":\"ListItem\",\"position\":1,\"name\":\"Home\",\"item\":\"https:\/\/kruze.ee\/et\/\"},{\"@type\":\"ListItem\",\"position\":2,\"name\":\"UV360 tr\u00fckk\"}]},{\"@type\":\"WebSite\",\"@id\":\"https:\/\/kruze.ee\/et\/#website\",\"url\":\"https:\/\/kruze.ee\/et\/\",\"name\":\"Kruze.ee\",\"description\":\"Reklaamkingitused, tr&uuml;kiga T-s&auml;rgid, fliisid, dressipluused, tekstiil, joped ja paljud teised logoga meened, &Auml;rikingitused sinu partnerile! Telli juba t&auml;na.\",\"potentialAction\":[{\"@type\":\"SearchAction\",\"target\":{\"@type\":\"EntryPoint\",\"urlTemplate\":\"https:\/\/kruze.ee\/et\/?s={search_term_string}\"},\"query-input\":{\"@type\":\"PropertyValueSpecification\",\"valueRequired\":true,\"valueName\":\"search_term_string\"}}],\"inLanguage\":\"et\"}]}<\/script>\n<!-- \/ Yoast SEO plugin. -->","yoast_head_json":{"title":"UV360 tr\u00fckk silindrilistele toodetele | Kruze Disain","description":"UV360 tr\u00fckk v\u00f5imaldab 360 kraadi t\u00e4isv\u00e4rvilist tr\u00fckki pudelitele, termosetele ja muudele silindrilistele toodetele. Vastupidav tulemus.","robots":{"index":"index","follow":"follow","max-snippet":"max-snippet:-1","max-image-preview":"max-image-preview:large","max-video-preview":"max-video-preview:-1"},"canonical":"https:\/\/kruze.ee\/et\/uv360-trukk\/","og_locale":"et_EE","og_type":"article","og_title":"UV360 tr\u00fckk silindrilistele toodetele | Kruze Disain","og_description":"UV360 tr\u00fckk v\u00f5imaldab 360 kraadi t\u00e4isv\u00e4rvilist tr\u00fckki pudelitele, termosetele ja muudele silindrilistele toodetele. Vastupidav tulemus.","og_url":"https:\/\/kruze.ee\/et\/uv360-trukk\/","og_site_name":"Kruze.ee","article_modified_time":"2026-03-02T19:44:31+00:00","twitter_card":"summary_large_image","twitter_misc":{"Est. reading time":"2 minutit"},"schema":{"@context":"https:\/\/schema.org","@graph":[{"@type":"WebPage","@id":"https:\/\/kruze.ee\/et\/uv360-trukk\/","url":"https:\/\/kruze.ee\/et\/uv360-trukk\/","name":"UV360 tr\u00fckk silindrilistele toodetele | Kruze Disain","isPartOf":{"@id":"https:\/\/kruze.ee\/et\/#website"},"datePublished":"2022-07-22T08:14:16+00:00","dateModified":"2026-03-02T19:44:31+00:00","description":"UV360 tr\u00fckk v\u00f5imaldab 360 kraadi t\u00e4isv\u00e4rvilist tr\u00fckki pudelitele, termosetele ja muudele silindrilistele toodetele. Vastupidav tulemus.","breadcrumb":{"@id":"https:\/\/kruze.ee\/et\/uv360-trukk\/#breadcrumb"},"inLanguage":"et","potentialAction":[{"@type":"ReadAction","target":["https:\/\/kruze.ee\/et\/uv360-trukk\/"]}]},{"@type":"BreadcrumbList","@id":"https:\/\/kruze.ee\/et\/uv360-trukk\/#breadcrumb","itemListElement":[{"@type":"ListItem","position":1,"name":"Home","item":"https:\/\/kruze.ee\/et\/"},{"@type":"ListItem","position":2,"name":"UV360 tr\u00fckk"}]},{"@type":"WebSite","@id":"https:\/\/kruze.ee\/et\/#website","url":"https:\/\/kruze.ee\/et\/","name":"Kruze.ee","description":"Reklaamkingitused, tr&uuml;kiga T-s&auml;rgid, fliisid, dressipluused, tekstiil, joped ja paljud teised logoga meened, &Auml;rikingitused sinu partnerile! Telli juba t&auml;na.","potentialAction":[{"@type":"SearchAction","target":{"@type":"EntryPoint","urlTemplate":"https:\/\/kruze.ee\/et\/?s={search_term_string}"},"query-input":{"@type":"PropertyValueSpecification","valueRequired":true,"valueName":"search_term_string"}}],"inLanguage":"et"}]}},"_links":{"self":[{"href":"https:\/\/kruze.ee\/et\/wp-json\/wp\/v2\/pages\/483224","targetHints":{"allow":["GET"]}}],"collection":[{"href":"https:\/\/kruze.ee\/et\/wp-json\/wp\/v2\/pages"}],"about":[{"href":"https:\/\/kruze.ee\/et\/wp-json\/wp\/v2\/types\/page"}],"author":[{"embeddable":true,"href":"https:\/\/kruze.ee\/et\/wp-json\/wp\/v2\/users\/2"}],"replies":[{"embeddable":true,"href":"https:\/\/kruze.ee\/et\/wp-json\/wp\/v2\/comments?post=483224"}],"version-history":[{"count":10,"href":"https:\/\/kruze.ee\/et\/wp-json\/wp\/v2\/pages\/483224\/revisions"}],"predecessor-version":[{"id":1444919,"href":"https:\/\/kruze.ee\/et\/wp-json\/wp\/v2\/pages\/483224\/revisions\/1444919"}],"wp:attachment":[{"href":"https:\/\/kruze.ee\/et\/wp-json\/wp\/v2\/media?parent=483224"}],"curies":[{"name":"wp","href":"https:\/\/api.w.org\/{rel}","templated":true}]}}