{"id":481634,"date":"2022-04-05T12:22:14","date_gmt":"2022-04-05T12:22:14","guid":{"rendered":"https:\/\/kruze.ee\/?page_id=481634"},"modified":"2022-09-28T11:26:22","modified_gmt":"2022-09-28T11:26:22","slug":"kampaania-2022","status":"publish","type":"page","link":"https:\/\/kruze.ee\/et\/kampaania-2022\/","title":{"rendered":"Kampaania &#8220;Veereme edasi&#8221; 2022"},"content":{"rendered":"<section class=\"wpb-content-wrapper\"><p>[vc_row][vc_column]\t\t\t<div id=\"wd-624d4fbf4de92\" class=\"wd-text-block-wrapper wd-wpb wd-rs-624d4fbf4de92 color-scheme-custom text-left vc_custom_1649233864926\">\n\t\t\t\t<div class=\"woodmart-title-container woodmart-text-block reset-last-child font-text wd-font-weight-400 wd-fontsize-xxl\">\n\t\t\t\t\t<b>Kruze Disain kampaania \u201cVeereme edasi!\u201d<\/b>\t\t\t\t<\/div>\n\n\t\t\t\t\t\t\t<\/div>\n\t\t[vc_empty_space height=&#8221;10px&#8221; woodmart_hide_large=&#8221;0&#8243; woodmart_hide_medium=&#8221;0&#8243; woodmart_hide_small=&#8221;0&#8243; woodmart_hide_extra_small=&#8221;0&#8243;][vc_column_text text_larger=&#8221;no&#8221; woodmart_inline=&#8221;no&#8221;]<strong>Kampaania kestab kuni 31.08.2022.<\/strong>[\/vc_column_text]\t\t\t<div id=\"wd-624d4f023620d\" class=\"wd-text-block-wrapper wd-wpb wd-rs-624d4f023620d color-scheme-custom text-left vc_custom_1649233676712\">\n\t\t\t\t<div class=\"woodmart-title-container woodmart-text-block reset-last-child font-text wd-font-weight-400 wd-fontsize-l\">\n\t\t\t\t\t<b>Telli Kruzest ja V\u00d5IDA elektriline t\u00f5ukeratas, millega lahedalt edasi veereda! <\/b><span style=\"font-weight: 400;\">Igal kampaaniakuul l\u00e4heb loosi \u00fcks t\u00f5ukeratas koos kiivriga.<\/span>\t\t\t\t<\/div>\n\n\t\t\t\t\t\t\t<\/div>\n\t\t[\/vc_column][\/vc_row][vc_row content_placement=&#8221;middle&#8221; css=&#8221;.vc_custom_1590406309158{margin-bottom: 10px !important;}&#8221; mobile_bg_img_hidden=&#8221;no&#8221; tablet_bg_img_hidden=&#8221;no&#8221; woodmart_parallax=&#8221;0&#8243; woodmart_gradient_switch=&#8221;no&#8221; row_reverse_mobile=&#8221;0&#8243; row_reverse_tablet=&#8221;0&#8243; woodmart_disable_overflow=&#8221;0&#8243;][vc_column offset=&#8221;vc_col-md-6&#8243;]\t\t\t<div id=\"wd-626a575c9c922\" class=\"wd-text-block-wrapper wd-wpb wd-rs-626a575c9c922 color-scheme-custom text-left vc_custom_1651136354444\">\n\t\t\t\t<div class=\"woodmart-title-container woodmart-text-block reset-last-child font-text wd-font-weight-400 wd-fontsize-xl\">\n\t\t\t\t\t<strong>Telli Kruze Disainist v\u00e4hemalt 500 \u20ac v\u00e4\u00e4rtuses* \u00e4rikingitusi, reklaammeeneid v\u00f5i firmariideid ja uhiuus Segway elektriline t\u00f5ukeratas v\u00f5ib saada Sinu omaks! <\/strong>\t\t\t\t<\/div>\n\n\t\t\t\t\t\t\t<\/div>\n\t\t\t\t\t<div id=\"wd-624d4f39cf310\" class=\"wd-text-block-wrapper wd-wpb wd-rs-624d4f39cf310 color-scheme-custom text-center \">\n\t\t\t\t<div class=\"woodmart-title-container woodmart-text-block reset-last-child font-text wd-font-weight- wd-fontsize-m\">\n\t\t\t\t\t<\/p>\n<p style=\"text-align: left;\"><b>V\u00f5iduv\u00f5imalust suurendada on lihtne!\u00a0<\/b><b>Mida suurem on tellimus, seda suurem on v\u00f5iduv\u00f5imalus ehk i<\/b><b>ga 500 \u20ac(+km) ost = 1 h\u00e4\u00e4l loosikorvis.\u00a0<\/b><\/p>\n<p>\t\t\t\t<\/div>\n\n\t\t\t\t\t\t\t<\/div>\n\t\t\t\t\t<div id=\"wd-624d4fdac6b3e\" class=\"wd-text-block-wrapper wd-wpb wd-rs-624d4fdac6b3e color-scheme-custom text-left \">\n\t\t\t\t<div class=\"woodmart-title-container woodmart-text-block reset-last-child font-text wd-font-weight- wd-fontsize-m\">\n\t\t\t\t\t<\/p>\n<p style=\"text-align: left;\"><em>* 500 \u20ac+km = 1 h\u00e4\u00e4l, 1000 \u20ac+km = 2 h\u00e4\u00e4lt<\/em><\/p>\n<p>\t\t\t\t<\/div>\n\n\t\t\t\t\t\t\t<\/div>\n\t\t\t\t\t<div id=\"wd-6311dac0a1b24\" class=\"wd-text-block-wrapper wd-wpb wd-rs-6311dac0a1b24 color-scheme-custom text-left \">\n\t\t\t\t<div class=\"woodmart-title-container woodmart-text-block reset-last-child font-text wd-font-weight- wd-fontsize-m\">\n\t\t\t\t\t<\/p>\n<h4><strong>V\u00f5itjad:<\/strong><\/h4>\n<p style=\"text-align: left;\"><strong>Aprill: <\/strong>KB Auto Eesti O\u00dc<\/p>\n<p><strong>Mai: <\/strong>Pelgumaja O\u00dc<\/p>\n<p><strong>Juuni:<\/strong> Sihtasutus CR14<\/p>\n<p><strong>Juuli:\u00a0<\/strong>Maakondlikud Arenduskeskused<\/p>\n<p><strong>August:<\/strong> Viru Noorteakadeemia MT\u00dc\t\t\t\t<\/div>\n\n\t\t\t\t\t\t\t<\/div>\n\t\t\t\t\t<div id=\"wd-624c332c5850c\" class=\"wd-text-block-wrapper wd-wpb wd-rs-624c332c5850c color-scheme-custom text-left vc_custom_1649161008786\">\n\t\t\t\t<div class=\"woodmart-title-container woodmart-text-block reset-last-child font-text wd-font-weight-400 wd-fontsize-xl\">\n\t\t\t\t\t<strong>Kuidas kampaanias osaleda?<\/strong>\t\t\t\t<\/div>\n\n\t\t\t\t\t\t\t<\/div>\n\t\t\t\t\t<div id=\"wd-624c3339aa08d\" class=\"wd-text-block-wrapper wd-wpb wd-rs-624c3339aa08d color-scheme-custom text-left vc_custom_1649161022416\">\n\t\t\t\t<div class=\"woodmart-title-container woodmart-text-block reset-last-child font-text wd-font-weight-400 wd-fontsize-l\">\n\t\t\t\t\tVali tooted, vormista tellimus ja osale loosis!<\/p>\n<p>\t\t\t\t<\/div>\n\n\t\t\t\t\t\t\t<\/div>\n\t\t<div id=\"wd-624c2affbe5ed\" class=\" wd-rs-624c2affbe5ed  wd-button-wrapper text-center inline-element\"><a href=\"https:\/\/kruze.ee\/et\/kontakt\/\" title=\"Kontakt\" class=\"btn btn-style-bordered btn-shape-semi-round btn-size-default\">K\u00dcSI LISAKS<\/a><\/div><div id=\"wd-624c2b0401f17\" class=\" wd-rs-624c2b0401f17  wd-button-wrapper text-center inline-element\"><a href=\"https:\/\/kruze.ee\/et\/tooted\" title=\"\" class=\"btn btn-color-primary btn-style-default btn-shape-semi-round btn-size-default\">TOOTEID VALIMA<\/a><\/div>[\/vc_column][vc_column woodmart_color_scheme=&#8221;dark&#8221; css=&#8221;.vc_custom_1505897347535{padding-top: 2vh !important;padding-bottom: 2vh !important;background-position: 0 0 !important;background-repeat: no-repeat !important;}&#8221; offset=&#8221;vc_col-md-6 vc_col-xs-12&#8243;][vc_single_image image=&#8221;481674&#8243; img_size=&#8221;full&#8221; onclick=&#8221;zoom&#8221; parallax_scroll=&#8221;no&#8221; woodmart_inline=&#8221;no&#8221;][\/vc_column][\/vc_row][vc_row css=&#8221;.vc_custom_1590585156598{padding-top: 20px !important;}&#8221; mobile_bg_img_hidden=&#8221;no&#8221; tablet_bg_img_hidden=&#8221;no&#8221; woodmart_parallax=&#8221;0&#8243; woodmart_gradient_switch=&#8221;no&#8221; row_reverse_mobile=&#8221;0&#8243; row_reverse_tablet=&#8221;0&#8243; woodmart_disable_overflow=&#8221;0&#8243;][vc_column][vc_toggle title=&#8221;Tutvu kampaania tingimustega&#8221; style=&#8221;arrow&#8221;]<b>KAMPAANIA REEGLID<\/b><\/p>\n<p><span style=\"font-weight: 400;\">Kampaania korraldajaks O\u00dc Kruze Disain, registrikood <\/span><span style=\"font-weight: 400;\">10453234<\/span><span style=\"font-weight: 400;\"> ja aadress Puuvilla tn 19, Tal<\/span><span style=\"font-weight: 400;\">linn. Ka<\/span><span style=\"font-weight: 400;\">mpaaniaperiood on 07.04.2022-31.08.2022.<\/span><b><\/b><\/p>\n<p><b>Kampaanias osalevad k\u00f5ik era- v\u00f5i \u00e4rikliendid (v\u00e4ljaarvatud Kruze Disain O\u00dc toodete ja teenuste edasim\u00fc\u00fcjad), kes tellivad kampaania perioodil Kruze O\u00dc kaupu v\u00f5i teenuseid v\u00e4hemalt 500\u20ac+km v\u00e4\u00e4rtuses<\/b><span style=\"font-weight: 400;\">.<\/span> <span style=\"font-weight: 400;\">Kusjuures iga 500 \u20ac(+km) suurune tellimus, mida eraisik v\u00f5i ettev\u00f5te \u00fches kuus kampaaniaperioodi jooksul teeb, annab 1 (\u00fche) h\u00e4\u00e4le v\u00f5idufondi loosikorvis. See t\u00e4hendab, et igal tellijal on v\u00f5imalik saada \u00fchte kalendrikuusse rohkem kui \u00fcks h\u00e4\u00e4l loosikorvi, mis t\u00f5stab vastavalt tema v\u00f5idu t\u00f5en\u00e4osust. N\u00e4iteks, kui tellimuse suurus on 1000 \u20ac+km, saab eraisik v\u00f5i ettev\u00f5te 2 h\u00e4\u00e4lt v\u00f5i tellimusega 1500 \u20ac+km juba 3 h\u00e4\u00e4lt jne.\u00a0<\/span><\/p>\n<p><b>Osalemise tingimus on<\/b><span style=\"font-weight: 400;\">, <\/span><b>et tehing on l\u00f5petatud ehk tellimus on ostja poolt kinnitatud ja arve tasutud.<br \/>\n<\/b><b><br \/>\nKampaania auhinnafond ja loosimine<\/b><b><\/b><\/p>\n<p>Kampaania auhind* on elektriline t\u00f5ukeratas <strong>Segway Ninebot Kickscooter E45E:<\/strong><\/p>\n<ul>\n<li>9-tollised rehvid<\/li>\n<li>Isikup\u00e4rastatav valgustus t\u00f5ukeratta all<\/li>\n<li>Regeneratiivne pidurdamine<\/li>\n<li>E-MARK helkurid ees, taga ja k\u00fclgedel muudavad Su kaasliiklejatele n\u00e4htavamaks<\/li>\n<li>E-MARK LED tuled ees ja taga<\/li>\n<li>LED ekraan ja Bluetooth \u00fchendusv\u00f5imalus<\/li>\n<\/ul>\n<p><span style=\"font-weight: 400;\">* Soovi korral br\u00e4ndime auhinna logo ja\/v\u00f5i s\u00f5numiga, lisaks kiiver.<\/span><\/p>\n<p><span style=\"font-weight: 400;\">Iga kampaaniakuu alguses, hiljemalt 5. kuup\u00e4eval tehakse kokkuv\u00f5te m\u00f6\u00f6dunud kuu kohta. Eraisiku v\u00f5i ettev\u00f5tte poolt perioodi jooksul kogutud h\u00e4\u00e4led summeeritakse ja v\u00f5itja info avalikustatakse hiljemalt 10. kuup\u00e4evaks <\/span><a href=\"http:\/\/www.kruze.ee\/\"><span style=\"font-weight: 400;\">www.kruze.ee<\/span><\/a><span style=\"font-weight: 400;\"> kodulehel.<br \/>\n<\/span><span style=\"font-weight: 400;\">Kuna igal kuul loositakse \u00fcks auhind, siis h\u00e4\u00e4lte loendus ja loosimine k\u00e4ib kalendrikuu kaupa, st h\u00e4\u00e4li ei summeerita kogu kampaaniaperioodi peale kokku.\u00a0<\/span><span style=\"font-weight: 400;\">Kokku l\u00e4heb jagamisele 5 (viis) samasugust v\u00f5i samas v\u00e4\u00e4rtuses auhinda.\u00a0<\/span><\/p>\n<p><b>Kampaanias saavad osaleda<\/b><span style=\"font-weight: 400;\"> k\u00f5ik Kruze Disain O\u00dc kliendid (al 18. eluaastast), v\u00e4lja arvatud Kruze Disain O\u00dc, turunduspartneri Ourpower O\u00dc t\u00f6\u00f6tajad v\u00f5i nende l\u00e4hisugulased, abikaasad ja elukaaslased. Vastava info avastamisel loositakse uus v\u00f5itja.\u00a0<\/span><b>Kampaanias n\u00e4idatud v\u00f5itusid ei saa mingil v\u00f5imalusel v\u00e4lja v\u00f5tta rahas.<\/b><\/p>\n<p><b>Tulemuste selgitamise kord<br \/>\n<\/b><span style=\"font-weight: 400;\">Tulemuse selgitamiseks koostatakse komisjon, mis koosneb Kruze Disain O\u00dc ja Ourpower O\u00dc esindajatest. Iga uue kuu alguses k\u00f5ik eelneva kuu loosis osalejad ja nende h\u00e4\u00e4led lisatakse \u00fchtsesse andmetulpa andmet\u00f6\u00f6tlusprogrammis Excel, misj\u00e4rel loositakse auhinna v\u00f5itja funktsiooni \u201erandbetween\u201c abil. Mida rohkem h\u00e4\u00e4li on isikul v\u00f5i ettev\u00f5ttel, seda enam kordi on tema nimi andmetulbas esindatud. Andmete \u00f5iglase t\u00f6\u00f6tlemise eest vastutav isik on Rene Kruze, O\u00dc Kruze Disain juhatuse esimees.<\/span><\/p>\n<p><b>V\u00f5itude v\u00e4ljaandmise koht, kord ja l\u00f5ppt\u00e4htaeg<\/b><\/p>\n<ul>\n<li style=\"font-weight: 400;\" aria-level=\"1\"><span style=\"font-weight: 400;\">V\u00f5itude \u00fcleandjaks on Kruze Disain O\u00dc.\u00a0<\/span><\/li>\n<li style=\"font-weight: 400;\" aria-level=\"1\"><span style=\"font-weight: 400;\">V\u00e4ljastamine toimub ajavahemikus <\/span><b>10.05-10.10.2022 Kruze Disain O\u00dc kontoris.<\/b><\/li>\n<\/ul>\n<p><span style=\"font-weight: 400;\">V\u00f5itjale saadetakse info e-kirjaga vastavalt esitatud andmetele, kus pakutakse v\u00e4lja kuup\u00e4evade vahemik ja kellaaeg, millal v\u00f5idule on v\u00f5imalik Kruze Disain O\u00dc kontorisse j\u00e4rgi tulla (Puuvilla 19, Tallinn, 10314). Erikokkuleppel on v\u00f5imalik ka v\u00f5idu kohaletoimetamine. Kui v\u00f5itja ei vasta e-kirjale, saadetakse teine meeldetuletus ja\/v\u00f5i telefoninumbri olemasolul helistatakse. Kui v\u00f5itja ei v\u00f5ta auhinda eespool n\u00e4idatud perioodi v\u00e4ltel vastu, loetakse, et v\u00f5itja loobub v\u00f5idust.<\/span><\/p>\n<p><span style=\"font-weight: 400;\">Juhul kui korraldajal ei \u00f5nnestu auhindade v\u00f5itjatega kontakti saada korraldajast mitteolenevatel p\u00f5hjustel (sh esitatud on valed kontaktandmed), ei vastuta korraldaja kampaanias osaleja auhinnast ilma j\u00e4\u00e4mise eest.<\/span><\/p>\n<p><b>Isikuandmete t\u00f6\u00f6tlemise kord<\/b><span style=\"font-weight: 400;\">\u00a0<\/span><\/p>\n<ul>\n<li style=\"font-weight: 400;\" aria-level=\"1\"><span style=\"font-weight: 400;\">Kampaania k\u00e4igus esitatud isikuandmed on kaitstud ja O\u00dc Kruze Disain t\u00f6\u00f6tleb neid vastavalt seaduse n\u00f5uetele kampaania l\u00e4biviimise eesm\u00e4rgil.\u00a0\u00a0<\/span><\/li>\n<li style=\"font-weight: 400;\" aria-level=\"1\"><span style=\"font-weight: 400;\">Kampaanias osalenud eraklient- ja \u00e4riklient annab O\u00dc Kruze Disainile n\u00f5usoleku t\u00f6\u00f6delda esitatud andmeid j\u00e4rgnevatel eesm\u00e4rkidel:\u00a0<\/span>\n<ul>\n<li style=\"font-weight: 400;\" aria-level=\"2\"><span style=\"font-weight: 400;\">Andmete anal\u00fc\u00fcsimiseks ja andmete kohta kokkuv\u00f5tete tegemiseks;\u00a0<\/span><\/li>\n<li style=\"font-weight: 400;\" aria-level=\"2\"><span style=\"font-weight: 400;\">O\u00dc Kruze Disain poolt kampaaniaga seotud info edastamiseks.\u00a0\u00a0<\/span><\/li>\n<\/ul>\n<\/li>\n<li style=\"font-weight: 400;\" aria-level=\"1\"><span style=\"font-weight: 400;\">Isikuandmeid ei edastata kolmandatele isikutele v\u00f5i koost\u00f6\u00f6partneritele.\u00a0\u00a0<\/span><\/li>\n<li style=\"font-weight: 400;\" aria-level=\"1\"><span style=\"font-weight: 400;\">Kampaanias osalejatel on \u00f5igus saada lisainfot O\u00dc Kruze Disain poolt isikuandmete t\u00f6\u00f6tlemise kohta, kui seadus sellist \u00f5igust ei piira.\u00a0<\/span><\/li>\n<li style=\"font-weight: 400;\" aria-level=\"1\"><span style=\"font-weight: 400;\">Osalejal on \u00f5igus n\u00f5uda eba\u00f5igete isikuandmete parandamist.\u00a0\u00a0<\/span><\/li>\n<li style=\"font-weight: 400;\" aria-level=\"1\"><span style=\"font-weight: 400;\">Osalejal on \u00f5igus igal ajal keelata esitatud andmete kasutamine otseturustuseks saates vastava e-mailile aadressile <\/span><span style=\"font-weight: 400;\">kruze@kruze.ee<\/span><span style=\"font-weight: 400;\">.<\/span><\/li>\n<li style=\"font-weight: 400;\" aria-level=\"1\"><span style=\"font-weight: 400;\">Isikuandmete vastutav t\u00f6\u00f6tleja on O\u00dc Kruze Disain, registrikood <\/span><span style=\"font-weight: 400;\">10453234<\/span><span style=\"font-weight: 400;\"> ja aadress Puuvilla tn 19, Tallinn.<\/span><\/li>\n<\/ul>\n<p>[\/vc_toggle][\/vc_column][\/vc_row]<\/p>\n<\/section>","protected":false},"excerpt":{"rendered":"<p>[vc_row][vc_column][vc_empty_space height=&#8221;10px&#8221; woodmart_hide_large=&#8221;0&#8243; woodmart_hide_medium=&#8221;0&#8243; woodmart_hide_small=&#8221;0&#8243; woodmart_hide_extra_small=&#8221;0&#8243;][vc_column_text text_larger=&#8221;no&#8221; woodmart_inline=&#8221;no&#8221;]Kampaania kestab kuni 31.08.2022.[\/vc_column_text][\/vc_column][\/vc_row][vc_row content_placement=&#8221;middle&#8221; css=&#8221;.vc_custom_1590406309158{margin-bottom: 10px !important;}&#8221; mobile_bg_img_hidden=&#8221;no&#8221; tablet_bg_img_hidden=&#8221;no&#8221; woodmart_parallax=&#8221;0&#8243; woodmart_gradient_switch=&#8221;no&#8221; row_reverse_mobile=&#8221;0&#8243;<\/p>\n","protected":false},"author":2,"featured_media":0,"parent":0,"menu_order":0,"comment_status":"closed","ping_status":"closed","template":"","meta":{"footnotes":""},"class_list":["post-481634","page","type-page","status-publish","hentry"],"acf":[],"yoast_head":"<!-- This site is optimized with the Yoast SEO plugin v26.0 - https:\/\/yoast.com\/wordpress\/plugins\/seo\/ -->\n<title>Kampaania &quot;Veereme edasi&quot; 2022 - Kruze.ee<\/title>\n<meta name=\"robots\" content=\"index, follow, max-snippet:-1, max-image-preview:large, max-video-preview:-1\" \/>\n<link rel=\"canonical\" href=\"https:\/\/kruze.ee\/et\/kampaania-2022\/\" \/>\n<meta property=\"og:locale\" content=\"et_EE\" \/>\n<meta property=\"og:type\" content=\"article\" \/>\n<meta property=\"og:title\" content=\"Kampaania &quot;Veereme edasi&quot; 2022 - Kruze.ee\" \/>\n<meta property=\"og:description\" content=\"[vc_row][vc_column][vc_empty_space height=&#8221;10px&#8221; woodmart_hide_large=&#8221;0&#8243; woodmart_hide_medium=&#8221;0&#8243; woodmart_hide_small=&#8221;0&#8243; woodmart_hide_extra_small=&#8221;0&#8243;][vc_column_text text_larger=&#8221;no&#8221; woodmart_inline=&#8221;no&#8221;]Kampaania kestab kuni 31.08.2022.[\/vc_column_text][\/vc_column][\/vc_row][vc_row content_placement=&#8221;middle&#8221; css=&#8221;.vc_custom_1590406309158{margin-bottom: 10px !important;}&#8221; mobile_bg_img_hidden=&#8221;no&#8221; tablet_bg_img_hidden=&#8221;no&#8221; woodmart_parallax=&#8221;0&#8243; woodmart_gradient_switch=&#8221;no&#8221; row_reverse_mobile=&#8221;0&#8243;\" \/>\n<meta property=\"og:url\" content=\"https:\/\/kruze.ee\/et\/kampaania-2022\/\" \/>\n<meta property=\"og:site_name\" content=\"Kruze.ee\" \/>\n<meta property=\"article:modified_time\" content=\"2022-09-28T11:26:22+00:00\" \/>\n<meta property=\"og:image\" content=\"https:\/\/kruze.ee\/wp-content\/uploads\/2022\/04\/Touks_FB-postitus_tekstiga-05.jpg\" \/>\n\t<meta property=\"og:image:width\" content=\"1080\" \/>\n\t<meta property=\"og:image:height\" content=\"1081\" \/>\n\t<meta property=\"og:image:type\" content=\"image\/jpeg\" \/>\n<meta name=\"twitter:card\" content=\"summary_large_image\" \/>\n<meta name=\"twitter:label1\" content=\"Est. reading time\" \/>\n\t<meta name=\"twitter:data1\" content=\"7 minutit\" \/>\n<script type=\"application\/ld+json\" class=\"yoast-schema-graph\">{\"@context\":\"https:\/\/schema.org\",\"@graph\":[{\"@type\":\"WebPage\",\"@id\":\"https:\/\/kruze.ee\/et\/kampaania-2022\/\",\"url\":\"https:\/\/kruze.ee\/et\/kampaania-2022\/\",\"name\":\"Kampaania \\\"Veereme edasi\\\" 2022 - Kruze.ee\",\"isPartOf\":{\"@id\":\"https:\/\/kruze.ee\/et\/#website\"},\"datePublished\":\"2022-04-05T12:22:14+00:00\",\"dateModified\":\"2022-09-28T11:26:22+00:00\",\"breadcrumb\":{\"@id\":\"https:\/\/kruze.ee\/et\/kampaania-2022\/#breadcrumb\"},\"inLanguage\":\"et\",\"potentialAction\":[{\"@type\":\"ReadAction\",\"target\":[\"https:\/\/kruze.ee\/et\/kampaania-2022\/\"]}]},{\"@type\":\"BreadcrumbList\",\"@id\":\"https:\/\/kruze.ee\/et\/kampaania-2022\/#breadcrumb\",\"itemListElement\":[{\"@type\":\"ListItem\",\"position\":1,\"name\":\"Home\",\"item\":\"https:\/\/kruze.ee\/et\/\"},{\"@type\":\"ListItem\",\"position\":2,\"name\":\"Kampaania &#8220;Veereme edasi&#8221; 2022\"}]},{\"@type\":\"WebSite\",\"@id\":\"https:\/\/kruze.ee\/et\/#website\",\"url\":\"https:\/\/kruze.ee\/et\/\",\"name\":\"Kruze.ee\",\"description\":\"Reklaamkingitused, tr&uuml;kiga T-s&auml;rgid, fliisid, dressipluused, tekstiil, joped ja paljud teised logoga meened, &Auml;rikingitused sinu partnerile! Telli juba t&auml;na.\",\"potentialAction\":[{\"@type\":\"SearchAction\",\"target\":{\"@type\":\"EntryPoint\",\"urlTemplate\":\"https:\/\/kruze.ee\/et\/?s={search_term_string}\"},\"query-input\":{\"@type\":\"PropertyValueSpecification\",\"valueRequired\":true,\"valueName\":\"search_term_string\"}}],\"inLanguage\":\"et\"}]}<\/script>\n<!-- \/ Yoast SEO plugin. -->","yoast_head_json":{"title":"Kampaania \"Veereme edasi\" 2022 - Kruze.ee","robots":{"index":"index","follow":"follow","max-snippet":"max-snippet:-1","max-image-preview":"max-image-preview:large","max-video-preview":"max-video-preview:-1"},"canonical":"https:\/\/kruze.ee\/et\/kampaania-2022\/","og_locale":"et_EE","og_type":"article","og_title":"Kampaania \"Veereme edasi\" 2022 - Kruze.ee","og_description":"[vc_row][vc_column][vc_empty_space height=&#8221;10px&#8221; woodmart_hide_large=&#8221;0&#8243; woodmart_hide_medium=&#8221;0&#8243; woodmart_hide_small=&#8221;0&#8243; woodmart_hide_extra_small=&#8221;0&#8243;][vc_column_text text_larger=&#8221;no&#8221; woodmart_inline=&#8221;no&#8221;]Kampaania kestab kuni 31.08.2022.[\/vc_column_text][\/vc_column][\/vc_row][vc_row content_placement=&#8221;middle&#8221; css=&#8221;.vc_custom_1590406309158{margin-bottom: 10px !important;}&#8221; mobile_bg_img_hidden=&#8221;no&#8221; tablet_bg_img_hidden=&#8221;no&#8221; woodmart_parallax=&#8221;0&#8243; woodmart_gradient_switch=&#8221;no&#8221; row_reverse_mobile=&#8221;0&#8243;","og_url":"https:\/\/kruze.ee\/et\/kampaania-2022\/","og_site_name":"Kruze.ee","article_modified_time":"2022-09-28T11:26:22+00:00","og_image":[{"width":1080,"height":1081,"url":"https:\/\/kruze.ee\/wp-content\/uploads\/2022\/04\/Touks_FB-postitus_tekstiga-05.jpg","type":"image\/jpeg"}],"twitter_card":"summary_large_image","twitter_misc":{"Est. reading time":"7 minutit"},"schema":{"@context":"https:\/\/schema.org","@graph":[{"@type":"WebPage","@id":"https:\/\/kruze.ee\/et\/kampaania-2022\/","url":"https:\/\/kruze.ee\/et\/kampaania-2022\/","name":"Kampaania \"Veereme edasi\" 2022 - Kruze.ee","isPartOf":{"@id":"https:\/\/kruze.ee\/et\/#website"},"datePublished":"2022-04-05T12:22:14+00:00","dateModified":"2022-09-28T11:26:22+00:00","breadcrumb":{"@id":"https:\/\/kruze.ee\/et\/kampaania-2022\/#breadcrumb"},"inLanguage":"et","potentialAction":[{"@type":"ReadAction","target":["https:\/\/kruze.ee\/et\/kampaania-2022\/"]}]},{"@type":"BreadcrumbList","@id":"https:\/\/kruze.ee\/et\/kampaania-2022\/#breadcrumb","itemListElement":[{"@type":"ListItem","position":1,"name":"Home","item":"https:\/\/kruze.ee\/et\/"},{"@type":"ListItem","position":2,"name":"Kampaania &#8220;Veereme edasi&#8221; 2022"}]},{"@type":"WebSite","@id":"https:\/\/kruze.ee\/et\/#website","url":"https:\/\/kruze.ee\/et\/","name":"Kruze.ee","description":"Reklaamkingitused, tr&uuml;kiga T-s&auml;rgid, fliisid, dressipluused, tekstiil, joped ja paljud teised logoga meened, &Auml;rikingitused sinu partnerile! Telli juba t&auml;na.","potentialAction":[{"@type":"SearchAction","target":{"@type":"EntryPoint","urlTemplate":"https:\/\/kruze.ee\/et\/?s={search_term_string}"},"query-input":{"@type":"PropertyValueSpecification","valueRequired":true,"valueName":"search_term_string"}}],"inLanguage":"et"}]}},"_links":{"self":[{"href":"https:\/\/kruze.ee\/et\/wp-json\/wp\/v2\/pages\/481634","targetHints":{"allow":["GET"]}}],"collection":[{"href":"https:\/\/kruze.ee\/et\/wp-json\/wp\/v2\/pages"}],"about":[{"href":"https:\/\/kruze.ee\/et\/wp-json\/wp\/v2\/types\/page"}],"author":[{"embeddable":true,"href":"https:\/\/kruze.ee\/et\/wp-json\/wp\/v2\/users\/2"}],"replies":[{"embeddable":true,"href":"https:\/\/kruze.ee\/et\/wp-json\/wp\/v2\/comments?post=481634"}],"version-history":[{"count":34,"href":"https:\/\/kruze.ee\/et\/wp-json\/wp\/v2\/pages\/481634\/revisions"}],"predecessor-version":[{"id":481664,"href":"https:\/\/kruze.ee\/et\/wp-json\/wp\/v2\/pages\/481634\/revisions\/481664"}],"wp:attachment":[{"href":"https:\/\/kruze.ee\/et\/wp-json\/wp\/v2\/media?parent=481634"}],"curies":[{"name":"wp","href":"https:\/\/api.w.org\/{rel}","templated":true}]}}