{"id":320307,"date":"2020-05-08T09:12:57","date_gmt":"2020-05-08T09:12:57","guid":{"rendered":"https:\/\/kruze.ee\/?page_id=320307"},"modified":"2022-08-30T13:28:08","modified_gmt":"2022-08-30T13:28:08","slug":"tellimistingimused","status":"publish","type":"page","link":"https:\/\/kruze.ee\/et\/tellimistingimused\/","title":{"rendered":"Tellimistingimused"},"content":{"rendered":"<section class=\"wpb-content-wrapper\"><p>[vc_row full_width=&#8221;stretch_row&#8221; css=&#8221;.vc_custom_1527663410765{margin-top: -40px !important;margin-bottom: 8vh !important;padding-top: 8vh !important;padding-bottom: 8vh !important;background-color: #f8f8f8 !important;}&#8221;][vc_column width=&#8221;1\/2&#8243; offset=&#8221;vc_col-sm-offset-3&#8243; css=&#8221;.vc_custom_1527239539599{padding-top: 0px !important;}&#8221;]\n\t\t<div id=\"wd-5eba87d2d7596\" class=\"title-wrapper wd-wpb wd-set-mb reset-last-child  wd-rs-5eba87d2d7596 wd-title-color-default wd-title-style-default text-center vc_custom_1589282784951 wd-underline-colored\">\n\t\t\t\n\t\t\t<div class=\"liner-continer\">\n\t\t\t\t<h3 class=\"woodmart-title-container title  wd-font-weight- wd-fontsize-l\" >Tellimistingimused<\/h3>\n\t\t\t\t\t\t\t<\/div>\n\t\t\t\n\t\t\t\n\t\t\t\n\t\t<\/div>\n\t\t\n\t\t[vc_column_text css=&#8221;.vc_custom_1588928829836{margin-bottom: 0px !important;}&#8221; el_class=&#8221;text-larger&#8221; text_larger=&#8221;no&#8221;]<\/p>\n<p style=\"text-align: center;\">K\u00e4esolevad tellimistingimused m\u00e4\u00e4ratlevad Kruze Disain O\u00dc (M\u00fc\u00fcja) ja toodete v\u00f5i teenuste tellija (Ostja) \u00f5igused ja kohustused toodete v\u00f5i teenuste ostuprotsessis. Tellimust kinnitades kinnitab Ostja, et on tingimustega tutvunud ja nendega n\u00f5us.<\/p>\n<p>[\/vc_column_text][\/vc_column][\/vc_row][vc_row css=&#8221;.vc_custom_1528700414903{margin-right: 0px !important;margin-bottom: 25px !important;margin-left: 0px !important;border-top-width: 1px !important;border-right-width: 1px !important;border-bottom-width: 1px !important;border-left-width: 1px !important;padding-top: 30px !important;padding-right: 15px !important;padding-bottom: 30px !important;padding-left: 15px !important;background-color: #ffffff !important;border-left-color: #e7e7e7 !important;border-left-style: solid !important;border-right-color: #e7e7e7 !important;border-right-style: solid !important;border-top-color: #e7e7e7 !important;border-top-style: solid !important;border-bottom-color: #e7e7e7 !important;border-bottom-style: solid !important;}&#8221;][vc_column css=&#8221;.vc_custom_1527238251732{padding-top: 0px !important;}&#8221;]\t\t\t<div id=\"wd-5eb5218c10944\" class=\"wd-text-block-wrapper wd-wpb wd-rs-5eb5218c10944 color-scheme-dark text-left vc_custom_1588928929431\">\n\t\t\t\t<div class=\"woodmart-title-container woodmart-text-block reset-last-child font-primary wd-font-weight-600 \">\n\t\t\t\t\t<span class=\"color-primary\">1.<\/span> Tellimuse vormistamine\t\t\t\t<\/div>\n\n\t\t\t\t\t\t\t<\/div>\n\t\t[vc_column_text css=&#8221;.vc_custom_1661866076455{margin-bottom: 0px !important;}&#8221; el_class=&#8221;text-larger&#8221; text_larger=&#8221;no&#8221; woodmart_inline=&#8221;no&#8221;]<\/p>\n<ul>\n<li>Tellimus vormistatakse M\u00fc\u00fcja poolt Ostjale edastatud hinnapakkumise alusel, mille Ostja on aktsepteerinud.<\/li>\n<li>Toodete tarneaeg s\u00f5ltub tootest, kogusest ja logo peale kandmise tehnoloogiast, mist\u00f5ttu lepitakse tarneaeg kokku iga tellimuse puhul eraldi. Juhul, kui tarneaeg muutub M\u00fc\u00fcjast mitte s\u00f5ltuvatel p\u00f5hjustel, teavitab M\u00fc\u00fcja Ostjat sellest viivitamatult.<\/li>\n<li>Toodete tarneaega hakatakse arvestama hetkest, kui Ostja on tellimuse kinnitanud.<\/li>\n<li>Menetleme tellimusi alates 150\u20ac+k\u00e4ibemaks, kui on tellimuse summa v\u00e4iksem, lisandub v\u00e4iketellimusetasu.<\/li>\n<li>Juhul, kui Ostja soovib mingil p\u00f5hjusel loobuda kaubast v\u00f5i teenusest, mille tellimuse ta on juba kinnitanud, kohustub Ostja korvama M\u00fc\u00fcjale k\u00f5ik kulutused, mida M\u00fc\u00fcja on antud tellimuse t\u00e4itmiseks juba teinud.<\/li>\n<\/ul>\n<p>[\/vc_column_text][\/vc_column][\/vc_row][vc_row css=&#8221;.vc_custom_1528700414903{margin-right: 0px !important;margin-bottom: 25px !important;margin-left: 0px !important;border-top-width: 1px !important;border-right-width: 1px !important;border-bottom-width: 1px !important;border-left-width: 1px !important;padding-top: 30px !important;padding-right: 15px !important;padding-bottom: 30px !important;padding-left: 15px !important;background-color: #ffffff !important;border-left-color: #e7e7e7 !important;border-left-style: solid !important;border-right-color: #e7e7e7 !important;border-right-style: solid !important;border-top-color: #e7e7e7 !important;border-top-style: solid !important;border-bottom-color: #e7e7e7 !important;border-bottom-style: solid !important;}&#8221;][vc_column css=&#8221;.vc_custom_1527238251732{padding-top: 0px !important;}&#8221;]\t\t\t<div id=\"wd-5eb521aa61a0c\" class=\"wd-text-block-wrapper wd-wpb wd-rs-5eb521aa61a0c color-scheme-dark text-left vc_custom_1588928946587\">\n\t\t\t\t<div class=\"woodmart-title-container woodmart-text-block reset-last-child font-primary wd-font-weight-600 \">\n\t\t\t\t\t<span class=\"color-primary\">2.<\/span> Kujundust\u00f6\u00f6d\t\t\t\t<\/div>\n\n\t\t\t\t\t\t\t<\/div>\n\t\t[vc_column_text css=&#8221;.vc_custom_1589282885936{margin-bottom: 0px !important;}&#8221; el_class=&#8221;text-larger&#8221; text_larger=&#8221;no&#8221;]<\/p>\n<ul>\n<li>P\u00e4rast tellimuse vormistamist saadab M\u00fc\u00fcja Ostjale kinnitamiseks kujunduse, kus on n\u00e4idatud logo m\u00f5\u00f5t, v\u00e4rvid ja asukoht tootel. M\u00fc\u00fcja k\u00e4est tellitud toodetele on 1 tund kujundust\u00f6\u00f6d tasuta. Suurema mahuga kujundust\u00f6\u00f6de eest lisandub tasu vastavalt kujundust\u00f6\u00f6de hinnakirjale.<\/li>\n<li>Ostja esitab logo failid vastavalt soovitud tehnoloogiale:\n<ul>\n<li>Siidi-, kuumpress- ja tampotr\u00fcki jaoks vektorgraafikas koos Pantone v\u00e4rvikoodidega.<\/li>\n<li>Sublimatsioon- ja digitr\u00fcki jaoks vektorgraafikas v\u00f5i l\u00e4bipaistva taustaga png-failina.<\/li>\n<li>Tikandi jaoks vektorgraafikas v\u00f5i l\u00e4bipaistva taustaga png-failina koos Pantone v\u00e4rvikoodidega.<\/li>\n<\/ul>\n<\/li>\n<li>Vektorfailides olevad tekstid peavad olema kurvitud, png-failid peavad olema 1:1 m\u00f5\u00f5dus resolutsiooniga 300 ppi.<\/li>\n<li>Sobiva faili puudumisel teostab M\u00fc\u00fcja kokkuleppel Ostjaga logode \u00fcle joonistamist v\u00f5i failide korrastamist, mille eest lisandub tasu vastavalt kujundust\u00f6\u00f6de hinnakirjale.<\/li>\n<li>Pantone v\u00e4rvikoodi puudumisel tuletab kujundusprogramm l\u00e4hima Pantone v\u00e4rvi automaatselt, kuid tulemus v\u00f5ib j\u00e4\u00e4da soovitust erinev.<\/li>\n<li>Kujundusfail on illustratiivne ja v\u00f5ib erineda reaalsest tootest (tekstiiltoodete proportsioonid erinevatel suurustel, v\u00e4rvitoonide erinevus ekraanil ja tootel, jne).<\/li>\n<li>Ostja kinnitab talle saadetud l\u00f5pliku kujundusfaili \u00f5igsust kirjalikult e-posti teel.<\/li>\n<\/ul>\n<p>[\/vc_column_text][\/vc_column][\/vc_row][vc_row css=&#8221;.vc_custom_1528700414903{margin-right: 0px !important;margin-bottom: 25px !important;margin-left: 0px !important;border-top-width: 1px !important;border-right-width: 1px !important;border-bottom-width: 1px !important;border-left-width: 1px !important;padding-top: 30px !important;padding-right: 15px !important;padding-bottom: 30px !important;padding-left: 15px !important;background-color: #ffffff !important;border-left-color: #e7e7e7 !important;border-left-style: solid !important;border-right-color: #e7e7e7 !important;border-right-style: solid !important;border-top-color: #e7e7e7 !important;border-top-style: solid !important;border-bottom-color: #e7e7e7 !important;border-bottom-style: solid !important;}&#8221;][vc_column css=&#8221;.vc_custom_1527238251732{padding-top: 0px !important;}&#8221;]\t\t\t<div id=\"wd-5eb521efadf8a\" class=\"wd-text-block-wrapper wd-wpb wd-rs-5eb521efadf8a color-scheme-dark text-left vc_custom_1588929015052\">\n\t\t\t\t<div class=\"woodmart-title-container woodmart-text-block reset-last-child font-primary wd-font-weight-600 \">\n\t\t\t\t\t<span class=\"color-primary\">3.<\/span> Tr\u00fckk ja tikand\t\t\t\t<\/div>\n\n\t\t\t\t\t\t\t<\/div>\n\t\t[vc_column_text css=&#8221;.vc_custom_1589282910665{margin-bottom: 0px !important;}&#8221; el_class=&#8221;text-larger&#8221; text_larger=&#8221;no&#8221;]<\/p>\n<ul>\n<li>Tikandi- ja tr\u00fckit\u00f6\u00f6de teostamise t\u00e4htaega hakatakse arvestama hetkest, kui M\u00fc\u00fcja on saanud Ostjalt kinnituse kujunduse \u00f5igsuse kohta. Hilisemaid pretensioone kujunduses esinenud vigade kohta ei aktsepteerita.<\/li>\n<li>Tr\u00fcki tellimisel Ostja enda poolt hangitud toodetele, mis ei ole M\u00fc\u00fcja tootevalikus, peab Ostja arvestama, et enne partii tr\u00fckkimist v\u00f5ib osutuda vajalikuks tr\u00fcki tootel p\u00fcsimise v\u00f5i toote kuumustaluvuse katsetamine, sest k\u00f5ik tooted, mis ei ole m\u00f5eldud logode peale kandmiseks, ei pruugi tr\u00fckkimiseks sobida.<\/li>\n<\/ul>\n<p>[\/vc_column_text][\/vc_column][\/vc_row][vc_row css=&#8221;.vc_custom_1528700414903{margin-right: 0px !important;margin-bottom: 25px !important;margin-left: 0px !important;border-top-width: 1px !important;border-right-width: 1px !important;border-bottom-width: 1px !important;border-left-width: 1px !important;padding-top: 30px !important;padding-right: 15px !important;padding-bottom: 30px !important;padding-left: 15px !important;background-color: #ffffff !important;border-left-color: #e7e7e7 !important;border-left-style: solid !important;border-right-color: #e7e7e7 !important;border-right-style: solid !important;border-top-color: #e7e7e7 !important;border-top-style: solid !important;border-bottom-color: #e7e7e7 !important;border-bottom-style: solid !important;}&#8221;][vc_column css=&#8221;.vc_custom_1527238251732{padding-top: 0px !important;}&#8221;]\t\t\t<div id=\"wd-5eb52220138fb\" class=\"wd-text-block-wrapper wd-wpb wd-rs-5eb52220138fb color-scheme-dark text-left vc_custom_1588929062234\">\n\t\t\t\t<div class=\"woodmart-title-container woodmart-text-block reset-last-child font-primary wd-font-weight-600 \">\n\t\t\t\t\t<span class=\"color-primary\">4.<\/span> Kaupade tarnimime\t\t\t\t<\/div>\n\n\t\t\t\t\t\t\t<\/div>\n\t\t[vc_column_text css=&#8221;.vc_custom_1661866086151{margin-bottom: 0px !important;}&#8221; el_class=&#8221;text-larger&#8221; text_larger=&#8221;no&#8221; woodmart_inline=&#8221;no&#8221;]<\/p>\n<ul>\n<li>Valmis tooted tarnitakse Ostja poolt soovitud kohta kulleriga v\u00f5i Ostja poolt valitud Smartposti v\u00f5i Omniva pakiautomaati juhul, kui pakendi m\u00f5\u00f5dud ei \u00fcleta pakiautomaadis lubatud maksimaalseid m\u00f5\u00f5te.<\/li>\n<li>Transpordi eest lisandub tasu vastavalt kuller- ja pakiautomaaditeenuste osutajate hinnakirjale. \u00dcle 500 \u20ac tellimustele on transport Eesti piires tasuta.<\/li>\n<li>Soovi korral v\u00f5ib Ostja tulla ise kaubale j\u00e4rgi M\u00fc\u00fcja kontorisse v\u00f5i kasutada oma kullerteenust.<\/li>\n<\/ul>\n<p>[\/vc_column_text][\/vc_column][\/vc_row][vc_row css=&#8221;.vc_custom_1528700414903{margin-right: 0px !important;margin-bottom: 25px !important;margin-left: 0px !important;border-top-width: 1px !important;border-right-width: 1px !important;border-bottom-width: 1px !important;border-left-width: 1px !important;padding-top: 30px !important;padding-right: 15px !important;padding-bottom: 30px !important;padding-left: 15px !important;background-color: #ffffff !important;border-left-color: #e7e7e7 !important;border-left-style: solid !important;border-right-color: #e7e7e7 !important;border-right-style: solid !important;border-top-color: #e7e7e7 !important;border-top-style: solid !important;border-bottom-color: #e7e7e7 !important;border-bottom-style: solid !important;}&#8221;][vc_column css=&#8221;.vc_custom_1527238251732{padding-top: 0px !important;}&#8221;]\t\t\t<div id=\"wd-5eb5223b18384\" class=\"wd-text-block-wrapper wd-wpb wd-rs-5eb5223b18384 color-scheme-dark text-left vc_custom_1588929089435\">\n\t\t\t\t<div class=\"woodmart-title-container woodmart-text-block reset-last-child font-primary wd-font-weight-600 \">\n\t\t\t\t\t<span class=\"color-primary\">5.<\/span> Arveldamine\t\t\t\t<\/div>\n\n\t\t\t\t\t\t\t<\/div>\n\t\t[vc_column_text css=&#8221;.vc_custom_1589282974885{margin-bottom: 0px !important;}&#8221; el_class=&#8221;text-larger&#8221; text_larger=&#8221;no&#8221;]<\/p>\n<ul>\n<li>M\u00fc\u00fcja esitab Ostjale arve toodete valmimisel.<\/li>\n<li>P\u00fcsiklientidele on makset\u00e4htaeg 7 kalendrip\u00e4eva, kui ei ole kokku lepitud teisiti.<\/li>\n<li>Uutele klientidele esimese tellimuse puhul ja klientidele, kellel on esinenud makseh\u00e4ireid, rakendame 100% ettemaksu, mille Ostja tasub tellimuse kinnituse alusel. Tellimus l\u00e4heb t\u00f6\u00f6sse peale ettemaksu laekumist.<\/li>\n<li>Toodete omand l\u00e4heb M\u00fc\u00fcjalt \u00fcle Ostjale, kui kauba eest esitatud arve summa on M\u00fc\u00fcjale t\u00e4ielikult laekunud.<\/li>\n<\/ul>\n<p>[\/vc_column_text][\/vc_column][\/vc_row][vc_row css=&#8221;.vc_custom_1528700414903{margin-right: 0px !important;margin-bottom: 25px !important;margin-left: 0px !important;border-top-width: 1px !important;border-right-width: 1px !important;border-bottom-width: 1px !important;border-left-width: 1px !important;padding-top: 30px !important;padding-right: 15px !important;padding-bottom: 30px !important;padding-left: 15px !important;background-color: #ffffff !important;border-left-color: #e7e7e7 !important;border-left-style: solid !important;border-right-color: #e7e7e7 !important;border-right-style: solid !important;border-top-color: #e7e7e7 !important;border-top-style: solid !important;border-bottom-color: #e7e7e7 !important;border-bottom-style: solid !important;}&#8221;][vc_column css=&#8221;.vc_custom_1527238251732{padding-top: 0px !important;}&#8221;]\t\t\t<div id=\"wd-5eb5225e2b222\" class=\"wd-text-block-wrapper wd-wpb wd-rs-5eb5225e2b222 color-scheme-dark text-left vc_custom_1588929123784\">\n\t\t\t\t<div class=\"woodmart-title-container woodmart-text-block reset-last-child font-primary wd-font-weight-600 \">\n\t\t\t\t\t<span class=\"color-primary\">6.<\/span> Pretensioonid\t\t\t\t<\/div>\n\n\t\t\t\t\t\t\t<\/div>\n\t\t[vc_column_text css=&#8221;.vc_custom_1589282989402{margin-bottom: 0px !important;}&#8221; el_class=&#8221;text-larger&#8221; text_larger=&#8221;no&#8221;]<\/p>\n<ul>\n<li>Ostjal on \u00f5igus esitada kauba v\u00f5i teenuste kvaliteedi suhtes pretensioone 14 kalendrip\u00e4eva jooksul alates kauba k\u00e4tte saamisest.<\/li>\n<li>Pretensioonid tuleb esitada kirjalikult.<\/li>\n<li>Kui tootes, tr\u00fcki v\u00f5i tikandi kvaliteedis esineb puudusi, kohustub M\u00fc\u00fcja need m\u00f5istliku aja jooksul v\u00e4lja vahetama.<\/li>\n<li>Ostja tagastab defektiga tooted m\u00fc\u00fcjale, kui ei ole kokku lepitud teisiti.<\/li>\n<li>M\u00fc\u00fcja ei vastuta toodetes ilmnenud vigade eest, kui Ostja on toodet kasutanud mittesihtotstarbeliselt v\u00f5i ei ole tekstiiltoodete puhul j\u00e4rginud pesujuhiseid.<\/li>\n<\/ul>\n<p>[\/vc_column_text][\/vc_column][\/vc_row]<\/p>\n<\/section>","protected":false},"excerpt":{"rendered":"<p>[vc_row full_width=&#8221;stretch_row&#8221; css=&#8221;.vc_custom_1527663410765{margin-top: -40px !important;margin-bottom: 8vh !important;padding-top: 8vh !important;padding-bottom: 8vh !important;background-color: #f8f8f8 !important;}&#8221;][vc_column width=&#8221;1\/2&#8243; offset=&#8221;vc_col-sm-offset-3&#8243; css=&#8221;.vc_custom_1527239539599{padding-top: 0px !important;}&#8221;][vc_column_text css=&#8221;.vc_custom_1588928829836{margin-bottom: 0px<\/p>\n","protected":false},"author":2,"featured_media":0,"parent":0,"menu_order":0,"comment_status":"closed","ping_status":"closed","template":"","meta":{"footnotes":""},"class_list":["post-320307","page","type-page","status-publish","hentry"],"acf":[],"yoast_head":"<!-- This site is optimized with the Yoast SEO plugin v26.0 - https:\/\/yoast.com\/wordpress\/plugins\/seo\/ -->\n<title>Tellimistingimused - Kruze.ee<\/title>\n<meta name=\"robots\" content=\"index, follow, max-snippet:-1, max-image-preview:large, max-video-preview:-1\" \/>\n<link rel=\"canonical\" href=\"https:\/\/kruze.ee\/et\/tellimistingimused\/\" \/>\n<meta property=\"og:locale\" content=\"et_EE\" \/>\n<meta property=\"og:type\" content=\"article\" \/>\n<meta property=\"og:title\" content=\"Tellimistingimused - Kruze.ee\" \/>\n<meta property=\"og:description\" content=\"[vc_row full_width=&#8221;stretch_row&#8221; css=&#8221;.vc_custom_1527663410765{margin-top: -40px !important;margin-bottom: 8vh !important;padding-top: 8vh !important;padding-bottom: 8vh !important;background-color: #f8f8f8 !important;}&#8221;][vc_column width=&#8221;1\/2&#8243; offset=&#8221;vc_col-sm-offset-3&#8243; css=&#8221;.vc_custom_1527239539599{padding-top: 0px !important;}&#8221;][vc_column_text css=&#8221;.vc_custom_1588928829836{margin-bottom: 0px\" \/>\n<meta property=\"og:url\" content=\"https:\/\/kruze.ee\/et\/tellimistingimused\/\" \/>\n<meta property=\"og:site_name\" content=\"Kruze.ee\" \/>\n<meta property=\"article:modified_time\" content=\"2022-08-30T13:28:08+00:00\" \/>\n<meta name=\"twitter:card\" content=\"summary_large_image\" \/>\n<meta name=\"twitter:label1\" content=\"Est. reading time\" \/>\n\t<meta name=\"twitter:data1\" content=\"9 minutit\" \/>\n<script type=\"application\/ld+json\" class=\"yoast-schema-graph\">{\"@context\":\"https:\/\/schema.org\",\"@graph\":[{\"@type\":\"WebPage\",\"@id\":\"https:\/\/kruze.ee\/et\/tellimistingimused\/\",\"url\":\"https:\/\/kruze.ee\/et\/tellimistingimused\/\",\"name\":\"Tellimistingimused - Kruze.ee\",\"isPartOf\":{\"@id\":\"https:\/\/kruze.ee\/et\/#website\"},\"datePublished\":\"2020-05-08T09:12:57+00:00\",\"dateModified\":\"2022-08-30T13:28:08+00:00\",\"breadcrumb\":{\"@id\":\"https:\/\/kruze.ee\/et\/tellimistingimused\/#breadcrumb\"},\"inLanguage\":\"et\",\"potentialAction\":[{\"@type\":\"ReadAction\",\"target\":[\"https:\/\/kruze.ee\/et\/tellimistingimused\/\"]}]},{\"@type\":\"BreadcrumbList\",\"@id\":\"https:\/\/kruze.ee\/et\/tellimistingimused\/#breadcrumb\",\"itemListElement\":[{\"@type\":\"ListItem\",\"position\":1,\"name\":\"Home\",\"item\":\"https:\/\/kruze.ee\/et\/\"},{\"@type\":\"ListItem\",\"position\":2,\"name\":\"Tellimistingimused\"}]},{\"@type\":\"WebSite\",\"@id\":\"https:\/\/kruze.ee\/et\/#website\",\"url\":\"https:\/\/kruze.ee\/et\/\",\"name\":\"Kruze.ee\",\"description\":\"Reklaamkingitused, tr&uuml;kiga T-s&auml;rgid, fliisid, dressipluused, tekstiil, joped ja paljud teised logoga meened, &Auml;rikingitused sinu partnerile! Telli juba t&auml;na.\",\"potentialAction\":[{\"@type\":\"SearchAction\",\"target\":{\"@type\":\"EntryPoint\",\"urlTemplate\":\"https:\/\/kruze.ee\/et\/?s={search_term_string}\"},\"query-input\":{\"@type\":\"PropertyValueSpecification\",\"valueRequired\":true,\"valueName\":\"search_term_string\"}}],\"inLanguage\":\"et\"}]}<\/script>\n<!-- \/ Yoast SEO plugin. -->","yoast_head_json":{"title":"Tellimistingimused - Kruze.ee","robots":{"index":"index","follow":"follow","max-snippet":"max-snippet:-1","max-image-preview":"max-image-preview:large","max-video-preview":"max-video-preview:-1"},"canonical":"https:\/\/kruze.ee\/et\/tellimistingimused\/","og_locale":"et_EE","og_type":"article","og_title":"Tellimistingimused - Kruze.ee","og_description":"[vc_row full_width=&#8221;stretch_row&#8221; css=&#8221;.vc_custom_1527663410765{margin-top: -40px !important;margin-bottom: 8vh !important;padding-top: 8vh !important;padding-bottom: 8vh !important;background-color: #f8f8f8 !important;}&#8221;][vc_column width=&#8221;1\/2&#8243; offset=&#8221;vc_col-sm-offset-3&#8243; css=&#8221;.vc_custom_1527239539599{padding-top: 0px !important;}&#8221;][vc_column_text css=&#8221;.vc_custom_1588928829836{margin-bottom: 0px","og_url":"https:\/\/kruze.ee\/et\/tellimistingimused\/","og_site_name":"Kruze.ee","article_modified_time":"2022-08-30T13:28:08+00:00","twitter_card":"summary_large_image","twitter_misc":{"Est. reading time":"9 minutit"},"schema":{"@context":"https:\/\/schema.org","@graph":[{"@type":"WebPage","@id":"https:\/\/kruze.ee\/et\/tellimistingimused\/","url":"https:\/\/kruze.ee\/et\/tellimistingimused\/","name":"Tellimistingimused - Kruze.ee","isPartOf":{"@id":"https:\/\/kruze.ee\/et\/#website"},"datePublished":"2020-05-08T09:12:57+00:00","dateModified":"2022-08-30T13:28:08+00:00","breadcrumb":{"@id":"https:\/\/kruze.ee\/et\/tellimistingimused\/#breadcrumb"},"inLanguage":"et","potentialAction":[{"@type":"ReadAction","target":["https:\/\/kruze.ee\/et\/tellimistingimused\/"]}]},{"@type":"BreadcrumbList","@id":"https:\/\/kruze.ee\/et\/tellimistingimused\/#breadcrumb","itemListElement":[{"@type":"ListItem","position":1,"name":"Home","item":"https:\/\/kruze.ee\/et\/"},{"@type":"ListItem","position":2,"name":"Tellimistingimused"}]},{"@type":"WebSite","@id":"https:\/\/kruze.ee\/et\/#website","url":"https:\/\/kruze.ee\/et\/","name":"Kruze.ee","description":"Reklaamkingitused, tr&uuml;kiga T-s&auml;rgid, fliisid, dressipluused, tekstiil, joped ja paljud teised logoga meened, &Auml;rikingitused sinu partnerile! Telli juba t&auml;na.","potentialAction":[{"@type":"SearchAction","target":{"@type":"EntryPoint","urlTemplate":"https:\/\/kruze.ee\/et\/?s={search_term_string}"},"query-input":{"@type":"PropertyValueSpecification","valueRequired":true,"valueName":"search_term_string"}}],"inLanguage":"et"}]}},"_links":{"self":[{"href":"https:\/\/kruze.ee\/et\/wp-json\/wp\/v2\/pages\/320307","targetHints":{"allow":["GET"]}}],"collection":[{"href":"https:\/\/kruze.ee\/et\/wp-json\/wp\/v2\/pages"}],"about":[{"href":"https:\/\/kruze.ee\/et\/wp-json\/wp\/v2\/types\/page"}],"author":[{"embeddable":true,"href":"https:\/\/kruze.ee\/et\/wp-json\/wp\/v2\/users\/2"}],"replies":[{"embeddable":true,"href":"https:\/\/kruze.ee\/et\/wp-json\/wp\/v2\/comments?post=320307"}],"version-history":[{"count":11,"href":"https:\/\/kruze.ee\/et\/wp-json\/wp\/v2\/pages\/320307\/revisions"}],"predecessor-version":[{"id":483350,"href":"https:\/\/kruze.ee\/et\/wp-json\/wp\/v2\/pages\/320307\/revisions\/483350"}],"wp:attachment":[{"href":"https:\/\/kruze.ee\/et\/wp-json\/wp\/v2\/media?parent=320307"}],"curies":[{"name":"wp","href":"https:\/\/api.w.org\/{rel}","templated":true}]}}