{"id":1629,"date":"2018-07-06T13:15:50","date_gmt":"2018-07-06T13:15:50","guid":{"rendered":"http:\/\/dummy.xtemos.com\/woodmart\/demos\/?page_id=1629"},"modified":"2020-10-26T09:22:42","modified_gmt":"2020-10-26T09:22:42","slug":"privaatsuspoliitika","status":"publish","type":"page","link":"https:\/\/kruze.ee\/et\/privaatsuspoliitika\/","title":{"rendered":"Privaatsuspoliitika"},"content":{"rendered":"<section class=\"wpb-content-wrapper\"><p>[vc_row full_width=&#8221;stretch_row&#8221; css=&#8221;.vc_custom_1527663410765{margin-top: -40px !important;margin-bottom: 8vh !important;padding-top: 8vh !important;padding-bottom: 8vh !important;background-color: #f8f8f8 !important;}&#8221;][vc_column width=&#8221;1\/2&#8243; offset=&#8221;vc_col-sm-offset-3&#8243; css=&#8221;.vc_custom_1527239539599{padding-top: 0px !important;}&#8221;]\n\t\t<div id=\"wd-5eb51db620b90\" class=\"title-wrapper wd-wpb wd-set-mb reset-last-child  wd-rs-5eb51db620b90 wd-title-color-default wd-title-style-default text-center vc_custom_1588927929224 wd-underline-colored\">\n\t\t\t\n\t\t\t<div class=\"liner-continer\">\n\t\t\t\t<h3 class=\"woodmart-title-container title  wd-font-weight- wd-fontsize-l\" >Kruze Disain O\u00dc privaatsuspoliitika<\/h3>\n\t\t\t\t\t\t\t<\/div>\n\t\t\t\n\t\t\t\n\t\t\t\n\t\t<\/div>\n\t\t\n\t\t[vc_column_text css=&#8221;.vc_custom_1588927964932{margin-bottom: 0px !important;}&#8221; el_class=&#8221;text-larger&#8221; text_larger=&#8221;no&#8221;]<\/p>\n<p style=\"text-align: center;\">Privaatsuspoliitika tingimusi on uuendatud viimati mai 2020.<\/p>\n<p style=\"text-align: center;\">Kruze Disain O\u00dc austab oma klientide \u00f5igusi privaatsusele ja kinnitame, et peame kinni j\u00e4rgmistest isikuandmete t\u00f6\u00f6tlemise ja s\u00e4ilitamise p\u00f5him\u00f5tetest.<\/p>\n<p style=\"text-align: center;\">Kinnitame, et t\u00f6\u00f6tleme ja s\u00e4ilitame teie isikuandmeid vastavalt seaduslikele n\u00f5uetele.<\/p>\n<p style=\"text-align: center;\">Kruze Disain O\u00dc (Puuvilla 19, Tallinn, 10314. Registrikood: 10453234) haldab <a href=\"http:\/\/www.kruze.ee\">www.kruze.ee<\/a> veebisaiti, pakkudes k\u00f5igile veebilehe k\u00fclastajatele turvalist veebikogemust.<\/p>\n<p>[\/vc_column_text][\/vc_column][\/vc_row][vc_row][vc_column css=&#8221;.vc_custom_1527240190798{padding-top: 0px !important;}&#8221;]\n\t\t<div id=\"wd-5eb51de19389c\" class=\"title-wrapper wd-wpb wd-set-mb reset-last-child  wd-rs-5eb51de19389c wd-title-color-default wd-title-style-default text-center  wd-underline-colored\">\n\t\t\t\n\t\t\t<div class=\"liner-continer\">\n\t\t\t\t<h3 class=\"woodmart-title-container title  wd-font-weight- wd-fontsize-l\" >\u00dclevaade meie p\u00f5him\u00f5tetest isikuandmete kogumisel ja s\u00e4ilitamisel<\/h3>\n\t\t\t\t\t\t\t<\/div>\n\t\t\t\n\t\t\t\n\t\t\t\n\t\t<\/div>\n\t\t\n\t\t[\/vc_column][\/vc_row][vc_row css=&#8221;.vc_custom_1528700414903{margin-right: 0px !important;margin-bottom: 25px !important;margin-left: 0px !important;border-top-width: 1px !important;border-right-width: 1px !important;border-bottom-width: 1px !important;border-left-width: 1px !important;padding-top: 30px !important;padding-right: 15px !important;padding-bottom: 30px !important;padding-left: 15px !important;background-color: #ffffff !important;border-left-color: #e7e7e7 !important;border-left-style: solid !important;border-right-color: #e7e7e7 !important;border-right-style: solid !important;border-top-color: #e7e7e7 !important;border-top-style: solid !important;border-bottom-color: #e7e7e7 !important;border-bottom-style: solid !important;}&#8221;][vc_column css=&#8221;.vc_custom_1527238251732{padding-top: 0px !important;}&#8221;]\t\t\t<div id=\"wd-5eb51df291434\" class=\"wd-text-block-wrapper wd-wpb wd-rs-5eb51df291434 color-scheme-dark text-left vc_custom_1588927998468\">\n\t\t\t\t<div class=\"woodmart-title-container woodmart-text-block reset-last-child font-primary wd-font-weight-600 \">\n\t\t\t\t\t<span class=\"color-primary\">1.<\/span> GDPR\t\t\t\t<\/div>\n\n\t\t\t\t\t\t\t<\/div>\n\t\t[vc_column_text css=&#8221;.vc_custom_1588928024165{margin-bottom: 0px !important;}&#8221; el_class=&#8221;text-larger&#8221; text_larger=&#8221;no&#8221;]Kinnitame, et meie igap\u00e4evane andmekogumise ja s\u00e4ilitamise praktika on koosk\u00f5las andmekaitse \u00fcldregulatsiooniga (<strong><em>GDPR \u2013 General Data Protection Regulation<\/em><\/strong>). Isikuandmete t\u00f6\u00f6tlemisel j\u00e4rgime Eesti ja Euroopa Liidu \u00f5igusakte.[\/vc_column_text][\/vc_column][\/vc_row][vc_row css=&#8221;.vc_custom_1528700414903{margin-right: 0px !important;margin-bottom: 25px !important;margin-left: 0px !important;border-top-width: 1px !important;border-right-width: 1px !important;border-bottom-width: 1px !important;border-left-width: 1px !important;padding-top: 30px !important;padding-right: 15px !important;padding-bottom: 30px !important;padding-left: 15px !important;background-color: #ffffff !important;border-left-color: #e7e7e7 !important;border-left-style: solid !important;border-right-color: #e7e7e7 !important;border-right-style: solid !important;border-top-color: #e7e7e7 !important;border-top-style: solid !important;border-bottom-color: #e7e7e7 !important;border-bottom-style: solid !important;}&#8221;][vc_column css=&#8221;.vc_custom_1527238251732{padding-top: 0px !important;}&#8221;]\t\t\t<div id=\"wd-5eb51ea78a729\" class=\"wd-text-block-wrapper wd-wpb wd-rs-5eb51ea78a729 color-scheme-dark text-left vc_custom_1588928180479\">\n\t\t\t\t<div class=\"woodmart-title-container woodmart-text-block reset-last-child font-primary wd-font-weight-600 \">\n\t\t\t\t\t<span class=\"color-primary\">2.<\/span> Isikuandmete kogumine\t\t\t\t<\/div>\n\n\t\t\t\t\t\t\t<\/div>\n\t\t[vc_column_text css=&#8221;.vc_custom_1588928145110{margin-bottom: 0px !important;}&#8221; el_class=&#8221;text-larger&#8221; text_larger=&#8221;no&#8221;]Kui k\u00fclastate meie veebisaite, kogume teie kohta teatud andmeid.<\/p>\n<ul>\n<li>Kogume k\u00f5igi k\u00fclastajate k\u00e4itumise kohta anon\u00fc\u00fcmselt teavet kasutajakogemuse parandamise eesm\u00e4rgil.<\/li>\n<li>Me ei kogu <strong>isiklikke<\/strong> andmeid automaatselt ilma veebik\u00fclastajatelt selleks n\u00f5usolekut k\u00fcsimata. Veebik\u00fclastajad edastavad meile isiklikku teavet vabatahtlikult (n\u00e4iteks liitudes uudiskirjaga v\u00f5i saates kodulehel p\u00e4ringu l\u00e4bi p\u00e4ringuvormi v\u00f5i kontaktivormi).<\/li>\n<\/ul>\n<p>Isikuandmeid kogutakse ja s\u00e4ilitatakse ainult seaduslikuks kasutamiseks.<\/p>\n<p>Andmete kogumine v\u00f5ib toimuda meie veebisaidi kaudu (t\u00e4ites kontaktivormi\/p\u00e4ringuvormi), e-posti teel, telefoni teel, koosolekul, kohtumistel v\u00f5i \u00fcritusel (visiitkaarte vahetades), p\u00f6\u00f6rdudes meie poole isiklikult.[\/vc_column_text][\/vc_column][\/vc_row][vc_row css=&#8221;.vc_custom_1528700414903{margin-right: 0px !important;margin-bottom: 25px !important;margin-left: 0px !important;border-top-width: 1px !important;border-right-width: 1px !important;border-bottom-width: 1px !important;border-left-width: 1px !important;padding-top: 30px !important;padding-right: 15px !important;padding-bottom: 30px !important;padding-left: 15px !important;background-color: #ffffff !important;border-left-color: #e7e7e7 !important;border-left-style: solid !important;border-right-color: #e7e7e7 !important;border-right-style: solid !important;border-top-color: #e7e7e7 !important;border-top-style: solid !important;border-bottom-color: #e7e7e7 !important;border-bottom-style: solid !important;}&#8221;][vc_column css=&#8221;.vc_custom_1527238251732{padding-top: 0px !important;}&#8221;]\t\t\t<div id=\"wd-5eb51ec2739ca\" class=\"wd-text-block-wrapper wd-wpb wd-rs-5eb51ec2739ca color-scheme-dark text-left vc_custom_1588928205478\">\n\t\t\t\t<div class=\"woodmart-title-container woodmart-text-block reset-last-child font-primary wd-font-weight-600 \">\n\t\t\t\t\t<span class=\"color-primary\">3.<\/span> Kruze Disain O\u00dc v\u00f5ib k\u00fcsida teilt j\u00e4rgnevaid andmeid:\t\t\t\t<\/div>\n\n\t\t\t\t\t\t\t<\/div>\n\t\t[vc_column_text css=&#8221;.vc_custom_1588928221314{margin-bottom: 0px !important;}&#8221; el_class=&#8221;text-larger&#8221; text_larger=&#8221;no&#8221;]<\/p>\n<ul>\n<li>Teie isikuandmed: nimi, e-mail, telefoninumber, kui tarvis siis ka postiaadress;<\/li>\n<li>Teie ettev\u00f5ttega seotud andmeid: nimi, registrikood, KMKR nr, postiaadress jt avalikud andmed;<\/li>\n<li>Lisaks sellele kasutame me automaatseid andmekogumisvahendeid, sealhulgas k\u00fcpsiseid, piksleid ja muid j\u00e4lgimisvahendeid, et optimeerida meie kodulehe kasutajakogemust ja pakkuda klientidele paremaid teenuseid. Teie veebilehe kasutamisega seotud andmeid kogume l\u00e4bi Google Analytics\u2019i (k\u00fcpsised, IP aadressid, k\u00fclastatud lehed). Google Analytics\u2019i kohta leiate rohkem infot siit https:\/\/www.google.com\/analytics.<\/li>\n<\/ul>\n<p>[\/vc_column_text][\/vc_column][\/vc_row][vc_row css=&#8221;.vc_custom_1528700414903{margin-right: 0px !important;margin-bottom: 25px !important;margin-left: 0px !important;border-top-width: 1px !important;border-right-width: 1px !important;border-bottom-width: 1px !important;border-left-width: 1px !important;padding-top: 30px !important;padding-right: 15px !important;padding-bottom: 30px !important;padding-left: 15px !important;background-color: #ffffff !important;border-left-color: #e7e7e7 !important;border-left-style: solid !important;border-right-color: #e7e7e7 !important;border-right-style: solid !important;border-top-color: #e7e7e7 !important;border-top-style: solid !important;border-bottom-color: #e7e7e7 !important;border-bottom-style: solid !important;}&#8221;][vc_column css=&#8221;.vc_custom_1527238251732{padding-top: 0px !important;}&#8221;]\t\t\t<div id=\"wd-5eb51eedc192c\" class=\"wd-text-block-wrapper wd-wpb wd-rs-5eb51eedc192c color-scheme-dark text-left vc_custom_1588928247991\">\n\t\t\t\t<div class=\"woodmart-title-container woodmart-text-block reset-last-child font-primary wd-font-weight-600 \">\n\t\t\t\t\t<span class=\"color-primary\">4.<\/span> Isikuandmete t\u00f6\u00f6tlemine ja s\u00e4ilitamine\t\t\t\t<\/div>\n\n\t\t\t\t\t\t\t<\/div>\n\t\t[vc_column_text css=&#8221;.vc_custom_1588928269794{margin-bottom: 0px !important;}&#8221; el_class=&#8221;text-larger&#8221; text_larger=&#8221;no&#8221;]Kogume vaid selliseid andmeid, mis on vajalikud teile teenuse osutamiseks, pakkumiste saatmiseks ja tellimuste t\u00e4itmiseks (juhul, kui olete selleks soovi avaldanud p\u00e4ringu saatmise v\u00f5i uudiskirjaga liitumisvormi t\u00e4itmisel). Teie isikuandmeid ei anta kunagi kolmandatele osapooltele (va seadusest tulenevad n\u00f5uded).<\/p>\n<p>Teil on igal ajal \u00f5igus k\u00fcsida ligip\u00e4\u00e4su oma isikuandmetele, need \u00fcle vaadata ja paluda oma isikuandmete parandamist ja\/v\u00f5i muutmist v\u00f5i et me need j\u00e4\u00e4davalt kustutaksime. Vastavasisulise soovi avaldamiseks v\u00f5tke meiega \u00fchendust e-posti teel: kruze@kruze.ee.<\/p>\n<p>Kui olete liitunud meie uudiskirja listiga, saate sellest lahkuda igal hetkel, vajutades uudiskirja jaluses olevale listist lahkumise lingile v\u00f5i kirjutades: kruze@kruze.ee.<\/p>\n<p>Meie andmebaasides olevat teavet pole alati v\u00f5imalik t\u00e4ielikult eemaldada v\u00f5i muuta (kui meil on seaduslik kohustus seda n\u00e4iteks teatud aja jooksul s\u00e4ilitada).<\/p>\n<p>Isikuandmete vastutav t\u00f6\u00f6tleja on Kruze Disain O\u00dc (Puuvilla 19, Tallinn, 10314 Harjumaa Eesti). Kinnitame, et anname endast parima kogutud ja salvestatud isikuandmete ja andmete kaitsmiseks ning lekete ja v\u00e4\u00e4rk\u00e4sitluse v\u00e4ltimiseks.[\/vc_column_text][\/vc_column][\/vc_row][vc_row css=&#8221;.vc_custom_1528700414903{margin-right: 0px !important;margin-bottom: 25px !important;margin-left: 0px !important;border-top-width: 1px !important;border-right-width: 1px !important;border-bottom-width: 1px !important;border-left-width: 1px !important;padding-top: 30px !important;padding-right: 15px !important;padding-bottom: 30px !important;padding-left: 15px !important;background-color: #ffffff !important;border-left-color: #e7e7e7 !important;border-left-style: solid !important;border-right-color: #e7e7e7 !important;border-right-style: solid !important;border-top-color: #e7e7e7 !important;border-top-style: solid !important;border-bottom-color: #e7e7e7 !important;border-bottom-style: solid !important;}&#8221;][vc_column css=&#8221;.vc_custom_1527238251732{padding-top: 0px !important;}&#8221;]\t\t\t<div id=\"wd-5eb51f48d6625\" class=\"wd-text-block-wrapper wd-wpb wd-rs-5eb51f48d6625 color-scheme-dark text-left vc_custom_1588928335884\">\n\t\t\t\t<div class=\"woodmart-title-container woodmart-text-block reset-last-child font-primary wd-font-weight-600 \">\n\t\t\t\t\t<span class=\"color-primary\">5.<\/span> Teised veebilehed\t\t\t\t<\/div>\n\n\t\t\t\t\t\t\t<\/div>\n\t\t[vc_column_text css=&#8221;.vc_custom_1588928347298{margin-bottom: 0px !important;}&#8221; el_class=&#8221;text-larger&#8221; text_larger=&#8221;no&#8221;]Osad lingid meie veebisaidil v\u00f5ivad teid suunata Kruze.ee veebisaidilt \u00e4ra. Me ei vastuta teiste veebisaitide privaatsustavade eest ja soovitame alati tutvuda nende privaatsuspoliitika tingimustega. Ehkki oleme hoolikalt valinud ettev\u00f5tted, kellega koost\u00f6\u00f6d teeme, ei kontrolli ega vastuta me kolmandate osapoolte, sealhulgas nende veebisaitide privaatsustavade ega sisu eest, (sh \u00e4ripartnerid, koost\u00f6\u00f6partnerid, reklaamijad v\u00f5i muud veebisaidid). Kolmandate osapoolte veebisaite k\u00fclastades vastutate nende saitide privaatsuseeskirjade ja kasutustingimuste \u00fclevaatamise eest.[\/vc_column_text][\/vc_column][\/vc_row][vc_row css=&#8221;.vc_custom_1528700414903{margin-right: 0px !important;margin-bottom: 25px !important;margin-left: 0px !important;border-top-width: 1px !important;border-right-width: 1px !important;border-bottom-width: 1px !important;border-left-width: 1px !important;padding-top: 30px !important;padding-right: 15px !important;padding-bottom: 30px !important;padding-left: 15px !important;background-color: #ffffff !important;border-left-color: #e7e7e7 !important;border-left-style: solid !important;border-right-color: #e7e7e7 !important;border-right-style: solid !important;border-top-color: #e7e7e7 !important;border-top-style: solid !important;border-bottom-color: #e7e7e7 !important;border-bottom-style: solid !important;}&#8221;][vc_column css=&#8221;.vc_custom_1527238251732{padding-top: 0px !important;}&#8221;]\t\t\t<div id=\"wd-5eb51f6b00ae7\" class=\"wd-text-block-wrapper wd-wpb wd-rs-5eb51f6b00ae7 color-scheme-dark text-left vc_custom_1588928374292\">\n\t\t\t\t<div class=\"woodmart-title-container woodmart-text-block reset-last-child font-primary wd-font-weight-600 \">\n\t\t\t\t\t<span class=\"color-primary\">6.<\/span> Privaatsuspoliitika muudatused\t\t\t\t<\/div>\n\n\t\t\t\t\t\t\t<\/div>\n\t\t[vc_column_text css=&#8221;.vc_custom_1588928396012{margin-bottom: 0px !important;}&#8221; el_class=&#8221;text-larger&#8221; text_larger=&#8221;no&#8221;]Kruze Disain O\u00dc v\u00f5ib privaatsuspoliitika tingimusi muuta ja uuendada igal ajal ning ei ole kohustatud sellest teavitama.<\/p>\n<p>Kinnitame, et t\u00f6\u00f6tleme ja s\u00e4ilitame teie andmeid seaduses ette n\u00e4htud viisidel. Lisainfo ja k\u00fcsimuste korral palun v\u00f5tke \u00fchendust: kruze@kruze.ee[\/vc_column_text][\/vc_column][\/vc_row]<\/p>\n<\/section>","protected":false},"excerpt":{"rendered":"<p>[vc_row full_width=&#8221;stretch_row&#8221; css=&#8221;.vc_custom_1527663410765{margin-top: -40px !important;margin-bottom: 8vh !important;padding-top: 8vh !important;padding-bottom: 8vh !important;background-color: #f8f8f8 !important;}&#8221;][vc_column width=&#8221;1\/2&#8243; offset=&#8221;vc_col-sm-offset-3&#8243; css=&#8221;.vc_custom_1527239539599{padding-top: 0px !important;}&#8221;][vc_column_text css=&#8221;.vc_custom_1588927964932{margin-bottom: 0px<\/p>\n","protected":false},"author":2,"featured_media":0,"parent":0,"menu_order":0,"comment_status":"closed","ping_status":"closed","template":"","meta":{"footnotes":""},"class_list":["post-1629","page","type-page","status-publish","hentry"],"acf":[],"yoast_head":"<!-- This site is optimized with the Yoast SEO plugin v26.0 - https:\/\/yoast.com\/wordpress\/plugins\/seo\/ -->\n<title>Privaatsuspoliitika - Kruze.ee<\/title>\n<meta name=\"robots\" content=\"index, follow, max-snippet:-1, max-image-preview:large, max-video-preview:-1\" \/>\n<link rel=\"canonical\" href=\"https:\/\/kruze.ee\/et\/privaatsuspoliitika\/\" \/>\n<meta property=\"og:locale\" content=\"et_EE\" \/>\n<meta property=\"og:type\" content=\"article\" \/>\n<meta property=\"og:title\" content=\"Privaatsuspoliitika - Kruze.ee\" \/>\n<meta property=\"og:description\" content=\"[vc_row full_width=&#8221;stretch_row&#8221; css=&#8221;.vc_custom_1527663410765{margin-top: -40px !important;margin-bottom: 8vh !important;padding-top: 8vh !important;padding-bottom: 8vh !important;background-color: #f8f8f8 !important;}&#8221;][vc_column width=&#8221;1\/2&#8243; offset=&#8221;vc_col-sm-offset-3&#8243; css=&#8221;.vc_custom_1527239539599{padding-top: 0px !important;}&#8221;][vc_column_text css=&#8221;.vc_custom_1588927964932{margin-bottom: 0px\" \/>\n<meta property=\"og:url\" content=\"https:\/\/kruze.ee\/et\/privaatsuspoliitika\/\" \/>\n<meta property=\"og:site_name\" content=\"Kruze.ee\" \/>\n<meta property=\"article:modified_time\" content=\"2020-10-26T09:22:42+00:00\" \/>\n<meta name=\"twitter:card\" content=\"summary_large_image\" \/>\n<meta name=\"twitter:label1\" content=\"Est. reading time\" \/>\n\t<meta name=\"twitter:data1\" content=\"9 minutit\" \/>\n<script type=\"application\/ld+json\" class=\"yoast-schema-graph\">{\"@context\":\"https:\/\/schema.org\",\"@graph\":[{\"@type\":\"WebPage\",\"@id\":\"https:\/\/kruze.ee\/et\/privaatsuspoliitika\/\",\"url\":\"https:\/\/kruze.ee\/et\/privaatsuspoliitika\/\",\"name\":\"Privaatsuspoliitika - Kruze.ee\",\"isPartOf\":{\"@id\":\"https:\/\/kruze.ee\/et\/#website\"},\"datePublished\":\"2018-07-06T13:15:50+00:00\",\"dateModified\":\"2020-10-26T09:22:42+00:00\",\"breadcrumb\":{\"@id\":\"https:\/\/kruze.ee\/et\/privaatsuspoliitika\/#breadcrumb\"},\"inLanguage\":\"et\",\"potentialAction\":[{\"@type\":\"ReadAction\",\"target\":[\"https:\/\/kruze.ee\/et\/privaatsuspoliitika\/\"]}]},{\"@type\":\"BreadcrumbList\",\"@id\":\"https:\/\/kruze.ee\/et\/privaatsuspoliitika\/#breadcrumb\",\"itemListElement\":[{\"@type\":\"ListItem\",\"position\":1,\"name\":\"Home\",\"item\":\"https:\/\/kruze.ee\/et\/\"},{\"@type\":\"ListItem\",\"position\":2,\"name\":\"Privaatsuspoliitika\"}]},{\"@type\":\"WebSite\",\"@id\":\"https:\/\/kruze.ee\/et\/#website\",\"url\":\"https:\/\/kruze.ee\/et\/\",\"name\":\"Kruze.ee\",\"description\":\"Reklaamkingitused, tr&uuml;kiga T-s&auml;rgid, fliisid, dressipluused, tekstiil, joped ja paljud teised logoga meened, &Auml;rikingitused sinu partnerile! Telli juba t&auml;na.\",\"potentialAction\":[{\"@type\":\"SearchAction\",\"target\":{\"@type\":\"EntryPoint\",\"urlTemplate\":\"https:\/\/kruze.ee\/et\/?s={search_term_string}\"},\"query-input\":{\"@type\":\"PropertyValueSpecification\",\"valueRequired\":true,\"valueName\":\"search_term_string\"}}],\"inLanguage\":\"et\"}]}<\/script>\n<!-- \/ Yoast SEO plugin. -->","yoast_head_json":{"title":"Privaatsuspoliitika - Kruze.ee","robots":{"index":"index","follow":"follow","max-snippet":"max-snippet:-1","max-image-preview":"max-image-preview:large","max-video-preview":"max-video-preview:-1"},"canonical":"https:\/\/kruze.ee\/et\/privaatsuspoliitika\/","og_locale":"et_EE","og_type":"article","og_title":"Privaatsuspoliitika - Kruze.ee","og_description":"[vc_row full_width=&#8221;stretch_row&#8221; css=&#8221;.vc_custom_1527663410765{margin-top: -40px !important;margin-bottom: 8vh !important;padding-top: 8vh !important;padding-bottom: 8vh !important;background-color: #f8f8f8 !important;}&#8221;][vc_column width=&#8221;1\/2&#8243; offset=&#8221;vc_col-sm-offset-3&#8243; css=&#8221;.vc_custom_1527239539599{padding-top: 0px !important;}&#8221;][vc_column_text css=&#8221;.vc_custom_1588927964932{margin-bottom: 0px","og_url":"https:\/\/kruze.ee\/et\/privaatsuspoliitika\/","og_site_name":"Kruze.ee","article_modified_time":"2020-10-26T09:22:42+00:00","twitter_card":"summary_large_image","twitter_misc":{"Est. reading time":"9 minutit"},"schema":{"@context":"https:\/\/schema.org","@graph":[{"@type":"WebPage","@id":"https:\/\/kruze.ee\/et\/privaatsuspoliitika\/","url":"https:\/\/kruze.ee\/et\/privaatsuspoliitika\/","name":"Privaatsuspoliitika - Kruze.ee","isPartOf":{"@id":"https:\/\/kruze.ee\/et\/#website"},"datePublished":"2018-07-06T13:15:50+00:00","dateModified":"2020-10-26T09:22:42+00:00","breadcrumb":{"@id":"https:\/\/kruze.ee\/et\/privaatsuspoliitika\/#breadcrumb"},"inLanguage":"et","potentialAction":[{"@type":"ReadAction","target":["https:\/\/kruze.ee\/et\/privaatsuspoliitika\/"]}]},{"@type":"BreadcrumbList","@id":"https:\/\/kruze.ee\/et\/privaatsuspoliitika\/#breadcrumb","itemListElement":[{"@type":"ListItem","position":1,"name":"Home","item":"https:\/\/kruze.ee\/et\/"},{"@type":"ListItem","position":2,"name":"Privaatsuspoliitika"}]},{"@type":"WebSite","@id":"https:\/\/kruze.ee\/et\/#website","url":"https:\/\/kruze.ee\/et\/","name":"Kruze.ee","description":"Reklaamkingitused, tr&uuml;kiga T-s&auml;rgid, fliisid, dressipluused, tekstiil, joped ja paljud teised logoga meened, &Auml;rikingitused sinu partnerile! Telli juba t&auml;na.","potentialAction":[{"@type":"SearchAction","target":{"@type":"EntryPoint","urlTemplate":"https:\/\/kruze.ee\/et\/?s={search_term_string}"},"query-input":{"@type":"PropertyValueSpecification","valueRequired":true,"valueName":"search_term_string"}}],"inLanguage":"et"}]}},"_links":{"self":[{"href":"https:\/\/kruze.ee\/et\/wp-json\/wp\/v2\/pages\/1629","targetHints":{"allow":["GET"]}}],"collection":[{"href":"https:\/\/kruze.ee\/et\/wp-json\/wp\/v2\/pages"}],"about":[{"href":"https:\/\/kruze.ee\/et\/wp-json\/wp\/v2\/types\/page"}],"author":[{"embeddable":true,"href":"https:\/\/kruze.ee\/et\/wp-json\/wp\/v2\/users\/2"}],"replies":[{"embeddable":true,"href":"https:\/\/kruze.ee\/et\/wp-json\/wp\/v2\/comments?post=1629"}],"version-history":[{"count":6,"href":"https:\/\/kruze.ee\/et\/wp-json\/wp\/v2\/pages\/1629\/revisions"}],"predecessor-version":[{"id":348368,"href":"https:\/\/kruze.ee\/et\/wp-json\/wp\/v2\/pages\/1629\/revisions\/348368"}],"wp:attachment":[{"href":"https:\/\/kruze.ee\/et\/wp-json\/wp\/v2\/media?parent=1629"}],"curies":[{"name":"wp","href":"https:\/\/api.w.org\/{rel}","templated":true}]}}